{"id":5846,"date":"2024-05-04T18:43:38","date_gmt":"2024-05-04T18:43:38","guid":{"rendered":"https:\/\/snaptubeappz.com\/?page_id=5846"},"modified":"2024-05-04T18:43:38","modified_gmt":"2024-05-04T18:43:38","slug":"online","status":"publish","type":"page","link":"https:\/\/snaptubeappz.com\/tr\/online\/","title":{"rendered":"Snaptube \u00c7evrimi\u00e7i &#8211; MP4 HD Videolar\u0131 \u00dcCRETS\u0130Z \u0130ndirin"},"content":{"rendered":"<p>[downloader_section]<\/p>\n<p>En sevdi\u011finiz \u00e7evrimi\u00e7i video ak\u0131\u015f platformlar\u0131ndan \u00e7evrimd\u0131\u015f\u0131 video indirmek i\u00e7in tek durak platformunuz olan <strong>Snaptube Online<\/strong>&#8216;a ho\u015f geldiniz.<\/p>\n<p>Platformumuz Facebook, Instagram, Vimeo, Dailymotion, TikTok ve \u00e7ok daha fazlas\u0131 dahil olmak \u00fczere geni\u015f bir web sitesi yelpazesini desteklemektedir. Snaptube Online Video Downloader, bu pop\u00fcler platformlardan t\u00fcm video indirme ihtiya\u00e7lar\u0131n\u0131z i\u00e7in nihai \u00e7\u00f6z\u00fcm\u00fcn\u00fcz olmaya \u00e7al\u0131\u015fmaktad\u0131r. \u0130stedi\u011finiz zaman, istedi\u011finiz yerde g\u00f6z at\u0131n ve indirin.<\/p>\n<p>[btn]<\/p>\n<p>[table_of_content]<\/p>\n<p>[steps]<\/p>\n<p>[feature]<\/p>\n<h2 style=\"text-align: center;\">Snaptube \u00c7evrimi\u00e7i Web Uygulamas\u0131n\u0131 Kullanman\u0131n Mobil Cihazlarda Snaptube Uygulamas\u0131n\u0131 Kullanmaya Kar\u015f\u0131 S\u0131n\u0131rlamalar\u0131<\/h2>\n<p>Snaptube Online video indirmek i\u00e7in \u00e7ok y\u00f6nl\u00fc bir platform sunarken, <a href=\"https:\/\/snaptubeappz.com\/tr\/\">Snaptube<\/a> uygulamas\u0131na k\u0131yasla sahip oldu\u011fu baz\u0131 s\u0131n\u0131rlamalar\u0131 kabul etmek \u00f6nemlidir:<\/p>\n<p>[limitations]<\/p>\n<p>[faq]<\/p>\n<p>[links]<\/p>\n","protected":false},"excerpt":{"rendered":"<p>[downloader_section] En sevdi\u011finiz \u00e7evrimi\u00e7i video ak\u0131\u015f platformlar\u0131ndan \u00e7evrimd\u0131\u015f\u0131 video indirmek i\u00e7in tek durak platformunuz olan Snaptube Online&#8216;a ho\u015f geldiniz. Platformumuz Facebook, Instagram, Vimeo, Dailymotion, TikTok ve \u00e7ok daha fazlas\u0131 dahil olmak \u00fczere geni\u015f bir web sitesi yelpazesini desteklemektedir. Snaptube Online Video Downloader, bu pop\u00fcler platformlardan t\u00fcm video indirme ihtiya\u00e7lar\u0131n\u0131z i\u00e7in nihai \u00e7\u00f6z\u00fcm\u00fcn\u00fcz olmaya \u00e7al\u0131\u015fmaktad\u0131r. \u0130stedi\u011finiz [&hellip;]<\/p>\n","protected":false},"author":1,"featured_media":0,"parent":0,"menu_order":0,"comment_status":"closed","ping_status":"closed","template":"","meta":{"_acf_changed":false,"site-sidebar-layout":"default","site-content-layout":"","ast-site-content-layout":"default","site-content-style":"default","site-sidebar-style":"default","ast-global-header-display":"","ast-banner-title-visibility":"","ast-main-header-display":"","ast-hfb-above-header-display":"","ast-hfb-below-header-display":"","ast-hfb-mobile-header-display":"","site-post-title":"","ast-breadcrumbs-content":"disabled","ast-featured-img":"disabled","footer-sml-layout":"","theme-transparent-header-meta":"default","adv-header-id-meta":"","stick-header-meta":"default","header-above-stick-meta":"","header-main-stick-meta":"","header-below-stick-meta":"","astra-migrate-meta-layouts":"set","ast-page-background-enabled":"default","ast-page-background-meta":{"desktop":{"background-color":"","background-image":"","background-repeat":"repeat","background-position":"center center","background-size":"auto","background-attachment":"scroll","background-type":"","background-media":"","overlay-type":"","overlay-color":"","overlay-opacity":"","overlay-gradient":""},"tablet":{"background-color":"","background-image":"","background-repeat":"repeat","background-position":"center center","background-size":"auto","background-attachment":"scroll","background-type":"","background-media":"","overlay-type":"","overlay-color":"","overlay-opacity":"","overlay-gradient":""},"mobile":{"background-color":"","background-image":"","background-repeat":"repeat","background-position":"center center","background-size":"auto","background-attachment":"scroll","background-type":"","background-media":"","overlay-type":"","overlay-color":"","overlay-opacity":"","overlay-gradient":""}},"ast-content-background-meta":{"desktop":{"background-color":"var(--ast-global-color-5)","background-image":"","background-repeat":"repeat","background-position":"center center","background-size":"auto","background-attachment":"scroll","background-type":"","background-media":"","overlay-type":"","overlay-color":"","overlay-opacity":"","overlay-gradient":""},"tablet":{"background-color":"var(--ast-global-color-5)","background-image":"","background-repeat":"repeat","background-position":"center center","background-size":"auto","background-attachment":"scroll","background-type":"","background-media":"","overlay-type":"","overlay-color":"","overlay-opacity":"","overlay-gradient":""},"mobile":{"background-color":"var(--ast-global-color-5)","background-image":"","background-repeat":"repeat","background-position":"center center","background-size":"auto","background-attachment":"scroll","background-type":"","background-media":"","overlay-type":"","overlay-color":"","overlay-opacity":"","overlay-gradient":""}},"footnotes":""},"class_list":["post-5846","page","type-page","status-publish","hentry"],"acf":[],"_links":{"self":[{"href":"https:\/\/snaptubeappz.com\/tr\/wp-json\/wp\/v2\/pages\/5846","targetHints":{"allow":["GET"]}}],"collection":[{"href":"https:\/\/snaptubeappz.com\/tr\/wp-json\/wp\/v2\/pages"}],"about":[{"href":"https:\/\/snaptubeappz.com\/tr\/wp-json\/wp\/v2\/types\/page"}],"author":[{"embeddable":true,"href":"https:\/\/snaptubeappz.com\/tr\/wp-json\/wp\/v2\/users\/1"}],"replies":[{"embeddable":true,"href":"https:\/\/snaptubeappz.com\/tr\/wp-json\/wp\/v2\/comments?post=5846"}],"version-history":[{"count":2,"href":"https:\/\/snaptubeappz.com\/tr\/wp-json\/wp\/v2\/pages\/5846\/revisions"}],"predecessor-version":[{"id":5870,"href":"https:\/\/snaptubeappz.com\/tr\/wp-json\/wp\/v2\/pages\/5846\/revisions\/5870"}],"wp:attachment":[{"href":"https:\/\/snaptubeappz.com\/tr\/wp-json\/wp\/v2\/media?parent=5846"}],"curies":[{"name":"wp","href":"https:\/\/api.w.org\/{rel}","templated":true}]}}