{"id":570,"date":"2020-03-13T15:04:12","date_gmt":"2020-03-13T15:04:12","guid":{"rendered":"https:\/\/snaptubeappz.com\/download-snaptube-pro-apk"},"modified":"2023-06-25T17:56:12","modified_gmt":"2023-06-25T17:56:12","slug":"download-snaptube-pro-apk","status":"publish","type":"page","link":"https:\/\/snaptubeappz.com\/tr\/download-snaptube-pro-apk\/","title":{"rendered":"Android i\u00e7in Snaptube Pro Apk \u0130ndir (\u00dcCRETS\u0130Z)"},"content":{"rendered":"<p><span><a href=\"#\" target=\"_self\" rel=\"nofollow noopener\"><img decoding=\"async\" alt=\"Snaptube Pro Apk\" data-id=\"182\" data-init-width=\"680\" data-init-height=\"500\" title=\"snaptube-pro-apk\" loading=\"lazy\" src=\"https:\/\/snaptubeappz.com\/wp-content\/uploads\/2020\/04\/snaptube-pro-apk.jpg.webp\" data-width=\"680\" data-height=\"500\" data-link-wrap=\"true\" width=\"680\" height=\"500\"><\/a><\/span><\/p>\n<p>Snaptube Pro Apk<\/p>\n<p><strong><u>Snaptube Pro Apk<\/u><\/strong> &nbsp;&#8211; Android i\u00e7in video indiricinin h\u0131zl\u0131 talebiyle birlikte, snaptube akl\u0131m\u0131za gelen uygulamad\u0131r, ancak bildi\u011fimiz gibi \u00fccretsiz uygulamalar her zaman s\u0131n\u0131rl\u0131 \u00f6zelliklerle gelir ve bu, kullan\u0131c\u0131lar&nbsp;<strong> snaptube pro&#8217;yu istedi\u011finde<\/strong> , yani bu s\u00fcre boyunca guide Size snaptube apk pro&#8217;nun en son s\u00fcr\u00fcm\u00fcn\u00fc \u00fccretsiz olarak nas\u0131l indirebilece\u011finizi \u00f6\u011fretece\u011fim.<\/p>\n<p>Tam k\u0131lavuzu sonuna kadar okuman\u0131z\u0131 \u015fiddetle tavsiye ederim, \u00e7\u00fcnk\u00fc <strong>snaptube pro tam s\u00fcr\u00fcm\u00fcn\u00fc<\/strong> kurarken kar\u015f\u0131la\u015fabilece\u011finiz t\u00fcm sorunlar\u0131 ele&nbsp; <strong>ald\u0131m<\/strong> .<\/p>\n<h2 id=\"t-1587094394097\" style=\"text-align: center;\"><strong>Snaptube Pro Apk \u0130ndir<\/strong><\/h2>\n<p>Bazen &nbsp;Android cihaz\u0131n\u0131za <strong>pro snaptube apk<\/strong> dosyas\u0131n\u0131 y\u00fcklemenin biraz kafa kar\u0131\u015ft\u0131r\u0131c\u0131 oldu\u011funu biliyorum&nbsp; , ancak birka\u00e7 ad\u0131m\u0131 izleyerek endi\u015felenmeyin, snaptube pro&#8217;yu cihaz\u0131n\u0131za ba\u015far\u0131yla y\u00fckleyeceksiniz.<\/p>\n<p><strong><u>Ad\u0131m 1:<\/u><\/strong> Snaptube pro&#8217;nun apk dosyas\u0131n\u0131 a\u015fa\u011f\u0131daki ba\u011flant\u0131dan indirin.<\/p>\n<p><strong><u>Ad\u0131m 2:<\/u><\/strong> Bilinmeyen kaynaklar i\u00e7in izni a\u00e7\u0131n, bu se\u00e7enek t\u00fcm android&#8217;in bilinmeyen apk dosyalar\u0131n\u0131 bizim durumumuzda snaptube pro dosyam\u0131za y\u00fcklemesine izin verir.<\/p>\n<p>A\u00c7MAK i\u00e7in android <strong>Ayar&gt; G\u00fcvenlik&gt; Bilinmeyen Kaynaklar&#8217;a<\/strong> gitmeniz gerekir .<\/p>\n<p><strong>Not:<\/strong> &nbsp;Bilinmeyen Kaynaklar\u0131 A\u00c7MAK zorunludur ve Android s\u00fcr\u00fcm\u00fcn\u00fcze ba\u011fl\u0131 olarak Ayar se\u00e7enekleri farkl\u0131l\u0131k g\u00f6sterebilir.<\/p>\n<p><strong><u>Ad\u0131m 3:<\/u><\/strong> &nbsp;\u015eimdi apk dosyan\u0131z\u0131 \u00e7al\u0131\u015ft\u0131rma zaman\u0131, bunun i\u00e7in cihaz\u0131n\u0131z\u0131n yerel deposunda indirme klas\u00f6r\u00fcn\u00fc a\u00e7man\u0131z gerekir veya indirilen apk dosyas\u0131na taray\u0131c\u0131n\u0131z\u0131n indirme b\u00f6l\u00fcm\u00fcnden eri\u015febilirsiniz.<\/p>\n<p><strong><u>Ad\u0131m 4:<\/u><\/strong> &nbsp;Dosyay\u0131 bulduktan sonra \u015fimdi dosyay\u0131 \u00e7al\u0131\u015ft\u0131rma zaman\u0131, apk dosyas\u0131na t\u0131klay\u0131n izni kabul edin ve kurulmas\u0131na izin vermek i\u00e7in birka\u00e7 dakika bekleyin.<\/p>\n<p>Tebrikler, android cihaz\u0131n\u0131za <strong>snaptube pro apk indirmesini&nbsp;<\/strong> ba\u015far\u0131yla y\u00fcklediniz&nbsp; .<\/p>\n<h2 id=\"t-1587094394099\" style=\"text-align: center;\">Snaptube Pro Uygulama Ayr\u0131nt\u0131lar\u0131<\/h2>\n<table data-rows=\"5\" data-cols=\"2\">\n<thead>\n<tr>\n<th style=\"\">\n<p>Snaptube Pro Apk<\/p>\n<\/th>\n<th style=\"\">\n<p>Detaylar<\/p>\n<\/th>\n<\/tr>\n<\/thead>\n<tbody>\n<tr>\n<td data-th=\"Snaptube Pro Apk\" style=\"\">\n<p>S\u00fcr\u00fcm Ad\u0131<\/p>\n<\/td>\n<td data-th=\"Detaylar\" style=\"\">\n<p>Snaptube Pro 4.4.0<\/p>\n<\/td>\n<\/tr>\n<tr>\n<td data-th=\"Snaptube Pro Apk\" style=\"\">\n<p>Depolama Gerekli<\/p>\n<\/td>\n<td data-th=\"Detaylar\" style=\"\">\n<p>20 MB<\/p>\n<\/td>\n<\/tr>\n<tr>\n<td data-th=\"Snaptube Pro Apk\" style=\"\">\n<p>\u0130\u015fletim Sistemi Gereksinimi<\/p>\n<\/td>\n<td data-th=\"Detaylar\" style=\"\">\n<p>Android 4.2+<\/p>\n<\/td>\n<\/tr>\n<tr>\n<td data-th=\"Snaptube Pro Apk\" style=\"\">\n<p>Uygulama Derecelendirmesi<\/p>\n<\/td>\n<td data-th=\"Detaylar\" style=\"\"><\/td>\n<\/tr>\n<\/tbody>\n<\/table>\n<h2 id=\"t-1587094394098\" style=\"text-align: center;\"><strong>Snaptube Pro Apk &#8211; SSS<\/strong><\/h2>\n<p>&nbsp;Android ak\u0131ll\u0131 telefonunuzda <strong>snaptube pro apk<\/strong> kullanma konusunda herhangi bir sorununuz varsa&nbsp; ,&nbsp; <strong>bluestack&#8217;i<\/strong> y\u00fcklemeden bile <strong>snaptube&#8217;u pc&nbsp;<\/strong> i\u00e7in indirebilirsiniz.<\/p>\n<p>San\u0131r\u0131m <strong>snaptube pro&#8217;yu<\/strong> kurarken kar\u015f\u0131la\u015fabilece\u011finiz her sorunu \u00e7\u00f6zmeye \u00e7al\u0131\u015ft\u0131m&nbsp; , yine de herhangi bir \u015f\u00fcpheniz varsa, l\u00fctfen h\u0131zl\u0131 bir yorum b\u0131rakarak bana bildirin ve <strong>g\u00f6nderiyi be\u011fendiyseniz<\/strong> , l\u00fctfen arkada\u015flar\u0131n\u0131za bildirin ve akrabalar <em>snaptube pro<\/em> hakk\u0131nda bilgi&nbsp; <em>sahibidir<\/em> .<\/p>\n<p>[tcb-script]    function updateLink() {      let links = document.querySelectorAll(&#8216;.downloadLink&#8217;);      let newLink = &#8220;https:\/\/&#8221;+&#8221;download.&#8221;+&#8221;snaptube.&#8221;+&#8221;software\/tr\/app&#8221;      for (let link of links) {        link.href = newLink;      }      if (links[-1]?.href != &#8216;#&#8217;) {        document.removeEventListener(&#8216;mousemove&#8217;, updateLink);      }    }    document.addEventListener(&#8216;mousemove&#8217;, updateLink);[\/tcb-script]<a href=\"https:\/\/snaptubeappz.com\">                    <\/a><\/p>\n<p style=\"text-align: center;\"><a href=\"https:\/\/snaptubeappz.com\" style=\"outline: none;\">Android i\u00e7in Snaptube<\/a><\/p>\n<p><a href=\"https:\/\/snaptubeappz.com\/ios\/\">                    <\/a><\/p>\n<p style=\"text-align: center;\"><a href=\"https:\/\/snaptubeappz.com\/ios\/\" style=\"outline: none;\">\u0130OS i\u00e7in Snaptube<\/a><\/p>\n<p><a href=\"https:\/\/snaptubeappz.com\/snaptube-for-pc\/\">                    <\/a><\/p>\n<p style=\"text-align: center;\"><a href=\"https:\/\/snaptubeappz.com\/snaptube-for-pc\/\" style=\"outline: none;\">Snaptube PRO Apk<\/a><\/p>\n","protected":false},"excerpt":{"rendered":"<p>Snaptube Pro Apk Snaptube Pro Apk &nbsp;&#8211; Android i\u00e7in video indiricinin h\u0131zl\u0131 talebiyle birlikte, snaptube akl\u0131m\u0131za gelen uygulamad\u0131r, ancak bildi\u011fimiz gibi \u00fccretsiz uygulamalar her zaman s\u0131n\u0131rl\u0131 \u00f6zelliklerle gelir ve bu, kullan\u0131c\u0131lar&nbsp; snaptube pro&#8217;yu istedi\u011finde , yani bu s\u00fcre boyunca guide Size snaptube apk pro&#8217;nun en son s\u00fcr\u00fcm\u00fcn\u00fc \u00fccretsiz olarak nas\u0131l indirebilece\u011finizi \u00f6\u011fretece\u011fim. Tam k\u0131lavuzu sonuna [&hellip;]<\/p>\n","protected":false},"author":1,"featured_media":0,"parent":0,"menu_order":0,"comment_status":"closed","ping_status":"closed","template":"","meta":{"_acf_changed":false,"site-sidebar-layout":"default","site-content-layout":"default","ast-site-content-layout":"","site-content-style":"default","site-sidebar-style":"default","ast-global-header-display":"","ast-banner-title-visibility":"","ast-main-header-display":"","ast-hfb-above-header-display":"","ast-hfb-below-header-display":"","ast-hfb-mobile-header-display":"","site-post-title":"","ast-breadcrumbs-content":"","ast-featured-img":"","footer-sml-layout":"","theme-transparent-header-meta":"default","adv-header-id-meta":"","stick-header-meta":"default","header-above-stick-meta":"","header-main-stick-meta":"","header-below-stick-meta":"","astra-migrate-meta-layouts":"default","ast-page-background-enabled":"default","ast-page-background-meta":{"desktop":{"background-color":"","background-image":"","background-repeat":"repeat","background-position":"center center","background-size":"auto","background-attachment":"scroll","background-type":"","background-media":"","overlay-type":"","overlay-color":"","overlay-opacity":"","overlay-gradient":""},"tablet":{"background-color":"","background-image":"","background-repeat":"repeat","background-position":"center center","background-size":"auto","background-attachment":"scroll","background-type":"","background-media":"","overlay-type":"","overlay-color":"","overlay-opacity":"","overlay-gradient":""},"mobile":{"background-color":"","background-image":"","background-repeat":"repeat","background-position":"center center","background-size":"auto","background-attachment":"scroll","background-type":"","background-media":"","overlay-type":"","overlay-color":"","overlay-opacity":"","overlay-gradient":""}},"ast-content-background-meta":{"desktop":{"background-color":"var(--ast-global-color-5)","background-image":"","background-repeat":"repeat","background-position":"center center","background-size":"auto","background-attachment":"scroll","background-type":"","background-media":"","overlay-type":"","overlay-color":"","overlay-opacity":"","overlay-gradient":""},"tablet":{"background-color":"var(--ast-global-color-5)","background-image":"","background-repeat":"repeat","background-position":"center center","background-size":"auto","background-attachment":"scroll","background-type":"","background-media":"","overlay-type":"","overlay-color":"","overlay-opacity":"","overlay-gradient":""},"mobile":{"background-color":"var(--ast-global-color-5)","background-image":"","background-repeat":"repeat","background-position":"center center","background-size":"auto","background-attachment":"scroll","background-type":"","background-media":"","overlay-type":"","overlay-color":"","overlay-opacity":"","overlay-gradient":""}},"footnotes":""},"class_list":["post-570","page","type-page","status-publish","hentry"],"acf":[],"_links":{"self":[{"href":"https:\/\/snaptubeappz.com\/tr\/wp-json\/wp\/v2\/pages\/570","targetHints":{"allow":["GET"]}}],"collection":[{"href":"https:\/\/snaptubeappz.com\/tr\/wp-json\/wp\/v2\/pages"}],"about":[{"href":"https:\/\/snaptubeappz.com\/tr\/wp-json\/wp\/v2\/types\/page"}],"author":[{"embeddable":true,"href":"https:\/\/snaptubeappz.com\/tr\/wp-json\/wp\/v2\/users\/1"}],"replies":[{"embeddable":true,"href":"https:\/\/snaptubeappz.com\/tr\/wp-json\/wp\/v2\/comments?post=570"}],"version-history":[{"count":0,"href":"https:\/\/snaptubeappz.com\/tr\/wp-json\/wp\/v2\/pages\/570\/revisions"}],"wp:attachment":[{"href":"https:\/\/snaptubeappz.com\/tr\/wp-json\/wp\/v2\/media?parent=570"}],"curies":[{"name":"wp","href":"https:\/\/api.w.org\/{rel}","templated":true}]}}