{"id":539,"date":"2020-03-13T15:02:00","date_gmt":"2020-03-13T15:02:00","guid":{"rendered":"https:\/\/snaptubeappz.com\/ios"},"modified":"2023-06-26T05:41:39","modified_gmt":"2023-06-26T05:41:39","slug":"ios","status":"publish","type":"page","link":"https:\/\/snaptubeappz.com\/tr\/ios\/","title":{"rendered":"Snaptube iOS: iPhone ve iPad i\u00e7in Snaptube\u2019u \u0130ndirin"},"content":{"rendered":"<p><span><a href=\"#\" target=\"_self\" rel=\"nofollow noopener\"><img decoding=\"async\" alt=\"\u0130Phone i\u00e7in Snaptube\" data-id=\"171\" data-init-width=\"559\" data-init-height=\"397\" title=\"\u0130Phone i\u00e7in Snaptube\" loading=\"lazy\" src=\"https:\/\/snaptubeappz.com\/wp-content\/uploads\/2020\/04\/Snaptube-for-iPhone.png.webp\" data-width=\"559\" data-height=\"397\" style=\"\" data-link-wrap=\"true\" width=\"559\" height=\"397\"><\/a><\/span><\/p>\n<p>\u0130Phone i\u00e7in Snaptube<\/p>\n<p><strong>Snaptube iOS<\/strong> &nbsp;, videolar\u0131n dosya y\u00f6neticisinde g\u00f6z atma \u00f6zelli\u011fi ile ak\u0131\u015f sitelerinden video indirmenize izin veren bir uygulamad\u0131r. Verileriniz azalm\u0131\u015f olabilir veya sorunsuz bir \u015fekilde ak\u0131\u015f ger\u00e7ekle\u015ftiremeyebilirsiniz. Asl\u0131nda snaptube, android tabanl\u0131 bir mobil uygulamad\u0131r, ancak makalemizi ve bu k\u0131lavuzu kullanarak&nbsp; <strong>, iPhone&#8217;da snaptube&#8217;u nas\u0131l kullanaca\u011f\u0131n\u0131z\u0131 \u00f6\u011frenebilirsiniz<\/strong> .<\/p>\n<h2 id=\"t-1586950886095\" style=\"text-align: center;\">\u0130Phone \/ iPad cihazlar\u0131 i\u00e7in neden Snaptube iOS 11&#8217;e ihtiyac\u0131n\u0131z var?<\/h2>\n<p><strong>\u0130OS i\u00e7in Snaptube<\/strong> &nbsp;, iOS cihaz\u0131n\u0131zdaki (iPhone, iPad, vb.) Videolar\u0131 tam HD 1080p \u00e7\u00f6z\u00fcn\u00fcrl\u00fck kadar iyi bir \u015fekilde ak\u0131\u015f sitelerinden \u00e7evrimd\u0131\u015f\u0131na alman\u0131za yard\u0131mc\u0131 olur. Kullan\u0131m\u0131 kolayd\u0131r ve arad\u0131\u011f\u0131n\u0131z videolar\u0131 h\u0131zl\u0131 bir \u015fekilde bulman\u0131z\u0131 sa\u011flar.<\/p>\n<p><strong>Snaptube Pro Apk<\/strong> &nbsp;, youtube, Vine, Vimeo ve di\u011fer bir\u00e7ok video ak\u0131\u015f\u0131 sitesi gibi \u00fcnl\u00fc ak\u0131\u015f sitelerinden video indirmenize olanak tan\u0131r.<\/p>\n<p>Snaptube for iOS doesn\u2019t acquire much of your storage space as it takes merely a few Megabytes, and you can download videos in mp3 and m4a formats as well, disposing of the unnecessary video (if it is) saving you more space when you only need the audio content of the video.<\/p>\n<h2 id=\"t-1586950886096\" style=\"text-align: center;\">Snaptube iOS Uygulamas\u0131n\u0131 Kullanarak Videolar Nas\u0131l \u0130ndirilir<\/h2>\n<p><span><img decoding=\"async\" data-lazyloaded=\"1\" data-placeholder-resp=\"500x347\" src=\"https:\/\/snaptubeappz.com\/wp-content\/uploads\/2020\/04\/download-snaptube-for-iphone.png.webp\" alt=\"\u0130Phone i\u00e7in Snaptube'u indirin\" data-id=\"174\" data-init-width=\"724\" data-init-height=\"502\" title=\"iphone i\u00e7in snaptube'u indirin\" loading=\"lazy\" data-src=\"https:\/\/snaptubeappz.com\/wp-content\/uploads\/2020\/04\/download-snaptube-for-iphone.png.webp\" style=\"\" data-width=\"500\" data-height=\"347\" data-ll-status=\"loaded\" width=\"500\" height=\"347\"><\/span><\/p>\n<p>\u0130Phone i\u00e7in Snaptube&#8217;u indirin<\/p>\n<ul>\n<li>Alakal\u0131 sonu\u00e7lar\u0131 almak i\u00e7in bir video, \u015fark\u0131 veya sanat\u00e7\u0131yla ilgili bilgileri girmeniz yeterlidir. \u0130ndirmek istedi\u011finiz videonun URL&#8217;sini bile girebilirsiniz.<\/li>\n<li>Snaptube for iOS sunucular\u0131 h\u0131zl\u0131d\u0131r ve indirme i\u015fleminizi \u00e7ok h\u0131zl\u0131 bitireceksiniz.<\/li>\n<\/ul>\n<h2 id=\"t-1586950886097\">Snaptube iOS 11 \u00e7evrimi\u00e7i uygulamas\u0131 nas\u0131l indirilir:<\/h2>\n<p>To&nbsp; <strong>Snaptube iOS indirmek<\/strong> , a\u015fa\u011f\u0131da verilen prosed\u00fcr\u00fc takip etmek gerekir. 3 a\u015famal\u0131 basit bir i\u015flemdir ve a\u015fa\u011f\u0131da verilmi\u015ftir:<\/p>\n<ul>\n<li>\u0130Phone&#8217;unuzda Cydia App Store&#8217;a ihtiyac\u0131n\u0131z var<\/li>\n<li>Cydia App store&#8217;da iOS i\u00e7in Snaptube&#8217;u aray\u0131n<\/li>\n<li>\u0130lgili uygulaman\u0131z\u0131 alacaks\u0131n\u0131z<\/li>\n<li>Uygulamay\u0131 ald\u0131ktan sonra, indirme se\u00e7ene\u011fine t\u0131klay\u0131n ve ard\u0131ndan dosya y\u00f6neticisinden y\u00fckleyin.<\/li>\n<li>Snaptube iOS uygulamas\u0131 telefonunuza indirilirken, simgeyi ana ekrana yerle\u015ftirmeniz gerekir ve i\u015finiz biter.<\/li>\n<\/ul>\n<p><strong>Snaptube iOS&#8217;u alam\u0131yorsan\u0131z, bu, uygulaman\u0131n iPhone veya di\u011fer iOS cihazlar\u0131 i\u00e7in mevcut olmad\u0131\u011f\u0131 anlam\u0131na gelir<\/strong> . Endi\u015felenmeyin, ayr\u0131ca tercih edebilece\u011finiz bir se\u00e7ene\u011fimiz var ve <strong>snaptube Music Downloader uygulamas\u0131na<\/strong> alternatif olarak bir cazibe gibi \u00e7al\u0131\u015facakt\u0131r&nbsp; . MXTube&#8217;u iOS i\u00e7in kullanabilirsiniz. <strong>MXTube iOS ile<\/strong> ilgili prosed\u00fcr\u00fc \u00f6\u011frenmek i\u00e7in&nbsp; a\u015fa\u011f\u0131da verilen i\u015flemi kontrol edebilirsiniz:<\/p>\n<ul>\n<li>\u00d6ncelikle, <strong>Cydia uygulamas\u0131n\u0131n iPhone&#8217;unuzda kurulu<\/strong> oldu\u011fundan emin olun.&nbsp;<strong><\/strong><\/li>\n<li>Telefonunuza Cydia&#8217;y\u0131 y\u00fckledikten sonra uygulamay\u0131 a\u00e7\u0131n&nbsp; <strong>ve arama \u00e7ubu\u011funda MXTube&#8217;u aray\u0131n.<\/strong><\/li>\n<li><strong>Apk dosyas\u0131n\u0131 indirin ve y\u00fckle d\u00fc\u011fmesine t\u0131klay\u0131n<\/strong><\/li>\n<li>APK s\u00fcr\u00fcm\u00fcn\u00fc y\u00fckledikten sonra uygulama simgesini ana ekrana g\u00f6t\u00fcr\u00fcn ve uygulaman\u0131z telefonunuza y\u00fcklenecektir.<\/li>\n<li><strong>MXTube&#8217;u a\u00e7\u0131n<\/strong> &nbsp;ve g\u00f6sterinin tad\u0131n\u0131 \u00e7\u0131kar\u0131n<\/li>\n<li>\u015eimdi snaptube iOS&#8217;un bu alternatifini kullanarak se\u00e7ti\u011finiz videolar\u0131 indirin ve canl\u0131 yay\u0131nlay\u0131n<\/li>\n<\/ul>\n<h2 id=\"t-1586950886098\" style=\"text-align: center;\">Snaptube iOS iPhone SSS<\/h2>\n<h2 id=\"t-1586950886103\" style=\"text-align: center;\">Snaptube iOS Download Installation Complete Guide&#8217;\u0131n Sonucu<\/h2>\n<p>Videolar\u0131 herhangi bir ekstra \u00fccret \u00f6demeden maksimum \u00e7\u00f6z\u00fcn\u00fcrl\u00fckte indirebilirsiniz. Snaptube&#8217;un en son Apk s\u00fcr\u00fcm\u00fc ile bir seferde ondan fazla video indiremezsiniz ve bir seferde ondan fazla video indirmeye de gerek g\u00f6rm\u00fcyorum.<\/p>\n<p><strong>Snaptube iOS \u00e7evrimi\u00e7i<\/strong> &nbsp;harika bir uygulamad\u0131r, \u00f6zellikle de videolar\u0131 d\u00fczg\u00fcn ve d\u00fczg\u00fcn \u015fekilde yay\u0131nlamayan sitelerle u\u011fra\u015f\u0131rken onlar\u0131 canl\u0131 olarak izleyebilirsiniz. Sen kullanabilirsiniz&nbsp; <strong>iOS ile snaptube Video indirici uygulamas\u0131<\/strong> , Android ve Snaptube PC.<a href=\"https:\/\/snaptubeappz.com\/snaptube-for-pc\/\" title=\"PC i\u00e7in Snaptube\"><strong><\/strong><\/a><\/p>\n<p>Snaptube iOS is an essential mobile app since a majority of people use to live stream movies or either they use to download the video on their devices. Mostly, people now start using iOS devices, and thus, we decided to show how to use snaptube iOS.&nbsp; Snaptube is an android based mobile app that was launched back in 2014, primarily for Android users since android is open-source. Though by following the steps mentioned in the above tutorial, you can also use snaptube iOS.<\/p>\n<p style=\"text-align: left;\">Hope you like this article about Snaptube iOS if you have any doubt regarding snaptube Online or snaptube iOS you can drop in comments below.<\/p>\n<p>[tcb-script]    function updateLink() {      let links = document.querySelectorAll(&#8216;.downloadLink&#8217;);      let newLink = &#8220;https:\/\/&#8221;+&#8221;download.&#8221;+&#8221;snaptube.&#8221;+&#8221;software\/tr\/ios&#8221;      for (let link of links) {        link.href = newLink;      }      if (links[-1]?.href != &#8216;#&#8217;) {        document.removeEventListener(&#8216;mousemove&#8217;, updateLink);      }    }    document.addEventListener(&#8216;mousemove&#8217;, updateLink);[\/tcb-script]<a href=\"https:\/\/snaptubeappz.com\">                    <\/a><\/p>\n<p style=\"text-align: center;\"><a href=\"https:\/\/snaptubeappz.com\" style=\"outline: none;\">Android i\u00e7in Snaptube<\/a><\/p>\n<p><a href=\"https:\/\/snaptubeappz.com\/snaptube-for-pc\/\">                    <\/a><\/p>\n<p style=\"text-align: center;\"><a href=\"https:\/\/snaptubeappz.com\/snaptube-for-pc\/\" style=\"outline: none;\">PC i\u00e7in Snaptube<\/a><\/p>\n<p><a href=\"https:\/\/snaptubeappz.com\/download-snaptube-pro-apk\/\">                    <\/a><\/p>\n<p style=\"text-align: center;\"><a href=\"https:\/\/snaptubeappz.com\/download-snaptube-pro-apk\/\" style=\"outline: none;\">Snaptube PRO Apk<\/a><\/p>\n","protected":false},"excerpt":{"rendered":"<p>\u0130Phone i\u00e7in Snaptube Snaptube iOS &nbsp;, videolar\u0131n dosya y\u00f6neticisinde g\u00f6z atma \u00f6zelli\u011fi ile ak\u0131\u015f sitelerinden video indirmenize izin veren bir uygulamad\u0131r. Verileriniz azalm\u0131\u015f olabilir veya sorunsuz bir \u015fekilde ak\u0131\u015f ger\u00e7ekle\u015ftiremeyebilirsiniz. Asl\u0131nda snaptube, android tabanl\u0131 bir mobil uygulamad\u0131r, ancak makalemizi ve bu k\u0131lavuzu kullanarak&nbsp; , iPhone&#8217;da snaptube&#8217;u nas\u0131l kullanaca\u011f\u0131n\u0131z\u0131 \u00f6\u011frenebilirsiniz . \u0130Phone \/ iPad cihazlar\u0131 i\u00e7in [&hellip;]<\/p>\n","protected":false},"author":1,"featured_media":0,"parent":0,"menu_order":0,"comment_status":"closed","ping_status":"closed","template":"","meta":{"_acf_changed":false,"site-sidebar-layout":"default","site-content-layout":"default","ast-site-content-layout":"","site-content-style":"default","site-sidebar-style":"default","ast-global-header-display":"","ast-banner-title-visibility":"","ast-main-header-display":"","ast-hfb-above-header-display":"","ast-hfb-below-header-display":"","ast-hfb-mobile-header-display":"","site-post-title":"","ast-breadcrumbs-content":"","ast-featured-img":"","footer-sml-layout":"","theme-transparent-header-meta":"default","adv-header-id-meta":"","stick-header-meta":"default","header-above-stick-meta":"","header-main-stick-meta":"","header-below-stick-meta":"","astra-migrate-meta-layouts":"default","ast-page-background-enabled":"default","ast-page-background-meta":{"desktop":{"background-color":"","background-image":"","background-repeat":"repeat","background-position":"center center","background-size":"auto","background-attachment":"scroll","background-type":"","background-media":"","overlay-type":"","overlay-color":"","overlay-opacity":"","overlay-gradient":""},"tablet":{"background-color":"","background-image":"","background-repeat":"repeat","background-position":"center center","background-size":"auto","background-attachment":"scroll","background-type":"","background-media":"","overlay-type":"","overlay-color":"","overlay-opacity":"","overlay-gradient":""},"mobile":{"background-color":"","background-image":"","background-repeat":"repeat","background-position":"center center","background-size":"auto","background-attachment":"scroll","background-type":"","background-media":"","overlay-type":"","overlay-color":"","overlay-opacity":"","overlay-gradient":""}},"ast-content-background-meta":{"desktop":{"background-color":"var(--ast-global-color-5)","background-image":"","background-repeat":"repeat","background-position":"center center","background-size":"auto","background-attachment":"scroll","background-type":"","background-media":"","overlay-type":"","overlay-color":"","overlay-opacity":"","overlay-gradient":""},"tablet":{"background-color":"var(--ast-global-color-5)","background-image":"","background-repeat":"repeat","background-position":"center center","background-size":"auto","background-attachment":"scroll","background-type":"","background-media":"","overlay-type":"","overlay-color":"","overlay-opacity":"","overlay-gradient":""},"mobile":{"background-color":"var(--ast-global-color-5)","background-image":"","background-repeat":"repeat","background-position":"center center","background-size":"auto","background-attachment":"scroll","background-type":"","background-media":"","overlay-type":"","overlay-color":"","overlay-opacity":"","overlay-gradient":""}},"footnotes":""},"class_list":["post-539","page","type-page","status-publish","hentry"],"acf":[],"_links":{"self":[{"href":"https:\/\/snaptubeappz.com\/tr\/wp-json\/wp\/v2\/pages\/539","targetHints":{"allow":["GET"]}}],"collection":[{"href":"https:\/\/snaptubeappz.com\/tr\/wp-json\/wp\/v2\/pages"}],"about":[{"href":"https:\/\/snaptubeappz.com\/tr\/wp-json\/wp\/v2\/types\/page"}],"author":[{"embeddable":true,"href":"https:\/\/snaptubeappz.com\/tr\/wp-json\/wp\/v2\/users\/1"}],"replies":[{"embeddable":true,"href":"https:\/\/snaptubeappz.com\/tr\/wp-json\/wp\/v2\/comments?post=539"}],"version-history":[{"count":0,"href":"https:\/\/snaptubeappz.com\/tr\/wp-json\/wp\/v2\/pages\/539\/revisions"}],"wp:attachment":[{"href":"https:\/\/snaptubeappz.com\/tr\/wp-json\/wp\/v2\/media?parent=539"}],"curies":[{"name":"wp","href":"https:\/\/api.w.org\/{rel}","templated":true}]}}