{"id":5361,"date":"2024-03-21T09:35:35","date_gmt":"2024-03-21T09:35:35","guid":{"rendered":"https:\/\/snaptubeappz.com\/?page_id=5361"},"modified":"2024-03-24T04:51:24","modified_gmt":"2024-03-24T04:51:24","slug":"about-us","status":"publish","type":"page","link":"https:\/\/snaptubeappz.com\/tr\/about-us\/","title":{"rendered":"Hakk\u0131m\u0131zda &#8211; Snaptube Appz&#8217;\u0131n arkas\u0131ndaki ekiple tan\u0131\u015f\u0131n"},"content":{"rendered":"<p>Android cihazlar i\u00e7in \u00f6zel olarak tasarlanm\u0131\u015f tan\u0131nm\u0131\u015f bir video ve m\u00fczik indirme uygulamas\u0131 olan Snaptubeappz ile ilgili t\u00fcm bilgiler i\u00e7in nihai var\u0131\u015f noktan\u0131z olan <a href=\"https:\/\/snaptubeappz.com\/tr\/\">Snaptubeappz&#8217;\u0131n resmi web sitesine<\/a> ho\u015f geldiniz.<\/p>\n<h2>Yolculu\u011fun Ba\u015flang\u0131c\u0131<\/h2>\n<p>Kas\u0131m 2014&#8217;te kurulan Snaptubeappz, kullan\u0131c\u0131lar\u0131n dijital i\u00e7erikle etkile\u015fiminde devrim yaratt\u0131. Bu \u00fccretsiz Android uygulamas\u0131, video ve ses indirmeyi kolayla\u015ft\u0131r\u0131r ve bir sosyal medya toplay\u0131c\u0131 olarak hizmet eder. \u015eubat 2024 itibar\u0131yla 150 milyondan fazla kullan\u0131c\u0131ya hizmet veren \u00e7ok \u00e7e\u015fitli video \u00e7\u00f6z\u00fcn\u00fcrl\u00fcklerini ve ses formatlar\u0131n\u0131 destekler.<\/p>\n<h2>Kurucumuz ve Ekibimiz<\/h2>\n<p>Snaptubeappz&#8217;\u0131n arkas\u0131ndaki vizyoner, teknolojinin hayatlar\u0131 d\u00f6n\u00fc\u015ft\u00fcrme potansiyeline olan hayranl\u0131\u011f\u0131 Snaptubeappz&#8217;\u0131n yarat\u0131lmas\u0131na yol a\u00e7an eski bir gen\u00e7 m\u00fchendis olan<a href=\"https:\/\/www.linkedin.com\/in\/chao-ding-1b67672b9\/\" data-schema-attribute=\"about\" target=\"_blank\" rel=\"noopener\"> Chao Ding<\/a>&#8216;dir. M\u00fchendisler, geli\u015ftiriciler ve tasar\u0131mc\u0131lardan olu\u015fan \u00f6zel bir ekip taraf\u0131ndan desteklenen yolculu\u011fu, hayalini bug\u00fcnk\u00fc Snaptubeappz ger\u00e7e\u011fine d\u00f6n\u00fc\u015ft\u00fcrd\u00fc: Bu ekibin kolektif \u00e7abalar\u0131 ve inovasyona y\u00f6nelik ortak vizyonu, Snaptubeappz&#8217;\u0131n ba\u015far\u0131s\u0131n\u0131 art\u0131r\u0131yor.<\/p>\n<figure id=\"attachment_5069\" aria-describedby=\"caption-attachment-5069\" style=\"width: 300px\" class=\"wp-caption alignnone\"><img loading=\"lazy\" decoding=\"async\" class=\"wp-image-5069 size-medium\" src=\"https:\/\/snaptubeappz.com\/wp-content\/uploads\/2024\/03\/Chao-Ding-Founder-of-Snaptube-Appz-300x295.webp\" alt=\"Chao Ding Founder of Snaptube Appz\" width=\"300\" height=\"295\" srcset=\"https:\/\/snaptubeappz.com\/wp-content\/uploads\/2024\/03\/Chao-Ding-Founder-of-Snaptube-Appz-300x295.webp 300w, https:\/\/snaptubeappz.com\/wp-content\/uploads\/2024\/03\/Chao-Ding-Founder-of-Snaptube-Appz.webp 631w\" sizes=\"auto, (max-width: 300px) 100vw, 300px\" \/><figcaption id=\"caption-attachment-5069\" class=\"wp-caption-text\"><em><a href=\"https:\/\/gravatar.com\/snaptubeappz\" data-schema-attribute=\"mentions\" target=\"_blank\" rel=\"noopener\">Chao Ding<\/a> Snaptube Appz Kurucusu<br \/><\/em><\/figcaption><\/figure>\n<h2>Uygulamam\u0131z<\/h2>\n<p>Snaptubeappz, kullan\u0131c\u0131 dostu bir aray\u00fcz ve etkili i\u015flevsellik sunarak onu d\u00fcnya \u00e7ap\u0131nda milyonlarca ki\u015fi i\u00e7in g\u00fcvenilir bir arkada\u015f haline getiriyor. \u00c7e\u015fitli kullan\u0131c\u0131 ihtiya\u00e7lar\u0131n\u0131 kar\u015f\u0131layan video indirme, yer a\u00e7ma ve m\u00fczi\u011fi y\u00f6netme becerisiyle \u00f6ne \u00e7\u0131k\u0131yor. Google Play Store&#8217;dan kald\u0131r\u0131lmas\u0131 gibi zorluklarla kar\u015f\u0131 kar\u015f\u0131ya olmas\u0131na ra\u011fmen \u015firket, s\u00fcrekli iyile\u015ftirme ve kullan\u0131c\u0131 g\u00fcveni konusundaki kararl\u0131l\u0131\u011f\u0131n\u0131n alt\u0131n\u0131 \u00e7izerek endi\u015feleri gidermek i\u00e7in derhal harekete ge\u00e7ti.<\/p>\n<h2>\u015eirket k\u00fclt\u00fcr\u00fc<\/h2>\n<p>Snaptubeappz&#8217;da k\u00fclt\u00fcr\u00fcm\u00fcz yenilik, i\u015fbirli\u011fi ve sayg\u0131 ile \u015fekillenmektedir. Yarat\u0131c\u0131l\u0131\u011f\u0131n, s\u00fcrekli \u00f6\u011frenmenin ve ki\u015fisel geli\u015fimin te\u015fvik edildi\u011fi bir ortam\u0131 te\u015fvik ederek her ekip \u00fcyesinin benzersiz katk\u0131lar\u0131na de\u011fer veriyoruz. Teknoloji ve inovasyona olan ortak tutkumuz bizi birle\u015ftiriyor ve teknoloji ile kullan\u0131c\u0131 deneyiminin s\u0131n\u0131rlar\u0131n\u0131 yeniden tan\u0131mlama misyonumuza y\u00f6n veriyor.<\/p>\n<h2>Konum<\/h2>\n<p>Teknolojik bir inovasyon merkezi olan Shenzhen, Guangdong, \u00c7in&#8217;deki genel merkezimiz s\u00fcrekli bir ilham kayna\u011f\u0131d\u0131r. Burada Chao Ding&#8217;in vizyonunu hayata ge\u00e7irmek, Snaptubeappz&#8217;\u0131n yeteneklerini s\u00fcrekli olarak geli\u015ftirmek ve geni\u015fletmek i\u00e7in i\u015fbirli\u011fi yap\u0131yoruz. Bu stratejik konum bizi teknoloji sekt\u00f6r\u00fcn\u00fcn \u00f6n s\u0131ralar\u0131nda tutuyor ve bize yenilik ve ba\u015far\u0131 konusunda ilham veriyor.<\/p>\n<p><iframe loading=\"lazy\" style=\"border: 0;\" src=\"https:\/\/www.google.com\/maps\/embed?pb=!1m18!1m12!1m3!1d235679.12090543256!2d113.9357084524362!3d22.635651710705055!2m3!1f0!2f0!3f0!3m2!1i1024!2i768!4f13.1!3m3!1m2!1s0x3403f408d0e15291%3A0xfdee550db79280c9!2sShenzhen%2C%20Guangdong%20Province%2C%20China!5e0!3m2!1sen!2sin!4v1702212679147!5m2!1sen!2sin\" width=\"600\" height=\"450\" allowfullscreen=\"allowfullscreen\"><\/iframe><\/p>\n<p>Snaptubeappz&#8217;\u0131n liderli\u011finde, her seferinde bir uygulama olmak \u00fczere dijital ortam\u0131 d\u00f6n\u00fc\u015ft\u00fcrmeye devam ederken bize kat\u0131l\u0131n.<\/p>\n<p><span style=\"text-decoration: underline;\"><strong>Not <\/strong><\/span><em>&#8211; SnaptubeAppz.com ba\u011f\u0131ms\u0131z bir platformdur ve Snaptube&#8217;un resmi yarat\u0131c\u0131lar\u0131na ba\u011fl\u0131 de\u011fildir. Resmi Snaptube uygulama sa\u011flay\u0131c\u0131s\u0131 de\u011filiz. Snaptube resmi yarat\u0131c\u0131lar\u0131na aittir.<\/em><\/p>\n<div id=\"gtx-trans\" style=\"position: absolute; left: 241px; top: 342.5px;\">\n<div class=\"gtx-trans-icon\"><\/div>\n<\/div>\n","protected":false},"excerpt":{"rendered":"<p>Android cihazlar i\u00e7in \u00f6zel olarak tasarlanm\u0131\u015f tan\u0131nm\u0131\u015f bir video ve m\u00fczik indirme uygulamas\u0131 olan Snaptubeappz ile ilgili t\u00fcm bilgiler i\u00e7in nihai var\u0131\u015f noktan\u0131z olan Snaptubeappz&#8217;\u0131n resmi web sitesine ho\u015f geldiniz. Yolculu\u011fun Ba\u015flang\u0131c\u0131 Kas\u0131m 2014&#8217;te kurulan Snaptubeappz, kullan\u0131c\u0131lar\u0131n dijital i\u00e7erikle etkile\u015fiminde devrim yaratt\u0131. Bu \u00fccretsiz Android uygulamas\u0131, video ve ses indirmeyi kolayla\u015ft\u0131r\u0131r ve bir sosyal medya [&hellip;]<\/p>\n","protected":false},"author":1,"featured_media":0,"parent":0,"menu_order":0,"comment_status":"closed","ping_status":"closed","template":"","meta":{"_acf_changed":false,"site-sidebar-layout":"default","site-content-layout":"","ast-site-content-layout":"default","site-content-style":"default","site-sidebar-style":"default","ast-global-header-display":"","ast-banner-title-visibility":"","ast-main-header-display":"","ast-hfb-above-header-display":"","ast-hfb-below-header-display":"","ast-hfb-mobile-header-display":"","site-post-title":"","ast-breadcrumbs-content":"disabled","ast-featured-img":"","footer-sml-layout":"","theme-transparent-header-meta":"default","adv-header-id-meta":"","stick-header-meta":"default","header-above-stick-meta":"","header-main-stick-meta":"","header-below-stick-meta":"","astra-migrate-meta-layouts":"set","ast-page-background-enabled":"default","ast-page-background-meta":{"desktop":{"background-color":"","background-image":"","background-repeat":"repeat","background-position":"center center","background-size":"auto","background-attachment":"scroll","background-type":"","background-media":"","overlay-type":"","overlay-color":"","overlay-opacity":"","overlay-gradient":""},"tablet":{"background-color":"","background-image":"","background-repeat":"repeat","background-position":"center center","background-size":"auto","background-attachment":"scroll","background-type":"","background-media":"","overlay-type":"","overlay-color":"","overlay-opacity":"","overlay-gradient":""},"mobile":{"background-color":"","background-image":"","background-repeat":"repeat","background-position":"center center","background-size":"auto","background-attachment":"scroll","background-type":"","background-media":"","overlay-type":"","overlay-color":"","overlay-opacity":"","overlay-gradient":""}},"ast-content-background-meta":{"desktop":{"background-color":"var(--ast-global-color-5)","background-image":"","background-repeat":"repeat","background-position":"center center","background-size":"auto","background-attachment":"scroll","background-type":"","background-media":"","overlay-type":"","overlay-color":"","overlay-opacity":"","overlay-gradient":""},"tablet":{"background-color":"var(--ast-global-color-5)","background-image":"","background-repeat":"repeat","background-position":"center center","background-size":"auto","background-attachment":"scroll","background-type":"","background-media":"","overlay-type":"","overlay-color":"","overlay-opacity":"","overlay-gradient":""},"mobile":{"background-color":"var(--ast-global-color-5)","background-image":"","background-repeat":"repeat","background-position":"center center","background-size":"auto","background-attachment":"scroll","background-type":"","background-media":"","overlay-type":"","overlay-color":"","overlay-opacity":"","overlay-gradient":""}},"footnotes":""},"class_list":["post-5361","page","type-page","status-publish","hentry"],"acf":[],"_links":{"self":[{"href":"https:\/\/snaptubeappz.com\/tr\/wp-json\/wp\/v2\/pages\/5361","targetHints":{"allow":["GET"]}}],"collection":[{"href":"https:\/\/snaptubeappz.com\/tr\/wp-json\/wp\/v2\/pages"}],"about":[{"href":"https:\/\/snaptubeappz.com\/tr\/wp-json\/wp\/v2\/types\/page"}],"author":[{"embeddable":true,"href":"https:\/\/snaptubeappz.com\/tr\/wp-json\/wp\/v2\/users\/1"}],"replies":[{"embeddable":true,"href":"https:\/\/snaptubeappz.com\/tr\/wp-json\/wp\/v2\/comments?post=5361"}],"version-history":[{"count":4,"href":"https:\/\/snaptubeappz.com\/tr\/wp-json\/wp\/v2\/pages\/5361\/revisions"}],"predecessor-version":[{"id":5399,"href":"https:\/\/snaptubeappz.com\/tr\/wp-json\/wp\/v2\/pages\/5361\/revisions\/5399"}],"wp:attachment":[{"href":"https:\/\/snaptubeappz.com\/tr\/wp-json\/wp\/v2\/media?parent=5361"}],"curies":[{"name":"wp","href":"https:\/\/api.w.org\/{rel}","templated":true}]}}