{"id":5241,"date":"2024-03-31T09:59:49","date_gmt":"2024-03-31T09:59:49","guid":{"rendered":"https:\/\/snaptubeappz.com\/?page_id=5241"},"modified":"2025-06-25T17:00:16","modified_gmt":"2025-06-25T17:00:16","slug":"is-snaptube-safe","status":"publish","type":"page","link":"https:\/\/snaptubeappz.com\/tr\/is-snaptube-safe\/","title":{"rendered":"Snaptube \u0130ndirmek ve Kullanmak G\u00fcvenli mi?"},"content":{"rendered":"<p>Son y\u0131llarda, \u00e7e\u015fitli platformlardan video indirmek giderek daha pop\u00fcler hale geldi ve <a href=\"https:\/\/snaptubeappz.com\/tr\/\">Snaptube<\/a> yayg\u0131n olarak kullan\u0131lan bir uygulama olarak ortaya \u00e7\u0131kt\u0131.<\/p>\n<p>Uygulama, kullan\u0131c\u0131 dostu aray\u00fcz\u00fc ve \u00e7e\u015fitli i\u015flevselli\u011fi nedeniyle b\u00fcy\u00fck bir takip\u00e7i kitlesi kazanm\u0131\u015ft\u0131r. Bununla birlikte, Snaptube&#8217;un indirilmesinin ve kullan\u0131lmas\u0131n\u0131n g\u00fcvenli olup olmad\u0131\u011f\u0131na ili\u015fkin sorular\u0131n hala yan\u0131tlanmas\u0131 gerekiyor mu?<\/p>\n<p><span style=\"text-decoration: underline;\"><em><strong>Crux<\/strong> <\/em><\/span>&#8211; Sayg\u0131n VirusTotal platformunda yap\u0131lan kapsaml\u0131 bir inceleme ve ayr\u0131nt\u0131l\u0131 bir testin ard\u0131ndan, snaptube uygulamas\u0131n\u0131n g\u00fcvenli platformdan indirildi\u011fi takdirde kullan\u0131m i\u00e7in g\u00fcvenli oldu\u011fu do\u011fruland\u0131.<\/p>\n<p>[btn]<\/p>\n<p>Baz\u0131 kullan\u0131c\u0131lar uygulaman\u0131n g\u00fcvenli\u011fi konusunda endi\u015fe duyuyor ve uygulaman\u0131n cihazlar\u0131 veya gizlilikleri i\u00e7in herhangi bir risk olu\u015fturup olu\u015fturmad\u0131\u011f\u0131n\u0131 merak ediyor.<\/p>\n<p><strong>Snaptube g\u00fcvenli\u011fi<\/strong> hakk\u0131nda bir sonuca varmadan \u00f6nce, uygulaman\u0131n resmi uygulama ma\u011fazalar\u0131ndaki kullan\u0131labilirli\u011fi, izin gereksinimleri ve kullan\u0131c\u0131 deneyimleri dahil olmak \u00fczere \u00e7e\u015fitli y\u00f6nleri g\u00f6z \u00f6n\u00fcnde bulundurmal\u0131y\u0131z.<\/p>\n<p>[faq-1]<\/p>\n<p>[faq-2]<\/p>\n<h2 style=\"text-align: center;\">Snaptube&#8217;un VirusTotal&#8217;daki G\u00fcvenlik Testi<\/h2>\n<p><strong>Snaptube&#8217;un g\u00fcvenli\u011fini de\u011ferlendirmek i\u00e7in bir VirusTotal testi yap\u0131lm\u0131\u015ft\u0131r.<\/strong><\/p>\n<p>VirusTotal, dosyalar\u0131 ve URL&#8217;leri potansiyel vir\u00fcsler, solucanlar, truva atlar\u0131 ve di\u011fer k\u00f6t\u00fc ama\u00e7l\u0131 i\u00e7erikler i\u00e7in analiz eden bir web sitesidir. G\u00f6nderilen i\u00e7eri\u011fin g\u00fcvenli\u011fi hakk\u0131nda ayr\u0131nt\u0131l\u0131 bir rapor sa\u011flamak i\u00e7in birden fazla antivir\u00fcs motoru ve web sitesi taray\u0131c\u0131s\u0131 kullan\u0131r.<\/p>\n<p>Snaptube&#8217;un APK dosyas\u0131n\u0131 VirusTotal&#8217;a g\u00f6nderdikten sonra sonu\u00e7lar g\u00fcven vericiydi. <strong>Analiz, uygulaman\u0131n g\u00fcvenli oldu\u011funu ve k\u00f6t\u00fc ama\u00e7l\u0131 i\u00e7erik i\u00e7ermedi\u011fini g\u00f6sterdi<\/strong>. Bu bulgu, birden fazla g\u00fcvenilir antivir\u00fcs \u00e7\u00f6z\u00fcm\u00fc taraf\u0131ndan incelendi\u011fi i\u00e7in uygulaman\u0131n g\u00fcvenli\u011fi konusunda endi\u015fe duyan kullan\u0131c\u0131lar i\u00e7in bir g\u00fcven katman\u0131 ekliyor.<\/p>\n<p>Testin detaylar\u0131n\u0131 incelemek isteyenler i\u00e7in detayl\u0131 rapora <a href=\"https:\/\/www.virustotal.com\/gui\/file\/2050196cc91a7bfe493ec1fed79fe22dea4dd5adb27ed5b912d133ceed02d8b0\/detection\" data-schema-attribute=\"mentions\" target=\"_blank\" rel=\"noopener\">VirusTotal web site<\/a> sinden eri\u015filebilir. Herhangi bir yaz\u0131l\u0131m veya uygulaman\u0131n g\u00fcvenli\u011finden \u015f\u00fcphe duydu\u011funuzda bu t\u00fcr testler yapmak veya g\u00fcvenilir kaynaklara ba\u015fvurmak her zaman iyi bir uygulamad\u0131r.<\/p>\n<p>[faq-3]<\/p>\n","protected":false},"excerpt":{"rendered":"<p>Son y\u0131llarda, \u00e7e\u015fitli platformlardan video indirmek giderek daha pop\u00fcler hale geldi ve Snaptube yayg\u0131n olarak kullan\u0131lan bir uygulama olarak ortaya \u00e7\u0131kt\u0131. Uygulama, kullan\u0131c\u0131 dostu aray\u00fcz\u00fc ve \u00e7e\u015fitli i\u015flevselli\u011fi nedeniyle b\u00fcy\u00fck bir takip\u00e7i kitlesi kazanm\u0131\u015ft\u0131r. Bununla birlikte, Snaptube&#8217;un indirilmesinin ve kullan\u0131lmas\u0131n\u0131n g\u00fcvenli olup olmad\u0131\u011f\u0131na ili\u015fkin sorular\u0131n hala yan\u0131tlanmas\u0131 gerekiyor mu? Crux &#8211; Sayg\u0131n VirusTotal platformunda yap\u0131lan [&hellip;]<\/p>\n","protected":false},"author":1,"featured_media":0,"parent":0,"menu_order":0,"comment_status":"closed","ping_status":"closed","template":"","meta":{"_acf_changed":false,"site-sidebar-layout":"default","site-content-layout":"","ast-site-content-layout":"default","site-content-style":"default","site-sidebar-style":"default","ast-global-header-display":"","ast-banner-title-visibility":"","ast-main-header-display":"","ast-hfb-above-header-display":"","ast-hfb-below-header-display":"","ast-hfb-mobile-header-display":"","site-post-title":"","ast-breadcrumbs-content":"disabled","ast-featured-img":"","footer-sml-layout":"","theme-transparent-header-meta":"default","adv-header-id-meta":"","stick-header-meta":"default","header-above-stick-meta":"","header-main-stick-meta":"","header-below-stick-meta":"","astra-migrate-meta-layouts":"set","ast-page-background-enabled":"default","ast-page-background-meta":{"desktop":{"background-color":"","background-image":"","background-repeat":"repeat","background-position":"center center","background-size":"auto","background-attachment":"scroll","background-type":"","background-media":"","overlay-type":"","overlay-color":"","overlay-opacity":"","overlay-gradient":""},"tablet":{"background-color":"","background-image":"","background-repeat":"repeat","background-position":"center center","background-size":"auto","background-attachment":"scroll","background-type":"","background-media":"","overlay-type":"","overlay-color":"","overlay-opacity":"","overlay-gradient":""},"mobile":{"background-color":"","background-image":"","background-repeat":"repeat","background-position":"center center","background-size":"auto","background-attachment":"scroll","background-type":"","background-media":"","overlay-type":"","overlay-color":"","overlay-opacity":"","overlay-gradient":""}},"ast-content-background-meta":{"desktop":{"background-color":"var(--ast-global-color-5)","background-image":"","background-repeat":"repeat","background-position":"center center","background-size":"auto","background-attachment":"scroll","background-type":"","background-media":"","overlay-type":"","overlay-color":"","overlay-opacity":"","overlay-gradient":""},"tablet":{"background-color":"var(--ast-global-color-5)","background-image":"","background-repeat":"repeat","background-position":"center center","background-size":"auto","background-attachment":"scroll","background-type":"","background-media":"","overlay-type":"","overlay-color":"","overlay-opacity":"","overlay-gradient":""},"mobile":{"background-color":"var(--ast-global-color-5)","background-image":"","background-repeat":"repeat","background-position":"center center","background-size":"auto","background-attachment":"scroll","background-type":"","background-media":"","overlay-type":"","overlay-color":"","overlay-opacity":"","overlay-gradient":""}},"footnotes":""},"class_list":["post-5241","page","type-page","status-publish","hentry"],"acf":[],"_links":{"self":[{"href":"https:\/\/snaptubeappz.com\/tr\/wp-json\/wp\/v2\/pages\/5241","targetHints":{"allow":["GET"]}}],"collection":[{"href":"https:\/\/snaptubeappz.com\/tr\/wp-json\/wp\/v2\/pages"}],"about":[{"href":"https:\/\/snaptubeappz.com\/tr\/wp-json\/wp\/v2\/types\/page"}],"author":[{"embeddable":true,"href":"https:\/\/snaptubeappz.com\/tr\/wp-json\/wp\/v2\/users\/1"}],"replies":[{"embeddable":true,"href":"https:\/\/snaptubeappz.com\/tr\/wp-json\/wp\/v2\/comments?post=5241"}],"version-history":[{"count":2,"href":"https:\/\/snaptubeappz.com\/tr\/wp-json\/wp\/v2\/pages\/5241\/revisions"}],"predecessor-version":[{"id":5785,"href":"https:\/\/snaptubeappz.com\/tr\/wp-json\/wp\/v2\/pages\/5241\/revisions\/5785"}],"wp:attachment":[{"href":"https:\/\/snaptubeappz.com\/tr\/wp-json\/wp\/v2\/media?parent=5241"}],"curies":[{"name":"wp","href":"https:\/\/api.w.org\/{rel}","templated":true}]}}