{"id":460,"date":"2020-03-13T14:22:39","date_gmt":"2020-03-13T14:22:39","guid":{"rendered":"https:\/\/snaptubeappz.com\/home"},"modified":"2025-09-08T13:42:48","modified_gmt":"2025-09-08T13:42:48","slug":"android-icin-snaptube-apk-indir-ucretsiz-yukleme-2024","status":"publish","type":"page","link":"https:\/\/snaptubeappz.com\/tr\/","title":{"rendered":"Android i\u00e7in Snaptube APK \u0130ndir &#8211; \u00dcCRETS\u0130Z Y\u00fckleme 2025"},"content":{"rendered":"<p style=\"text-align: center;\">[btn-1]<\/p>\n<p style=\"text-align: center;\">[img-1]<\/p>\n<p style=\"text-align: center;\">[link-1]<\/p>\n<p style=\"text-align: center;\">[btn-2]<\/p>\n<p style=\"text-align: center;\">[table]<\/p>\n<h2 style=\"text-align: center;\">Snaptube nedir?<\/h2>\n<p><strong>Snaptube<\/strong>, pop\u00fcler sosyal medyadan ve YouTube, Facebook, TikTok, Instagram, DailyMotion ve WhatsApp gibi di\u011fer e\u011flenceli web sitelerinden videolar\u0131 zahmetsizce indiren bir Android uygulamas\u0131d\u0131r. Snaptube ayr\u0131ca kullan\u0131c\u0131lar\u0131n video dosyalar\u0131n\u0131 a\u015fa\u011f\u0131dakilere d\u00f6n\u00fc\u015ft\u00fcrmesine olanak tan\u0131r MP3 format\u0131nda kaydedebilir ve h\u0131zl\u0131 eri\u015fim i\u00e7in saklayabilirsiniz.<\/p>\n<p>Snaptube resmi olarak Kas\u0131m 2014&#8217;te piyasaya \u00e7\u0131kt\u0131 ve uygulamay\u0131 d\u00fcnya \u00e7ap\u0131nda neredeyse 1 milyar ki\u015fi indirdi. G\u00fcnl\u00fck indirilen video say\u0131s\u0131 ise 90 milyonun \u00fczerinde. Ne yaz\u0131k ki Snaptube art\u0131k Google Play Store&#8217;da mevcut de\u011fil.<\/p>\n<p>Uptodown.com, Aptoide.com ve 9Apps ma\u011fazas\u0131 gibi tan\u0131nm\u0131\u015f uygulama ma\u011fazalar\u0131nda desteklenmektedir. <strong>Snaptube<\/strong> uygulamas\u0131 MP3 ve M4A formatlar\u0131nda ses ve 144p, 720p, 1080p HD, 2K HD ve 4K HD formatlar\u0131nda video sunar.<\/p>\n<p>[table_of_content]<\/p>\n<p>[install]<\/p>\n<p>[how-to-use]<\/p>\n<h2 style=\"text-align: center;\">Snaptube&#8217;un \u00d6zellikleri<\/h2>\n<p>Snaptube, multimedya i\u00e7eri\u011fi indirmek ve y\u00f6netmek isteyen kullan\u0131c\u0131lara hitap eden \u00e7e\u015fitli \u00f6zelliklere sahiptir. \u0130\u015fte temel \u00f6zelliklerinin ayr\u0131nt\u0131l\u0131 bir listesi:<\/p>\n<p>[features]<\/p>\n<h2 style=\"text-align: center;\">Snaptube&#8217;un G\u00fcvenli\u011fi ve Gizlili\u011fi<\/h2>\n<p><strong>Snaptube gibi bir uygulamay\u0131 kullan\u0131rken g\u00fcvenlik ve gizlilik \u00f6nemli hususlard\u0131r.<\/strong> Snaptube video ve m\u00fczik indirmek i\u00e7in uygun bir yol sunarken, kullan\u0131c\u0131lar g\u00fcvenlik ve gizlilikle ilgili \u00e7e\u015fitli hususlar\u0131n fark\u0131nda olmal\u0131d\u0131r.<\/p>\n<p>[safety]<\/p>\n<h2 style=\"text-align: center;\">Snaptube Son S\u00fcr\u00fcm De\u011fi\u015fiklikleri<\/h2>\n<p><strong>Snaptube&#8217;un en son s\u00fcr\u00fcm\u00fc<\/strong>, kullan\u0131c\u0131 deneyimini ve i\u015flevselli\u011fini iyile\u015ftirmek i\u00e7in bir dizi geli\u015ftirme ve yeni g\u00fcncellemeler getirmi\u015ftir:<\/p>\n<p>[changelog]<\/p>\n<h2 style=\"text-align: center;\">Snaptube Orijinal vs Sahte<\/h2>\n<p><strong>Orijinal Snaptube ile sahte benzerleri aras\u0131nda ayr\u0131m yapmak kullan\u0131c\u0131 g\u00fcvenli\u011fi i\u00e7in \u00e7ok \u00f6nemlidir.<\/strong><\/p>\n<p>YouTube ve Facebook gibi platformlardan video indirme kolayl\u0131\u011f\u0131yla bilinen orijinal Snaptube, web sitemizden g\u00fcvenle indirilebilir. Ayn\u0131 zamanda, sahte s\u00fcr\u00fcmler genellikle \u00fc\u00e7\u00fcnc\u00fc taraf kaynaklarda gizlenir.<\/p>\n<p><strong>Orijinalli\u011fi, uygulaman\u0131n resmi kanallardaki a\u00e7\u0131klamas\u0131nda belirtilen Mobiuspace alt\u0131ndaki geli\u015fimini kontrol ederek daha da do\u011frulan\u0131r.<\/strong> Ger\u00e7ek Snaptube, a\u015f\u0131r\u0131 reklamlar ve alakas\u0131z izin talepleriyle dolu olan sahte uygulamalar\u0131n aksine, \u00e7e\u015fitli video \u00e7\u00f6z\u00fcn\u00fcrl\u00fcklerini ve formatlar\u0131n\u0131 destekleyen yerle\u015fik bir taray\u0131c\u0131 ile basit, kullan\u0131c\u0131 dostu bir aray\u00fcz sunar.<\/p>\n<p>Bu sahte uygulamalar yaln\u0131zca cihaz\u0131n\u0131za k\u00f6t\u00fc ama\u00e7l\u0131 yaz\u0131l\u0131m bula\u015ft\u0131rma riski ta\u015f\u0131makla kalmaz, ayn\u0131 zamanda ki\u015fisel bilgileriniz i\u00e7in de tehdit olu\u015fturur. \u015e\u00fcpheli, sahte Snaptube uygulamalar\u0131n\u0131 uygulama ma\u011fazas\u0131na veya do\u011frudan bize bildirmek, bununla m\u00fccadele etmek i\u00e7in \u00e7ok \u00f6nemlidir. \u00d6zetle, cihaz\u0131n\u0131z\u0131 ve ki\u015fisel verilerinizi korumak i\u00e7in her zaman web sitemiz gibi g\u00fcvenilir kaynaklardan indirmeyi tercih edin ve sahte uygulamalar\u0131n belirtilerine kar\u015f\u0131 tetikte olun.<\/p>\n<p>[faq]<\/p>\n<p style=\"text-align: center;\">[link-3]<\/p>\n<div id=\"gtx-trans\" style=\"position: absolute; left: 672px; top: 183.109px;\">\n<div class=\"gtx-trans-icon\"><\/div>\n<\/div>\n","protected":false},"excerpt":{"rendered":"<p>[btn-1] [img-1] [link-1] [btn-2] [table] Snaptube nedir? Snaptube, pop\u00fcler sosyal medyadan ve YouTube, Facebook, TikTok, Instagram, DailyMotion ve WhatsApp gibi di\u011fer e\u011flenceli web sitelerinden videolar\u0131 zahmetsizce indiren bir Android uygulamas\u0131d\u0131r. Snaptube ayr\u0131ca kullan\u0131c\u0131lar\u0131n video dosyalar\u0131n\u0131 a\u015fa\u011f\u0131dakilere d\u00f6n\u00fc\u015ft\u00fcrmesine olanak tan\u0131r MP3 format\u0131nda kaydedebilir ve h\u0131zl\u0131 eri\u015fim i\u00e7in saklayabilirsiniz. Snaptube resmi olarak Kas\u0131m 2014&#8217;te piyasaya \u00e7\u0131kt\u0131 ve [&hellip;]<\/p>\n","protected":false},"author":1,"featured_media":0,"parent":0,"menu_order":0,"comment_status":"closed","ping_status":"closed","template":"","meta":{"_acf_changed":false,"site-sidebar-layout":"no-sidebar","site-content-layout":"plain-container","ast-site-content-layout":"normal-width-container","site-content-style":"unboxed","site-sidebar-style":"unboxed","ast-global-header-display":"","ast-banner-title-visibility":"","ast-main-header-display":"","ast-hfb-above-header-display":"","ast-hfb-below-header-display":"","ast-hfb-mobile-header-display":"","site-post-title":"","ast-breadcrumbs-content":"disabled","ast-featured-img":"disabled","footer-sml-layout":"","theme-transparent-header-meta":"default","adv-header-id-meta":"","stick-header-meta":"default","header-above-stick-meta":"","header-main-stick-meta":"","header-below-stick-meta":"","astra-migrate-meta-layouts":"set","ast-page-background-enabled":"default","ast-page-background-meta":{"desktop":{"background-color":"","background-image":"","background-repeat":"repeat","background-position":"center center","background-size":"auto","background-attachment":"scroll","background-type":"","background-media":"","overlay-type":"","overlay-color":"","overlay-opacity":"","overlay-gradient":""},"tablet":{"background-color":"","background-image":"","background-repeat":"repeat","background-position":"center center","background-size":"auto","background-attachment":"scroll","background-type":"","background-media":"","overlay-type":"","overlay-color":"","overlay-opacity":"","overlay-gradient":""},"mobile":{"background-color":"","background-image":"","background-repeat":"repeat","background-position":"center center","background-size":"auto","background-attachment":"scroll","background-type":"","background-media":"","overlay-type":"","overlay-color":"","overlay-opacity":"","overlay-gradient":""}},"ast-content-background-meta":{"desktop":{"background-color":"var(--ast-global-color-5)","background-image":"","background-repeat":"repeat","background-position":"center center","background-size":"auto","background-attachment":"scroll","background-type":"","background-media":"","overlay-type":"","overlay-color":"","overlay-opacity":"","overlay-gradient":""},"tablet":{"background-color":"var(--ast-global-color-5)","background-image":"","background-repeat":"repeat","background-position":"center center","background-size":"auto","background-attachment":"scroll","background-type":"","background-media":"","overlay-type":"","overlay-color":"","overlay-opacity":"","overlay-gradient":""},"mobile":{"background-color":"var(--ast-global-color-5)","background-image":"","background-repeat":"repeat","background-position":"center center","background-size":"auto","background-attachment":"scroll","background-type":"","background-media":"","overlay-type":"","overlay-color":"","overlay-opacity":"","overlay-gradient":""}},"footnotes":""},"class_list":["post-460","page","type-page","status-publish","hentry"],"acf":[],"_links":{"self":[{"href":"https:\/\/snaptubeappz.com\/tr\/wp-json\/wp\/v2\/pages\/460","targetHints":{"allow":["GET"]}}],"collection":[{"href":"https:\/\/snaptubeappz.com\/tr\/wp-json\/wp\/v2\/pages"}],"about":[{"href":"https:\/\/snaptubeappz.com\/tr\/wp-json\/wp\/v2\/types\/page"}],"author":[{"embeddable":true,"href":"https:\/\/snaptubeappz.com\/tr\/wp-json\/wp\/v2\/users\/1"}],"replies":[{"embeddable":true,"href":"https:\/\/snaptubeappz.com\/tr\/wp-json\/wp\/v2\/comments?post=460"}],"version-history":[{"count":6,"href":"https:\/\/snaptubeappz.com\/tr\/wp-json\/wp\/v2\/pages\/460\/revisions"}],"predecessor-version":[{"id":6012,"href":"https:\/\/snaptubeappz.com\/tr\/wp-json\/wp\/v2\/pages\/460\/revisions\/6012"}],"wp:attachment":[{"href":"https:\/\/snaptubeappz.com\/tr\/wp-json\/wp\/v2\/media?parent=460"}],"curies":[{"name":"wp","href":"https:\/\/api.w.org\/{rel}","templated":true}]}}