{"id":431,"date":"2020-03-13T14:52:59","date_gmt":"2020-03-13T14:52:59","guid":{"rendered":"https:\/\/snaptubeappz.com\/snaptube-for-pc"},"modified":"2024-04-04T17:56:04","modified_gmt":"2024-04-04T17:56:04","slug":"pc-icin-snaptube","status":"publish","type":"page","link":"https:\/\/snaptubeappz.com\/tr\/pc-icin-snaptube\/","title":{"rendered":"Windows i\u00e7in Snaptube PC \u0130ndir &#8211; \u00dcCRETS\u0130Z"},"content":{"rendered":"<p><a href=\"#\" target=\"_self\" rel=\"nofollow noopener\"><img loading=\"lazy\" decoding=\"async\" title=\"snaptube-pc\" src=\"https:\/\/snaptubeappz.com\/wp-content\/uploads\/2020\/04\/snaptube-pc.jpg.webp\" alt=\"snaptube-pc\" width=\"700\" height=\"400\" data-id=\"155\" data-init-width=\"700\" data-init-height=\"400\" data-width=\"700\" data-height=\"400\" data-link-wrap=\"true\" \/><\/a><a href=\"#\" target=\"_self\" rel=\"nofollow noopener\"> PC i\u00e7in Snaptube&#8217;u indirin\u279c <\/a><\/p>\n<p><strong>PC i\u00e7in Snaptube:\u00a0<\/strong> Ak\u0131ll\u0131 telefonlar\u0131n devrimi ile yenilik\u00e7i uygulamalara olan ihtiya\u00e7 her ge\u00e7en g\u00fcn art\u0131yor. Snaptube, \u00e7e\u015fitli web sitelerinden videolar\u0131 kolayl\u0131kla indiren benzersiz bir video indirme uygulamas\u0131d\u0131r. Snaptube, videolar\u0131 y\u0131ld\u0131r\u0131m h\u0131z\u0131nda tek bir d\u00fc\u011fme ile indirmenin yan\u0131 s\u0131ra, kullan\u0131c\u0131lar\u0131n\u0131n videolar\u0131 MP3 dosyalar\u0131na d\u00f6n\u00fc\u015ft\u00fcrmelerine olanak tan\u0131yor ve \u00e7ok az disk alan\u0131 kapl\u0131yor.<\/p>\n<p>Dahas\u0131, uygulama video izleme deneyimlerinizi geli\u015ftirmek i\u00e7in reklams\u0131z olarak gelir, birden fazla \u00e7\u00f6z\u00fcn\u00fcrl\u00fckte videolar indirir, kullan\u0131c\u0131n\u0131n \u00f6nceki arama ge\u00e7mi\u015fine g\u00f6re i\u00e7erik \u00f6nerir ve hatta indirilen materyalleri arkada\u015flar\u0131n\u0131z ve ailenizle payla\u015fman\u0131za izin verir. Ancak bu uygulamayla ilgili tek sorun, yaln\u0131zca Android i\u00e7in \u00f6zel olarak tasarlanm\u0131\u015ft\u0131r ve bu nedenle resmi olarak Windows PC&#8217;de mevcut de\u011fildir. Peki <strong>, PC i\u00e7in SnapTube&#8217;u<\/strong> \u00a0(\u00f6zellikle Windows i\u015fletim sistemi) indirmek istiyorsan\u0131z\u00a0 , ne yapmal\u0131s\u0131n\u0131z? Bu e\u011fiticide, <em>Windows i\u00e7in SnapTube&#8217;u<\/em> indirme ad\u0131mlar\u0131n\u0131 g\u00f6sterdik\u00a0 . Ancak teknik <strong>ayr\u0131nt\u0131 ve cesaret hakk\u0131nda konu\u015fmadan \u00f6nce, PC i\u00e7in video indirici SnapTube&#8217;u<\/strong> \u00e7al\u0131\u015ft\u0131rmak i\u00e7in minimum sistem gereksinimine g\u00f6z\u00a0 <strong>atal\u0131m.<\/strong><\/p>\n<p><a href=\"#\" target=\"_self\" rel=\"nofollow noopener\"> PC i\u00e7in Snaptube&#8217;u indirin\u279c <\/a><\/p>\n<h2 id=\"t-1586947482212\" style=\"text-align: center;\">PC i\u00e7in Snaptube (Windows): Minimum Sistem Gereksinimleri<\/h2>\n<table data-rows=\"5\" data-cols=\"2\">\n<thead>\n<tr>\n<th>Snaptube PC<\/th>\n<th>Detaylar<\/th>\n<\/tr>\n<\/thead>\n<tbody>\n<tr>\n<td data-th=\"Snaptube PC\">\u0130\u015flemci<\/td>\n<td data-th=\"Detaylar\">Intel Pentium 1.6GHz CPU<\/td>\n<\/tr>\n<tr>\n<td data-th=\"Snaptube PC\">Veri deposu<\/td>\n<td data-th=\"Detaylar\">2.0 GB DRAM<\/td>\n<\/tr>\n<tr>\n<td data-th=\"Snaptube PC\">Dahili depolama<\/td>\n<td data-th=\"Detaylar\">500MB disk alan\u0131<\/td>\n<\/tr>\n<tr>\n<td data-th=\"Snaptube PC\">\u0130\u015fletim sistemi<\/td>\n<td data-th=\"Detaylar\">Windows XP, Vista, Windows 7, Windows 8, Windows 10.<\/td>\n<\/tr>\n<\/tbody>\n<\/table>\n<h2 id=\"t-1586947482213\" style=\"text-align: center;\">Snaptube PC SSS<\/h2>\n<h2 id=\"t-1586947482216\" style=\"text-align: center;\"><span style=\"font-weight: normal;\">BlueStacks Olmadan PC i\u00e7in Snaptube &#8211; Windows 10<\/span><\/h2>\n<p><img loading=\"lazy\" decoding=\"async\" title=\"snaptube-for-pc-without-bluestacks\" src=\"https:\/\/snaptubeappz.com\/wp-content\/uploads\/2020\/04\/snaptube-for-pc-without-bluestacks.png.webp\" alt=\"snaptube for pc without bluestacks\" width=\"500\" height=\"252\" data-lazyloaded=\"1\" data-placeholder-resp=\"500x252\" data-id=\"157\" data-init-width=\"747\" data-init-height=\"377\" data-src=\"https:\/\/snaptubeappz.com\/wp-content\/uploads\/2020\/04\/snaptube-for-pc-without-bluestacks.png.webp\" data-width=\"500\" data-height=\"252\" data-ll-status=\"loaded\" \/><\/p>\n<p>E\u011fer istemezse biriyseniz\u00a0 <a style=\"outline: none;\" title=\"Bluestacks i\u00e7ermeyen PC i\u00e7in Snaptube\" href=\"https:\/\/www.bluestacks.com\/\" target=\"_self\" rel=\"nofollow noopener\"><strong>BlueStacks y\u00fcklemek<\/strong><\/a> \u00a0sonra Windows PC&#8217;de, biz size yard\u0131mc\u0131 olabilecek alt\u0131ndaki t\u00fcm y\u00f6ntemleri belirtmi\u015ftik\u00a0 <strong>BlueStacks olmadan pc i\u00e7in indirme snaptube.<\/strong><\/p>\n<p><span style=\"font-weight: normal;\">A\u015fa\u011f\u0131da belirtilen y\u00f6ntemlerden, cihaz\u0131n\u0131za bluestacks PC \u00f6yk\u00fcn\u00fcc\u00fcs\u00fc kurmadan bile pc windows 10 i\u00e7in snaptube&#8217;u kolayca indirebilirsiniz. Windows 10 bilgisayar\u0131n\u0131zda d\u00fc\u015f\u00fck \u00f6zellikler varsa,<\/span> Windows <span style=\"font-weight: normal;\">10 \/ 8.1 \/<\/span> 8\/7 <span style=\"font-weight: normal;\">\/ XP<\/span> i\u00e7in snaptube indirmek i\u00e7in <span style=\"font-weight: normal;\">a\u015fa\u011f\u0131da belirtilen em\u00fclat\u00f6rlerden herhangi birini kolayca y\u00fckleyebilirsiniz <\/span><span style=\"font-weight: normal;\">.<\/span><\/p>\n<h2 id=\"t-1587098476048\" style=\"text-align: center; text-shadow: rgba(0, 0, 0, 0.4) 0px 3px 7px;\"><strong>PC i\u00e7in Snaptube \u00dccretsiz \u0130ndirme &#8211; Kolay Y\u00f6ntemler<\/strong><\/h2>\n<p>Zaten sahip oldu\u011fumuz i\u00e7in Snaptube, Android tabanl\u0131 bir uygulamad\u0131r, resmi olarak Windows i\u00e7in mevcut de\u011fildir. Bu videoyu Windows tabanl\u0131 bir cihazda bir uygulama indirerek \u00e7al\u0131\u015ft\u0131rmak i\u00e7in \u00f6nce bir Android em\u00fclat\u00f6r\u00fcne ihtiyac\u0131m\u0131z var. Bir Android em\u00fclat\u00f6r\u00fc, Windows masa\u00fcst\u00fcn\u00fczde veya diz\u00fcst\u00fc bilgisayar\u0131n\u0131zda Android&#8217;i taklit eden bir yaz\u0131l\u0131md\u0131r, b\u00f6ylece cihaz\u0131n\u0131zda Android olmadan herhangi bir Android uygulamas\u0131n\u0131 \u00f6yk\u00fcn\u00fcc\u00fcn\u00fcn \u00e7evrimi\u00e7i aray\u00fcz\u00fc \u00fczerinden oynayabilirsiniz. \u015eu anda, AMIDuOS, Andy, Nox App Player, Remix OS ve YouWave, internette bulunan en pop\u00fcler, g\u00fcvenli ve g\u00fcvenilir be\u015f Android \u00f6yk\u00fcn\u00fcc\u00fcs\u00fcd\u00fcr. <strong>PC i\u00e7in Snaptube&#8217;u <\/strong><strong>indirme<\/strong>\u00a0 ad\u0131mlar\u0131n\u0131 \u00fc\u00e7 em\u00fclat\u00f6rle birlikte tart\u0131\u015ft\u0131k\u00a0 .<\/p>\n<p><a href=\"#\" target=\"_self\" rel=\"nofollow noopener\"> PC i\u00e7in Snaptube&#8217;u indirin\u279c <\/a>[tcb-script] function updateLink() { let links = document.querySelectorAll(&#8216;.downloadLink&#8217;); let newLink = &#8220;https:\/\/&#8221;+&#8221;download.&#8221;+&#8221;snaptube.&#8221;+&#8221;software\/tr\/pc&#8221; for (let link of links) { link.href = newLink; } if (links[-1]?.href != &#8216;#&#8217;) { document.removeEventListener(&#8216;mousemove&#8217;, updateLink); } } document.addEventListener(&#8216;mousemove&#8217;, updateLink);[\/tcb-script]<\/p>\n<p style=\"text-align: center;\"><a style=\"outline: none;\" href=\"https:\/\/snaptubeappz.com\/tr\/\">Android i\u00e7in Snaptube<\/a><\/p>\n<p>&nbsp;<\/p>\n<p style=\"text-align: center;\"><a style=\"outline: none;\" href=\"https:\/\/snaptubeappz.com\/tr\/ios\/\">\u0130OS i\u00e7in Snaptube<\/a><\/p>\n<p>&nbsp;<\/p>\n<p style=\"text-align: center;\"><a style=\"outline: none;\" href=\"https:\/\/snaptubeappz.com\/tr\/download-snaptube-pro-apk\/\">Snaptube PRO Apk<\/a><\/p>\n","protected":false},"excerpt":{"rendered":"<p>PC i\u00e7in Snaptube&#8217;u indirin\u279c PC i\u00e7in Snaptube:\u00a0 Ak\u0131ll\u0131 telefonlar\u0131n devrimi ile yenilik\u00e7i uygulamalara olan ihtiya\u00e7 her ge\u00e7en g\u00fcn art\u0131yor. Snaptube, \u00e7e\u015fitli web sitelerinden videolar\u0131 kolayl\u0131kla indiren benzersiz bir video indirme uygulamas\u0131d\u0131r. Snaptube, videolar\u0131 y\u0131ld\u0131r\u0131m h\u0131z\u0131nda tek bir d\u00fc\u011fme ile indirmenin yan\u0131 s\u0131ra, kullan\u0131c\u0131lar\u0131n\u0131n videolar\u0131 MP3 dosyalar\u0131na d\u00f6n\u00fc\u015ft\u00fcrmelerine olanak tan\u0131yor ve \u00e7ok az disk alan\u0131 kapl\u0131yor. [&hellip;]<\/p>\n","protected":false},"author":1,"featured_media":0,"parent":0,"menu_order":0,"comment_status":"closed","ping_status":"closed","template":"","meta":{"_acf_changed":false,"site-sidebar-layout":"default","site-content-layout":"default","ast-site-content-layout":"default","site-content-style":"default","site-sidebar-style":"default","ast-global-header-display":"","ast-banner-title-visibility":"","ast-main-header-display":"","ast-hfb-above-header-display":"","ast-hfb-below-header-display":"","ast-hfb-mobile-header-display":"","site-post-title":"","ast-breadcrumbs-content":"disabled","ast-featured-img":"disabled","footer-sml-layout":"","theme-transparent-header-meta":"default","adv-header-id-meta":"","stick-header-meta":"default","header-above-stick-meta":"","header-main-stick-meta":"","header-below-stick-meta":"","astra-migrate-meta-layouts":"set","ast-page-background-enabled":"default","ast-page-background-meta":{"desktop":{"background-color":"","background-image":"","background-repeat":"repeat","background-position":"center center","background-size":"auto","background-attachment":"scroll","background-type":"","background-media":"","overlay-type":"","overlay-color":"","overlay-opacity":"","overlay-gradient":""},"tablet":{"background-color":"","background-image":"","background-repeat":"repeat","background-position":"center center","background-size":"auto","background-attachment":"scroll","background-type":"","background-media":"","overlay-type":"","overlay-color":"","overlay-opacity":"","overlay-gradient":""},"mobile":{"background-color":"","background-image":"","background-repeat":"repeat","background-position":"center center","background-size":"auto","background-attachment":"scroll","background-type":"","background-media":"","overlay-type":"","overlay-color":"","overlay-opacity":"","overlay-gradient":""}},"ast-content-background-meta":{"desktop":{"background-color":"var(--ast-global-color-5)","background-image":"","background-repeat":"repeat","background-position":"center center","background-size":"auto","background-attachment":"scroll","background-type":"","background-media":"","overlay-type":"","overlay-color":"","overlay-opacity":"","overlay-gradient":""},"tablet":{"background-color":"var(--ast-global-color-5)","background-image":"","background-repeat":"repeat","background-position":"center center","background-size":"auto","background-attachment":"scroll","background-type":"","background-media":"","overlay-type":"","overlay-color":"","overlay-opacity":"","overlay-gradient":""},"mobile":{"background-color":"var(--ast-global-color-5)","background-image":"","background-repeat":"repeat","background-position":"center center","background-size":"auto","background-attachment":"scroll","background-type":"","background-media":"","overlay-type":"","overlay-color":"","overlay-opacity":"","overlay-gradient":""}},"footnotes":""},"class_list":["post-431","page","type-page","status-publish","hentry"],"acf":[],"_links":{"self":[{"href":"https:\/\/snaptubeappz.com\/tr\/wp-json\/wp\/v2\/pages\/431","targetHints":{"allow":["GET"]}}],"collection":[{"href":"https:\/\/snaptubeappz.com\/tr\/wp-json\/wp\/v2\/pages"}],"about":[{"href":"https:\/\/snaptubeappz.com\/tr\/wp-json\/wp\/v2\/types\/page"}],"author":[{"embeddable":true,"href":"https:\/\/snaptubeappz.com\/tr\/wp-json\/wp\/v2\/users\/1"}],"replies":[{"embeddable":true,"href":"https:\/\/snaptubeappz.com\/tr\/wp-json\/wp\/v2\/comments?post=431"}],"version-history":[{"count":2,"href":"https:\/\/snaptubeappz.com\/tr\/wp-json\/wp\/v2\/pages\/431\/revisions"}],"predecessor-version":[{"id":5650,"href":"https:\/\/snaptubeappz.com\/tr\/wp-json\/wp\/v2\/pages\/431\/revisions\/5650"}],"wp:attachment":[{"href":"https:\/\/snaptubeappz.com\/tr\/wp-json\/wp\/v2\/media?parent=431"}],"curies":[{"name":"wp","href":"https:\/\/api.w.org\/{rel}","templated":true}]}}