{"id":3356,"date":"2020-03-13T03:29:37","date_gmt":"2020-03-13T03:29:37","guid":{"rendered":"https:\/\/snaptubeappz.com\/privacy-policy\/"},"modified":"2023-02-26T06:21:00","modified_gmt":"2023-02-26T06:21:00","slug":"privacy-policy","status":"publish","type":"page","link":"https:\/\/snaptubeappz.com\/tr\/privacy-policy\/","title":{"rendered":"Gizlilik Politikas\u0131"},"content":{"rendered":"<p>Ho\u015fgeldiniz <a href=\"https:\/\/snaptubeappz.com\/tr\/\">https:\/\/snaptubeappz.com\/tr\/<\/a> (\u201cSite\u201d). \u00c7evrimi\u00e7i gizlili\u011fin, \u00f6zellikle i\u015f yaparken Sitemizin kullan\u0131c\u0131lar\u0131 i\u00e7in \u00f6nemli oldu\u011funu anl\u0131yoruz. Bu beyan, i\u015f yapmadan ziyaret eden Site kullan\u0131c\u0131lar\u0131 (&#8220;Ziyaret\u00e7iler&#8221;) ve Sitede ticari i\u015flem yapmak i\u00e7in kaydolan ve Snaptube Appz taraf\u0131ndan sunulan \u00e7e\u015fitli hizmetlerden (topluca &#8220;Hizmetler&#8221; olarak an\u0131lacakt\u0131r) yararlanan Ziyaret\u00e7iler ile ilgili gizlilik politikalar\u0131m\u0131z\u0131 y\u00f6netir. \u201d) (\u201cYetkili M\u00fc\u015fteriler\u201d).<\/p>\n<p><b>\u201cKi\u015fisel olarak tan\u0131mlanabilir bilgiler\u201d<\/b><\/p>\n<p>isim, adres, telefon numaras\u0131, faks numaras\u0131, e-posta adresi, finansal profiller, sosyal g\u00fcvenlik dahil ancak bunlarla s\u0131n\u0131rl\u0131 olmamak \u00fczere, bu t\u00fcr bilgilerin ait oldu\u011fu ki\u015fiyi tan\u0131mlayan veya bu t\u00fcr bilgilerin ait oldu\u011fu ki\u015fiyi tan\u0131mlamak, ileti\u015fim kurmak veya bulmak i\u00e7in kullan\u0131labilecek herhangi bir bilgiyi ifade eder. numaras\u0131 ve kredi kart\u0131 bilgileri. Ki\u015fisel olarak Tan\u0131mlanabilir Bilgiler, anonim olarak toplanan bilgileri (yani, bireysel kullan\u0131c\u0131n\u0131n kimli\u011fi olmadan) veya tan\u0131mlanm\u0131\u015f bir bireye ba\u011fl\u0131 olmayan demografik bilgileri i\u00e7ermez.<\/p>\n<p><b>Hangi Ki\u015fisel Olarak Tan\u0131mlanabilir Bilgiler toplan\u0131r?<\/b><\/p>\n<p>T\u00fcm Ziyaret\u00e7ilerimizden temel kullan\u0131c\u0131 profili bilgilerini toplayabiliriz. Yetkili M\u00fc\u015fterilerimizden \u015fu ek bilgileri topluyoruz: Yetkili M\u00fc\u015fterilerin adlar\u0131, adresleri, telefon numaralar\u0131 ve e-posta adresleri, i\u015fin niteli\u011fi ve b\u00fcy\u00fckl\u00fc\u011f\u00fc ve Yetkili M\u00fc\u015fterinin sat\u0131n almay\u0131 veya sat\u0131n almay\u0131 planlad\u0131\u011f\u0131 reklam envanterinin niteli\u011fi ve boyutu. satmak.<\/p>\n<p><b>Bilgileri hangi kurulu\u015flar topluyor?<\/b><\/p>\n<p>Do\u011frudan bilgi toplamam\u0131za ek olarak, kredi, sigorta ve emanet hizmetleri gibi hizmetler sunabilen \u00fc\u00e7\u00fcnc\u00fc taraf hizmet sa\u011flay\u0131c\u0131lar\u0131m\u0131z (kredi kart\u0131 \u015firketleri, takas odalar\u0131 ve bankalar gibi) bu bilgileri Ziyaret\u00e7ilerimizden ve Yetkili M\u00fc\u015fterilerimizden toplayabilir. Bu \u00fc\u00e7\u00fcnc\u00fc taraflar\u0131n bu t\u00fcr bilgileri nas\u0131l kulland\u0131klar\u0131n\u0131 kontrol etmiyoruz, ancak Ziyaret\u00e7ilerden ve Yetkili M\u00fc\u015fterilerden kendilerine sa\u011flanan ki\u015fisel bilgileri nas\u0131l kulland\u0131klar\u0131n\u0131 a\u00e7\u0131klamalar\u0131n\u0131 istiyoruz. Bu \u00fc\u00e7\u00fcnc\u00fc taraflardan baz\u0131lar\u0131, yaln\u0131zca da\u011f\u0131t\u0131m zincirinin halkalar\u0131 olarak hareket eden ve kendilerine verilen bilgileri saklamayan, saklamayan veya kullanmayan arac\u0131lar olabilir.<\/p>\n<p><b>Site, Ki\u015fisel Olarak Tan\u0131mlanabilir Bilgileri nas\u0131l kullan\u0131r?<\/b><\/p>\n<p>Ki\u015fisel Olarak Tan\u0131mlanabilir Bilgileri, Siteyi \u00f6zelle\u015ftirmek, uygun hizmet teklifleri yapmak ve Sitede al\u0131m sat\u0131m taleplerini yerine getirmek i\u00e7in kullan\u0131r\u0131z. Ziyaret\u00e7ilere ve Yetkili M\u00fc\u015fterilere, Site&#8217;deki ara\u015ft\u0131rma veya sat\u0131n alma ve sat\u0131\u015f f\u0131rsatlar\u0131 veya Site&#8217;nin konusu ile ilgili bilgiler hakk\u0131nda e-posta g\u00f6nderebiliriz. Ki\u015fisel Olarak Tan\u0131mlanabilir Bilgileri, belirli sorulara yan\u0131t olarak Ziyaret\u00e7iler ve Yetkili M\u00fc\u015fterilerle ileti\u015fim kurmak veya istenen bilgileri sa\u011flamak i\u00e7in de kullanabiliriz.<\/p>\n<p><b>Bilgiler kimlerle payla\u015f\u0131labilir?<\/b><\/p>\n<p>Yetkili M\u00fc\u015fteriler ile ilgili Ki\u015fisel Olarak Tan\u0131mlanabilir Bilgiler, di\u011fer Yetkili M\u00fc\u015fteriler ile olas\u0131 i\u015flemleri de\u011ferlendirmek isteyen di\u011fer Yetkili M\u00fc\u015fteriler ile payla\u015f\u0131labilir. Ziyaret\u00e7ilerimizin ve Yetkili M\u00fc\u015fterilerimizin demografik bilgileri dahil olmak \u00fczere, Ziyaret\u00e7ilerimiz hakk\u0131nda toplu bilgileri ba\u011fl\u0131 acentelerimiz ve \u00fc\u00e7\u00fcnc\u00fc taraf sat\u0131c\u0131larla payla\u015fabiliriz. Ayr\u0131ca bilgi almaktan veya bizim taraf\u0131m\u0131zdan veya bizim ad\u0131m\u0131za hareket eden herhangi bir kurum taraf\u0131ndan sizinle ileti\u015fime ge\u00e7ilmesinden &#8220;vazge\u00e7me&#8221; f\u0131rsat\u0131 sunuyoruz.<\/p>\n<p><b>Ki\u015fisel Olarak Tan\u0131mlanabilir Bilgiler nas\u0131l saklan\u0131r?<\/b><\/p>\n<p>Snaptube Appz taraf\u0131ndan toplanan Ki\u015fisel Olarak Tan\u0131mlanabilir Bilgiler g\u00fcvenli bir \u015fekilde saklan\u0131r ve yukar\u0131da belirtilen kullan\u0131m d\u0131\u015f\u0131nda \u00fc\u00e7\u00fcnc\u00fc \u015fah\u0131slar veya Snaptube Appz \u00e7al\u0131\u015fanlar\u0131 taraf\u0131ndan eri\u015filemez.<\/p>\n<p>Bilgilerin toplanmas\u0131, kullan\u0131lmas\u0131 ve da\u011f\u0131t\u0131lmas\u0131yla ilgili olarak Ziyaret\u00e7iler i\u00e7in hangi se\u00e7enekler mevcuttur?<\/p>\n<p>Ziyaret\u00e7iler ve Yetkili M\u00fc\u015fteriler, talimat verildi\u011fi \u015fekilde e-postalara yan\u0131t vererek veya bizimle ileti\u015fime ge\u00e7erek bizden ve\/veya sat\u0131c\u0131lar\u0131m\u0131zdan ve ba\u011fl\u0131 acentelerimizden istenmeyen bilgiler almaktan veya onlar taraf\u0131ndan ileti\u015fime ge\u00e7ilmekten vazge\u00e7ebilirler.<\/p>\n<p><b>Sitede \u00c7erez Kullan\u0131l\u0131yor mu?<\/b><\/p>\n<p>\u00c7erezler \u00e7e\u015fitli nedenlerle kullan\u0131lmaktad\u0131r. \u00c7erezleri, Ziyaret\u00e7ilerimizin tercihleri \u200b\u200bve se\u00e7tikleri hizmetler hakk\u0131nda bilgi almak i\u00e7in kullan\u0131yoruz. \u00c7erezleri, Yetkili M\u00fc\u015fterilerimizi korumak i\u00e7in g\u00fcvenlik amac\u0131yla da kullan\u0131r\u0131z. \u00d6rne\u011fin, bir Yetkili M\u00fc\u015fterinin oturum a\u00e7mas\u0131 ve sitenin 10 dakikadan fazla kullan\u0131lmamas\u0131 durumunda, Yetkili M\u00fc\u015fterinin oturumu otomatik olarak kapat\u0131l\u0131r.<\/p>\n<p><b>Snaptube Appz oturum a\u00e7ma bilgilerini nas\u0131l kullan\u0131r?<\/b><\/p>\n<p>Snaptube Appz, e\u011filimleri analiz etmek, Siteyi y\u00f6netmek, bir kullan\u0131c\u0131n\u0131n hareketini ve kullan\u0131m\u0131n\u0131 izlemek ve geni\u015f demografik bilgiler toplamak i\u00e7in IP adresleri, ISP&#8217;ler ve taray\u0131c\u0131 t\u00fcrleri dahil ancak bunlarla s\u0131n\u0131rl\u0131 olmamak \u00fczere oturum a\u00e7ma bilgilerini kullan\u0131r.<\/p>\n<p>Hangi ortaklar veya hizmet sa\u011flay\u0131c\u0131lar, Sitedeki Ziyaret\u00e7ilerden ve\/veya Yetkili M\u00fc\u015fterilerden Ki\u015fisel Olarak Tan\u0131mlanabilir Bilgilere eri\u015febilir?<\/p>\n<p>Snaptube Appz, bir dizi sat\u0131c\u0131yla ortakl\u0131klar ve di\u011fer \u00fcyelikler akdetmi\u015ftir ve girmeye devam edecektir. Bu sat\u0131c\u0131lar, Yetkili M\u00fc\u015fterilerin hizmet uygunlu\u011fu a\u00e7\u0131s\u0131ndan de\u011ferlendirilmesi i\u00e7in bilmesi gereken belirli Ki\u015fisel Olarak Tan\u0131mlanabilir Bilgilere eri\u015febilir. Gizlilik politikam\u0131z, onlar\u0131n bu bilgileri toplamas\u0131n\u0131 veya kullanmas\u0131n\u0131 kapsamaz. Yasalara uymak i\u00e7in Ki\u015fisel Olarak Tan\u0131mlanabilir Bilgilerin A\u00e7\u0131klanmas\u0131. Ki\u015fisel Olarak Tan\u0131mlanabilir Bilgileri, bir mahkeme emrine veya mahkeme celbine veya bir kolluk kuvvetinin bilgi verme talebine uymak i\u00e7in if\u015fa edece\u011fiz. Ziyaret\u00e7ilerimizin ve Yetkili M\u00fc\u015fterilerimizin g\u00fcvenli\u011fini korumak i\u00e7in makul \u00f6l\u00e7\u00fcde gerekli oldu\u011funda Ki\u015fisel Olarak Tan\u0131mlanabilir Bilgileri de if\u015fa edece\u011fiz.<\/p>\n<p><b>Site, Ki\u015fisel Olarak Tan\u0131mlanabilir Bilgileri nas\u0131l g\u00fcvende tutar?<\/b><\/p>\n<p>T\u00fcm \u00e7al\u0131\u015fanlar\u0131m\u0131z g\u00fcvenlik politikam\u0131za ve uygulamalar\u0131m\u0131za a\u015finad\u0131r. Ziyaret\u00e7ilerimizin ve Yetkili M\u00fc\u015fterilerimizin Ki\u015fisel Olarak Tan\u0131mlanabilir Bilgilerine, yaln\u0131zca, bilgilere eri\u015fim sa\u011flamak i\u00e7in \u015fifre verilen s\u0131n\u0131rl\u0131 say\u0131da nitelikli \u00e7al\u0131\u015fan\u0131m\u0131z eri\u015febilir. G\u00fcvenlik sistemlerimizi ve s\u00fcre\u00e7lerimizi d\u00fczenli olarak denetleriz. Kredi kart\u0131 numaralar\u0131 veya sosyal g\u00fcvenlik numaralar\u0131 gibi hassas bilgiler, \u0130nternet \u00fczerinden g\u00f6nderilen bilgileri korumak i\u00e7in \u015fifreleme protokolleriyle korunur. G\u00fcvenli bir siteyi s\u00fcrd\u00fcrmek i\u00e7in ticari olarak makul \u00f6nlemler al\u0131rken, elektronik ileti\u015fimler ve veritabanlar\u0131 hatalara, kurcalamaya ve izinsiz giri\u015flere tabidir ve bu t\u00fcr olaylar\u0131n ger\u00e7ekle\u015fmeyece\u011fini garanti edemeyiz ve Ziyaret\u00e7ilere kar\u015f\u0131 sorumlu olmayaca\u011f\u0131z veya Bu t\u00fcr olaylar i\u00e7in Yetkili M\u00fc\u015fteriler.<\/p>\n<p><b>Ziyaret\u00e7iler, Ki\u015fisel Olarak Tan\u0131mlanabilir Bilgilerdeki herhangi bir yanl\u0131\u015fl\u0131\u011f\u0131 nas\u0131l d\u00fczeltebilir?<\/b><\/p>\n<p>Ziyaret\u00e7iler ve Yetkili M\u00fc\u015fteriler, apksnaptubeinfo@gmail.com adresinden bize e-posta g\u00f6ndererek kendileri hakk\u0131nda Ki\u015fisel Olarak Tan\u0131mlanabilir Bilgileri g\u00fcncellemek veya herhangi bir yanl\u0131\u015fl\u0131\u011f\u0131 d\u00fczeltmek i\u00e7in bizimle ileti\u015fime ge\u00e7ebilirler.<\/p>\n<p><b>Bir Ziyaret\u00e7i, Site taraf\u0131ndan toplanan Ki\u015fisel Olarak Tan\u0131mlanabilir Bilgileri silebilir veya devre d\u0131\u015f\u0131 b\u0131rakabilir mi?<\/b><\/p>\n<p>Ziyaret\u00e7ilere ve Yetkili M\u00fc\u015fterilere, ile ileti\u015fime ge\u00e7erek Ki\u015fisel Olarak Tan\u0131mlanabilir Bilgileri Sitenin veritaban\u0131ndan silmek\/devre d\u0131\u015f\u0131 b\u0131rakmak i\u00e7in bir mekanizma sa\u011fl\u0131yoruz. Bununla birlikte, yedeklemeler ve silme kay\u0131tlar\u0131 nedeniyle, bir Ziyaret\u00e7inin giri\u015fini, baz\u0131 art\u0131k bilgileri tutmadan silmek imkans\u0131z olabilir. Ki\u015fisel Olarak Tan\u0131mlanabilir Bilgilerin devre d\u0131\u015f\u0131 b\u0131rak\u0131lmas\u0131n\u0131 talep eden bir ki\u015fi, bu bilgileri i\u015flevsel olarak silinecek ve bu ki\u015fiyle ilgili Ki\u015fisel Olarak Tan\u0131mlanabilir Bilgileri ileriye d\u00f6n\u00fck hi\u00e7bir \u015fekilde satmayaca\u011f\u0131z, aktarmayaca\u011f\u0131z veya kullanmayaca\u011f\u0131z.<\/p>\n<p><b>Gizlilik Politikas\u0131 De\u011fi\u015firse ne olur?<\/b><\/p>\n<p>Gizlilik politikam\u0131zdaki de\u011fi\u015fiklikleri Site&#8217;de yay\u0131nlayarak Ziyaret\u00e7ilerimizi ve Yetkili M\u00fc\u015fterilerimizi bilgilendirece\u011fiz. Bununla birlikte, gizlilik politikam\u0131z\u0131, bir Ziyaret\u00e7inin veya Yetkili M\u00fc\u015fterinin daha \u00f6nce a\u00e7\u0131klanmamas\u0131n\u0131 talep etti\u011fi Ki\u015fisel Olarak Tan\u0131mlanabilir Bilgilerin if\u015fa edilmesine neden olacak \u015fekilde de\u011fi\u015ftirirsek, s\u00f6z konusu Ziyaret\u00e7i veya Yetkili M\u00fc\u015fterinin engellemesine izin vermek i\u00e7in bu Ziyaret\u00e7i veya Yetkili M\u00fc\u015fteri ile ileti\u015fime ge\u00e7ece\u011fiz. b\u00f6yle bir if\u015fa.<\/p>\n<p><b>Ba\u011flant\u0131lar:<\/b><\/p>\n<p>https:\/\/snaptubeappz.com di\u011fer web sitelerine ba\u011flant\u0131lar i\u00e7erir. L\u00fctfen bu ba\u011flant\u0131lardan birine t\u0131klad\u0131\u011f\u0131n\u0131zda ba\u015fka bir web sitesine ge\u00e7ti\u011finizi unutmay\u0131n. Gizlilik politikalar\u0131 bizimkinden farkl\u0131 olabilece\u011finden, bu ba\u011flant\u0131l\u0131 sitelerin gizlilik bildirimlerini okuman\u0131z\u0131 \u00f6neririz.<\/p>\n","protected":false},"excerpt":{"rendered":"<p>Ho\u015fgeldiniz https:\/\/snaptubeappz.com\/tr\/ (\u201cSite\u201d). \u00c7evrimi\u00e7i gizlili\u011fin, \u00f6zellikle i\u015f yaparken Sitemizin kullan\u0131c\u0131lar\u0131 i\u00e7in \u00f6nemli oldu\u011funu anl\u0131yoruz. Bu beyan, i\u015f yapmadan ziyaret eden Site kullan\u0131c\u0131lar\u0131 (&#8220;Ziyaret\u00e7iler&#8221;) ve Sitede ticari i\u015flem yapmak i\u00e7in kaydolan ve Snaptube Appz taraf\u0131ndan sunulan \u00e7e\u015fitli hizmetlerden (topluca &#8220;Hizmetler&#8221; olarak an\u0131lacakt\u0131r) yararlanan Ziyaret\u00e7iler ile ilgili gizlilik politikalar\u0131m\u0131z\u0131 y\u00f6netir. \u201d) (\u201cYetkili M\u00fc\u015fteriler\u201d). \u201cKi\u015fisel olarak tan\u0131mlanabilir bilgiler\u201d [&hellip;]<\/p>\n","protected":false},"author":1,"featured_media":0,"parent":0,"menu_order":0,"comment_status":"closed","ping_status":"open","template":"","meta":{"_acf_changed":false,"site-sidebar-layout":"default","site-content-layout":"default","ast-site-content-layout":"","site-content-style":"default","site-sidebar-style":"default","ast-global-header-display":"","ast-banner-title-visibility":"","ast-main-header-display":"","ast-hfb-above-header-display":"","ast-hfb-below-header-display":"","ast-hfb-mobile-header-display":"","site-post-title":"","ast-breadcrumbs-content":"","ast-featured-img":"","footer-sml-layout":"","theme-transparent-header-meta":"default","adv-header-id-meta":"","stick-header-meta":"default","header-above-stick-meta":"","header-main-stick-meta":"","header-below-stick-meta":"","astra-migrate-meta-layouts":"default","ast-page-background-enabled":"default","ast-page-background-meta":{"desktop":{"background-color":"","background-image":"","background-repeat":"repeat","background-position":"center center","background-size":"auto","background-attachment":"scroll","background-type":"","background-media":"","overlay-type":"","overlay-color":"","overlay-opacity":"","overlay-gradient":""},"tablet":{"background-color":"","background-image":"","background-repeat":"repeat","background-position":"center center","background-size":"auto","background-attachment":"scroll","background-type":"","background-media":"","overlay-type":"","overlay-color":"","overlay-opacity":"","overlay-gradient":""},"mobile":{"background-color":"","background-image":"","background-repeat":"repeat","background-position":"center center","background-size":"auto","background-attachment":"scroll","background-type":"","background-media":"","overlay-type":"","overlay-color":"","overlay-opacity":"","overlay-gradient":""}},"ast-content-background-meta":{"desktop":{"background-color":"var(--ast-global-color-5)","background-image":"","background-repeat":"repeat","background-position":"center center","background-size":"auto","background-attachment":"scroll","background-type":"","background-media":"","overlay-type":"","overlay-color":"","overlay-opacity":"","overlay-gradient":""},"tablet":{"background-color":"var(--ast-global-color-5)","background-image":"","background-repeat":"repeat","background-position":"center center","background-size":"auto","background-attachment":"scroll","background-type":"","background-media":"","overlay-type":"","overlay-color":"","overlay-opacity":"","overlay-gradient":""},"mobile":{"background-color":"var(--ast-global-color-5)","background-image":"","background-repeat":"repeat","background-position":"center center","background-size":"auto","background-attachment":"scroll","background-type":"","background-media":"","overlay-type":"","overlay-color":"","overlay-opacity":"","overlay-gradient":""}},"footnotes":""},"class_list":["post-3356","page","type-page","status-publish","hentry"],"acf":[],"_links":{"self":[{"href":"https:\/\/snaptubeappz.com\/tr\/wp-json\/wp\/v2\/pages\/3356","targetHints":{"allow":["GET"]}}],"collection":[{"href":"https:\/\/snaptubeappz.com\/tr\/wp-json\/wp\/v2\/pages"}],"about":[{"href":"https:\/\/snaptubeappz.com\/tr\/wp-json\/wp\/v2\/types\/page"}],"author":[{"embeddable":true,"href":"https:\/\/snaptubeappz.com\/tr\/wp-json\/wp\/v2\/users\/1"}],"replies":[{"embeddable":true,"href":"https:\/\/snaptubeappz.com\/tr\/wp-json\/wp\/v2\/comments?post=3356"}],"version-history":[{"count":0,"href":"https:\/\/snaptubeappz.com\/tr\/wp-json\/wp\/v2\/pages\/3356\/revisions"}],"wp:attachment":[{"href":"https:\/\/snaptubeappz.com\/tr\/wp-json\/wp\/v2\/media?parent=3356"}],"curies":[{"name":"wp","href":"https:\/\/api.w.org\/{rel}","templated":true}]}}