{"id":3293,"date":"2020-03-13T13:43:28","date_gmt":"2020-03-13T13:43:28","guid":{"rendered":"https:\/\/snaptubeappz.com\/terms-of-use\/"},"modified":"2023-02-25T18:20:06","modified_gmt":"2023-02-25T18:20:06","slug":"terms-of-use","status":"publish","type":"page","link":"https:\/\/snaptubeappz.com\/tr\/terms-of-use\/","title":{"rendered":"Kullan\u0131m \u015eartlar\u0131"},"content":{"rendered":"<p><a href=\"https:\/\/snaptubeappz.com\/tr\/\">https:\/\/snaptubeappz.com\/tr\/<\/a> adresine ho\u015f geldiniz! Android uygulamalar\u0131m\u0131za g\u00f6sterdi\u011finiz ilgi i\u00e7in te\u015fekk\u00fcr ederiz. Web sitemizi kullanmadan veya herhangi bir uygulamay\u0131 indirmeden \u00f6nce l\u00fctfen a\u015fa\u011f\u0131daki Kullan\u0131m Ko\u015fullar\u0131n\u0131 dikkatlice okuyun. Web sitemize eri\u015ferek veya sitemizi kullanarak ya da herhangi bir uygulamay\u0131 indirerek, bu Kullan\u0131m Ko\u015fullar\u0131n\u0131 kabul etmi\u015f olursunuz.<\/p>\n<ol>\n<li><strong>Uygunluk<\/strong>: Web sitemizi kullanmak ve uygulamalar\u0131m\u0131z\u0131 indirmek i\u00e7in en az 18 ya\u015f\u0131nda olmal\u0131s\u0131n\u0131z. Web sitemizi kullanarak ve uygulamalar\u0131m\u0131z\u0131 indirerek, 18 ya\u015f\u0131nda veya daha b\u00fcy\u00fck oldu\u011funuzu beyan edersiniz.<\/li>\n<li><strong>Fikri M\u00fclkiyet<\/strong>: snaptubeappz.com&#8217;daki metin, grafik, logo, ikon, resim, ses ve video klip, yaz\u0131l\u0131m ve kod dahil ancak bunlarla s\u0131n\u0131rl\u0131 olmamak \u00fczere t\u00fcm i\u00e7erik snaptubeappz.com&#8217;un veya lisans verenlerinin m\u00fclkiyetindedir ve fikri m\u00fclkiyet yasalar\u0131yla korunmaktad\u0131r. \u00d6nceden yaz\u0131l\u0131 iznimiz olmadan web sitemizdeki veya uygulamalar\u0131m\u0131zdaki herhangi bir i\u00e7eri\u011fi kullanamazs\u0131n\u0131z.<\/li>\n<li><strong>Uygulamalar\u0131n Kullan\u0131m\u0131<\/strong>: Uygulamalar\u0131m\u0131z yaln\u0131zca ki\u015fisel kullan\u0131m i\u00e7indir. Uygulamalar\u0131m\u0131z\u0131 herhangi bir ticari ama\u00e7 i\u00e7in veya telif hakk\u0131 sahibinin a\u00e7\u0131k izni olmadan telif hakk\u0131yla korunan materyalleri da\u011f\u0131tmak veya payla\u015fmak i\u00e7in kullanamazs\u0131n\u0131z. Uygulamalar\u0131m\u0131z\u0131 herhangi bir yasay\u0131 ihlal etmek veya ba\u015fkalar\u0131n\u0131n haklar\u0131n\u0131 \u00e7i\u011fnemek i\u00e7in kullanamazs\u0131n\u0131z.<\/li>\n<li><strong>Kullan\u0131c\u0131 \u0130\u00e7eri\u011fi<\/strong>: Web sitemiz veya uygulamalar\u0131m\u0131z arac\u0131l\u0131\u011f\u0131yla inceleme veya yorum gibi i\u00e7erikler g\u00f6nderebilirsiniz. \u0130\u00e7erik g\u00f6ndererek, snaptubeappz.com&#8217;a i\u00e7eri\u011finizi herhangi bir ortamda kullanmak, da\u011f\u0131tmak ve g\u00f6r\u00fcnt\u00fclemek i\u00e7in m\u00fcnhas\u0131r olmayan, telifsiz, kal\u0131c\u0131 ve d\u00fcnya \u00e7ap\u0131nda bir lisans vermi\u015f olursunuz.<\/li>\n<li><strong>Tazminat<\/strong>: Snaptubeappz.com&#8217;u, i\u015ftiraklerini ve ilgili y\u00f6neticilerini, memurlar\u0131n\u0131, \u00e7al\u0131\u015fanlar\u0131n\u0131 ve acentelerini, web sitemizi veya uygulamalar\u0131m\u0131z\u0131 kullan\u0131m\u0131n\u0131zdan veya bu Kullan\u0131m Ko\u015fullar\u0131n\u0131 ihlal etmenizden kaynaklanan makul avukatl\u0131k \u00fccretleri de dahil olmak \u00fczere herhangi bir iddia, talep veya hasardan tazmin etmeyi ve zarars\u0131z tutmay\u0131 kabul edersiniz.<\/li>\n<li><strong>Garantilerin Reddi<\/strong>: Web sitemiz ve uygulamalar\u0131m\u0131z, sat\u0131labilirlik ve belirli bir amaca uygunluk z\u0131mni garantileri dahil ancak bunlarla s\u0131n\u0131rl\u0131 olmamak \u00fczere, a\u00e7\u0131k veya z\u0131mni herhangi bir garanti olmaks\u0131z\u0131n &#8220;oldu\u011fu gibi&#8221; sa\u011flanmaktad\u0131r. Web sitemizin veya uygulamalar\u0131m\u0131z\u0131n hatas\u0131z veya kesintisiz olaca\u011f\u0131n\u0131 garanti etmiyoruz.<\/li>\n<li><strong>Sorumlulu\u011fun<\/strong> <strong>S\u0131n\u0131rland\u0131r\u0131lmas\u0131:<\/strong> Hi\u00e7bir durumda snaptubeappz.com, ba\u011fl\u0131 kurulu\u015flar\u0131 veya ilgili y\u00f6neticileri, memurlar\u0131, \u00e7al\u0131\u015fanlar\u0131 veya acenteleri, web sitemizin veya uygulamalar\u0131m\u0131z\u0131n kullan\u0131m\u0131ndan kaynaklanan veya bunlarla ba\u011flant\u0131l\u0131 herhangi bir \u015fekilde ortaya \u00e7\u0131kan do\u011frudan, dolayl\u0131, cezai, ar\u0131zi, \u00f6zel veya sonu\u00e7 olarak ortaya \u00e7\u0131kan zararlardan sorumlu olmayacakt\u0131r. s\u00f6zle\u015fme, haks\u0131z fiil, kusursuz sorumluluk veya ba\u015fka herhangi bir sorumluluk teorisine dayan\u0131r.<\/li>\n<li><strong>Kullan\u0131m Ko\u015fullar\u0131ndaki De\u011fi\u015fiklikler<\/strong>: Bu Kullan\u0131m Ko\u015fullar\u0131n\u0131 diledi\u011fimiz zaman de\u011fi\u015ftirme hakk\u0131m\u0131z sakl\u0131d\u0131r. G\u00fcncellenmi\u015f Kullan\u0131m Ko\u015fullar\u0131n\u0131 web sitemizde yay\u0131nlayaca\u011f\u0131z ve bu t\u00fcr de\u011fi\u015fikliklerden sonra web sitemizi veya uygulamalar\u0131m\u0131z\u0131 kullanmaya devam etmeniz, yeni Kullan\u0131m Ko\u015fullar\u0131n\u0131 kabul etti\u011finiz anlam\u0131na gelir.<\/li>\n<li><strong>Ge\u00e7erli Hukuk<\/strong>: Bu Kullan\u0131m Ko\u015fullar\u0131, herhangi bir yasa se\u00e7imi veya yasa h\u00fckm\u00fc \u00e7at\u0131\u015fmas\u0131na etki etmeksizin snaptubeappz.com&#8217;un bulundu\u011fu yarg\u0131 b\u00f6lgesinin yasalar\u0131na tabi olacak ve bu yasalara g\u00f6re yorumlanacakt\u0131r.<\/li>\n<\/ol>\n<p>Bu Kullan\u0131m Ko\u015fullar\u0131 hakk\u0131nda herhangi bir sorunuz varsa, l\u00fctfen <a href=\"mailto:support@snaptubeappz.com\">support@snaptubeappz.com<\/a> adresinden bizimle ileti\u015fime ge\u00e7in.<\/p>\n<p>&nbsp;<\/p>\n","protected":false},"excerpt":{"rendered":"<p>https:\/\/snaptubeappz.com\/tr\/ adresine ho\u015f geldiniz! Android uygulamalar\u0131m\u0131za g\u00f6sterdi\u011finiz ilgi i\u00e7in te\u015fekk\u00fcr ederiz. Web sitemizi kullanmadan veya herhangi bir uygulamay\u0131 indirmeden \u00f6nce l\u00fctfen a\u015fa\u011f\u0131daki Kullan\u0131m Ko\u015fullar\u0131n\u0131 dikkatlice okuyun. Web sitemize eri\u015ferek veya sitemizi kullanarak ya da herhangi bir uygulamay\u0131 indirerek, bu Kullan\u0131m Ko\u015fullar\u0131n\u0131 kabul etmi\u015f olursunuz. Uygunluk: Web sitemizi kullanmak ve uygulamalar\u0131m\u0131z\u0131 indirmek i\u00e7in en az 18 [&hellip;]<\/p>\n","protected":false},"author":1,"featured_media":0,"parent":0,"menu_order":0,"comment_status":"closed","ping_status":"closed","template":"","meta":{"_acf_changed":false,"site-sidebar-layout":"no-sidebar","site-content-layout":"plain-container","ast-site-content-layout":"","site-content-style":"default","site-sidebar-style":"default","ast-global-header-display":"","ast-banner-title-visibility":"","ast-main-header-display":"","ast-hfb-above-header-display":"","ast-hfb-below-header-display":"","ast-hfb-mobile-header-display":"","site-post-title":"","ast-breadcrumbs-content":"","ast-featured-img":"","footer-sml-layout":"","theme-transparent-header-meta":"default","adv-header-id-meta":"","stick-header-meta":"default","header-above-stick-meta":"","header-main-stick-meta":"","header-below-stick-meta":"","astra-migrate-meta-layouts":"default","ast-page-background-enabled":"default","ast-page-background-meta":{"desktop":{"background-color":"","background-image":"","background-repeat":"repeat","background-position":"center center","background-size":"auto","background-attachment":"scroll","background-type":"","background-media":"","overlay-type":"","overlay-color":"","overlay-opacity":"","overlay-gradient":""},"tablet":{"background-color":"","background-image":"","background-repeat":"repeat","background-position":"center center","background-size":"auto","background-attachment":"scroll","background-type":"","background-media":"","overlay-type":"","overlay-color":"","overlay-opacity":"","overlay-gradient":""},"mobile":{"background-color":"","background-image":"","background-repeat":"repeat","background-position":"center center","background-size":"auto","background-attachment":"scroll","background-type":"","background-media":"","overlay-type":"","overlay-color":"","overlay-opacity":"","overlay-gradient":""}},"ast-content-background-meta":{"desktop":{"background-color":"var(--ast-global-color-5)","background-image":"","background-repeat":"repeat","background-position":"center center","background-size":"auto","background-attachment":"scroll","background-type":"","background-media":"","overlay-type":"","overlay-color":"","overlay-opacity":"","overlay-gradient":""},"tablet":{"background-color":"var(--ast-global-color-5)","background-image":"","background-repeat":"repeat","background-position":"center center","background-size":"auto","background-attachment":"scroll","background-type":"","background-media":"","overlay-type":"","overlay-color":"","overlay-opacity":"","overlay-gradient":""},"mobile":{"background-color":"var(--ast-global-color-5)","background-image":"","background-repeat":"repeat","background-position":"center center","background-size":"auto","background-attachment":"scroll","background-type":"","background-media":"","overlay-type":"","overlay-color":"","overlay-opacity":"","overlay-gradient":""}},"footnotes":""},"class_list":["post-3293","page","type-page","status-publish","hentry"],"acf":[],"_links":{"self":[{"href":"https:\/\/snaptubeappz.com\/tr\/wp-json\/wp\/v2\/pages\/3293","targetHints":{"allow":["GET"]}}],"collection":[{"href":"https:\/\/snaptubeappz.com\/tr\/wp-json\/wp\/v2\/pages"}],"about":[{"href":"https:\/\/snaptubeappz.com\/tr\/wp-json\/wp\/v2\/types\/page"}],"author":[{"embeddable":true,"href":"https:\/\/snaptubeappz.com\/tr\/wp-json\/wp\/v2\/users\/1"}],"replies":[{"embeddable":true,"href":"https:\/\/snaptubeappz.com\/tr\/wp-json\/wp\/v2\/comments?post=3293"}],"version-history":[{"count":0,"href":"https:\/\/snaptubeappz.com\/tr\/wp-json\/wp\/v2\/pages\/3293\/revisions"}],"wp:attachment":[{"href":"https:\/\/snaptubeappz.com\/tr\/wp-json\/wp\/v2\/media?parent=3293"}],"curies":[{"name":"wp","href":"https:\/\/api.w.org\/{rel}","templated":true}]}}