{"id":3227,"date":"2020-03-13T13:44:04","date_gmt":"2020-03-13T13:44:04","guid":{"rendered":"https:\/\/snaptubeappz.com\/disclaimer\/"},"modified":"2023-09-13T18:03:10","modified_gmt":"2023-09-13T18:03:10","slug":"disclaimer","status":"publish","type":"page","link":"https:\/\/snaptubeappz.com\/tr\/disclaimer\/","title":{"rendered":"Feragatname"},"content":{"rendered":"<p><a href=\"https:\/\/snaptubeappz.com\/tr\/\">https:\/\/snaptubeappz.com\/tr<\/a>\/ adresinde yer alan bilgiler yaln\u0131zca genel bilgilendirme ama\u00e7l\u0131d\u0131r. Bilgiler https:\/\/snaptubeappz.com taraf\u0131ndan sa\u011flan\u0131r ve bilgileri g\u00fcncel ve do\u011fru tutmaya \u00e7al\u0131\u015f\u0131rken, eksiksizlik, do\u011fruluk, g\u00fcvenilirlik, uygunluk veya herhangi bir ama\u00e7la https:\/\/snaptubeappz.com veya https:\/\/snaptubeappz.com adresinde yer alan bilgiler, \u00fcr\u00fcnler, hizmetler veya ilgili grafikler ile ilgili kullan\u0131labilirlik. Bu nedenle, bu t\u00fcr bilgilere g\u00fcvenmenizin riski kesinlikle size aittir.<\/p>\n<p>Hi\u00e7bir ko\u015fulda, dolayl\u0131 veya sonu\u00e7 olarak ortaya \u00e7\u0131kan kay\u0131p veya hasar dahil ancak bunlarla s\u0131n\u0131rl\u0131 olmamak \u00fczere herhangi bir kay\u0131p veya hasardan veya https kullan\u0131m\u0131ndan kaynaklanan veya bununla ba\u011flant\u0131l\u0131 olarak veri veya kar kayb\u0131ndan kaynaklanan herhangi bir kay\u0131p veya hasardan sorumlu olmayaca\u011f\u0131z: \/\/snaptubeappz.com.<\/p>\n<p>https:\/\/snaptubeappz.com arac\u0131l\u0131\u011f\u0131yla, https:\/\/snaptubeappz.com&#8217;un kontrol\u00fcnde olmayan di\u011fer web sitelerine ba\u011flant\u0131 verebilirsiniz. Bu sitelerin do\u011fas\u0131, i\u00e7eri\u011fi ve kullan\u0131labilirli\u011fi \u00fczerinde hi\u00e7bir kontrol\u00fcm\u00fcz yoktur. Herhangi bir ba\u011flant\u0131n\u0131n dahil edilmesi, mutlaka bir tavsiye anlam\u0131na gelmez veya bunlarda ifade edilen g\u00f6r\u00fc\u015fleri onaylamaz.<\/p>\n<p>https:\/\/snaptubeappz.com&#8217;u sorunsuz ve \u00e7al\u0131\u015f\u0131r durumda tutmak i\u00e7in her t\u00fcrl\u00fc \u00e7aba g\u00f6sterilmektedir. Ancak https:\/\/snaptubeappz.com, kontrol\u00fcm\u00fcz d\u0131\u015f\u0131ndaki teknik sorunlar nedeniyle https:\/\/snaptubeappz.com&#8217;un ge\u00e7ici olarak kullan\u0131lamamas\u0131ndan sorumlu de\u011fildir ve sorumlu olmayacakt\u0131r.<\/p>\n","protected":false},"excerpt":{"rendered":"<p>https:\/\/snaptubeappz.com\/tr\/ adresinde yer alan bilgiler yaln\u0131zca genel bilgilendirme ama\u00e7l\u0131d\u0131r. Bilgiler https:\/\/snaptubeappz.com taraf\u0131ndan sa\u011flan\u0131r ve bilgileri g\u00fcncel ve do\u011fru tutmaya \u00e7al\u0131\u015f\u0131rken, eksiksizlik, do\u011fruluk, g\u00fcvenilirlik, uygunluk veya herhangi bir ama\u00e7la https:\/\/snaptubeappz.com veya https:\/\/snaptubeappz.com adresinde yer alan bilgiler, \u00fcr\u00fcnler, hizmetler veya ilgili grafikler ile ilgili kullan\u0131labilirlik. Bu nedenle, bu t\u00fcr bilgilere g\u00fcvenmenizin riski kesinlikle size aittir. Hi\u00e7bir ko\u015fulda, [&hellip;]<\/p>\n","protected":false},"author":1,"featured_media":0,"parent":0,"menu_order":0,"comment_status":"closed","ping_status":"closed","template":"","meta":{"_acf_changed":false,"site-sidebar-layout":"no-sidebar","site-content-layout":"plain-container","ast-site-content-layout":"","site-content-style":"default","site-sidebar-style":"default","ast-global-header-display":"","ast-banner-title-visibility":"","ast-main-header-display":"","ast-hfb-above-header-display":"","ast-hfb-below-header-display":"","ast-hfb-mobile-header-display":"","site-post-title":"","ast-breadcrumbs-content":"","ast-featured-img":"","footer-sml-layout":"","theme-transparent-header-meta":"default","adv-header-id-meta":"","stick-header-meta":"default","header-above-stick-meta":"","header-main-stick-meta":"","header-below-stick-meta":"","astra-migrate-meta-layouts":"set","ast-page-background-enabled":"default","ast-page-background-meta":{"desktop":{"background-color":"","background-image":"","background-repeat":"repeat","background-position":"center center","background-size":"auto","background-attachment":"scroll","background-type":"","background-media":"","overlay-type":"","overlay-color":"","overlay-opacity":"","overlay-gradient":""},"tablet":{"background-color":"","background-image":"","background-repeat":"repeat","background-position":"center center","background-size":"auto","background-attachment":"scroll","background-type":"","background-media":"","overlay-type":"","overlay-color":"","overlay-opacity":"","overlay-gradient":""},"mobile":{"background-color":"","background-image":"","background-repeat":"repeat","background-position":"center center","background-size":"auto","background-attachment":"scroll","background-type":"","background-media":"","overlay-type":"","overlay-color":"","overlay-opacity":"","overlay-gradient":""}},"ast-content-background-meta":{"desktop":{"background-color":"var(--ast-global-color-5)","background-image":"","background-repeat":"repeat","background-position":"center center","background-size":"auto","background-attachment":"scroll","background-type":"","background-media":"","overlay-type":"","overlay-color":"","overlay-opacity":"","overlay-gradient":""},"tablet":{"background-color":"var(--ast-global-color-5)","background-image":"","background-repeat":"repeat","background-position":"center center","background-size":"auto","background-attachment":"scroll","background-type":"","background-media":"","overlay-type":"","overlay-color":"","overlay-opacity":"","overlay-gradient":""},"mobile":{"background-color":"var(--ast-global-color-5)","background-image":"","background-repeat":"repeat","background-position":"center center","background-size":"auto","background-attachment":"scroll","background-type":"","background-media":"","overlay-type":"","overlay-color":"","overlay-opacity":"","overlay-gradient":""}},"footnotes":""},"class_list":["post-3227","page","type-page","status-publish","hentry"],"acf":[],"_links":{"self":[{"href":"https:\/\/snaptubeappz.com\/tr\/wp-json\/wp\/v2\/pages\/3227","targetHints":{"allow":["GET"]}}],"collection":[{"href":"https:\/\/snaptubeappz.com\/tr\/wp-json\/wp\/v2\/pages"}],"about":[{"href":"https:\/\/snaptubeappz.com\/tr\/wp-json\/wp\/v2\/types\/page"}],"author":[{"embeddable":true,"href":"https:\/\/snaptubeappz.com\/tr\/wp-json\/wp\/v2\/users\/1"}],"replies":[{"embeddable":true,"href":"https:\/\/snaptubeappz.com\/tr\/wp-json\/wp\/v2\/comments?post=3227"}],"version-history":[{"count":0,"href":"https:\/\/snaptubeappz.com\/tr\/wp-json\/wp\/v2\/pages\/3227\/revisions"}],"wp:attachment":[{"href":"https:\/\/snaptubeappz.com\/tr\/wp-json\/wp\/v2\/media?parent=3227"}],"curies":[{"name":"wp","href":"https:\/\/api.w.org\/{rel}","templated":true}]}}