{"id":3146,"date":"2023-02-25T17:05:11","date_gmt":"2023-02-25T17:05:11","guid":{"rendered":"https:\/\/snaptubeappz.com\/?page_id=3146"},"modified":"2023-02-25T17:55:40","modified_gmt":"2023-02-25T17:55:40","slug":"contact","status":"publish","type":"page","link":"https:\/\/snaptubeappz.com\/tr\/contact\/","title":{"rendered":"Bize Ula\u015f\u0131n"},"content":{"rendered":"<p>T\u00fcm video indirme ihtiya\u00e7lar\u0131n\u0131z i\u00e7in Snaptube&#8217;u d\u00fc\u015f\u00fcnd\u00fc\u011f\u00fcn\u00fcz i\u00e7in te\u015fekk\u00fcr ederiz. YouTube, Facebook, Instagram ve daha fazlas\u0131 gibi pop\u00fcler platformlardan video indirmenize olanak tan\u0131yan basit ve kullan\u0131c\u0131 dostu bir uygulama sunmaktan gurur duyuyoruz.<\/p>\n<p>Sorular\u0131n\u0131z veya endi\u015feleriniz olabilece\u011fini anl\u0131yoruz ve size yard\u0131mc\u0131 olmak i\u00e7in buraday\u0131z. L\u00fctfen a\u015fa\u011f\u0131daki y\u00f6ntemlerden herhangi biriyle bize ula\u015fmaktan \u00e7ekinmeyin. \u00d6zel destek ekibimiz, kar\u015f\u0131la\u015fabilece\u011finiz her t\u00fcrl\u00fc sorunda size yard\u0131mc\u0131 olmak veya sorular\u0131n\u0131z\u0131 yan\u0131tlamak i\u00e7in haz\u0131rd\u0131r.<\/p>\n<h2>\u0130leti\u015fim Bilgileri:<\/h2>\n<p><strong>E-posta<\/strong>: <a href=\"mailto:developer@snaptubeappz.com\">developer@snaptubeappz.com<\/a><br \/>\n<strong>Telefon<\/strong> +1-555-1234-567<br \/>\n<strong>Adres<\/strong>: 1234 Main Street, Suite 567, Anytown ABD<\/p>\n<p>G\u00f6r\u00fc\u015f ve \u00f6nerilerinize de\u011fer veriyoruz. Uygulamam\u0131z\u0131 nas\u0131l geli\u015ftirebilece\u011fimize dair herhangi bir fikriniz varsa veya herhangi bir \u00f6zellik talebiniz varsa, l\u00fctfen bize bildirin. Her zaman Snaptube&#8217;u daha da iyi hale getirmenin yollar\u0131n\u0131 ar\u0131yoruz.<\/p>\n<p>Snaptube&#8217;u tercih etti\u011finiz i\u00e7in te\u015fekk\u00fcr ederiz. Yak\u0131nda sizden haber almay\u0131 d\u00f6rt g\u00f6zle bekliyoruz.<\/p>\n","protected":false},"excerpt":{"rendered":"<p>T\u00fcm video indirme ihtiya\u00e7lar\u0131n\u0131z i\u00e7in Snaptube&#8217;u d\u00fc\u015f\u00fcnd\u00fc\u011f\u00fcn\u00fcz i\u00e7in te\u015fekk\u00fcr ederiz. YouTube, Facebook, Instagram ve daha fazlas\u0131 gibi pop\u00fcler platformlardan video indirmenize olanak tan\u0131yan basit ve kullan\u0131c\u0131 dostu bir uygulama sunmaktan gurur duyuyoruz. Sorular\u0131n\u0131z veya endi\u015feleriniz olabilece\u011fini anl\u0131yoruz ve size yard\u0131mc\u0131 olmak i\u00e7in buraday\u0131z. L\u00fctfen a\u015fa\u011f\u0131daki y\u00f6ntemlerden herhangi biriyle bize ula\u015fmaktan \u00e7ekinmeyin. \u00d6zel destek ekibimiz, kar\u015f\u0131la\u015fabilece\u011finiz [&hellip;]<\/p>\n","protected":false},"author":1,"featured_media":0,"parent":0,"menu_order":0,"comment_status":"closed","ping_status":"closed","template":"","meta":{"_acf_changed":false,"site-sidebar-layout":"no-sidebar","site-content-layout":"plain-container","ast-site-content-layout":"normal-width-container","site-content-style":"unboxed","site-sidebar-style":"unboxed","ast-global-header-display":"","ast-banner-title-visibility":"","ast-main-header-display":"","ast-hfb-above-header-display":"","ast-hfb-below-header-display":"","ast-hfb-mobile-header-display":"","site-post-title":"","ast-breadcrumbs-content":"disabled","ast-featured-img":"disabled","footer-sml-layout":"","theme-transparent-header-meta":"default","adv-header-id-meta":"","stick-header-meta":"default","header-above-stick-meta":"","header-main-stick-meta":"","header-below-stick-meta":"","astra-migrate-meta-layouts":"default","ast-page-background-enabled":"default","ast-page-background-meta":{"desktop":{"background-color":"","background-image":"","background-repeat":"repeat","background-position":"center center","background-size":"auto","background-attachment":"scroll","background-type":"","background-media":"","overlay-type":"","overlay-color":"","overlay-opacity":"","overlay-gradient":""},"tablet":{"background-color":"","background-image":"","background-repeat":"repeat","background-position":"center center","background-size":"auto","background-attachment":"scroll","background-type":"","background-media":"","overlay-type":"","overlay-color":"","overlay-opacity":"","overlay-gradient":""},"mobile":{"background-color":"","background-image":"","background-repeat":"repeat","background-position":"center center","background-size":"auto","background-attachment":"scroll","background-type":"","background-media":"","overlay-type":"","overlay-color":"","overlay-opacity":"","overlay-gradient":""}},"ast-content-background-meta":{"desktop":{"background-color":"var(--ast-global-color-5)","background-image":"","background-repeat":"repeat","background-position":"center center","background-size":"auto","background-attachment":"scroll","background-type":"","background-media":"","overlay-type":"","overlay-color":"","overlay-opacity":"","overlay-gradient":""},"tablet":{"background-color":"var(--ast-global-color-5)","background-image":"","background-repeat":"repeat","background-position":"center center","background-size":"auto","background-attachment":"scroll","background-type":"","background-media":"","overlay-type":"","overlay-color":"","overlay-opacity":"","overlay-gradient":""},"mobile":{"background-color":"var(--ast-global-color-5)","background-image":"","background-repeat":"repeat","background-position":"center center","background-size":"auto","background-attachment":"scroll","background-type":"","background-media":"","overlay-type":"","overlay-color":"","overlay-opacity":"","overlay-gradient":""}},"footnotes":""},"class_list":["post-3146","page","type-page","status-publish","hentry"],"acf":[],"_links":{"self":[{"href":"https:\/\/snaptubeappz.com\/tr\/wp-json\/wp\/v2\/pages\/3146","targetHints":{"allow":["GET"]}}],"collection":[{"href":"https:\/\/snaptubeappz.com\/tr\/wp-json\/wp\/v2\/pages"}],"about":[{"href":"https:\/\/snaptubeappz.com\/tr\/wp-json\/wp\/v2\/types\/page"}],"author":[{"embeddable":true,"href":"https:\/\/snaptubeappz.com\/tr\/wp-json\/wp\/v2\/users\/1"}],"replies":[{"embeddable":true,"href":"https:\/\/snaptubeappz.com\/tr\/wp-json\/wp\/v2\/comments?post=3146"}],"version-history":[{"count":0,"href":"https:\/\/snaptubeappz.com\/tr\/wp-json\/wp\/v2\/pages\/3146\/revisions"}],"wp:attachment":[{"href":"https:\/\/snaptubeappz.com\/tr\/wp-json\/wp\/v2\/media?parent=3146"}],"curies":[{"name":"wp","href":"https:\/\/api.w.org\/{rel}","templated":true}]}}