{"id":2913,"date":"2023-02-20T18:07:40","date_gmt":"2023-02-20T18:07:40","guid":{"rendered":"https:\/\/snaptubeappz.com\/uninstall-snaptube\/"},"modified":"2023-02-21T16:27:05","modified_gmt":"2023-02-21T16:27:05","slug":"uninstall-snaptube","status":"publish","type":"page","link":"https:\/\/snaptubeappz.com\/tr\/uninstall-snaptube\/","title":{"rendered":"Snaptube Uygulamas\u0131n\u0131 Kald\u0131rma &#8211; Snaptube Nas\u0131l Silinir?"},"content":{"rendered":"<p><a href=\"https:\/\/snaptubeappz.com\/tr\/\"><strong>Snaptube<\/strong><\/a> ile kullan\u0131c\u0131lar \u00e7e\u015fitli web sitelerinden video indirebilirler. Bununla birlikte, Android cihaz\u0131n\u0131zdan kald\u0131rmak isterseniz, bu h\u0131zl\u0131 bir \u015fekilde yap\u0131labilir. Bu makalede, Snaptube&#8217;u Android cihaz\u0131n\u0131zdan kald\u0131rma ad\u0131mlar\u0131nda size yol g\u00f6sterece\u011fiz. Buna ek olarak, uygulaman\u0131n tamamen kald\u0131r\u0131ld\u0131\u011f\u0131ndan emin olmak i\u00e7in baz\u0131 ek ad\u0131mlar sa\u011flayaca\u011f\u0131z.<\/p>\n<figure id=\"attachment_2805\" aria-describedby=\"caption-attachment-2805\" style=\"width: 520px\" class=\"wp-caption aligncenter\"><img loading=\"lazy\" decoding=\"async\" class=\"wp-image-2805\" src=\"https:\/\/snaptubeappz.com\/wp-content\/uploads\/2023\/02\/Uninstall-Snaptube-App-300x200.png\" alt=\"Snaptube'u Kald\u0131rma\" width=\"520\" height=\"346\" srcset=\"https:\/\/snaptubeappz.com\/wp-content\/uploads\/2023\/02\/Uninstall-Snaptube-App-300x200.png 300w, https:\/\/snaptubeappz.com\/wp-content\/uploads\/2023\/02\/Uninstall-Snaptube-App-1024x683.png 1024w, https:\/\/snaptubeappz.com\/wp-content\/uploads\/2023\/02\/Uninstall-Snaptube-App-768x512.png 768w, https:\/\/snaptubeappz.com\/wp-content\/uploads\/2023\/02\/Uninstall-Snaptube-App.png 1080w\" sizes=\"auto, (max-width: 520px) 100vw, 520px\" \/><figcaption id=\"caption-attachment-2805\" class=\"wp-caption-text\">Snaptube&#8217;u Kald\u0131rma<\/figcaption><\/figure>\n<p><strong>1. Ad\u0131m: Android cihaz\u0131n\u0131zda Snaptube uygulama simgesini bulun.<\/strong><\/p>\n<p>Snaptube&#8217;u kald\u0131rmak i\u00e7in Android cihaz\u0131n\u0131z\u0131n ana ekran\u0131nda veya uygulama \u00e7ekmecesinde uygulama simgesine dokunun.<\/p>\n<figure id=\"attachment_2823\" aria-describedby=\"caption-attachment-2823\" style=\"width: 238px\" class=\"wp-caption aligncenter\"><img loading=\"lazy\" decoding=\"async\" class=\"wp-image-2823\" src=\"https:\/\/snaptubeappz.com\/wp-content\/uploads\/2023\/02\/Locate-the-Snaptube-app-icon-on-your-Android-device.png\" alt=\"Android cihaz\u0131n\u0131zda Snaptube uygulama simgesini bulun\" width=\"238\" height=\"470\" srcset=\"https:\/\/snaptubeappz.com\/wp-content\/uploads\/2023\/02\/Locate-the-Snaptube-app-icon-on-your-Android-device.png 278w, https:\/\/snaptubeappz.com\/wp-content\/uploads\/2023\/02\/Locate-the-Snaptube-app-icon-on-your-Android-device-152x300.png 152w\" sizes=\"auto, (max-width: 238px) 100vw, 238px\" \/><figcaption id=\"caption-attachment-2823\" class=\"wp-caption-text\">Android cihaz\u0131n\u0131zda Snaptube uygulama simgesini bulun<\/figcaption><\/figure>\n<p><strong>Ad\u0131m 2: Snaptube uygulama simgesine uzun bas\u0131n.<\/strong><\/p>\n<p>Snaptube uygulama simgesini buldu\u011funuzda, bir men\u00fc g\u00f6r\u00fcnene kadar simgeye uzun bas\u0131n.<\/p>\n<figure id=\"attachment_2839\" aria-describedby=\"caption-attachment-2839\" style=\"width: 231px\" class=\"wp-caption aligncenter\"><img loading=\"lazy\" decoding=\"async\" class=\"wp-image-2839\" src=\"https:\/\/snaptubeappz.com\/wp-content\/uploads\/2023\/02\/Long-press-the-Snaptube-app-icon.png\" alt=\"Snaptube uygulama simgesine uzun bas\u0131n\" width=\"231\" height=\"470\" srcset=\"https:\/\/snaptubeappz.com\/wp-content\/uploads\/2023\/02\/Long-press-the-Snaptube-app-icon.png 280w, https:\/\/snaptubeappz.com\/wp-content\/uploads\/2023\/02\/Long-press-the-Snaptube-app-icon-147x300.png 147w\" sizes=\"auto, (max-width: 231px) 100vw, 231px\" \/><figcaption id=\"caption-attachment-2839\" class=\"wp-caption-text\">Snaptube uygulama simgesine uzun bas\u0131n<\/figcaption><\/figure>\n<p><strong>Ad\u0131m 3: &#8220;Kald\u0131r &#8220;\u0131 se\u00e7in.<\/strong><\/p>\n<p>Kald\u0131rma i\u015flemini ba\u015flatmak i\u00e7in g\u00f6r\u00fcnt\u00fclenen men\u00fcden &#8220;Kald\u0131r&#8221; se\u00e7ene\u011fini se\u00e7in.<\/p>\n<p><strong>Ad\u0131m 4: Kald\u0131rma i\u015flemini onaylay\u0131n.<\/strong><\/p>\n<p>Uygulamay\u0131 kald\u0131rmak istedi\u011finizi onaylaman\u0131z\u0131 isteyen bir onay ileti\u015fim kutusu g\u00f6r\u00fcnecektir. Onaylamak i\u00e7in &#8220;Tamam&#8221; \u00fczerine t\u0131klay\u0131n.<\/p>\n<p>&nbsp;<\/p>\n<figure id=\"attachment_2853\" aria-describedby=\"caption-attachment-2853\" style=\"width: 231px\" class=\"wp-caption aligncenter\"><img loading=\"lazy\" decoding=\"async\" class=\"wp-image-2853\" src=\"https:\/\/snaptubeappz.com\/wp-content\/uploads\/2023\/02\/Confirm-the-uninstallation.png\" alt=\"Kald\u0131rma i\u015flemini onaylay\u0131n\" width=\"231\" height=\"470\" srcset=\"https:\/\/snaptubeappz.com\/wp-content\/uploads\/2023\/02\/Confirm-the-uninstallation.png 275w, https:\/\/snaptubeappz.com\/wp-content\/uploads\/2023\/02\/Confirm-the-uninstallation-148x300.png 148w\" sizes=\"auto, (max-width: 231px) 100vw, 231px\" \/><figcaption id=\"caption-attachment-2853\" class=\"wp-caption-text\">Kald\u0131rma i\u015flemini onaylay\u0131n<\/figcaption><\/figure>\n<p><strong>Ad\u0131m 5: Kald\u0131rma i\u015fleminin tamamlanmas\u0131n\u0131 bekleyin.<\/strong><\/p>\n<p>Kald\u0131rma i\u015flemi tamamlan\u0131rken birka\u00e7 saniye bekleyin. \u0130\u015flem tamamland\u0131\u011f\u0131nda, Android cihaz\u0131n\u0131z\u0131n Snaptube uygulamas\u0131n\u0131 kald\u0131rd\u0131\u011f\u0131n\u0131 onaylayan bir bildirim alacaks\u0131n\u0131z.<\/p>\n<p><strong>Ad\u0131m 6: Uygulama verilerini ve \u00f6nbelle\u011fi temizleyin.<\/strong><\/p>\n<p>Uygulamay\u0131 kald\u0131rd\u0131ktan sonra uygulama verilerini ve \u00f6nbelle\u011fini temizlemek iyi bir fikirdir. Bu, kalan t\u00fcm verileri kald\u0131racak ve cihaz\u0131n\u0131zda yer a\u00e7acakt\u0131r. Bunu yapmak i\u00e7in, &#8220;Ayarlar&#8221; &gt; &#8220;Uygulamalar&#8221; &gt; &#8220;Snaptube&#8221; b\u00f6l\u00fcm\u00fcne gidin ve &#8220;Depolama&#8221; se\u00e7ene\u011fini se\u00e7in. &#8220;Verileri temizle&#8221; ve &#8220;\u00d6nbelle\u011fi temizle &#8220;ye t\u0131klay\u0131n.<\/p>\n<p><strong>Ad\u0131m 7: Kalan dosyalar\u0131 kontrol edin.<\/strong><\/p>\n<p>Uygulama verilerini kald\u0131rm\u0131\u015f ve temizlemi\u015f olsan\u0131z bile cihaz\u0131n\u0131zda kalan dosyalar olacakt\u0131r. Kalan dosyalar\u0131 kontrol etmek i\u00e7in bir dosya y\u00f6neticisi uygulamas\u0131 kullanabilirsiniz. Ad\u0131nda &#8220;Snaptube&#8221; olan t\u00fcm dosyalar\u0131 veya klas\u00f6rleri bulun ve kald\u0131r\u0131n.<\/p>\n<p><strong>Ad\u0131m 8: Cihaz\u0131n\u0131z\u0131 yeniden ba\u015flat\u0131n.<\/strong><\/p>\n<p>T\u00fcm art\u0131k dosyalar\u0131n ve i\u015flemlerin cihaz\u0131n\u0131zdan tamamen kald\u0131r\u0131ld\u0131\u011f\u0131ndan emin olmak i\u00e7in, uygulamay\u0131 kald\u0131rd\u0131ktan sonra cihaz\u0131n\u0131z\u0131 yeniden ba\u015flatmal\u0131s\u0131n\u0131z.<\/p>\n<p><strong>Ad\u0131m 9: G\u00fcncellemeleri kontrol edin.<\/strong><\/p>\n<p>Snaptube&#8217;u daha \u00f6nce Google Play Store&#8217;dan y\u00fcklediyseniz, hesab\u0131n\u0131zda hala y\u00fckl\u00fc olarak listeleniyor olabilir. Uygulaman\u0131n hesab\u0131n\u0131zdan tamamen kald\u0131r\u0131ld\u0131\u011f\u0131ndan emin olmak i\u00e7in Google Play Store&#8217;daki g\u00fcncellemeleri kontrol edin. Uygulama g\u00fcncelleme listesinde g\u00f6r\u00fcn\u00fcyorsa, uygulamay\u0131 kald\u0131r\u0131n.<\/p>\n<p>Daha Fazla Oku &#8211; <a href=\"https:\/\/snaptubeappz.com\/tr\/ios\/\"><strong>iPhone i\u00e7in Snaptube<\/strong><\/a><\/p>\n<h2>Android Cihaz\u0131n\u0131zdan Snaptube Nas\u0131l Kald\u0131r\u0131l\u0131r Video E\u011fitimi<\/h2>\n<p>Snaptube uygulamas\u0131na art\u0131k ihtiyac\u0131n\u0131z yoksa veya Android cihaz\u0131n\u0131zda biraz yer a\u00e7mak istiyorsan\u0131z, bu e\u011fitim size Snaptube&#8217;u kald\u0131rma konusunda rehberlik edecektir.<\/p>\n<p><center><br \/>\n<iframe loading=\"lazy\" src=\"https:\/\/www.youtube.com\/embed\/G2LdWRYFoZc?autoplay=0&amp;fs=0&amp;iv_load_policy=3&amp;showinfo=0&amp;rel=0&amp;cc_load_policy=0&amp;start=0&amp;end=0\" width=\"788.54\" height=\"443\" frameborder=\"0\" marginwidth=\"0\" marginheight=\"0\" scrolling=\"no\"><\/iframe><\/center><\/p>\n<h2>Snaptube&#8217;u Silme Hakk\u0131nda Sonu\u00e7<\/h2>\n<p>Sonu\u00e7 olarak, Snaptube uygulamas\u0131n\u0131 Android cihaz\u0131n\u0131zdan kald\u0131rmak birka\u00e7 kolay ad\u0131mda tamamlanabilecek basit bir i\u015flemdir. Bu ad\u0131mlar\u0131 izleyerek, kalan dosyalar\u0131 kontrol ederek, cihaz\u0131n\u0131z\u0131 yeniden ba\u015flatarak ve g\u00fcncellemeleri kontrol ederek uygulaman\u0131n Android cihaz\u0131n\u0131zdan silindi\u011finden emin olabilirsiniz.<\/p>\n<p>Daha Fazla Oku &#8211; <a href=\"https:\/\/snaptubeappz.com\/tr\/pc-icin-snaptube\/\"><strong>Snaptube PC \u0130ndir<\/strong><\/a><\/p>\n","protected":false},"excerpt":{"rendered":"<p>Snaptube ile kullan\u0131c\u0131lar \u00e7e\u015fitli web sitelerinden video indirebilirler. Bununla birlikte, Android cihaz\u0131n\u0131zdan kald\u0131rmak isterseniz, bu h\u0131zl\u0131 bir \u015fekilde yap\u0131labilir. Bu makalede, Snaptube&#8217;u Android cihaz\u0131n\u0131zdan kald\u0131rma ad\u0131mlar\u0131nda size yol g\u00f6sterece\u011fiz. Buna ek olarak, uygulaman\u0131n tamamen kald\u0131r\u0131ld\u0131\u011f\u0131ndan emin olmak i\u00e7in baz\u0131 ek ad\u0131mlar sa\u011flayaca\u011f\u0131z. 1. Ad\u0131m: Android cihaz\u0131n\u0131zda Snaptube uygulama simgesini bulun. Snaptube&#8217;u kald\u0131rmak i\u00e7in Android cihaz\u0131n\u0131z\u0131n [&hellip;]<\/p>\n","protected":false},"author":1,"featured_media":0,"parent":0,"menu_order":0,"comment_status":"open","ping_status":"open","template":"","meta":{"_acf_changed":false,"site-sidebar-layout":"default","site-content-layout":"default","ast-site-content-layout":"default","site-content-style":"default","site-sidebar-style":"default","ast-global-header-display":"","ast-banner-title-visibility":"","ast-main-header-display":"","ast-hfb-above-header-display":"","ast-hfb-below-header-display":"","ast-hfb-mobile-header-display":"","site-post-title":"","ast-breadcrumbs-content":"disabled","ast-featured-img":"","footer-sml-layout":"","theme-transparent-header-meta":"default","adv-header-id-meta":"","stick-header-meta":"default","header-above-stick-meta":"","header-main-stick-meta":"","header-below-stick-meta":"","astra-migrate-meta-layouts":"default","ast-page-background-enabled":"default","ast-page-background-meta":{"desktop":{"background-color":"","background-image":"","background-repeat":"repeat","background-position":"center center","background-size":"auto","background-attachment":"scroll","background-type":"","background-media":"","overlay-type":"","overlay-color":"","overlay-opacity":"","overlay-gradient":""},"tablet":{"background-color":"","background-image":"","background-repeat":"repeat","background-position":"center center","background-size":"auto","background-attachment":"scroll","background-type":"","background-media":"","overlay-type":"","overlay-color":"","overlay-opacity":"","overlay-gradient":""},"mobile":{"background-color":"","background-image":"","background-repeat":"repeat","background-position":"center center","background-size":"auto","background-attachment":"scroll","background-type":"","background-media":"","overlay-type":"","overlay-color":"","overlay-opacity":"","overlay-gradient":""}},"ast-content-background-meta":{"desktop":{"background-color":"var(--ast-global-color-5)","background-image":"","background-repeat":"repeat","background-position":"center center","background-size":"auto","background-attachment":"scroll","background-type":"","background-media":"","overlay-type":"","overlay-color":"","overlay-opacity":"","overlay-gradient":""},"tablet":{"background-color":"var(--ast-global-color-5)","background-image":"","background-repeat":"repeat","background-position":"center center","background-size":"auto","background-attachment":"scroll","background-type":"","background-media":"","overlay-type":"","overlay-color":"","overlay-opacity":"","overlay-gradient":""},"mobile":{"background-color":"var(--ast-global-color-5)","background-image":"","background-repeat":"repeat","background-position":"center center","background-size":"auto","background-attachment":"scroll","background-type":"","background-media":"","overlay-type":"","overlay-color":"","overlay-opacity":"","overlay-gradient":""}},"footnotes":""},"class_list":["post-2913","page","type-page","status-publish","hentry"],"acf":[],"_links":{"self":[{"href":"https:\/\/snaptubeappz.com\/tr\/wp-json\/wp\/v2\/pages\/2913","targetHints":{"allow":["GET"]}}],"collection":[{"href":"https:\/\/snaptubeappz.com\/tr\/wp-json\/wp\/v2\/pages"}],"about":[{"href":"https:\/\/snaptubeappz.com\/tr\/wp-json\/wp\/v2\/types\/page"}],"author":[{"embeddable":true,"href":"https:\/\/snaptubeappz.com\/tr\/wp-json\/wp\/v2\/users\/1"}],"replies":[{"embeddable":true,"href":"https:\/\/snaptubeappz.com\/tr\/wp-json\/wp\/v2\/comments?post=2913"}],"version-history":[{"count":0,"href":"https:\/\/snaptubeappz.com\/tr\/wp-json\/wp\/v2\/pages\/2913\/revisions"}],"wp:attachment":[{"href":"https:\/\/snaptubeappz.com\/tr\/wp-json\/wp\/v2\/media?parent=2913"}],"curies":[{"name":"wp","href":"https:\/\/api.w.org\/{rel}","templated":true}]}}