{"id":5826,"date":"2024-05-04T18:34:13","date_gmt":"2024-05-04T18:34:13","guid":{"rendered":"https:\/\/snaptubeappz.com\/?page_id=5826"},"modified":"2024-05-04T18:34:13","modified_gmt":"2024-05-04T18:34:13","slug":"online","status":"publish","type":"page","link":"https:\/\/snaptubeappz.com\/ro\/online\/","title":{"rendered":"Snaptube Online &#8211; Desc\u0103rca\u021bi videoclipuri HD MP4 GRATUIT"},"content":{"rendered":"<p>[downloader_section]<\/p>\n<p>Bine a\u021bi venit la <strong>Snaptube Online<\/strong>, platforma dvs. unic\u0103 pentru a desc\u0103rca videoclipuri offline de pe platformele dvs. preferate de streaming video online.<\/p>\n<p>Platforma noastr\u0103 este compatibil\u0103 cu o gam\u0103 extins\u0103 de site-uri web, inclusiv Facebook, Instagram, Vimeo, Dailymotion, TikTok \u0219i multe altele. Snaptube Online Video Downloader se str\u0103duie\u0219te s\u0103 fie solu\u021bia suprem\u0103 pentru toate nevoile dvs. de desc\u0103rcare video de pe aceste platforme populare. R\u0103sfoi\u021bi \u0219i desc\u0103rca\u021bi oric\u00e2nd \u0219i oriunde.<\/p>\n<p>[btn]<\/p>\n<p>[table_of_content]<\/p>\n<p>[steps]<\/p>\n<p>[feature]<\/p>\n<h2 style=\"text-align: center;\">Limit\u0103ri ale utiliz\u0103rii aplica\u021biei web Snaptube online vs. utilizarea aplica\u021biei Snaptube pe mobil<\/h2>\n<p>De\u0219i Snaptube Online ofer\u0103 o platform\u0103 versatil\u0103 pentru desc\u0103rcarea de videoclipuri, este esen\u021bial s\u0103 recunoa\u0219tem unele dintre limit\u0103rile pe care le are \u00een compara\u021bie cu <a href=\"https:\/\/snaptubeappz.com\/ro\/\">aplica\u021bia Snaptube<\/a>:<\/p>\n<p>[limitations]<\/p>\n<p>[faq]<\/p>\n<p>[links]<\/p>\n","protected":false},"excerpt":{"rendered":"<p>[downloader_section] Bine a\u021bi venit la Snaptube Online, platforma dvs. unic\u0103 pentru a desc\u0103rca videoclipuri offline de pe platformele dvs. preferate de streaming video online. Platforma noastr\u0103 este compatibil\u0103 cu o gam\u0103 extins\u0103 de site-uri web, inclusiv Facebook, Instagram, Vimeo, Dailymotion, TikTok \u0219i multe altele. Snaptube Online Video Downloader se str\u0103duie\u0219te s\u0103 fie solu\u021bia suprem\u0103 pentru [&hellip;]<\/p>\n","protected":false},"author":1,"featured_media":0,"parent":0,"menu_order":0,"comment_status":"closed","ping_status":"closed","template":"","meta":{"_acf_changed":false,"site-sidebar-layout":"default","site-content-layout":"","ast-site-content-layout":"default","site-content-style":"default","site-sidebar-style":"default","ast-global-header-display":"","ast-banner-title-visibility":"","ast-main-header-display":"","ast-hfb-above-header-display":"","ast-hfb-below-header-display":"","ast-hfb-mobile-header-display":"","site-post-title":"","ast-breadcrumbs-content":"disabled","ast-featured-img":"disabled","footer-sml-layout":"","theme-transparent-header-meta":"default","adv-header-id-meta":"","stick-header-meta":"default","header-above-stick-meta":"","header-main-stick-meta":"","header-below-stick-meta":"","astra-migrate-meta-layouts":"set","ast-page-background-enabled":"default","ast-page-background-meta":{"desktop":{"background-color":"","background-image":"","background-repeat":"repeat","background-position":"center center","background-size":"auto","background-attachment":"scroll","background-type":"","background-media":"","overlay-type":"","overlay-color":"","overlay-opacity":"","overlay-gradient":""},"tablet":{"background-color":"","background-image":"","background-repeat":"repeat","background-position":"center center","background-size":"auto","background-attachment":"scroll","background-type":"","background-media":"","overlay-type":"","overlay-color":"","overlay-opacity":"","overlay-gradient":""},"mobile":{"background-color":"","background-image":"","background-repeat":"repeat","background-position":"center center","background-size":"auto","background-attachment":"scroll","background-type":"","background-media":"","overlay-type":"","overlay-color":"","overlay-opacity":"","overlay-gradient":""}},"ast-content-background-meta":{"desktop":{"background-color":"var(--ast-global-color-5)","background-image":"","background-repeat":"repeat","background-position":"center center","background-size":"auto","background-attachment":"scroll","background-type":"","background-media":"","overlay-type":"","overlay-color":"","overlay-opacity":"","overlay-gradient":""},"tablet":{"background-color":"var(--ast-global-color-5)","background-image":"","background-repeat":"repeat","background-position":"center center","background-size":"auto","background-attachment":"scroll","background-type":"","background-media":"","overlay-type":"","overlay-color":"","overlay-opacity":"","overlay-gradient":""},"mobile":{"background-color":"var(--ast-global-color-5)","background-image":"","background-repeat":"repeat","background-position":"center center","background-size":"auto","background-attachment":"scroll","background-type":"","background-media":"","overlay-type":"","overlay-color":"","overlay-opacity":"","overlay-gradient":""}},"footnotes":""},"class_list":["post-5826","page","type-page","status-publish","hentry"],"acf":[],"_links":{"self":[{"href":"https:\/\/snaptubeappz.com\/ro\/wp-json\/wp\/v2\/pages\/5826","targetHints":{"allow":["GET"]}}],"collection":[{"href":"https:\/\/snaptubeappz.com\/ro\/wp-json\/wp\/v2\/pages"}],"about":[{"href":"https:\/\/snaptubeappz.com\/ro\/wp-json\/wp\/v2\/types\/page"}],"author":[{"embeddable":true,"href":"https:\/\/snaptubeappz.com\/ro\/wp-json\/wp\/v2\/users\/1"}],"replies":[{"embeddable":true,"href":"https:\/\/snaptubeappz.com\/ro\/wp-json\/wp\/v2\/comments?post=5826"}],"version-history":[{"count":2,"href":"https:\/\/snaptubeappz.com\/ro\/wp-json\/wp\/v2\/pages\/5826\/revisions"}],"predecessor-version":[{"id":5866,"href":"https:\/\/snaptubeappz.com\/ro\/wp-json\/wp\/v2\/pages\/5826\/revisions\/5866"}],"wp:attachment":[{"href":"https:\/\/snaptubeappz.com\/ro\/wp-json\/wp\/v2\/media?parent=5826"}],"curies":[{"name":"wp","href":"https:\/\/api.w.org\/{rel}","templated":true}]}}