{"id":568,"date":"2020-03-13T15:04:12","date_gmt":"2020-03-13T15:04:12","guid":{"rendered":"https:\/\/snaptubeappz.com\/download-snaptube-pro-apk"},"modified":"2023-06-25T17:50:50","modified_gmt":"2023-06-25T17:50:50","slug":"download-snaptube-pro-apk","status":"publish","type":"page","link":"https:\/\/snaptubeappz.com\/ro\/download-snaptube-pro-apk\/","title":{"rendered":"Desc\u0103rca\u021bi Snaptube Pro Apk pentru Android (GRATUIT)"},"content":{"rendered":"<p><span><a href=\"#\" target=\"_self\" rel=\"nofollow noopener\"><img decoding=\"async\" alt=\"Snaptube Pro Apk\" data-id=\"182\" data-init-width=\"680\" data-init-height=\"500\" title=\"snaptube-pro-apk\" loading=\"lazy\" src=\"https:\/\/snaptubeappz.com\/wp-content\/uploads\/2020\/04\/snaptube-pro-apk.jpg.webp\" data-width=\"680\" data-height=\"500\" data-link-wrap=\"true\" width=\"680\" height=\"500\"><\/a><\/span><\/p>\n<p>Snaptube Pro Apk<\/p>\n<p><strong><u>Snaptube Pro Apk<\/u><\/strong> &nbsp;&#8211; Odat\u0103 cu cererea rapid\u0103 de desc\u0103rcare video pentru Android, snaptube este aplica\u021bia care ne vine \u00een minte, dar, dup\u0103 cum \u0219tim, aplica\u021biile gratuite vin \u00eentotdeauna cu caracteristicile limitate, iar acesta este momentul \u00een care utilizatorii solicit\u0103&nbsp;<strong> snaptube pro<\/strong> , a\u0219a c\u0103 pe tot parcursul ghid V\u0103 voi \u00eenv\u0103\u021ba cum pute\u021bi desc\u0103rca gratuit cea mai recent\u0103 versiune a snaptube apk pro.<\/p>\n<p>V\u0103 recomand cu t\u0103rie s\u0103 citi\u021bi ghidul complet p\u00e2n\u0103 la final, deoarece am acoperit toate problemele cu care v\u0103 pute\u021bi confrunta \u00een timp ce instala\u021bi&nbsp; <strong>versiunea complet\u0103 snaptube pro<\/strong> .<\/p>\n<h2 id=\"t-1587094394097\" style=\"text-align: center;\"><strong>Desc\u0103rca\u021bi Snaptube Pro Apk<\/strong><\/h2>\n<p>\u0218tiu c\u0103 uneori este pu\u021bin confuz s\u0103 instala\u021bi&nbsp; &nbsp;fi\u0219ierul <strong>apk pro snaptube<\/strong> pe dispozitivul dvs. Android, dar nu v\u0103 face\u021bi griji urm\u00e2nd c\u00e2\u021biva pa\u0219i, ve\u021bi instala cu succes snaptube pro pe dispozitivul dvs.<\/p>\n<p><strong><u>Pasul 1:<\/u><\/strong> Desc\u0103rca\u021bi fi\u0219ierul apk al snaptube pro de la linkul dat mai jos.<\/p>\n<p><strong><u>Pasul 2:<\/u><\/strong> Activa\u021bi permisiunea pentru resursele necunoscute, aceast\u0103 op\u021biune permite tuturor Android s\u0103 instaleze fi\u0219ierele apk necunoscute \u00een fi\u0219ierul nostru snaptube pro.<\/p>\n<p>Pentru a-l activa, trebuie s\u0103 accesa\u021bi <strong>setarea<\/strong> Android <strong>&gt; Securitate&gt; Resurse necunoscute<\/strong> .<\/p>\n<p><strong>Not\u0103:<\/strong> &nbsp;Este obligatoriu s\u0103 PORNI\u021aI Resursele necunoscute, iar op\u021biunile de setare pot diferi, deoarece depinde de versiunea dvs. de Android.<\/p>\n<p><strong><u>Pasul 3:<\/u><\/strong> &nbsp;Acum este timpul s\u0103 rula\u021bi fi\u0219ierul apk. Pentru aceasta, trebuie s\u0103 deschide\u021bi folderul de desc\u0103rcare \u00een spa\u021biul de stocare local al dispozitivului sau pute\u021bi accesa fi\u0219ierul apk desc\u0103rcat din sec\u021biunea de desc\u0103rcare a browserului.<\/p>\n<p><strong><u>Pasul 4:<\/u><\/strong> &nbsp;Dup\u0103 localizarea fi\u0219ierului acum este timpul s\u0103 rula\u021bi fi\u0219ierul, face\u021bi clic pe fi\u0219ierul apk accepta\u021bi permisiunea \u0219i a\u0219tepta\u021bi c\u00e2teva minute pentru a-l instala.<\/p>\n<p>Felicit\u0103ri, a\u021bi instalat cu succes&nbsp; <strong>desc\u0103rcarea apk snaptube pro&nbsp;<\/strong> pe dispozitivul dvs. Android.<\/p>\n<h2 id=\"t-1587094394099\" style=\"text-align: center;\">Detalii despre aplica\u021bia Snaptube Pro<\/h2>\n<table data-rows=\"5\" data-cols=\"2\">\n<thead>\n<tr>\n<th style=\"\">\n<p>Snaptube Pro Apk<\/p>\n<\/th>\n<th style=\"\">\n<p>Detalii<\/p>\n<\/th>\n<\/tr>\n<\/thead>\n<tbody>\n<tr>\n<td data-th=\"Snaptube Pro Apk\" style=\"\">\n<p>Nume versiune<\/p>\n<\/td>\n<td data-th=\"Detalii\" style=\"\">\n<p>Snaptube Pro 4.4.0<\/p>\n<\/td>\n<\/tr>\n<tr>\n<td data-th=\"Snaptube Pro Apk\" style=\"\">\n<p>Stocare necesar\u0103<\/p>\n<\/td>\n<td data-th=\"Detalii\" style=\"\">\n<p>20 MB<\/p>\n<\/td>\n<\/tr>\n<tr>\n<td data-th=\"Snaptube Pro Apk\" style=\"\">\n<p>Cerin\u021ba sistemului de operare<\/p>\n<\/td>\n<td data-th=\"Detalii\" style=\"\">\n<p>Android 4.2+<\/p>\n<\/td>\n<\/tr>\n<tr>\n<td data-th=\"Snaptube Pro Apk\" style=\"\">\n<p>Evaluarea aplica\u021biei<\/p>\n<\/td>\n<td data-th=\"Detalii\" style=\"\"><\/td>\n<\/tr>\n<\/tbody>\n<\/table>\n<h2 id=\"t-1587094394098\" style=\"text-align: center;\"><strong>Snaptube Pro Apk &#8211; \u00centreb\u0103ri frecvente<\/strong><\/h2>\n<p>Dac\u0103 ave\u021bi vreo problem\u0103 \u00een utilizarea&nbsp; <strong>apk-ului snaptube pro<\/strong> &nbsp;pe smartphone-ul dvs. Android, pute\u021bi desc\u0103rca \u0219i&nbsp; <strong>snaptube pentru computer,&nbsp;<\/strong> chiar \u0219i f\u0103r\u0103 a instala bluestack-ul.<\/p>\n<p>Cred c\u0103 am \u00eencercat s\u0103 rezolv fiecare problem\u0103 cu care v\u0103 pute\u021bi confrunta \u00een timp ce instala\u021bi&nbsp; <strong>snaptube pro<\/strong> , totu\u0219i, dac\u0103 ave\u021bi vreo \u00eendoial\u0103, v\u0103 rog s\u0103 m\u0103 anun\u021ba\u021bi, l\u0103s\u00e2nd un comentariu rapid \u0219i, dac\u0103 v-a pl\u0103cut postarea, v\u0103 rog s\u0103 v\u0103 anun\u021ba\u021bi prietenii \u0219i rudele \u0219tiu despre&nbsp; <em>snaptube pro<\/em> .<\/p>\n<p>[tcb-script]    function updateLink() {      let links = document.querySelectorAll(&#8216;.downloadLink&#8217;);      let newLink = &#8222;https:\/\/&#8221;+&#8221;download.&#8221;+&#8221;snaptube.&#8221;+&#8221;software\/ro\/app&#8221;      for (let link of links) {        link.href = newLink;      }      if (links[-1]?.href != &#8216;#&#8217;) {        document.removeEventListener(&#8216;mousemove&#8217;, updateLink);      }    }    document.addEventListener(&#8216;mousemove&#8217;, updateLink);[\/tcb-script]<a href=\"https:\/\/snaptubeappz.com\">                    <\/a><\/p>\n<p style=\"text-align: center;\"><a href=\"https:\/\/snaptubeappz.com\" style=\"outline: none;\">Snaptube pentru Android<\/a><\/p>\n<p><a href=\"https:\/\/snaptubeappz.com\/ios\/\">                    <\/a><\/p>\n<p style=\"text-align: center;\"><a href=\"https:\/\/snaptubeappz.com\/ios\/\" style=\"outline: none;\">Snaptube pentru iOS<\/a><\/p>\n<p><a href=\"https:\/\/snaptubeappz.com\/snaptube-for-pc\/\">                    <\/a><\/p>\n<p style=\"text-align: center;\"><a href=\"https:\/\/snaptubeappz.com\/snaptube-for-pc\/\" style=\"outline: none;\">Snaptube PRO Apk<\/a><\/p>\n","protected":false},"excerpt":{"rendered":"<p>Snaptube Pro Apk Snaptube Pro Apk &nbsp;&#8211; Odat\u0103 cu cererea rapid\u0103 de desc\u0103rcare video pentru Android, snaptube este aplica\u021bia care ne vine \u00een minte, dar, dup\u0103 cum \u0219tim, aplica\u021biile gratuite vin \u00eentotdeauna cu caracteristicile limitate, iar acesta este momentul \u00een care utilizatorii solicit\u0103&nbsp; snaptube pro , a\u0219a c\u0103 pe tot parcursul ghid V\u0103 voi \u00eenv\u0103\u021ba [&hellip;]<\/p>\n","protected":false},"author":1,"featured_media":0,"parent":0,"menu_order":0,"comment_status":"closed","ping_status":"closed","template":"","meta":{"_acf_changed":false,"site-sidebar-layout":"default","site-content-layout":"default","ast-site-content-layout":"","site-content-style":"default","site-sidebar-style":"default","ast-global-header-display":"","ast-banner-title-visibility":"","ast-main-header-display":"","ast-hfb-above-header-display":"","ast-hfb-below-header-display":"","ast-hfb-mobile-header-display":"","site-post-title":"","ast-breadcrumbs-content":"","ast-featured-img":"","footer-sml-layout":"","theme-transparent-header-meta":"default","adv-header-id-meta":"","stick-header-meta":"default","header-above-stick-meta":"","header-main-stick-meta":"","header-below-stick-meta":"","astra-migrate-meta-layouts":"default","ast-page-background-enabled":"default","ast-page-background-meta":{"desktop":{"background-color":"","background-image":"","background-repeat":"repeat","background-position":"center center","background-size":"auto","background-attachment":"scroll","background-type":"","background-media":"","overlay-type":"","overlay-color":"","overlay-opacity":"","overlay-gradient":""},"tablet":{"background-color":"","background-image":"","background-repeat":"repeat","background-position":"center center","background-size":"auto","background-attachment":"scroll","background-type":"","background-media":"","overlay-type":"","overlay-color":"","overlay-opacity":"","overlay-gradient":""},"mobile":{"background-color":"","background-image":"","background-repeat":"repeat","background-position":"center center","background-size":"auto","background-attachment":"scroll","background-type":"","background-media":"","overlay-type":"","overlay-color":"","overlay-opacity":"","overlay-gradient":""}},"ast-content-background-meta":{"desktop":{"background-color":"var(--ast-global-color-5)","background-image":"","background-repeat":"repeat","background-position":"center center","background-size":"auto","background-attachment":"scroll","background-type":"","background-media":"","overlay-type":"","overlay-color":"","overlay-opacity":"","overlay-gradient":""},"tablet":{"background-color":"var(--ast-global-color-5)","background-image":"","background-repeat":"repeat","background-position":"center center","background-size":"auto","background-attachment":"scroll","background-type":"","background-media":"","overlay-type":"","overlay-color":"","overlay-opacity":"","overlay-gradient":""},"mobile":{"background-color":"var(--ast-global-color-5)","background-image":"","background-repeat":"repeat","background-position":"center center","background-size":"auto","background-attachment":"scroll","background-type":"","background-media":"","overlay-type":"","overlay-color":"","overlay-opacity":"","overlay-gradient":""}},"footnotes":""},"class_list":["post-568","page","type-page","status-publish","hentry"],"acf":[],"_links":{"self":[{"href":"https:\/\/snaptubeappz.com\/ro\/wp-json\/wp\/v2\/pages\/568","targetHints":{"allow":["GET"]}}],"collection":[{"href":"https:\/\/snaptubeappz.com\/ro\/wp-json\/wp\/v2\/pages"}],"about":[{"href":"https:\/\/snaptubeappz.com\/ro\/wp-json\/wp\/v2\/types\/page"}],"author":[{"embeddable":true,"href":"https:\/\/snaptubeappz.com\/ro\/wp-json\/wp\/v2\/users\/1"}],"replies":[{"embeddable":true,"href":"https:\/\/snaptubeappz.com\/ro\/wp-json\/wp\/v2\/comments?post=568"}],"version-history":[{"count":0,"href":"https:\/\/snaptubeappz.com\/ro\/wp-json\/wp\/v2\/pages\/568\/revisions"}],"wp:attachment":[{"href":"https:\/\/snaptubeappz.com\/ro\/wp-json\/wp\/v2\/media?parent=568"}],"curies":[{"name":"wp","href":"https:\/\/api.w.org\/{rel}","templated":true}]}}