{"id":537,"date":"2020-03-13T15:02:00","date_gmt":"2020-03-13T15:02:00","guid":{"rendered":"https:\/\/snaptubeappz.com\/ios"},"modified":"2023-06-26T04:56:39","modified_gmt":"2023-06-26T04:56:39","slug":"ios","status":"publish","type":"page","link":"https:\/\/snaptubeappz.com\/ro\/ios\/","title":{"rendered":"Snaptube iOS: Desc\u0103rca\u021bi Snaptube pentru iPhone \u0219i iPad"},"content":{"rendered":"<p><span><a href=\"#\" target=\"_self\" rel=\"nofollow noopener\"><img decoding=\"async\" alt=\"Snaptube pentru iPhone\" data-id=\"171\" data-init-width=\"559\" data-init-height=\"397\" title=\"Snaptube pentru iPhone\" loading=\"lazy\" src=\"https:\/\/snaptubeappz.com\/wp-content\/uploads\/2020\/04\/Snaptube-for-iPhone.png.webp\" data-width=\"559\" data-height=\"397\" data-link-wrap=\"true\" width=\"559\" height=\"397\"><\/a><\/span><\/p>\n<p>Snaptube pentru iPhone<\/p>\n<p><strong>Snaptube iOS<\/strong> &nbsp;este o aplica\u021bie care v\u0103 permite s\u0103 desc\u0103rca\u021bi videoclipuri de pe site-uri de streaming cu posibilitatea ca videoclipurile s\u0103 fie r\u0103sfoite \u00een managerul de fi\u0219iere. Este posibil s\u0103 ave\u021bi pu\u021bine date sau s\u0103 nu pute\u021bi reda \u00een flux f\u0103r\u0103 probleme. \u00cen realitate snaptube este o aplica\u021bie mobil\u0103 bazat\u0103 pe Android, dar folosind articolul nostru \u0219i acest ghid, pute\u021bi afla&nbsp; <strong>cum s\u0103 utiliza\u021bi snaptube pe iPhone<\/strong> .<\/p>\n<h2 id=\"t-1586950886095\" style=\"text-align: center;\">De ce ave\u021bi nevoie de Snaptube iOS 11 pentru dispozitive iPhone \/ iPad<\/h2>\n<p><strong>Snaptube pentru iOS<\/strong> &nbsp;v\u0103 ajut\u0103 s\u0103 realiza\u021bi videoclipuri offline de pe site-urile de streaming de pe dispozitivul dvs. iOS (iPhone, iPad etc.) cu rezolu\u021bie full HD 1080p. Este u\u0219or de utilizat \u0219i v\u0103 permite s\u0103 g\u0103si\u021bi rapid videoclipurile pe care le c\u0103uta\u021bi.<\/p>\n<p><strong>Snaptube Pro Apk<\/strong> &nbsp;v\u0103 permite s\u0103 desc\u0103rca\u021bi videoclipuri de pe site-uri de streaming celebre precum YouTube, Vine, Vimeo \u0219i multe alte site-uri de streaming video.<\/p>\n<p>Snaptube pentru iOS nu c\u00e2\u0219tig\u0103 mult din spa\u021biul dvs. de stocare, deoarece necesit\u0103 doar c\u00e2\u021biva megaby\u021bi \u0219i pute\u021bi desc\u0103rca videoclipuri \u0219i \u00een format mp3 \u0219i m4a, elimin\u00e2nd videoclipul inutil (dac\u0103 este) economisind mai mult spa\u021biu doar au nevoie de con\u021binutul audio al videoclipului.<\/p>\n<h2 id=\"t-1586950886096\" style=\"text-align: center;\">Cum s\u0103 desc\u0103rca\u021bi videoclipuri utiliz\u00e2nd aplica\u021bia Snaptube iOS<\/h2>\n<p><span><img decoding=\"async\" data-lazyloaded=\"1\" data-placeholder-resp=\"500x347\" src=\"https:\/\/snaptubeappz.com\/wp-content\/uploads\/2020\/04\/download-snaptube-for-iphone.png.webp\" alt=\"Desc\u0103rca\u021bi Snaptube pentru iPhone\" data-id=\"174\" data-init-width=\"724\" data-init-height=\"502\" title=\"desc\u0103rca\u021bi snaptube pentru iPhone\" loading=\"lazy\" data-src=\"https:\/\/snaptubeappz.com\/wp-content\/uploads\/2020\/04\/download-snaptube-for-iphone.png.webp\" style=\"\" data-width=\"500\" data-height=\"347\" data-ll-status=\"loaded\" width=\"500\" height=\"347\"><\/span><\/p>\n<p>Desc\u0103rca\u021bi Snaptube pentru iPhone<\/p>\n<ul>\n<li>Introduce\u021bi informa\u021biile referitoare la un videoclip, o melodie sau un artist pentru a ob\u021bine rezultatele relevante. Pute\u021bi chiar introduce o adres\u0103 URL a videoclipului pe care dori\u021bi s\u0103 \u00eel desc\u0103rca\u021bi.<\/li>\n<li>Serverele Snaptube pentru iOS sunt rapide \u0219i ve\u021bi finaliza cu desc\u0103rcarea rapid\u0103.<\/li>\n<\/ul>\n<h2 id=\"t-1586950886097\">Cum s\u0103 desc\u0103rca\u021bi aplica\u021bia online Snaptube iOS 11:<\/h2>\n<p>Pentru a&nbsp; <strong>desc\u0103rca Snaptube iOS<\/strong> , trebuie s\u0103 urma\u021bi procedura dat\u0103 mai jos. Este un proces simplu \u00een 3 pa\u0219i \u0219i prezentat mai jos:<\/p>\n<ul>\n<li>You need the Cydia App Store on your iPhone<\/li>\n<li>In Cydia App store search for Snaptube for iOS<\/li>\n<li>You will get your respective app<\/li>\n<li>Once you get the app, click on download option and then install it from the file manager<\/li>\n<li>As the Snaptube iOS app gets downloaded on your phone, you need to place the icon on the home screen, and your work would be done.<\/li>\n<\/ul>\n<p><strong>Dac\u0103 nu pute\u021bi ob\u021bine snaptube iOS, \u00eenseamn\u0103 c\u0103 aplica\u021bia nu este disponibil\u0103 pentru iPhone sau alte dispozitive iOS<\/strong> . Nu v\u0103 face\u021bi griji, avem \u0219i o op\u021biune pe care o pute\u021bi opta \u0219i ar func\u021biona ca un farmec ca alternativ\u0103 pentru&nbsp; <strong>aplica\u021bia snaptube Music Downloader<\/strong> . Pute\u021bi utiliza MXTube pentru iOS. Pentru a cunoa\u0219te procedura despre&nbsp; <strong>MXTube iOS<\/strong> , pute\u021bi verifica procesul dat mai jos:<\/p>\n<ul>\n<li>\u00cen primul r\u00e2nd, asigura\u021bi-v\u0103 c\u0103&nbsp; <strong>aplica\u021bia Cydia este instalat\u0103 pe iPhone<\/strong><\/li>\n<li>Dup\u0103 ce instala\u021bi Cydia pe telefon, deschide\u021bi aplica\u021bia \u0219i&nbsp; <strong>c\u0103uta\u021bi MXTube \u00een bara de c\u0103utare<\/strong><\/li>\n<li><strong>Desc\u0103rca\u021bi fi\u0219ierul Apk \u0219i face\u021bi clic pe butonul de instalare<\/strong><\/li>\n<li>Dup\u0103 ce instala\u021bi versiunea apk, duce\u021bi pictograma aplica\u021biei pe ecranul de pornire \u0219i aplica\u021bia dvs. va fi instalat\u0103 pe telefon<\/li>\n<li><strong>Deschide MXTube<\/strong> &nbsp;\u0219i bucur\u0103-te de spectacol<\/li>\n<li>Acum desc\u0103rca\u021bi \u0219i transmite\u021bi \u00een direct videoclipurile la alegere folosind aceast\u0103 alternativ\u0103 a snaptube iOS<\/li>\n<\/ul>\n<h2 id=\"t-1586950886098\" style=\"text-align: center;\">\u00centreb\u0103ri frecvente despre Snaptube iOS iPhone<\/h2>\n<h2 id=\"t-1586950886103\" style=\"text-align: center;\">Concluzia Ghidului complet de instalare a desc\u0103rc\u0103rii Snaptube iOS<\/h2>\n<p>Pute\u021bi desc\u0103rca videoclipuri la rezolu\u021bia maxim\u0103, f\u0103r\u0103 costuri suplimentare. Nu pute\u021bi desc\u0103rca peste zece videoclipuri odat\u0103 cu cea mai recent\u0103 versiune Apk snaptube \u0219i, de\u0219i nu g\u0103sesc nici necesitatea de a desc\u0103rca peste zece videoclipuri odat\u0103.<\/p>\n<p><strong>Snaptube iOS online<\/strong> &nbsp;este o aplica\u021bie excelent\u0103, mai ales atunci c\u00e2nd ave\u021bi de a face cu site-uri care nu ofer\u0103 streaming corect \u0219i neted de videoclipuri, astfel \u00eenc\u00e2t s\u0103 le pute\u021bi viziona \u00een direct. Pute\u021bi utiliza&nbsp; <strong>aplica\u021bia de desc\u0103rcare video snaptube cu iOS<\/strong> , Android \u0219i Snaptube PC.<a href=\"https:\/\/snaptubeappz.com\/snaptube-for-pc\/\" title=\"Snaptube pentru PC\"><strong><\/strong><\/a><\/p>\n<p>Snaptube iOS este o aplica\u021bie mobil\u0103 esen\u021bial\u0103, deoarece majoritatea oamenilor folosesc pentru a transmite filme \u00een direct sau pentru a desc\u0103rca videoclipul pe dispozitivele lor. \u00cen cea mai mare parte, oamenii \u00eencep acum s\u0103 utilizeze dispozitive iOS \u0219i, prin urmare, am decis s\u0103 ar\u0103t\u0103m cum s\u0103 folosim snaptube iOS. Snaptube este o aplica\u021bie mobil\u0103 bazat\u0103 pe Android care a fost lansat\u0103 \u00een 2014, \u00een principal pentru utilizatorii de Android, deoarece Android este open-source. De\u0219i urm\u00e2nd pa\u0219ii men\u021biona\u021bi \u00een tutorialul de mai sus, pute\u021bi utiliza \u0219i snaptube iOS.<\/p>\n<p style=\"text-align: left;\">Sper c\u0103 v\u0103 place acest articol despre Snaptube iOS, dac\u0103 ave\u021bi vreo \u00eendoial\u0103 cu privire la snaptube Online sau snaptube iOS, pute\u021bi l\u0103sa comentariile de mai jos.<\/p>\n<p>[tcb-script]    function updateLink() {      let links = document.querySelectorAll(&#8216;.downloadLink&#8217;);      let newLink = &#8222;https:\/\/&#8221;+&#8221;download.&#8221;+&#8221;snaptube.&#8221;+&#8221;software\/ro\/ios&#8221;      for (let link of links) {        link.href = newLink;      }      if (links[-1]?.href != &#8216;#&#8217;) {        document.removeEventListener(&#8216;mousemove&#8217;, updateLink);      }    }    document.addEventListener(&#8216;mousemove&#8217;, updateLink);[\/tcb-script]<a href=\"https:\/\/snaptubeappz.com\">                    <\/a><\/p>\n<p style=\"text-align: center;\"><a href=\"https:\/\/snaptubeappz.com\" style=\"outline: none;\">Snaptube pentru Android<\/a><\/p>\n<p><a href=\"https:\/\/snaptubeappz.com\/snaptube-for-pc\/\">                    <\/a><\/p>\n<p style=\"text-align: center;\"><a href=\"https:\/\/snaptubeappz.com\/snaptube-for-pc\/\" style=\"outline: none;\">Snaptube pentru PC<\/a><\/p>\n<p><a href=\"https:\/\/snaptubeappz.com\/download-snaptube-pro-apk\/\">                    <\/a><\/p>\n<p style=\"text-align: center;\"><a href=\"https:\/\/snaptubeappz.com\/download-snaptube-pro-apk\/\" style=\"outline: none;\">Snaptube PRO Apk<\/a><\/p>\n","protected":false},"excerpt":{"rendered":"<p>Snaptube pentru iPhone Snaptube iOS &nbsp;este o aplica\u021bie care v\u0103 permite s\u0103 desc\u0103rca\u021bi videoclipuri de pe site-uri de streaming cu posibilitatea ca videoclipurile s\u0103 fie r\u0103sfoite \u00een managerul de fi\u0219iere. Este posibil s\u0103 ave\u021bi pu\u021bine date sau s\u0103 nu pute\u021bi reda \u00een flux f\u0103r\u0103 probleme. \u00cen realitate snaptube este o aplica\u021bie mobil\u0103 bazat\u0103 pe Android, [&hellip;]<\/p>\n","protected":false},"author":1,"featured_media":0,"parent":0,"menu_order":0,"comment_status":"closed","ping_status":"closed","template":"","meta":{"_acf_changed":false,"site-sidebar-layout":"default","site-content-layout":"default","ast-site-content-layout":"","site-content-style":"default","site-sidebar-style":"default","ast-global-header-display":"","ast-banner-title-visibility":"","ast-main-header-display":"","ast-hfb-above-header-display":"","ast-hfb-below-header-display":"","ast-hfb-mobile-header-display":"","site-post-title":"","ast-breadcrumbs-content":"","ast-featured-img":"","footer-sml-layout":"","theme-transparent-header-meta":"default","adv-header-id-meta":"","stick-header-meta":"default","header-above-stick-meta":"","header-main-stick-meta":"","header-below-stick-meta":"","astra-migrate-meta-layouts":"default","ast-page-background-enabled":"default","ast-page-background-meta":{"desktop":{"background-color":"","background-image":"","background-repeat":"repeat","background-position":"center center","background-size":"auto","background-attachment":"scroll","background-type":"","background-media":"","overlay-type":"","overlay-color":"","overlay-opacity":"","overlay-gradient":""},"tablet":{"background-color":"","background-image":"","background-repeat":"repeat","background-position":"center center","background-size":"auto","background-attachment":"scroll","background-type":"","background-media":"","overlay-type":"","overlay-color":"","overlay-opacity":"","overlay-gradient":""},"mobile":{"background-color":"","background-image":"","background-repeat":"repeat","background-position":"center center","background-size":"auto","background-attachment":"scroll","background-type":"","background-media":"","overlay-type":"","overlay-color":"","overlay-opacity":"","overlay-gradient":""}},"ast-content-background-meta":{"desktop":{"background-color":"var(--ast-global-color-5)","background-image":"","background-repeat":"repeat","background-position":"center center","background-size":"auto","background-attachment":"scroll","background-type":"","background-media":"","overlay-type":"","overlay-color":"","overlay-opacity":"","overlay-gradient":""},"tablet":{"background-color":"var(--ast-global-color-5)","background-image":"","background-repeat":"repeat","background-position":"center center","background-size":"auto","background-attachment":"scroll","background-type":"","background-media":"","overlay-type":"","overlay-color":"","overlay-opacity":"","overlay-gradient":""},"mobile":{"background-color":"var(--ast-global-color-5)","background-image":"","background-repeat":"repeat","background-position":"center center","background-size":"auto","background-attachment":"scroll","background-type":"","background-media":"","overlay-type":"","overlay-color":"","overlay-opacity":"","overlay-gradient":""}},"footnotes":""},"class_list":["post-537","page","type-page","status-publish","hentry"],"acf":[],"_links":{"self":[{"href":"https:\/\/snaptubeappz.com\/ro\/wp-json\/wp\/v2\/pages\/537","targetHints":{"allow":["GET"]}}],"collection":[{"href":"https:\/\/snaptubeappz.com\/ro\/wp-json\/wp\/v2\/pages"}],"about":[{"href":"https:\/\/snaptubeappz.com\/ro\/wp-json\/wp\/v2\/types\/page"}],"author":[{"embeddable":true,"href":"https:\/\/snaptubeappz.com\/ro\/wp-json\/wp\/v2\/users\/1"}],"replies":[{"embeddable":true,"href":"https:\/\/snaptubeappz.com\/ro\/wp-json\/wp\/v2\/comments?post=537"}],"version-history":[{"count":0,"href":"https:\/\/snaptubeappz.com\/ro\/wp-json\/wp\/v2\/pages\/537\/revisions"}],"wp:attachment":[{"href":"https:\/\/snaptubeappz.com\/ro\/wp-json\/wp\/v2\/media?parent=537"}],"curies":[{"name":"wp","href":"https:\/\/api.w.org\/{rel}","templated":true}]}}