{"id":5350,"date":"2024-03-21T09:14:13","date_gmt":"2024-03-21T09:14:13","guid":{"rendered":"https:\/\/snaptubeappz.com\/?page_id=5350"},"modified":"2024-03-24T04:43:12","modified_gmt":"2024-03-24T04:43:12","slug":"about-us","status":"publish","type":"page","link":"https:\/\/snaptubeappz.com\/ro\/about-us\/","title":{"rendered":"Despre noi &#8211; Echipa din spatele Snaptube Appz"},"content":{"rendered":"<p>Bine a\u021bi venit <a href=\"https:\/\/snaptubeappz.com\/ro\/\">pe site-ul oficial al Snaptubeappz,<\/a> destina\u021bia dumneavoastr\u0103 final\u0103 pentru toate informa\u021biile despre Snaptubeappz, o aplica\u021bie renumit\u0103 de desc\u0103rcare a videoclipurilor \u0219i muzicii, adaptat\u0103 pentru dispozitivele Android.<\/p>\n<h2>\u00cenceputul C\u0103l\u0103toriei<\/h2>\n<p>Fondat\u0103 \u00een noiembrie 2014, Snaptubeappz a revolu\u021bionat modul \u00een care utilizatorii interac\u021bioneaz\u0103 cu con\u021binutul digital. Aceast\u0103 aplica\u021bie gratuit\u0103 pentru Android faciliteaz\u0103 desc\u0103rcarea video \u0219i audio \u0219i serve\u0219te ca un agregator de re\u021bele sociale. Accept\u0103 o gam\u0103 larg\u0103 de rezolu\u021bii video \u0219i formate audio, oferind peste 150 de milioane de utilizatori \u00eencep\u00e2nd cu februarie 2024.<\/p>\n<h2>Fondatorul \u0219i echipa noastr\u0103<\/h2>\n<p>Vizionarul din spatele Snaptubeappz este <a href=\"https:\/\/www.linkedin.com\/in\/chao-ding-1b67672b9\/\" data-schema-attribute=\"about\" target=\"_blank\" rel=\"noopener\">Chao Ding<\/a>, un fost t\u00e2n\u0103r inginer a c\u0103rui fascina\u021bie pentru poten\u021bialul tehnologiei de a transforma vie\u021bi a dus la crearea Snaptubeappz. C\u0103l\u0103toria sa, sus\u021binut\u0103 de o echip\u0103 dedicat\u0103 de ingineri, dezvoltatori \u0219i designeri, i-a transformat visul \u00een realitate Snaptubeappz ast\u0103zi: eforturile colective ale acestei echipe \u0219i viziunea comun\u0103 pentru inovare conduc la succesul Snaptubeappz.<\/p>\n<figure id=\"attachment_5069\" aria-describedby=\"caption-attachment-5069\" style=\"width: 300px\" class=\"wp-caption alignnone\"><img loading=\"lazy\" decoding=\"async\" class=\"wp-image-5069 size-medium\" src=\"https:\/\/snaptubeappz.com\/wp-content\/uploads\/2024\/03\/Chao-Ding-Founder-of-Snaptube-Appz-300x295.webp\" alt=\"Chao Ding Founder of Snaptube Appz\" width=\"300\" height=\"295\" srcset=\"https:\/\/snaptubeappz.com\/wp-content\/uploads\/2024\/03\/Chao-Ding-Founder-of-Snaptube-Appz-300x295.webp 300w, https:\/\/snaptubeappz.com\/wp-content\/uploads\/2024\/03\/Chao-Ding-Founder-of-Snaptube-Appz.webp 631w\" sizes=\"auto, (max-width: 300px) 100vw, 300px\" \/><figcaption id=\"caption-attachment-5069\" class=\"wp-caption-text\"><em><a href=\"https:\/\/gravatar.com\/snaptubeappz\" data-schema-attribute=\"mentions\" target=\"_blank\" rel=\"noopener\">Chao Ding<\/a> Fondatorul Snaptube Appz<\/em><\/figcaption><\/figure>\n<h2>Aplica\u021bia noastr\u0103<\/h2>\n<p>Snaptubeappz ofer\u0103 o interfa\u021b\u0103 u\u0219or de utilizat \u0219i o func\u021bionalitate eficient\u0103, f\u0103c\u00e2ndu-l un partener de \u00eencredere pentru milioane de oameni din \u00eentreaga lume. Se remarc\u0103 prin capacitatea de a desc\u0103rca videoclipuri, de a elibera spa\u021biu \u0219i de a gestiona muzica, satisf\u0103c\u00e2nd nevoile diverse ale utilizatorilor. \u00cen ciuda faptului c\u0103 s-a confruntat cu provoc\u0103ri precum eliminarea sa din Google Play Store, compania a luat m\u0103suri imediate pentru a r\u0103spunde preocup\u0103rilor, subliniind angajamentul s\u0103u fa\u021b\u0103 de \u00eembun\u0103t\u0103\u021birea continu\u0103 \u0219i \u00eencrederea utilizatorilor.<\/p>\n<h2>Cultura companiei<\/h2>\n<p>La Snaptubeappz, cultura noastr\u0103 este modelat\u0103 de inova\u021bie, colaborare \u0219i respect. Apreciem contribu\u021biile unice ale fiec\u0103rui membru al echipei, promov\u00e2nd un mediu \u00een care sunt \u00eencurajate creativitatea, \u00eenv\u0103\u021barea continu\u0103 \u0219i cre\u0219terea personal\u0103. Pasiunea noastr\u0103 comun\u0103 pentru tehnologie \u0219i inova\u021bie ne une\u0219te, motiv\u00e2nd misiunea noastr\u0103 de a redefini grani\u021bele tehnologiei \u0219i experien\u021bei utilizatorului.<\/p>\n<h2>Loca\u021bie<\/h2>\n<p>Sediul nostru din Shenzhen, Guangdong, China, un centru de inovare tehnologic\u0103, este o surs\u0103 constant\u0103 de inspira\u021bie. Aici, colabor\u0103m pentru a aduce viziunea lui Chao Ding la via\u021b\u0103, \u00eembun\u0103t\u0103\u021bind \u0219i extinz\u00e2nd continuu capacit\u0103\u021bile Snaptubeappz. Aceast\u0103 loca\u021bie strategic\u0103 ne men\u021bine \u00een fruntea industriei tehnologice, inspir\u00e2ndu-ne s\u0103 inov\u0103m \u0219i s\u0103 excel\u0103m.<\/p>\n<p><iframe loading=\"lazy\" style=\"border: 0;\" src=\"https:\/\/www.google.com\/maps\/embed?pb=!1m18!1m12!1m3!1d235679.12090543256!2d113.9357084524362!3d22.635651710705055!2m3!1f0!2f0!3f0!3m2!1i1024!2i768!4f13.1!3m3!1m2!1s0x3403f408d0e15291%3A0xfdee550db79280c9!2sShenzhen%2C%20Guangdong%20Province%2C%20China!5e0!3m2!1sen!2sin!4v1702212679147!5m2!1sen!2sin\" width=\"600\" height=\"450\" allowfullscreen=\"allowfullscreen\"><\/iframe><\/p>\n<p>Al\u0103tura\u021bi-v\u0103 nou\u0103 \u00een timp ce continu\u0103m s\u0103 transform\u0103m peisajul digital, o aplica\u021bie la un moment dat, cu Snaptubeappz \u00een frunte.<\/p>\n<p><em><span style=\"text-decoration: underline;\"><strong>Not\u0103<\/strong> <\/span>&#8211; SnaptubeAppz.com este o platform\u0103 independent\u0103 \u0219i nu este afiliat\u0103 cu creatorii oficiali ai Snaptube. Nu suntem furnizorul oficial de aplica\u021bii Snaptube. Snaptube apar\u021bine creatorilor s\u0103i oficiali.<\/em><\/p>\n","protected":false},"excerpt":{"rendered":"<p>Bine a\u021bi venit pe site-ul oficial al Snaptubeappz, destina\u021bia dumneavoastr\u0103 final\u0103 pentru toate informa\u021biile despre Snaptubeappz, o aplica\u021bie renumit\u0103 de desc\u0103rcare a videoclipurilor \u0219i muzicii, adaptat\u0103 pentru dispozitivele Android. \u00cenceputul C\u0103l\u0103toriei Fondat\u0103 \u00een noiembrie 2014, Snaptubeappz a revolu\u021bionat modul \u00een care utilizatorii interac\u021bioneaz\u0103 cu con\u021binutul digital. Aceast\u0103 aplica\u021bie gratuit\u0103 pentru Android faciliteaz\u0103 desc\u0103rcarea video \u0219i [&hellip;]<\/p>\n","protected":false},"author":1,"featured_media":0,"parent":0,"menu_order":0,"comment_status":"closed","ping_status":"closed","template":"","meta":{"_acf_changed":false,"site-sidebar-layout":"default","site-content-layout":"","ast-site-content-layout":"default","site-content-style":"default","site-sidebar-style":"default","ast-global-header-display":"","ast-banner-title-visibility":"","ast-main-header-display":"","ast-hfb-above-header-display":"","ast-hfb-below-header-display":"","ast-hfb-mobile-header-display":"","site-post-title":"","ast-breadcrumbs-content":"disabled","ast-featured-img":"","footer-sml-layout":"","theme-transparent-header-meta":"default","adv-header-id-meta":"","stick-header-meta":"default","header-above-stick-meta":"","header-main-stick-meta":"","header-below-stick-meta":"","astra-migrate-meta-layouts":"set","ast-page-background-enabled":"default","ast-page-background-meta":{"desktop":{"background-color":"","background-image":"","background-repeat":"repeat","background-position":"center center","background-size":"auto","background-attachment":"scroll","background-type":"","background-media":"","overlay-type":"","overlay-color":"","overlay-opacity":"","overlay-gradient":""},"tablet":{"background-color":"","background-image":"","background-repeat":"repeat","background-position":"center center","background-size":"auto","background-attachment":"scroll","background-type":"","background-media":"","overlay-type":"","overlay-color":"","overlay-opacity":"","overlay-gradient":""},"mobile":{"background-color":"","background-image":"","background-repeat":"repeat","background-position":"center center","background-size":"auto","background-attachment":"scroll","background-type":"","background-media":"","overlay-type":"","overlay-color":"","overlay-opacity":"","overlay-gradient":""}},"ast-content-background-meta":{"desktop":{"background-color":"var(--ast-global-color-5)","background-image":"","background-repeat":"repeat","background-position":"center center","background-size":"auto","background-attachment":"scroll","background-type":"","background-media":"","overlay-type":"","overlay-color":"","overlay-opacity":"","overlay-gradient":""},"tablet":{"background-color":"var(--ast-global-color-5)","background-image":"","background-repeat":"repeat","background-position":"center center","background-size":"auto","background-attachment":"scroll","background-type":"","background-media":"","overlay-type":"","overlay-color":"","overlay-opacity":"","overlay-gradient":""},"mobile":{"background-color":"var(--ast-global-color-5)","background-image":"","background-repeat":"repeat","background-position":"center center","background-size":"auto","background-attachment":"scroll","background-type":"","background-media":"","overlay-type":"","overlay-color":"","overlay-opacity":"","overlay-gradient":""}},"footnotes":""},"class_list":["post-5350","page","type-page","status-publish","hentry"],"acf":[],"_links":{"self":[{"href":"https:\/\/snaptubeappz.com\/ro\/wp-json\/wp\/v2\/pages\/5350","targetHints":{"allow":["GET"]}}],"collection":[{"href":"https:\/\/snaptubeappz.com\/ro\/wp-json\/wp\/v2\/pages"}],"about":[{"href":"https:\/\/snaptubeappz.com\/ro\/wp-json\/wp\/v2\/types\/page"}],"author":[{"embeddable":true,"href":"https:\/\/snaptubeappz.com\/ro\/wp-json\/wp\/v2\/users\/1"}],"replies":[{"embeddable":true,"href":"https:\/\/snaptubeappz.com\/ro\/wp-json\/wp\/v2\/comments?post=5350"}],"version-history":[{"count":4,"href":"https:\/\/snaptubeappz.com\/ro\/wp-json\/wp\/v2\/pages\/5350\/revisions"}],"predecessor-version":[{"id":5394,"href":"https:\/\/snaptubeappz.com\/ro\/wp-json\/wp\/v2\/pages\/5350\/revisions\/5394"}],"wp:attachment":[{"href":"https:\/\/snaptubeappz.com\/ro\/wp-json\/wp\/v2\/media?parent=5350"}],"curies":[{"name":"wp","href":"https:\/\/api.w.org\/{rel}","templated":true}]}}