{"id":5265,"date":"2024-03-31T10:19:24","date_gmt":"2024-03-31T10:19:24","guid":{"rendered":"https:\/\/snaptubeappz.com\/?page_id=5265"},"modified":"2025-06-25T16:58:47","modified_gmt":"2025-06-25T16:58:47","slug":"is-snaptube-safe","status":"publish","type":"page","link":"https:\/\/snaptubeappz.com\/ro\/is-snaptube-safe\/","title":{"rendered":"Este Snaptube sigur de desc\u0103rcat \u0219i utilizat?"},"content":{"rendered":"<p>\u00cen ultimii ani, desc\u0103rcarea videoclipurilor de pe diverse platforme a devenit din ce \u00een ce mai popular\u0103, iar <a href=\"https:\/\/snaptubeappz.com\/ro\/\">Snaptube<\/a> a ap\u0103rut ca o aplica\u021bie utilizat\u0103 pe scar\u0103 larg\u0103.<\/p>\n<p>Aplica\u021bia a c\u00e2\u0219tigat o mul\u021bime de urm\u0103ritori datorit\u0103 interfe\u021bei sale u\u0219or de utilizat \u0219i a func\u021bionalit\u0103\u021bii diverse. Cu toate acestea, mai trebuie s\u0103 se r\u0103spund\u0103 la \u00eentreb\u0103ri cu privire la dac\u0103 Snaptube este sigur de desc\u0103rcat \u0219i utilizat?<\/p>\n<p><span style=\"text-decoration: underline;\"><em><strong>Crux<\/strong> <\/em><\/span>&#8211; Dup\u0103 o examinare am\u0103nun\u021bit\u0103 \u0219i un test detaliat efectuat pe reputata platform\u0103 VirusTotal, s-a confirmat c\u0103 aplica\u021bia snaptube este sigur\u0103 pentru utilizare dac\u0103 este desc\u0103rcat\u0103 de pe platforma securizat\u0103.<\/p>\n<p>[btn]<\/p>\n<p>Unii utilizatori sunt \u00eengrijora\u021bi de siguran\u021ba acesteia \u0219i se \u00eentreab\u0103 dac\u0103 aplica\u021bia prezint\u0103 riscuri pentru dispozitivele lor sau pentru confiden\u021bialitate.<\/p>\n<p>\u00cenainte de a concluziona ceva despre <strong>siguran\u021ba snaptube<\/strong>, trebuie s\u0103 lu\u0103m \u00een considerare diverse aspecte, inclusiv disponibilitatea aplica\u021biei \u00een magazinele oficiale de aplica\u021bii, cerin\u021bele de permisiuni \u0219i experien\u021ba utilizatorului.<\/p>\n<p>[faq-1]<\/p>\n<p>[faq-2]<\/p>\n<h2 style=\"text-align: center;\">Testul de siguran\u021b\u0103 al Snaptube pe VirusTotal<\/h2>\n<p style=\"text-align: center;\"><strong>Pentru a evalua siguran\u021ba Snaptube, a fost efectuat un test VirusTotal.<\/strong><\/p>\n<p>VirusTotal este un site web care analizeaz\u0103 fi\u0219ierele \u0219i adresele URL pentru poten\u021biali viru\u0219i, viermi, troieni \u0219i alt con\u021binut r\u0103u inten\u021bionat. Utilizeaz\u0103 mai multe motoare antivirus \u0219i scanere de site-uri web pentru a oferi un raport detaliat privind siguran\u021ba con\u021binutului trimis.<\/p>\n<p>La trimiterea fi\u0219ierului APK al Snaptube c\u0103tre VirusTotal, rezultatele au fost lini\u0219titoare. <strong>Analiza a indicat c\u0103 aplica\u021bia este sigur\u0103 \u0219i lipsit\u0103 de con\u021binut r\u0103u inten\u021bionat<\/strong>. Aceast\u0103 constatare adaug\u0103 un nivel de \u00eencredere pentru utilizatorii care sunt preocupa\u021bi de siguran\u021ba aplica\u021biei, deoarece mai multe solu\u021bii antivirus de \u00eencredere au verificat-o.<\/p>\n<p>Pentru cei interesa\u021bi s\u0103 aprofundeze specificul testului, raportul detaliat poate fi accesat pe <a href=\"https:\/\/www.virustotal.com\/gui\/file\/2050196cc91a7bfe493ec1fed79fe22dea4dd5adb27ed5b912d133ceed02d8b0\/detection\" data-schema-attribute=\"mentions\" target=\"_blank\" rel=\"noopener\">site-ul VirusTotal<\/a>. Este \u00eentotdeauna o practic\u0103 bun\u0103 s\u0103 efectua\u021bi astfel de teste sau s\u0103 v\u0103 referi\u021bi la surse de \u00eencredere atunci c\u00e2nd ave\u021bi \u00eendoieli cu privire la siguran\u021ba oric\u0103rui software sau aplica\u021bie.<\/p>\n<p>[faq-3]<\/p>\n","protected":false},"excerpt":{"rendered":"<p>\u00cen ultimii ani, desc\u0103rcarea videoclipurilor de pe diverse platforme a devenit din ce \u00een ce mai popular\u0103, iar Snaptube a ap\u0103rut ca o aplica\u021bie utilizat\u0103 pe scar\u0103 larg\u0103. Aplica\u021bia a c\u00e2\u0219tigat o mul\u021bime de urm\u0103ritori datorit\u0103 interfe\u021bei sale u\u0219or de utilizat \u0219i a func\u021bionalit\u0103\u021bii diverse. Cu toate acestea, mai trebuie s\u0103 se r\u0103spund\u0103 la \u00eentreb\u0103ri [&hellip;]<\/p>\n","protected":false},"author":1,"featured_media":0,"parent":0,"menu_order":0,"comment_status":"closed","ping_status":"closed","template":"","meta":{"_acf_changed":false,"site-sidebar-layout":"default","site-content-layout":"","ast-site-content-layout":"default","site-content-style":"default","site-sidebar-style":"default","ast-global-header-display":"","ast-banner-title-visibility":"","ast-main-header-display":"","ast-hfb-above-header-display":"","ast-hfb-below-header-display":"","ast-hfb-mobile-header-display":"","site-post-title":"","ast-breadcrumbs-content":"disabled","ast-featured-img":"","footer-sml-layout":"","theme-transparent-header-meta":"default","adv-header-id-meta":"","stick-header-meta":"default","header-above-stick-meta":"","header-main-stick-meta":"","header-below-stick-meta":"","astra-migrate-meta-layouts":"set","ast-page-background-enabled":"default","ast-page-background-meta":{"desktop":{"background-color":"","background-image":"","background-repeat":"repeat","background-position":"center center","background-size":"auto","background-attachment":"scroll","background-type":"","background-media":"","overlay-type":"","overlay-color":"","overlay-opacity":"","overlay-gradient":""},"tablet":{"background-color":"","background-image":"","background-repeat":"repeat","background-position":"center center","background-size":"auto","background-attachment":"scroll","background-type":"","background-media":"","overlay-type":"","overlay-color":"","overlay-opacity":"","overlay-gradient":""},"mobile":{"background-color":"","background-image":"","background-repeat":"repeat","background-position":"center center","background-size":"auto","background-attachment":"scroll","background-type":"","background-media":"","overlay-type":"","overlay-color":"","overlay-opacity":"","overlay-gradient":""}},"ast-content-background-meta":{"desktop":{"background-color":"var(--ast-global-color-5)","background-image":"","background-repeat":"repeat","background-position":"center center","background-size":"auto","background-attachment":"scroll","background-type":"","background-media":"","overlay-type":"","overlay-color":"","overlay-opacity":"","overlay-gradient":""},"tablet":{"background-color":"var(--ast-global-color-5)","background-image":"","background-repeat":"repeat","background-position":"center center","background-size":"auto","background-attachment":"scroll","background-type":"","background-media":"","overlay-type":"","overlay-color":"","overlay-opacity":"","overlay-gradient":""},"mobile":{"background-color":"var(--ast-global-color-5)","background-image":"","background-repeat":"repeat","background-position":"center center","background-size":"auto","background-attachment":"scroll","background-type":"","background-media":"","overlay-type":"","overlay-color":"","overlay-opacity":"","overlay-gradient":""}},"footnotes":""},"class_list":["post-5265","page","type-page","status-publish","hentry"],"acf":[],"_links":{"self":[{"href":"https:\/\/snaptubeappz.com\/ro\/wp-json\/wp\/v2\/pages\/5265","targetHints":{"allow":["GET"]}}],"collection":[{"href":"https:\/\/snaptubeappz.com\/ro\/wp-json\/wp\/v2\/pages"}],"about":[{"href":"https:\/\/snaptubeappz.com\/ro\/wp-json\/wp\/v2\/types\/page"}],"author":[{"embeddable":true,"href":"https:\/\/snaptubeappz.com\/ro\/wp-json\/wp\/v2\/users\/1"}],"replies":[{"embeddable":true,"href":"https:\/\/snaptubeappz.com\/ro\/wp-json\/wp\/v2\/comments?post=5265"}],"version-history":[{"count":1,"href":"https:\/\/snaptubeappz.com\/ro\/wp-json\/wp\/v2\/pages\/5265\/revisions"}],"predecessor-version":[{"id":5439,"href":"https:\/\/snaptubeappz.com\/ro\/wp-json\/wp\/v2\/pages\/5265\/revisions\/5439"}],"wp:attachment":[{"href":"https:\/\/snaptubeappz.com\/ro\/wp-json\/wp\/v2\/media?parent=5265"}],"curies":[{"name":"wp","href":"https:\/\/api.w.org\/{rel}","templated":true}]}}