{"id":458,"date":"2020-03-13T14:22:39","date_gmt":"2020-03-13T14:22:39","guid":{"rendered":"https:\/\/snaptubeappz.com\/home"},"modified":"2025-09-08T13:40:39","modified_gmt":"2025-09-08T13:40:39","slug":"descarcati-snaptube-apk-android-2024-instalati-gratuit","status":"publish","type":"page","link":"https:\/\/snaptubeappz.com\/ro\/","title":{"rendered":"Desc\u0103rca\u021bi Snaptube Apk Android 2025 &#8211; Instala\u021bi GRATUIT"},"content":{"rendered":"<p style=\"text-align: center;\">[btn-1]<\/p>\n<p style=\"text-align: center;\">[img-1]<\/p>\n<p style=\"text-align: center;\">[link-1]<\/p>\n<p style=\"text-align: center;\">[btn-2]<\/p>\n<p style=\"text-align: center;\">[table]<\/p>\n<h2 style=\"text-align: center;\"><strong>Ce este Snaptube?<\/strong><\/h2>\n<p><strong>Snaptube<\/strong> este o aplica\u021bie Android care descarc\u0103 f\u0103r\u0103 efort videoclipuri de pe re\u021belele sociale populare \u0219i de pe alte site-uri de divertisment precum YouTube, Facebook, TikTok, Instagram, DailyMotion \u0219i WhatsApp. Snaptube permite, de asemenea, utilizatorilor s\u0103 converteasc\u0103 fi\u0219ierele video \u00een format MP3 \u0219i s\u0103 le salveze pentru acces rapid.<\/p>\n<p>Snaptube a debutat oficial \u00een noiembrie 2014, iar aproape 1 miliard de persoane au desc\u0103rcat aplica\u021bia la nivel global. Num\u0103rul de videoclipuri desc\u0103rcate zilnic este de peste 90 de milioane. Din p\u0103cate, Snaptube nu mai este disponibil\u0103 \u00een Google Play Store.<\/p>\n<p>Ea este sus\u021binut\u0103 \u00een magazine de aplica\u021bii bine cunoscute, inclusiv Uptodown.com, Aptoide.com \u0219i magazinul 9Apps. <strong>Aplica\u021bia Snaptube<\/strong> ofer\u0103 audio \u00een formate MP3 \u0219i M4A \u0219i video \u00een 144p, 720p, 1080p HD, 2K HD \u0219i 4K HD.<\/p>\n<p>[table_of_content]<\/p>\n<p>[install]<\/p>\n<p>[how-to-use]<\/p>\n<h2 style=\"text-align: center;\"><strong>Caracteristici ale Snaptube<\/strong><\/h2>\n<p>Snaptube are diverse caracteristici care se adreseaz\u0103 utilizatorilor care doresc s\u0103 descarce \u0219i s\u0103 gestioneze con\u021binut multimedia. Iat\u0103 o list\u0103 detaliat\u0103 a principalelor sale caracteristici:<\/p>\n<p>[features]<\/p>\n<h2 style=\"text-align: center;\"><strong>Siguran\u021ba \u0219i confiden\u021bialitatea Snaptube<\/strong><\/h2>\n<p><strong> Siguran\u021ba \u0219i confiden\u021bialitatea utiliz\u0103rii unei aplica\u021bii precum Snaptube sunt considerente esen\u021biale<\/strong>. De\u0219i Snaptube ofer\u0103 o modalitate convenabil\u0103 de a desc\u0103rca videoclipuri \u0219i muzic\u0103, utilizatorii trebuie s\u0103 fie con\u0219tien\u021bi de mai multe aspecte legate de siguran\u021b\u0103 \u0219i confiden\u021bialitate.<\/p>\n<p>[safety]<\/p>\n<h2 style=\"text-align: center;\"><strong>Snaptube Ultima versiune Changelog<\/strong><\/h2>\n<p>Cea <strong>mai recent\u0103 versiune a Snaptube<\/strong> a introdus o serie de \u00eembun\u0103t\u0103\u021biri \u0219i noi actualiz\u0103ri pentru a \u00eembun\u0103t\u0103\u021bi experien\u021ba \u0219i func\u021bionalitatea utilizatorilor:<\/p>\n<p>[changelog]<\/p>\n<h2 style=\"text-align: center;\"><strong>Snaptube Original vs Fake<\/strong><\/h2>\n<p><strong>Distinc\u021bia dintre Snaptube original \u0219i omologii s\u0103i fal\u0219i este crucial\u0103 pentru securitatea utilizatorilor.<\/strong><\/p>\n<p>Snaptube original, cunoscut pentru u\u0219urin\u021ba cu care permite desc\u0103rcarea de videoclipuri de pe platforme precum YouTube \u0219i Facebook, poate fi desc\u0103rcat \u00een siguran\u021b\u0103 de pe site-ul nostru. \u00cen acela\u0219i timp, a versiunile false p\u00e2ndesc adesea pe surse ter\u021be.<\/p>\n<p><strong>Autenticitatea este verificat\u0103 suplimentar prin verificarea dezvolt\u0103rii aplica\u021biei sub Mobiuspace<\/strong>, notat\u0103 \u00een descrierea aplica\u021biei pe canalele oficiale. Adev\u0103ratul Snaptube ofer\u0103 o interfa\u021b\u0103 simpl\u0103 \u0219i prietenoas\u0103, cu un browser \u00eencorporat, care suport\u0103 diverse rezolu\u021bii \u0219i formate video, spre deosebire de falsuri, care sunt pline de reclame excesive \u0219i cereri de permisiune irelevante, steaguri ro\u0219ii clare.<\/p>\n<p>Aceste aplica\u021bii contraf\u0103cute nu numai c\u0103 risc\u0103 s\u0103 introduc\u0103 malware pe dispozitivul dvs., dar reprezint\u0103, de asemenea, o amenin\u021bare pentru informa\u021biile dvs. personale. Raportarea oric\u0103rei aplica\u021bii Snaptube suspecte \u0219i false c\u0103tre magazinul de aplica\u021bii sau direct c\u0103tre noi este esen\u021bial\u0103 pentru a combate acest lucru. \u00cen esen\u021b\u0103, opta\u021bi \u00eentotdeauna pentru desc\u0103rc\u0103ri din surse de \u00eencredere, cum ar fi site-ul nostru, \u0219i fi\u021bi aten\u021bi la semnele aplica\u021biilor contraf\u0103cute pentru a v\u0103 proteja dispozitivul \u0219i datele personale.<\/p>\n<p>[faq]<\/p>\n<p style=\"text-align: center;\">[link-3]<\/p>\n<div id=\"gtx-trans\" style=\"position: absolute; left: 700px; top: 135.109px;\">\n<div class=\"gtx-trans-icon\"><\/div>\n<\/div>\n","protected":false},"excerpt":{"rendered":"<p>[btn-1] [img-1] [link-1] [btn-2] [table] Ce este Snaptube? Snaptube este o aplica\u021bie Android care descarc\u0103 f\u0103r\u0103 efort videoclipuri de pe re\u021belele sociale populare \u0219i de pe alte site-uri de divertisment precum YouTube, Facebook, TikTok, Instagram, DailyMotion \u0219i WhatsApp. Snaptube permite, de asemenea, utilizatorilor s\u0103 converteasc\u0103 fi\u0219ierele video \u00een format MP3 \u0219i s\u0103 le salveze pentru [&hellip;]<\/p>\n","protected":false},"author":1,"featured_media":0,"parent":0,"menu_order":0,"comment_status":"closed","ping_status":"closed","template":"","meta":{"_acf_changed":false,"site-sidebar-layout":"no-sidebar","site-content-layout":"plain-container","ast-site-content-layout":"normal-width-container","site-content-style":"unboxed","site-sidebar-style":"unboxed","ast-global-header-display":"","ast-banner-title-visibility":"","ast-main-header-display":"","ast-hfb-above-header-display":"","ast-hfb-below-header-display":"","ast-hfb-mobile-header-display":"","site-post-title":"","ast-breadcrumbs-content":"disabled","ast-featured-img":"disabled","footer-sml-layout":"","theme-transparent-header-meta":"default","adv-header-id-meta":"","stick-header-meta":"default","header-above-stick-meta":"","header-main-stick-meta":"","header-below-stick-meta":"","astra-migrate-meta-layouts":"set","ast-page-background-enabled":"default","ast-page-background-meta":{"desktop":{"background-color":"","background-image":"","background-repeat":"repeat","background-position":"center center","background-size":"auto","background-attachment":"scroll","background-type":"","background-media":"","overlay-type":"","overlay-color":"","overlay-opacity":"","overlay-gradient":""},"tablet":{"background-color":"","background-image":"","background-repeat":"repeat","background-position":"center center","background-size":"auto","background-attachment":"scroll","background-type":"","background-media":"","overlay-type":"","overlay-color":"","overlay-opacity":"","overlay-gradient":""},"mobile":{"background-color":"","background-image":"","background-repeat":"repeat","background-position":"center center","background-size":"auto","background-attachment":"scroll","background-type":"","background-media":"","overlay-type":"","overlay-color":"","overlay-opacity":"","overlay-gradient":""}},"ast-content-background-meta":{"desktop":{"background-color":"var(--ast-global-color-5)","background-image":"","background-repeat":"repeat","background-position":"center center","background-size":"auto","background-attachment":"scroll","background-type":"","background-media":"","overlay-type":"","overlay-color":"","overlay-opacity":"","overlay-gradient":""},"tablet":{"background-color":"var(--ast-global-color-5)","background-image":"","background-repeat":"repeat","background-position":"center center","background-size":"auto","background-attachment":"scroll","background-type":"","background-media":"","overlay-type":"","overlay-color":"","overlay-opacity":"","overlay-gradient":""},"mobile":{"background-color":"var(--ast-global-color-5)","background-image":"","background-repeat":"repeat","background-position":"center center","background-size":"auto","background-attachment":"scroll","background-type":"","background-media":"","overlay-type":"","overlay-color":"","overlay-opacity":"","overlay-gradient":""}},"footnotes":""},"class_list":["post-458","page","type-page","status-publish","hentry"],"acf":[],"_links":{"self":[{"href":"https:\/\/snaptubeappz.com\/ro\/wp-json\/wp\/v2\/pages\/458","targetHints":{"allow":["GET"]}}],"collection":[{"href":"https:\/\/snaptubeappz.com\/ro\/wp-json\/wp\/v2\/pages"}],"about":[{"href":"https:\/\/snaptubeappz.com\/ro\/wp-json\/wp\/v2\/types\/page"}],"author":[{"embeddable":true,"href":"https:\/\/snaptubeappz.com\/ro\/wp-json\/wp\/v2\/users\/1"}],"replies":[{"embeddable":true,"href":"https:\/\/snaptubeappz.com\/ro\/wp-json\/wp\/v2\/comments?post=458"}],"version-history":[{"count":7,"href":"https:\/\/snaptubeappz.com\/ro\/wp-json\/wp\/v2\/pages\/458\/revisions"}],"predecessor-version":[{"id":6009,"href":"https:\/\/snaptubeappz.com\/ro\/wp-json\/wp\/v2\/pages\/458\/revisions\/6009"}],"wp:attachment":[{"href":"https:\/\/snaptubeappz.com\/ro\/wp-json\/wp\/v2\/media?parent=458"}],"curies":[{"name":"wp","href":"https:\/\/api.w.org\/{rel}","templated":true}]}}