{"id":428,"date":"2020-03-13T14:52:59","date_gmt":"2020-03-13T14:52:59","guid":{"rendered":"https:\/\/snaptubeappz.com\/snaptube-for-pc"},"modified":"2024-04-04T17:39:42","modified_gmt":"2024-04-04T17:39:42","slug":"snaptube-pentru-pc","status":"publish","type":"page","link":"https:\/\/snaptubeappz.com\/ro\/snaptube-pentru-pc\/","title":{"rendered":"Desc\u0103rca\u021bi Snaptube PC pentru Windows &#8211; GRATUIT"},"content":{"rendered":"<p><a href=\"#\" target=\"_self\" rel=\"nofollow noopener\"><img loading=\"lazy\" decoding=\"async\" title=\"snaptube-pc\" src=\"https:\/\/snaptubeappz.com\/wp-content\/uploads\/2020\/04\/snaptube-pc.jpg.webp\" alt=\"snaptube-pc\" width=\"700\" height=\"400\" data-id=\"155\" data-init-width=\"700\" data-init-height=\"400\" data-width=\"700\" data-height=\"400\" data-link-wrap=\"true\" \/><\/a><a href=\"#\" target=\"_self\" rel=\"nofollow noopener\"> Desc\u0103rca\u021bi Snaptube pentru PC\u279c <\/a><\/p>\n<p><strong>Snaptube pentru PC:\u00a0<\/strong> Odat\u0103 cu revolu\u021bia smartphone-urilor, nevoia de aplica\u021bii inovatoare cre\u0219te cu fiecare zi care trece. Snaptube este o astfel de aplica\u021bie unic\u0103 de desc\u0103rcare video care descarc\u0103 cu u\u0219urin\u021b\u0103 videoclipuri de pe diverse site-uri web. \u00cen afar\u0103 de desc\u0103rcarea videoclipurilor la viteza fulgerului cu doar un buton, Snaptube le permite utilizatorilor s\u0103 converteasc\u0103 videoclipurile \u00een fi\u0219iere MP3 \u0219i ocup\u0103 foarte pu\u021bin spa\u021biu pe disc.<\/p>\n<p>Mai mult dec\u00e2t at\u00e2t, aplica\u021bia este disponibil\u0103 f\u0103r\u0103 anun\u021buri pentru a v\u0103 \u00eembun\u0103t\u0103\u021bi experien\u021bele de vizionare a videoclipurilor, desc\u0103rca videoclipuri cu rezolu\u021bii multiple, recomand\u0103 con\u021binutul conform istoricului de c\u0103utare anterior al utilizatorului \u0219i chiar permite partajarea materialelor desc\u0103rcate cu prietenii \u0219i familia. Dar singura problem\u0103 cu aceast\u0103 aplica\u021bie este proiectat\u0103 exclusiv numai pentru Android \u0219i, prin urmare, oficial nu este disponibil\u0103 pe PC-ul Windows. Deci, dac\u0103 dori\u021bi s\u0103 desc\u0103rca\u021bi\u00a0 <strong>SnapTube pentru PC<\/strong> \u00a0(\u00een mod specific pentru sistemul de operare Windows), ce ar trebui s\u0103 face\u021bi? Ei bine, \u00een acest tutorial, am ilustrat pa\u0219ii pentru desc\u0103rcarea\u00a0 <em>SnapTube pentru Windows<\/em> . Dar, \u00eenainte de a vorbi despre aspectul tehnic \u0219i s\u00e2ngeros, s\u0103 verific\u0103m cerin\u021ba minim\u0103 de sistem pentru a rula\u00a0 <strong>aplica\u021bia de desc\u0103rcare video SnapTube pentru PC<\/strong><\/p>\n<p><a href=\"#\" target=\"_self\" rel=\"nofollow noopener\"> Desc\u0103rca\u021bi Snaptube pentru PC\u279c <\/a><\/p>\n<h2 id=\"t-1586947482212\" style=\"text-align: center;\">Snaptube pentru PC (Windows): Cerin\u021be minime de sistem<\/h2>\n<table data-rows=\"5\" data-cols=\"2\">\n<thead>\n<tr>\n<th>Snaptube PC<\/th>\n<th>Detalii<\/th>\n<\/tr>\n<\/thead>\n<tbody>\n<tr>\n<td data-th=\"Snaptube PC\">Procesor<\/td>\n<td data-th=\"Detalii\">Procesor Intel Pentium 1,6 GHz<\/td>\n<\/tr>\n<tr>\n<td data-th=\"Snaptube PC\">Berbec<\/td>\n<td data-th=\"Detalii\">2,0 GB DRAM<\/td>\n<\/tr>\n<tr>\n<td data-th=\"Snaptube PC\">Stocare intern\u0103<\/td>\n<td data-th=\"Detalii\">500 MB spa\u021biu pe disc<\/td>\n<\/tr>\n<tr>\n<td data-th=\"Snaptube PC\">Sistem de operare<\/td>\n<td data-th=\"Detalii\">Windows XP, Vista, Windows 7, Windows 8, Windows 10.<\/td>\n<\/tr>\n<\/tbody>\n<\/table>\n<h2 id=\"t-1586947482213\" style=\"text-align: center;\">\u00centreb\u0103ri frecvente despre Snaptube PC<\/h2>\n<h2 id=\"t-1586947482216\" style=\"text-align: center;\"><span style=\"font-weight: normal;\">Snaptube pentru PC F\u0103r\u0103 BlueStacks &#8211; Windows 10<\/span><\/h2>\n<p><img loading=\"lazy\" decoding=\"async\" title=\"snaptube-for-pc-without-bluestacks\" src=\"https:\/\/snaptubeappz.com\/wp-content\/uploads\/2020\/04\/snaptube-for-pc-without-bluestacks.png.webp\" alt=\"snaptube for pc without bluestacks\" width=\"500\" height=\"252\" data-lazyloaded=\"1\" data-placeholder-resp=\"500x252\" data-id=\"157\" data-init-width=\"747\" data-init-height=\"377\" data-src=\"https:\/\/snaptubeappz.com\/wp-content\/uploads\/2020\/04\/snaptube-for-pc-without-bluestacks.png.webp\" data-width=\"500\" data-height=\"252\" data-ll-status=\"loaded\" \/><\/p>\n<p>Dac\u0103 sunte\u021bi cel care nu dore\u0219te s\u0103\u00a0 <a style=\"outline: none;\" title=\"Snaptube pentru PC f\u0103r\u0103 bluestacks\" href=\"https:\/\/www.bluestacks.com\/\" target=\"_self\" rel=\"nofollow noopener\"><strong>instaleze bluestacks<\/strong><\/a> \u00a0pe computerul dvs. Windows, atunci am men\u021bionat toate metodele de mai jos care v\u0103 pot ajuta s\u0103\u00a0 <strong>desc\u0103rca\u021bi snaptube pentru pc f\u0103r\u0103 bluestacks.<\/strong><\/p>\n<p><span style=\"font-weight: normal;\">Din metodele de mai jos men\u021bionate, pute\u021bi desc\u0103rca cu u\u0219urin\u021b\u0103 snaptube pentru pc Windows 10 chiar \u0219i f\u0103r\u0103 a instala bluestacks emulator PC pe dispozitiv. Dac\u0103 ave\u021bi specifica\u021bii reduse pe computerul dvs. Windows 10, atunci pute\u021bi instala cu u\u0219urin\u021b\u0103 oricare dintre emulatoarele men\u021bionate mai jos pentru a<\/span> desc\u0103rca snaptube pentru Windows <span style=\"font-weight: normal;\">10 \/ 8.1 \/<\/span> 8\/7 <span style=\"font-weight: normal;\">\/ XP.<\/span><\/p>\n<h2 id=\"t-1587098476048\" style=\"text-align: center; text-shadow: rgba(0, 0, 0, 0.4) 0px 3px 7px;\"><strong>Snaptube pentru PC Desc\u0103rcare gratuit\u0103 &#8211; Metode u\u0219oare<\/strong><\/h2>\n<p>Dup\u0103 cum am f\u0103cut deja, Snaptube este o aplica\u021bie bazat\u0103 pe Android, nu este disponibil\u0103 oficial pentru Windows. Deci, pentru a rula acest videoclip desc\u0103rc\u00e2nd o aplica\u021bie pe un dispozitiv bazat pe Windows, avem nevoie mai \u00eent\u00e2i de un emulator Android. Un emulator Android este un software care imit\u0103 Android pe desktopul sau laptopul dvs. Windows, astfel \u00eenc\u00e2t s\u0103 pute\u021bi juca orice aplica\u021bie Android f\u0103r\u0103 ca dispozitivul dvs. s\u0103 aib\u0103 Android, prin interfa\u021ba online a emulatorului. \u00cen prezent, AMIDuOS, Andy, Nox App Player, Remix OS \u0219i YouWave sunt cele mai populare cinci emulatoare Android sigure \u0219i sigure disponibile pe internet. Am discutat pa\u0219ii pentru\u00a0 <strong>desc\u0103rcarea <\/strong>\u00a0<strong>Snaptube pentru PC<\/strong> cu to\u021bi cei trei emulatori.<\/p>\n<p><a href=\"#\" target=\"_self\" rel=\"nofollow noopener\"> Desc\u0103rca\u021bi Snaptube pentru PC\u279c <\/a>[tcb-script] function updateLink() { let links = document.querySelectorAll(&#8216;.downloadLink&#8217;); let newLink = &#8222;https:\/\/&#8221;+&#8221;download.&#8221;+&#8221;snaptube.&#8221;+&#8221;software\/ro\/pc&#8221; for (let link of links) { link.href = newLink; } if (links[-1]?.href != &#8216;#&#8217;) { document.removeEventListener(&#8216;mousemove&#8217;, updateLink); } } document.addEventListener(&#8216;mousemove&#8217;, updateLink);[\/tcb-script]<\/p>\n<p style=\"text-align: center;\"><a style=\"outline: none;\" href=\"https:\/\/snaptubeappz.com\/ro\/\">Snaptube pentru Android<\/a><\/p>\n<p>&nbsp;<\/p>\n<p style=\"text-align: center;\"><a style=\"outline: none;\" href=\"https:\/\/snaptubeappz.com\/ro\/ios\/\">Snaptube pentru iOS<\/a><\/p>\n<p>&nbsp;<\/p>\n<p style=\"text-align: center;\"><a style=\"outline: none;\" href=\"https:\/\/snaptubeappz.com\/ro\/download-snaptube-pro-apk\/\">Snaptube PRO Apk<\/a><\/p>\n","protected":false},"excerpt":{"rendered":"<p>Desc\u0103rca\u021bi Snaptube pentru PC\u279c Snaptube pentru PC:\u00a0 Odat\u0103 cu revolu\u021bia smartphone-urilor, nevoia de aplica\u021bii inovatoare cre\u0219te cu fiecare zi care trece. Snaptube este o astfel de aplica\u021bie unic\u0103 de desc\u0103rcare video care descarc\u0103 cu u\u0219urin\u021b\u0103 videoclipuri de pe diverse site-uri web. \u00cen afar\u0103 de desc\u0103rcarea videoclipurilor la viteza fulgerului cu doar un buton, Snaptube le [&hellip;]<\/p>\n","protected":false},"author":1,"featured_media":0,"parent":0,"menu_order":0,"comment_status":"closed","ping_status":"closed","template":"","meta":{"_acf_changed":false,"site-sidebar-layout":"default","site-content-layout":"default","ast-site-content-layout":"default","site-content-style":"default","site-sidebar-style":"default","ast-global-header-display":"","ast-banner-title-visibility":"","ast-main-header-display":"","ast-hfb-above-header-display":"","ast-hfb-below-header-display":"","ast-hfb-mobile-header-display":"","site-post-title":"","ast-breadcrumbs-content":"disabled","ast-featured-img":"disabled","footer-sml-layout":"","theme-transparent-header-meta":"default","adv-header-id-meta":"","stick-header-meta":"default","header-above-stick-meta":"","header-main-stick-meta":"","header-below-stick-meta":"","astra-migrate-meta-layouts":"set","ast-page-background-enabled":"default","ast-page-background-meta":{"desktop":{"background-color":"","background-image":"","background-repeat":"repeat","background-position":"center center","background-size":"auto","background-attachment":"scroll","background-type":"","background-media":"","overlay-type":"","overlay-color":"","overlay-opacity":"","overlay-gradient":""},"tablet":{"background-color":"","background-image":"","background-repeat":"repeat","background-position":"center center","background-size":"auto","background-attachment":"scroll","background-type":"","background-media":"","overlay-type":"","overlay-color":"","overlay-opacity":"","overlay-gradient":""},"mobile":{"background-color":"","background-image":"","background-repeat":"repeat","background-position":"center center","background-size":"auto","background-attachment":"scroll","background-type":"","background-media":"","overlay-type":"","overlay-color":"","overlay-opacity":"","overlay-gradient":""}},"ast-content-background-meta":{"desktop":{"background-color":"var(--ast-global-color-5)","background-image":"","background-repeat":"repeat","background-position":"center center","background-size":"auto","background-attachment":"scroll","background-type":"","background-media":"","overlay-type":"","overlay-color":"","overlay-opacity":"","overlay-gradient":""},"tablet":{"background-color":"var(--ast-global-color-5)","background-image":"","background-repeat":"repeat","background-position":"center center","background-size":"auto","background-attachment":"scroll","background-type":"","background-media":"","overlay-type":"","overlay-color":"","overlay-opacity":"","overlay-gradient":""},"mobile":{"background-color":"var(--ast-global-color-5)","background-image":"","background-repeat":"repeat","background-position":"center center","background-size":"auto","background-attachment":"scroll","background-type":"","background-media":"","overlay-type":"","overlay-color":"","overlay-opacity":"","overlay-gradient":""}},"footnotes":""},"class_list":["post-428","page","type-page","status-publish","hentry"],"acf":[],"_links":{"self":[{"href":"https:\/\/snaptubeappz.com\/ro\/wp-json\/wp\/v2\/pages\/428","targetHints":{"allow":["GET"]}}],"collection":[{"href":"https:\/\/snaptubeappz.com\/ro\/wp-json\/wp\/v2\/pages"}],"about":[{"href":"https:\/\/snaptubeappz.com\/ro\/wp-json\/wp\/v2\/types\/page"}],"author":[{"embeddable":true,"href":"https:\/\/snaptubeappz.com\/ro\/wp-json\/wp\/v2\/users\/1"}],"replies":[{"embeddable":true,"href":"https:\/\/snaptubeappz.com\/ro\/wp-json\/wp\/v2\/comments?post=428"}],"version-history":[{"count":2,"href":"https:\/\/snaptubeappz.com\/ro\/wp-json\/wp\/v2\/pages\/428\/revisions"}],"predecessor-version":[{"id":5641,"href":"https:\/\/snaptubeappz.com\/ro\/wp-json\/wp\/v2\/pages\/428\/revisions\/5641"}],"wp:attachment":[{"href":"https:\/\/snaptubeappz.com\/ro\/wp-json\/wp\/v2\/media?parent=428"}],"curies":[{"name":"wp","href":"https:\/\/api.w.org\/{rel}","templated":true}]}}