{"id":3352,"date":"2020-03-13T03:29:37","date_gmt":"2020-03-13T03:29:37","guid":{"rendered":"https:\/\/snaptubeappz.com\/privacy-policy\/"},"modified":"2023-02-26T06:27:16","modified_gmt":"2023-02-26T06:27:16","slug":"privacy-policy","status":"publish","type":"page","link":"https:\/\/snaptubeappz.com\/ro\/privacy-policy\/","title":{"rendered":"Politica de confiden\u021bialitate"},"content":{"rendered":"<p>Bun venit la <a href=\"https:\/\/snaptubeappz.com\/ro\/\">https:\/\/snaptubeappz.com\/ro\/<\/a> (\u201eSite-ul\u201d). \u00cen\u021belegem c\u0103 confiden\u021bialitatea online este important\u0103 pentru utilizatorii Site-ului nostru, \u00een special atunci c\u00e2nd desf\u0103\u0219oar\u0103 afaceri. Aceast\u0103 declara\u021bie guverneaz\u0103 politicile noastre de confiden\u021bialitate cu privire la acei utilizatori ai Site-ului (\u201eVizitatorii\u201d) care viziteaz\u0103 f\u0103r\u0103 a efectua tranzac\u021bii comerciale \u0219i Vizitatorii care se \u00eenregistreaz\u0103 pentru a tranzac\u021biona afaceri pe Site \u0219i utilizeaz\u0103 diferitele servicii oferite de Snaptube Appz (colectiv, \u201eServicii \u201d) (\u201eClien\u021bi autoriza\u021bi\u201d).<\/p>\n<p><b>\u201eInforma\u021bii de identificare personal\u0103\u201d<\/b><\/p>\n<p>se refer\u0103 la orice informa\u021bie care identific\u0103 sau poate fi utilizat\u0103 pentru a identifica, contacta sau localiza persoana c\u0103reia \u00eei apar\u021bin astfel de informa\u021bii, inclusiv, dar f\u0103r\u0103 a se limita la, nume, adres\u0103, num\u0103r de telefon, num\u0103r de fax, adres\u0103 de e-mail, profiluri financiare, asigur\u0103ri sociale num\u0103rul \u0219i informa\u021biile despre cardul de credit. Personal, Informa\u021biile de identificare nu includ informa\u021bii care sunt colectate anonim (adic\u0103 f\u0103r\u0103 identificarea utilizatorului individual) sau informa\u021bii demografice care nu au leg\u0103tur\u0103 cu o persoan\u0103 identificat\u0103.<\/p>\n<p><b>Ce informa\u021bii de identificare personal\u0103 sunt colectate?<\/b><\/p>\n<p>Este posibil s\u0103 colect\u0103m informa\u021bii de baz\u0103 despre profilul utilizatorului de la to\u021bi vizitatorii no\u0219tri. Colect\u0103m urm\u0103toarele informa\u021bii suplimentare de la clien\u021bii no\u0219tri autoriza\u021bi: numele, adresele, numerele de telefon \u0219i adresele de e-mail ale clien\u021bilor autoriza\u021bi, natura \u0219i dimensiunea afacerii \u0219i natura \u0219i dimensiunea inventarului publicitar pe care clientul autorizat inten\u021bioneaz\u0103 s\u0103-l cumpere sau vinde.<\/p>\n<p><b>Ce organiza\u021bii colecteaz\u0103 informa\u021biile?<\/b><\/p>\n<p>\u00cen plus fa\u021b\u0103 de colectarea noastr\u0103 direct\u0103 de informa\u021bii, furnizorii no\u0219tri ter\u021bi de servicii (cum ar fi companiile de carduri de credit, casele de compensare \u0219i b\u0103ncile) care pot furniza servicii precum servicii de credit, asigurare \u0219i escrow pot colecta aceste informa\u021bii de la vizitatorii \u0219i clien\u021bii no\u0219tri autoriza\u021bi. Nu control\u0103m modul \u00een care aceste ter\u021be p\u0103r\u021bi utilizeaz\u0103 astfel de informa\u021bii, dar le cerem s\u0103 dezv\u0103luie modul \u00een care folosesc informa\u021biile personale furnizate de vizitatori \u0219i clien\u021bi autoriza\u021bi. Unii dintre ace\u0219ti ter\u021bi pot fi intermediari care ac\u021bioneaz\u0103 exclusiv ca verigi \u00een lan\u021bul de distribu\u021bie \u0219i nu stocheaz\u0103, re\u021bin sau utilizeaz\u0103 informa\u021biile care le sunt furnizate.<\/p>\n<p><b>Cum folose\u0219te site-ul informa\u021biile de identificare personal\u0103?<\/b><\/p>\n<p>Folosim informa\u021bii de identificare personal\u0103 pentru a personaliza site-ul, pentru a face oferte de servicii adecvate \u0219i pentru a \u00eendeplini cererile de cump\u0103rare \u0219i v\u00e2nzare de pe site. Putem trimite e-mail Vizitatorilor \u0219i Clien\u021bilor Autoriza\u021bi cu privire la cercetare sau oportunit\u0103\u021bi de cump\u0103rare \u0219i v\u00e2nzare de pe Site sau informa\u021bii legate de subiectul Site-ului. De asemenea, putem folosi informa\u021bii de identificare personal\u0103 pentru a contacta vizitatorii \u0219i clien\u021bii autoriza\u021bi ca r\u0103spuns la \u00eentreb\u0103ri specifice sau pentru a furniza informa\u021biile solicitate.<\/p>\n<p><b>Cu cine pot fi partajate informa\u021biile?<\/b><\/p>\n<p>Informa\u021biile de identificare personal\u0103 despre clien\u021bii autoriza\u021bi pot fi partajate cu al\u021bi clien\u021bi autoriza\u021bi care doresc s\u0103 evalueze poten\u021bialele tranzac\u021bii cu al\u021bi clien\u021bi autoriza\u021bi. Putem partaja informa\u021bii agregate despre vizitatorii no\u0219tri, inclusiv datele demografice ale vizitatorilor no\u0219tri \u0219i ale clien\u021bilor autoriza\u021bi, cu agen\u021biile noastre afiliate \u0219i furnizorii ter\u021bi. De asemenea, oferim posibilitatea de a \u201erenun\u021ba\u201d la primirea informa\u021biilor sau a fi contactat de noi sau de orice agen\u021bie care ac\u021bioneaz\u0103 \u00een numele nostru.<\/p>\n<p><b>Cum sunt stocate informa\u021biile de identificare personal\u0103?<\/b><\/p>\n<p>Informa\u021biile de identificare personal\u0103 colectate de Snaptube Appz sunt stocate \u00een siguran\u021b\u0103 \u0219i nu sunt accesibile ter\u021bilor sau angaja\u021bilor Snaptube Appz, cu excep\u021bia utiliz\u0103rii conform indica\u021biilor de mai sus.<\/p>\n<p>Ce op\u021biuni sunt disponibile vizitatorilor \u00een ceea ce prive\u0219te colectarea, utilizarea \u0219i distribuirea informa\u021biilor?<\/p>\n<p>Vizitatorii \u0219i Clien\u021bii Autoriza\u021bi pot renun\u021ba la primirea de informa\u021bii nesolicitate de la noi \u0219i\/sau furnizorii \u0219i agen\u021biile afiliate sau s\u0103 fie contacta\u021bi de noi, r\u0103spunz\u00e2nd la e-mailuri conform instruc\u021biunilor sau contact\u00e2ndu-ne la<\/p>\n<p><b>Sunt cookie-urile folosite pe site?<\/b><\/p>\n<p>Cookie-urile sunt folosite dintr-o varietate de motive. Folosim cookie-uri pentru a ob\u021bine informa\u021bii despre preferin\u021bele vizitatorilor no\u0219tri \u0219i serviciile pe care ace\u0219tia le selecteaz\u0103. De asemenea, folosim cookie-uri \u00een scopuri de securitate pentru a ne proteja clien\u021bii autoriza\u021bi. De exemplu, dac\u0103 un Client autorizat este conectat \u0219i site-ul este nefolosit mai mult de 10 minute, vom deconecta automat Clientul autorizat.<\/p>\n<p><b>Cum folose\u0219te Snaptube Appz informa\u021biile de conectare?<\/b><\/p>\n<p>Snaptube Appz utilizeaz\u0103 informa\u021bii de conectare, inclusiv, dar f\u0103r\u0103 a se limita la, adrese IP, ISP-uri \u0219i tipuri de browser, pentru a analiza tendin\u021bele, a administra Site-ul, a urm\u0103ri mi\u0219carea \u0219i utilizarea unui utilizator \u0219i pentru a colecta informa\u021bii demografice ample.<\/p>\n<p>Ce parteneri sau furnizori de servicii au acces la informa\u021bii de identificare personal\u0103 de la vizitatori \u0219i\/sau clien\u021bi autoriza\u021bi de pe site?<\/p>\n<p>Snaptube Appz a \u00eencheiat \u0219i va continua s\u0103 \u00eencheie parteneriate \u0219i alte afilieri cu un num\u0103r de furnizori. Ace\u0219ti furnizori pot avea acces la anumite informa\u021bii de identificare personal\u0103 pe baza necesit\u0103\u021bii de a cunoa\u0219te pentru a evalua Clien\u021bii autoriza\u021bi pentru eligibilitatea serviciilor. Politica noastr\u0103 de confiden\u021bialitate nu acoper\u0103 colectarea sau utilizarea acestor informa\u021bii. Dezv\u0103luirea informa\u021biilor de identificare personal\u0103 pentru a respecta legea. Vom dezv\u0103lui informa\u021bii de identificare personal\u0103 pentru a ne conforma unei hot\u0103r\u00e2ri judec\u0103tore\u0219ti sau a unei cita\u021bii sau a unei cereri din partea unei agen\u021bii de aplicare a legii de a elibera informa\u021bii. De asemenea, vom dezv\u0103lui informa\u021bii de identificare personal\u0103 atunci c\u00e2nd este necesar \u00een mod rezonabil pentru a proteja siguran\u021ba vizitatorilor \u0219i clien\u021bilor no\u0219tri autoriza\u021bi.<\/p>\n<p><b>Cum p\u0103streaz\u0103 Site-ul \u00een siguran\u021b\u0103 informa\u021biile de identificare personal\u0103?<\/b><\/p>\n<p>To\u021bi angaja\u021bii no\u0219tri sunt familiariza\u021bi cu politica \u0219i practicile noastre de securitate. Informa\u021biile de identificare personal\u0103 ale vizitatorilor \u0219i clien\u021bilor no\u0219tri autoriza\u021bi sunt accesibile doar unui num\u0103r limitat de angaja\u021bi califica\u021bi c\u0103rora li se ofer\u0103 o parol\u0103 pentru a avea acces la informa\u021bii. Ne audit\u0103m sistemele \u0219i procesele de securitate \u00een mod regulat. Informa\u021biile sensibile, cum ar fi numerele c\u0103r\u021bilor de credit sau numerele de securitate social\u0103, sunt protejate prin protocoale de criptare, existente pentru a proteja informa\u021biile trimise pe Internet. De\u0219i lu\u0103m m\u0103suri rezonabile din punct de vedere comercial pentru a men\u021bine un site securizat, comunica\u021biile electronice \u0219i bazele de date sunt supuse erorilor, modific\u0103rilor \u0219i spargerii \u0219i nu putem garanta sau garanta c\u0103 astfel de evenimente nu vor avea loc \u0219i nu vom fi r\u0103spunz\u0103tori fa\u021b\u0103 de vizitatori sau Clien\u021bi autoriza\u021bi pentru orice astfel de evenimente.<\/p>\n<p><b>Cum pot vizitatorii s\u0103 corecteze orice inexactitate \u00een informa\u021biile de identificare personal\u0103?<\/b><\/p>\n<p>Vizitatorii \u0219i clien\u021bii autoriza\u021bi ne pot contacta pentru a actualiza informa\u021biile de identificare personal\u0103 despre ei sau pentru a corecta orice inexactit\u0103\u021bi, trimi\u021b\u00e2ndu-ne un e-mail la apksnaptubeinfo@gmail.com<\/p>\n<p><b>Poate un Vizitator s\u0103 \u0219tearg\u0103 sau s\u0103 dezactiveze Informa\u021biile de identificare personal\u0103 colectate de Site?<\/b><\/p>\n<p>Oferim vizitatorilor \u0219i clien\u021bilor autoriza\u021bi un mecanism de \u0219tergere\/dezactivare a informa\u021biilor de identificare personal\u0103 din baza de date a site-ului, contact\u00e2nd . Cu toate acestea, din cauza copiilor de rezerv\u0103 \u0219i a \u00eenregistr\u0103rilor de \u0219tergeri, poate fi imposibil s\u0103 \u0219terge\u021bi intrarea unui Vizitator f\u0103r\u0103 a p\u0103stra unele informa\u021bii reziduale. O persoan\u0103 care solicit\u0103 dezactivarea informa\u021biilor de identificare personal\u0103 va avea aceste informa\u021bii \u0219terse din punct de vedere func\u021bional \u0219i nu vom vinde, transfera sau folosi informa\u021bii de identificare personal\u0103 referitoare la acea persoan\u0103 \u00een niciun fel \u00een continuare.<\/p>\n<p><b>Ce se \u00eent\u00e2mpl\u0103 dac\u0103 politica de confiden\u021bialitate se modific\u0103?<\/b><\/p>\n<p>Vom informa Vizitatorii \u0219i Clien\u021bii no\u0219tri autoriza\u021bi despre modific\u0103rile aduse politicii noastre de confiden\u021bialitate prin postarea acestor modific\u0103ri pe Site. Cu toate acestea, dac\u0103 ne schimb\u0103m politica de confiden\u021bialitate \u00eentr-o manier\u0103 care ar putea determina dezv\u0103luirea informa\u021biilor de identificare personal\u0103 pe care un vizitator sau un client autorizat a solicitat anterior s\u0103 nu fie dezv\u0103luite, vom contacta respectivul vizitator sau client autorizat pentru a-i permite acestuia s\u0103 \u00eempiedice acest vizitator sau client autorizat o astfel de dezv\u0103luire.<\/p>\n<p><b>Linkuri:<\/b><\/p>\n<p>https:\/\/snaptubeappz.com con\u021bine link-uri c\u0103tre alte site-uri web. V\u0103 rug\u0103m s\u0103 re\u021bine\u021bi c\u0103 atunci c\u00e2nd face\u021bi clic pe unul dintre aceste link-uri, v\u0103 muta\u021bi pe un alt site web. V\u0103 \u00eencuraj\u0103m s\u0103 citi\u021bi declara\u021biile de confiden\u021bialitate ale acestor site-uri legate, deoarece politicile lor de confiden\u021bialitate pot diferi de ale noastre.<\/p>\n","protected":false},"excerpt":{"rendered":"<p>Bun venit la https:\/\/snaptubeappz.com\/ro\/ (\u201eSite-ul\u201d). \u00cen\u021belegem c\u0103 confiden\u021bialitatea online este important\u0103 pentru utilizatorii Site-ului nostru, \u00een special atunci c\u00e2nd desf\u0103\u0219oar\u0103 afaceri. Aceast\u0103 declara\u021bie guverneaz\u0103 politicile noastre de confiden\u021bialitate cu privire la acei utilizatori ai Site-ului (\u201eVizitatorii\u201d) care viziteaz\u0103 f\u0103r\u0103 a efectua tranzac\u021bii comerciale \u0219i Vizitatorii care se \u00eenregistreaz\u0103 pentru a tranzac\u021biona afaceri pe Site \u0219i [&hellip;]<\/p>\n","protected":false},"author":1,"featured_media":0,"parent":0,"menu_order":0,"comment_status":"closed","ping_status":"open","template":"","meta":{"_acf_changed":false,"site-sidebar-layout":"default","site-content-layout":"default","ast-site-content-layout":"","site-content-style":"default","site-sidebar-style":"default","ast-global-header-display":"","ast-banner-title-visibility":"","ast-main-header-display":"","ast-hfb-above-header-display":"","ast-hfb-below-header-display":"","ast-hfb-mobile-header-display":"","site-post-title":"","ast-breadcrumbs-content":"","ast-featured-img":"","footer-sml-layout":"","theme-transparent-header-meta":"default","adv-header-id-meta":"","stick-header-meta":"default","header-above-stick-meta":"","header-main-stick-meta":"","header-below-stick-meta":"","astra-migrate-meta-layouts":"default","ast-page-background-enabled":"default","ast-page-background-meta":{"desktop":{"background-color":"","background-image":"","background-repeat":"repeat","background-position":"center center","background-size":"auto","background-attachment":"scroll","background-type":"","background-media":"","overlay-type":"","overlay-color":"","overlay-opacity":"","overlay-gradient":""},"tablet":{"background-color":"","background-image":"","background-repeat":"repeat","background-position":"center center","background-size":"auto","background-attachment":"scroll","background-type":"","background-media":"","overlay-type":"","overlay-color":"","overlay-opacity":"","overlay-gradient":""},"mobile":{"background-color":"","background-image":"","background-repeat":"repeat","background-position":"center center","background-size":"auto","background-attachment":"scroll","background-type":"","background-media":"","overlay-type":"","overlay-color":"","overlay-opacity":"","overlay-gradient":""}},"ast-content-background-meta":{"desktop":{"background-color":"var(--ast-global-color-5)","background-image":"","background-repeat":"repeat","background-position":"center center","background-size":"auto","background-attachment":"scroll","background-type":"","background-media":"","overlay-type":"","overlay-color":"","overlay-opacity":"","overlay-gradient":""},"tablet":{"background-color":"var(--ast-global-color-5)","background-image":"","background-repeat":"repeat","background-position":"center center","background-size":"auto","background-attachment":"scroll","background-type":"","background-media":"","overlay-type":"","overlay-color":"","overlay-opacity":"","overlay-gradient":""},"mobile":{"background-color":"var(--ast-global-color-5)","background-image":"","background-repeat":"repeat","background-position":"center center","background-size":"auto","background-attachment":"scroll","background-type":"","background-media":"","overlay-type":"","overlay-color":"","overlay-opacity":"","overlay-gradient":""}},"footnotes":""},"class_list":["post-3352","page","type-page","status-publish","hentry"],"acf":[],"_links":{"self":[{"href":"https:\/\/snaptubeappz.com\/ro\/wp-json\/wp\/v2\/pages\/3352","targetHints":{"allow":["GET"]}}],"collection":[{"href":"https:\/\/snaptubeappz.com\/ro\/wp-json\/wp\/v2\/pages"}],"about":[{"href":"https:\/\/snaptubeappz.com\/ro\/wp-json\/wp\/v2\/types\/page"}],"author":[{"embeddable":true,"href":"https:\/\/snaptubeappz.com\/ro\/wp-json\/wp\/v2\/users\/1"}],"replies":[{"embeddable":true,"href":"https:\/\/snaptubeappz.com\/ro\/wp-json\/wp\/v2\/comments?post=3352"}],"version-history":[{"count":0,"href":"https:\/\/snaptubeappz.com\/ro\/wp-json\/wp\/v2\/pages\/3352\/revisions"}],"wp:attachment":[{"href":"https:\/\/snaptubeappz.com\/ro\/wp-json\/wp\/v2\/media?parent=3352"}],"curies":[{"name":"wp","href":"https:\/\/api.w.org\/{rel}","templated":true}]}}