{"id":3301,"date":"2020-03-13T13:43:28","date_gmt":"2020-03-13T13:43:28","guid":{"rendered":"https:\/\/snaptubeappz.com\/terms-of-use\/"},"modified":"2023-02-25T18:29:43","modified_gmt":"2023-02-25T18:29:43","slug":"terms-of-use","status":"publish","type":"page","link":"https:\/\/snaptubeappz.com\/ro\/terms-of-use\/","title":{"rendered":"Termeni de utilizare"},"content":{"rendered":"<p>Bine a\u021bi venit pe <a href=\"https:\/\/snaptubeappz.com\/ro\/\">https:\/\/snaptubeappz.com\/ro\/<\/a> Apreciem interesul dumneavoastr\u0103 pentru aplica\u021biile noastre Android. \u00cenainte de a utiliza site-ul nostru web sau de a desc\u0103rca orice aplica\u021bie, v\u0103 rug\u0103m s\u0103 citi\u021bi cu aten\u021bie urm\u0103torii Termeni de utilizare. Prin accesarea sau utilizarea site-ului nostru web sau prin desc\u0103rcarea oric\u0103rei aplica\u021bii, sunte\u021bi de acord cu ace\u0219ti Termeni de utilizare.<\/p>\n<ol>\n<li><strong>Eligibilitate<\/strong>: Trebuie s\u0103 ave\u021bi cel pu\u021bin 18 ani pentru a utiliza site-ul nostru web \u0219i pentru a desc\u0103rca aplica\u021biile noastre. Prin utilizarea site-ului nostru web \u0219i prin desc\u0103rcarea aplica\u021biilor noastre, declara\u021bi c\u0103 ave\u021bi cel pu\u021bin 18 ani.<\/li>\n<li><strong>Proprietatea intelectual\u0103<\/strong>: \u00centregul con\u021binut de pe snaptubeappz.com, inclusiv, dar f\u0103r\u0103 a se limita la text, grafic\u0103, logo-uri, pictograme, imagini, clipuri audio \u0219i video, software \u0219i cod, este proprietatea snaptubeappz.com sau a licen\u021biatorilor s\u0103i \u0219i este protejat de legile de proprietate intelectual\u0103. Nu ave\u021bi voie s\u0103 folosi\u021bi niciun con\u021binut de pe site-ul nostru web sau din aplica\u021biile noastre f\u0103r\u0103 acordul nostru prealabil scris.<\/li>\n<li><strong>Utilizarea aplica\u021biilor<\/strong>: Aplica\u021biile noastre sunt destinate exclusiv uzului personal. Nu ave\u021bi voie s\u0103 utiliza\u021bi aplica\u021biile noastre \u00een scopuri comerciale sau pentru a distribui sau partaja materiale cu drepturi de autor f\u0103r\u0103 permisiunea expres\u0103 a proprietarului drepturilor de autor. Nu pute\u021bi utiliza aplica\u021biile noastre pentru a \u00eenc\u0103lca nicio lege sau pentru a \u00eenc\u0103lca drepturile altora.<\/li>\n<li><strong>Con\u021binutul utilizatorului<\/strong>: Este posibil s\u0103 ave\u021bi posibilitatea de a trimite con\u021binut, cum ar fi recenzii sau comentarii, prin intermediul site-ului nostru web sau al aplica\u021biilor noastre. Prin trimiterea de con\u021binut, acorda\u021bi snaptubeappz.com o licen\u021b\u0103 neexclusiv\u0103, f\u0103r\u0103 redeven\u021be, perpetu\u0103 \u0219i mondial\u0103 de a utiliza, distribui \u0219i afi\u0219a con\u021binutul dvs. \u00een orice mediu.<\/li>\n<li><strong>Desp\u0103gubire<\/strong>: Sunte\u021bi de acord s\u0103 desp\u0103gubi\u021bi \u0219i s\u0103 \u021bine\u021bi snaptubeappz.com, afilia\u021bii s\u0103i \u0219i directorii, func\u021bionarii, angaja\u021bii \u0219i agen\u021bii lor respectivi nevinova\u021bi de orice reclama\u021bie, cerere sau daun\u0103, inclusiv onorariile rezonabile ale avoca\u021bilor, care rezult\u0103 din utilizarea de c\u0103tre dvs. a site-ului nostru web sau a aplica\u021biilor noastre sau din \u00eenc\u0103lcarea de c\u0103tre dvs. a acestor Termeni de utilizare.<\/li>\n<li><strong>Renun\u021barea la garan\u021bii<\/strong>: Site-ul nostru web \u0219i aplica\u021biile noastre sunt furnizate &#8222;a\u0219a cum sunt&#8221;, f\u0103r\u0103 nicio garan\u021bie de niciun fel, fie ea expres\u0103 sau implicit\u0103, inclusiv, dar f\u0103r\u0103 a se limita la garan\u021biile implicite de vandabilitate \u0219i de adecvare la un anumit scop. Nu garant\u0103m c\u0103 site-ul nostru web sau aplica\u021biile noastre vor fi lipsite de erori sau ne\u00eentrerupte.<\/li>\n<li><strong>Limitarea r\u0103spunderii<\/strong>: \u00cen nici un caz snaptubeappz.com, afilia\u021bii s\u0103i sau directorii, func\u021bionarii, angaja\u021bii sau agen\u021bii lor nu vor fi r\u0103spunz\u0103tori pentru daune directe, indirecte, punitive, accidentale, speciale sau de consecin\u021b\u0103 care decurg din sau sunt \u00een vreun fel legate de utilizarea site-ului nostru web sau a aplica\u021biilor noastre, indiferent dac\u0103 se bazeaz\u0103 pe contract, r\u0103spundere delictual\u0103, r\u0103spundere strict\u0103 sau orice alt\u0103 teorie de r\u0103spundere.<\/li>\n<li><strong>Modific\u0103ri ale termenilor de utilizare<\/strong>: Ne rezerv\u0103m dreptul de a modifica ace\u0219ti Termeni de utilizare \u00een orice moment. Vom publica Termenii de utilizare actualiza\u021bi pe site-ul nostru web, iar utilizarea \u00een continuare a site-ului nostru web sau a aplica\u021biilor noastre dup\u0103 orice astfel de modific\u0103ri constituie acceptarea de c\u0103tre dvs. a noilor Termeni de utilizare.<\/li>\n<li><strong>Legea aplicabil\u0103<\/strong>: Ace\u0219ti Termeni de utilizare vor fi guverna\u021bi \u0219i interpreta\u021bi \u00een conformitate cu legile din jurisdic\u021bia \u00een care se afl\u0103 snaptubeappz.com, f\u0103r\u0103 a da efect oric\u0103rei alegeri a legii sau conflict de legi.<\/li>\n<\/ol>\n<p>Dac\u0103 ave\u021bi \u00eentreb\u0103ri cu privire la ace\u0219ti Termeni de utilizare, v\u0103 rug\u0103m s\u0103 ne contacta\u021bi la <a href=\"mailto:support@snaptubeappz.com\">support@snaptubeappz.com<\/a>.<\/p>\n<p>&nbsp;<\/p>\n","protected":false},"excerpt":{"rendered":"<p>Bine a\u021bi venit pe https:\/\/snaptubeappz.com\/ro\/ Apreciem interesul dumneavoastr\u0103 pentru aplica\u021biile noastre Android. \u00cenainte de a utiliza site-ul nostru web sau de a desc\u0103rca orice aplica\u021bie, v\u0103 rug\u0103m s\u0103 citi\u021bi cu aten\u021bie urm\u0103torii Termeni de utilizare. Prin accesarea sau utilizarea site-ului nostru web sau prin desc\u0103rcarea oric\u0103rei aplica\u021bii, sunte\u021bi de acord cu ace\u0219ti Termeni de utilizare. [&hellip;]<\/p>\n","protected":false},"author":1,"featured_media":0,"parent":0,"menu_order":0,"comment_status":"closed","ping_status":"closed","template":"","meta":{"_acf_changed":false,"site-sidebar-layout":"no-sidebar","site-content-layout":"plain-container","ast-site-content-layout":"","site-content-style":"default","site-sidebar-style":"default","ast-global-header-display":"","ast-banner-title-visibility":"","ast-main-header-display":"","ast-hfb-above-header-display":"","ast-hfb-below-header-display":"","ast-hfb-mobile-header-display":"","site-post-title":"","ast-breadcrumbs-content":"","ast-featured-img":"","footer-sml-layout":"","theme-transparent-header-meta":"default","adv-header-id-meta":"","stick-header-meta":"default","header-above-stick-meta":"","header-main-stick-meta":"","header-below-stick-meta":"","astra-migrate-meta-layouts":"default","ast-page-background-enabled":"default","ast-page-background-meta":{"desktop":{"background-color":"","background-image":"","background-repeat":"repeat","background-position":"center center","background-size":"auto","background-attachment":"scroll","background-type":"","background-media":"","overlay-type":"","overlay-color":"","overlay-opacity":"","overlay-gradient":""},"tablet":{"background-color":"","background-image":"","background-repeat":"repeat","background-position":"center center","background-size":"auto","background-attachment":"scroll","background-type":"","background-media":"","overlay-type":"","overlay-color":"","overlay-opacity":"","overlay-gradient":""},"mobile":{"background-color":"","background-image":"","background-repeat":"repeat","background-position":"center center","background-size":"auto","background-attachment":"scroll","background-type":"","background-media":"","overlay-type":"","overlay-color":"","overlay-opacity":"","overlay-gradient":""}},"ast-content-background-meta":{"desktop":{"background-color":"var(--ast-global-color-5)","background-image":"","background-repeat":"repeat","background-position":"center center","background-size":"auto","background-attachment":"scroll","background-type":"","background-media":"","overlay-type":"","overlay-color":"","overlay-opacity":"","overlay-gradient":""},"tablet":{"background-color":"var(--ast-global-color-5)","background-image":"","background-repeat":"repeat","background-position":"center center","background-size":"auto","background-attachment":"scroll","background-type":"","background-media":"","overlay-type":"","overlay-color":"","overlay-opacity":"","overlay-gradient":""},"mobile":{"background-color":"var(--ast-global-color-5)","background-image":"","background-repeat":"repeat","background-position":"center center","background-size":"auto","background-attachment":"scroll","background-type":"","background-media":"","overlay-type":"","overlay-color":"","overlay-opacity":"","overlay-gradient":""}},"footnotes":""},"class_list":["post-3301","page","type-page","status-publish","hentry"],"acf":[],"_links":{"self":[{"href":"https:\/\/snaptubeappz.com\/ro\/wp-json\/wp\/v2\/pages\/3301","targetHints":{"allow":["GET"]}}],"collection":[{"href":"https:\/\/snaptubeappz.com\/ro\/wp-json\/wp\/v2\/pages"}],"about":[{"href":"https:\/\/snaptubeappz.com\/ro\/wp-json\/wp\/v2\/types\/page"}],"author":[{"embeddable":true,"href":"https:\/\/snaptubeappz.com\/ro\/wp-json\/wp\/v2\/users\/1"}],"replies":[{"embeddable":true,"href":"https:\/\/snaptubeappz.com\/ro\/wp-json\/wp\/v2\/comments?post=3301"}],"version-history":[{"count":0,"href":"https:\/\/snaptubeappz.com\/ro\/wp-json\/wp\/v2\/pages\/3301\/revisions"}],"wp:attachment":[{"href":"https:\/\/snaptubeappz.com\/ro\/wp-json\/wp\/v2\/media?parent=3301"}],"curies":[{"name":"wp","href":"https:\/\/api.w.org\/{rel}","templated":true}]}}