{"id":3223,"date":"2020-03-13T13:44:04","date_gmt":"2020-03-13T13:44:04","guid":{"rendered":"https:\/\/snaptubeappz.com\/disclaimer\/"},"modified":"2023-07-10T13:06:26","modified_gmt":"2023-07-10T13:06:26","slug":"disclaimer","status":"publish","type":"page","link":"https:\/\/snaptubeappz.com\/ro\/disclaimer\/","title":{"rendered":"Disclaimer"},"content":{"rendered":"<p>Informa\u021biile con\u021binute \u00een <a href=\"https:\/\/snaptubeappz.com\/ro\/\">https:\/\/snaptubeappz.com\/ro\/<\/a> au doar scop informativ general. Informa\u021biile sunt furnizate de https:\/\/snaptubeappz.com \u0219i, \u00een timp ce ne str\u0103duim s\u0103 p\u0103str\u0103m informa\u021biile actualizate \u0219i corecte, nu facem nicio declara\u021bie sau garan\u021bie de niciun fel, expres\u0103 sau implicit\u0103, cu privire la caracterul complet, acurate\u021bea, fiabilitatea, adecvarea sau disponibilitatea \u00een ceea ce prive\u0219te https:\/\/snaptubeappz.com sau informa\u021biile, produsele, serviciile sau elementele grafice aferente con\u021binute pe https:\/\/snaptubeappz.com pentru orice scop. Prin urmare, orice \u00eencredere pe care o pune\u021bi pe astfel de informa\u021bii este strict pe propriul risc.<\/p>\n<p>\u00cen nici un caz nu vom fi r\u0103spunz\u0103tori pentru nicio pierdere sau daune, inclusiv, f\u0103r\u0103 limitare, pierderi sau daune indirecte sau consecutive sau orice pierdere sau daune care decurg din pierderea de date sau profituri rezultate din sau \u00een leg\u0103tur\u0103 cu utilizarea https: \/\/snaptubeappz.com.<\/p>\n<p>Prin https:\/\/snaptubeappz.com pute\u021bi s\u0103 v\u0103 conecta\u021bi la alte site-uri web care nu se afl\u0103 sub controlul https:\/\/snaptubeappz.com. Nu avem control asupra naturii, con\u021binutului \u0219i disponibilit\u0103\u021bii acelor site-uri. Includerea oric\u0103ror link-uri nu implic\u0103 neap\u0103rat o recomandare sau sus\u021bine opiniile exprimate \u00een cadrul acestora.<\/p>\n<p>Se depun toate eforturile pentru ca https:\/\/snaptubeappz.com s\u0103 func\u021bioneze f\u0103r\u0103 probleme. Cu toate acestea, https:\/\/snaptubeappz.com nu \u00ee\u0219i asum\u0103 nicio responsabilitate \u0219i nu va fi responsabil pentru ca https:\/\/snaptubeappz.com s\u0103 fie temporar indisponibil din cauza unor probleme tehnice aflate \u00een afara controlului nostru.<\/p>\n","protected":false},"excerpt":{"rendered":"<p>Informa\u021biile con\u021binute \u00een https:\/\/snaptubeappz.com\/ro\/ au doar scop informativ general. Informa\u021biile sunt furnizate de https:\/\/snaptubeappz.com \u0219i, \u00een timp ce ne str\u0103duim s\u0103 p\u0103str\u0103m informa\u021biile actualizate \u0219i corecte, nu facem nicio declara\u021bie sau garan\u021bie de niciun fel, expres\u0103 sau implicit\u0103, cu privire la caracterul complet, acurate\u021bea, fiabilitatea, adecvarea sau disponibilitatea \u00een ceea ce prive\u0219te https:\/\/snaptubeappz.com sau informa\u021biile, [&hellip;]<\/p>\n","protected":false},"author":1,"featured_media":0,"parent":0,"menu_order":0,"comment_status":"closed","ping_status":"closed","template":"","meta":{"_acf_changed":false,"site-sidebar-layout":"no-sidebar","site-content-layout":"plain-container","ast-site-content-layout":"","site-content-style":"default","site-sidebar-style":"default","ast-global-header-display":"","ast-banner-title-visibility":"","ast-main-header-display":"","ast-hfb-above-header-display":"","ast-hfb-below-header-display":"","ast-hfb-mobile-header-display":"","site-post-title":"","ast-breadcrumbs-content":"","ast-featured-img":"","footer-sml-layout":"","theme-transparent-header-meta":"default","adv-header-id-meta":"","stick-header-meta":"default","header-above-stick-meta":"","header-main-stick-meta":"","header-below-stick-meta":"","astra-migrate-meta-layouts":"default","ast-page-background-enabled":"default","ast-page-background-meta":{"desktop":{"background-color":"","background-image":"","background-repeat":"repeat","background-position":"center center","background-size":"auto","background-attachment":"scroll","background-type":"","background-media":"","overlay-type":"","overlay-color":"","overlay-opacity":"","overlay-gradient":""},"tablet":{"background-color":"","background-image":"","background-repeat":"repeat","background-position":"center center","background-size":"auto","background-attachment":"scroll","background-type":"","background-media":"","overlay-type":"","overlay-color":"","overlay-opacity":"","overlay-gradient":""},"mobile":{"background-color":"","background-image":"","background-repeat":"repeat","background-position":"center center","background-size":"auto","background-attachment":"scroll","background-type":"","background-media":"","overlay-type":"","overlay-color":"","overlay-opacity":"","overlay-gradient":""}},"ast-content-background-meta":{"desktop":{"background-color":"var(--ast-global-color-5)","background-image":"","background-repeat":"repeat","background-position":"center center","background-size":"auto","background-attachment":"scroll","background-type":"","background-media":"","overlay-type":"","overlay-color":"","overlay-opacity":"","overlay-gradient":""},"tablet":{"background-color":"var(--ast-global-color-5)","background-image":"","background-repeat":"repeat","background-position":"center center","background-size":"auto","background-attachment":"scroll","background-type":"","background-media":"","overlay-type":"","overlay-color":"","overlay-opacity":"","overlay-gradient":""},"mobile":{"background-color":"var(--ast-global-color-5)","background-image":"","background-repeat":"repeat","background-position":"center center","background-size":"auto","background-attachment":"scroll","background-type":"","background-media":"","overlay-type":"","overlay-color":"","overlay-opacity":"","overlay-gradient":""}},"footnotes":""},"class_list":["post-3223","page","type-page","status-publish","hentry"],"acf":[],"_links":{"self":[{"href":"https:\/\/snaptubeappz.com\/ro\/wp-json\/wp\/v2\/pages\/3223","targetHints":{"allow":["GET"]}}],"collection":[{"href":"https:\/\/snaptubeappz.com\/ro\/wp-json\/wp\/v2\/pages"}],"about":[{"href":"https:\/\/snaptubeappz.com\/ro\/wp-json\/wp\/v2\/types\/page"}],"author":[{"embeddable":true,"href":"https:\/\/snaptubeappz.com\/ro\/wp-json\/wp\/v2\/users\/1"}],"replies":[{"embeddable":true,"href":"https:\/\/snaptubeappz.com\/ro\/wp-json\/wp\/v2\/comments?post=3223"}],"version-history":[{"count":0,"href":"https:\/\/snaptubeappz.com\/ro\/wp-json\/wp\/v2\/pages\/3223\/revisions"}],"wp:attachment":[{"href":"https:\/\/snaptubeappz.com\/ro\/wp-json\/wp\/v2\/media?parent=3223"}],"curies":[{"name":"wp","href":"https:\/\/api.w.org\/{rel}","templated":true}]}}