{"id":3164,"date":"2020-03-13T13:47:18","date_gmt":"2020-03-13T13:47:18","guid":{"rendered":"https:\/\/snaptubeappz.com\/contact\/"},"modified":"2023-02-25T17:55:25","modified_gmt":"2023-02-25T17:55:25","slug":"contact","status":"publish","type":"page","link":"https:\/\/snaptubeappz.com\/ro\/contact\/","title":{"rendered":"Contacta\u0163i-ne"},"content":{"rendered":"<p>V\u0103 mul\u021bumim pentru c\u0103 a\u021bi luat \u00een considerare Snaptube pentru toate nevoile dumneavoastr\u0103 de desc\u0103rcare video. Ne m\u00e2ndrim cu faptul c\u0103 oferim o aplica\u021bie simpl\u0103 \u0219i u\u0219or de utilizat care v\u0103 permite s\u0103 desc\u0103rca\u021bi videoclipuri de pe platforme populare precum YouTube, Facebook, Instagram \u0219i multe altele.<\/p>\n<p>\u00cen\u021belegem c\u0103 este posibil s\u0103 ave\u021bi \u00eentreb\u0103ri sau nel\u0103muriri, iar noi suntem aici pentru a v\u0103 ajuta. V\u0103 rug\u0103m s\u0103 nu ezita\u021bi s\u0103 ne contacta\u021bi prin oricare dintre metodele de mai jos. Echipa noastr\u0103 de asisten\u021b\u0103 dedicat\u0103 este disponibil\u0103 pentru a v\u0103 ajuta cu orice problem\u0103 pe care o pute\u021bi \u00eent\u00e2mpina sau pur \u0219i simplu pentru a r\u0103spunde la orice \u00eentrebare pe care o ave\u021bi.<\/p>\n<h2>Detalii de contact:<\/h2>\n<p><strong>E-mail<\/strong>: <a href=\"mailto:developer@snaptubeappz.com\">developer@snaptubeappz.com<\/a><br \/>\n<strong>Telefon<\/strong>: +1-555-1234-567<br \/>\n<strong>Adres\u0103<\/strong>: 1234 Main Street, Suite 567, Anytown SUA<\/p>\n<p>Apreciem feedback-ul \u0219i sugestiile dumneavoastr\u0103. Dac\u0103 ave\u021bi idei despre cum putem \u00eembun\u0103t\u0103\u021bi aplica\u021bia noastr\u0103 sau dac\u0103 ave\u021bi solicit\u0103ri de func\u021bii, v\u0103 rug\u0103m s\u0103 ne anun\u021ba\u021bi. C\u0103ut\u0103m mereu modalit\u0103\u021bi de a face Snaptube \u0219i mai bun.<\/p>\n<p>V\u0103 mul\u021bumim c\u0103 a\u021bi ales Snaptube. A\u0219tept\u0103m cu ner\u0103bdare s\u0103 avem ve\u0219ti de la dvs. \u00een cur\u00e2nd.<\/p>\n","protected":false},"excerpt":{"rendered":"<p>V\u0103 mul\u021bumim pentru c\u0103 a\u021bi luat \u00een considerare Snaptube pentru toate nevoile dumneavoastr\u0103 de desc\u0103rcare video. Ne m\u00e2ndrim cu faptul c\u0103 oferim o aplica\u021bie simpl\u0103 \u0219i u\u0219or de utilizat care v\u0103 permite s\u0103 desc\u0103rca\u021bi videoclipuri de pe platforme populare precum YouTube, Facebook, Instagram \u0219i multe altele. \u00cen\u021belegem c\u0103 este posibil s\u0103 ave\u021bi \u00eentreb\u0103ri sau nel\u0103muriri, [&hellip;]<\/p>\n","protected":false},"author":1,"featured_media":0,"parent":0,"menu_order":0,"comment_status":"closed","ping_status":"closed","template":"","meta":{"_acf_changed":false,"site-sidebar-layout":"no-sidebar","site-content-layout":"plain-container","ast-site-content-layout":"normal-width-container","site-content-style":"unboxed","site-sidebar-style":"unboxed","ast-global-header-display":"","ast-banner-title-visibility":"","ast-main-header-display":"","ast-hfb-above-header-display":"","ast-hfb-below-header-display":"","ast-hfb-mobile-header-display":"","site-post-title":"","ast-breadcrumbs-content":"disabled","ast-featured-img":"disabled","footer-sml-layout":"","theme-transparent-header-meta":"default","adv-header-id-meta":"","stick-header-meta":"default","header-above-stick-meta":"","header-main-stick-meta":"","header-below-stick-meta":"","astra-migrate-meta-layouts":"default","ast-page-background-enabled":"default","ast-page-background-meta":{"desktop":{"background-color":"","background-image":"","background-repeat":"repeat","background-position":"center center","background-size":"auto","background-attachment":"scroll","background-type":"","background-media":"","overlay-type":"","overlay-color":"","overlay-opacity":"","overlay-gradient":""},"tablet":{"background-color":"","background-image":"","background-repeat":"repeat","background-position":"center center","background-size":"auto","background-attachment":"scroll","background-type":"","background-media":"","overlay-type":"","overlay-color":"","overlay-opacity":"","overlay-gradient":""},"mobile":{"background-color":"","background-image":"","background-repeat":"repeat","background-position":"center center","background-size":"auto","background-attachment":"scroll","background-type":"","background-media":"","overlay-type":"","overlay-color":"","overlay-opacity":"","overlay-gradient":""}},"ast-content-background-meta":{"desktop":{"background-color":"var(--ast-global-color-5)","background-image":"","background-repeat":"repeat","background-position":"center center","background-size":"auto","background-attachment":"scroll","background-type":"","background-media":"","overlay-type":"","overlay-color":"","overlay-opacity":"","overlay-gradient":""},"tablet":{"background-color":"var(--ast-global-color-5)","background-image":"","background-repeat":"repeat","background-position":"center center","background-size":"auto","background-attachment":"scroll","background-type":"","background-media":"","overlay-type":"","overlay-color":"","overlay-opacity":"","overlay-gradient":""},"mobile":{"background-color":"var(--ast-global-color-5)","background-image":"","background-repeat":"repeat","background-position":"center center","background-size":"auto","background-attachment":"scroll","background-type":"","background-media":"","overlay-type":"","overlay-color":"","overlay-opacity":"","overlay-gradient":""}},"footnotes":""},"class_list":["post-3164","page","type-page","status-publish","hentry"],"acf":[],"_links":{"self":[{"href":"https:\/\/snaptubeappz.com\/ro\/wp-json\/wp\/v2\/pages\/3164","targetHints":{"allow":["GET"]}}],"collection":[{"href":"https:\/\/snaptubeappz.com\/ro\/wp-json\/wp\/v2\/pages"}],"about":[{"href":"https:\/\/snaptubeappz.com\/ro\/wp-json\/wp\/v2\/types\/page"}],"author":[{"embeddable":true,"href":"https:\/\/snaptubeappz.com\/ro\/wp-json\/wp\/v2\/users\/1"}],"replies":[{"embeddable":true,"href":"https:\/\/snaptubeappz.com\/ro\/wp-json\/wp\/v2\/comments?post=3164"}],"version-history":[{"count":0,"href":"https:\/\/snaptubeappz.com\/ro\/wp-json\/wp\/v2\/pages\/3164\/revisions"}],"wp:attachment":[{"href":"https:\/\/snaptubeappz.com\/ro\/wp-json\/wp\/v2\/media?parent=3164"}],"curies":[{"name":"wp","href":"https:\/\/api.w.org\/{rel}","templated":true}]}}