{"id":2909,"date":"2023-02-20T18:07:40","date_gmt":"2023-02-20T18:07:40","guid":{"rendered":"https:\/\/snaptubeappz.com\/uninstall-snaptube\/"},"modified":"2023-02-21T17:00:46","modified_gmt":"2023-02-21T17:00:46","slug":"uninstall-snaptube","status":"publish","type":"page","link":"https:\/\/snaptubeappz.com\/ro\/uninstall-snaptube\/","title":{"rendered":"Uninstall Snaptube App &#8211; Cum s\u0103 \u0219terge\u021bi Snaptube?"},"content":{"rendered":"<p>Cu <a href=\"https:\/\/snaptubeappz.com\/ro\/\"><strong>Snaptube<\/strong><\/a>, utilizatorii pot desc\u0103rca videoclipuri de pe o varietate de site-uri web. Cu toate acestea, dac\u0103 dori\u021bi s\u0103 \u00eel dezinstala\u021bi de pe dispozitivul Android, acest lucru se poate face rapid. \u00cen acest articol, v\u0103 vom prezenta pa\u0219ii pentru a dezinstala Snaptube de pe dispozitivul Android. \u00cen plus, vom oferi c\u00e2\u021biva pa\u0219i suplimentari pentru a ne asigura c\u0103 aplica\u021bia este complet eliminat\u0103.<\/p>\n<figure id=\"attachment_2805\" aria-describedby=\"caption-attachment-2805\" style=\"width: 520px\" class=\"wp-caption aligncenter\"><img loading=\"lazy\" decoding=\"async\" class=\"wp-image-2805\" src=\"https:\/\/snaptubeappz.com\/wp-content\/uploads\/2023\/02\/Uninstall-Snaptube-App-300x200.png\" alt=\"Dezinstalarea Snaptube\" width=\"520\" height=\"346\" srcset=\"https:\/\/snaptubeappz.com\/wp-content\/uploads\/2023\/02\/Uninstall-Snaptube-App-300x200.png 300w, https:\/\/snaptubeappz.com\/wp-content\/uploads\/2023\/02\/Uninstall-Snaptube-App-1024x683.png 1024w, https:\/\/snaptubeappz.com\/wp-content\/uploads\/2023\/02\/Uninstall-Snaptube-App-768x512.png 768w, https:\/\/snaptubeappz.com\/wp-content\/uploads\/2023\/02\/Uninstall-Snaptube-App.png 1080w\" sizes=\"auto, (max-width: 520px) 100vw, 520px\" \/><figcaption id=\"caption-attachment-2805\" class=\"wp-caption-text\"><strong>Dezinstalarea Snaptube<\/strong><\/figcaption><\/figure>\n<p><strong>Pasul 1: Localiza\u021bi pictograma aplica\u021biei Snaptube pe dispozitivul dumneavoastr\u0103 Android.<\/strong><\/p>\n<p>Pentru a dezinstala Snaptube, atinge\u021bi pictograma aplica\u021biei de pe ecranul de pornire sau din sertarul de aplica\u021bii al dispozitivului Android.<\/p>\n<figure id=\"attachment_2823\" aria-describedby=\"caption-attachment-2823\" style=\"width: 238px\" class=\"wp-caption aligncenter\"><img loading=\"lazy\" decoding=\"async\" class=\"wp-image-2823\" src=\"https:\/\/snaptubeappz.com\/wp-content\/uploads\/2023\/02\/Locate-the-Snaptube-app-icon-on-your-Android-device.png\" alt=\"Localiza\u021bi pictograma aplica\u021biei Snaptube pe dispozitivul dvs. Android\" width=\"238\" height=\"470\" srcset=\"https:\/\/snaptubeappz.com\/wp-content\/uploads\/2023\/02\/Locate-the-Snaptube-app-icon-on-your-Android-device.png 278w, https:\/\/snaptubeappz.com\/wp-content\/uploads\/2023\/02\/Locate-the-Snaptube-app-icon-on-your-Android-device-152x300.png 152w\" sizes=\"auto, (max-width: 238px) 100vw, 238px\" \/><figcaption id=\"caption-attachment-2823\" class=\"wp-caption-text\">Localiza\u021bi pictograma aplica\u021biei Snaptube pe dispozitivul dvs. Android<\/figcaption><\/figure>\n<p><strong>Pasul 2: Ap\u0103sa\u021bi lung pe pictograma aplica\u021biei Snaptube.<\/strong><\/p>\n<p>Dup\u0103 ce a\u021bi localizat pictograma aplica\u021biei Snaptube, ap\u0103sa\u021bi lung pe pictogram\u0103 p\u00e2n\u0103 c\u00e2nd apare un meniu.<\/p>\n<figure id=\"attachment_2839\" aria-describedby=\"caption-attachment-2839\" style=\"width: 231px\" class=\"wp-caption aligncenter\"><img loading=\"lazy\" decoding=\"async\" class=\"wp-image-2839\" src=\"https:\/\/snaptubeappz.com\/wp-content\/uploads\/2023\/02\/Long-press-the-Snaptube-app-icon.png\" alt=\"Ap\u0103sa\u021bi lung pe pictograma aplica\u021biei Snaptube\" width=\"231\" height=\"470\" srcset=\"https:\/\/snaptubeappz.com\/wp-content\/uploads\/2023\/02\/Long-press-the-Snaptube-app-icon.png 280w, https:\/\/snaptubeappz.com\/wp-content\/uploads\/2023\/02\/Long-press-the-Snaptube-app-icon-147x300.png 147w\" sizes=\"auto, (max-width: 231px) 100vw, 231px\" \/><figcaption id=\"caption-attachment-2839\" class=\"wp-caption-text\">Ap\u0103sa\u021bi lung pe pictograma aplica\u021biei Snaptube<\/figcaption><\/figure>\n<p><strong>Pasul 3: Selecta\u021bi &#8222;Uninstall&#8221; (Dezinstalare).<\/strong><\/p>\n<p>Selecta\u021bi op\u021biunea &#8222;Uninstall&#8221; (Dezinstalare) din meniul care apare pentru a \u00eencepe procesul de dezinstalare.<\/p>\n<p><strong>Pasul 4: Confirma\u021bi dezinstalarea.<\/strong><\/p>\n<p>Va ap\u0103rea o caset\u0103 de dialog de confirmare, care v\u0103 va cere s\u0103 confirma\u021bi c\u0103 dori\u021bi s\u0103 dezinstala\u021bi aplica\u021bia. Face\u021bi clic pe &#8222;OK&#8221; pentru a confirma.<\/p>\n<figure id=\"attachment_2853\" aria-describedby=\"caption-attachment-2853\" style=\"width: 231px\" class=\"wp-caption aligncenter\"><img loading=\"lazy\" decoding=\"async\" class=\"wp-image-2853\" src=\"https:\/\/snaptubeappz.com\/wp-content\/uploads\/2023\/02\/Confirm-the-uninstallation.png\" alt=\"Confirma\u021bi dezinstalarea\" width=\"231\" height=\"470\" srcset=\"https:\/\/snaptubeappz.com\/wp-content\/uploads\/2023\/02\/Confirm-the-uninstallation.png 275w, https:\/\/snaptubeappz.com\/wp-content\/uploads\/2023\/02\/Confirm-the-uninstallation-148x300.png 148w\" sizes=\"auto, (max-width: 231px) 100vw, 231px\" \/><figcaption id=\"caption-attachment-2853\" class=\"wp-caption-text\">Confirma\u021bi dezinstalarea<\/figcaption><\/figure>\n<p><strong>Pasul 5: A\u0219tepta\u021bi ca procesul de dezinstalare s\u0103 se finalizeze.<\/strong><\/p>\n<p>A\u0219tepta\u021bi c\u00e2teva secunde p\u00e2n\u0103 c\u00e2nd se finalizeaz\u0103 procesul de dezinstalare. Odat\u0103 ce procesul s-a \u00eencheiat, ve\u021bi primi o notificare care confirm\u0103 faptul c\u0103 dispozitivul Android a dezinstalat aplica\u021bia Snaptube.<\/p>\n<p><strong>Pasul 6: \u0218terge\u021bi datele \u0219i memoria cache a aplica\u021biei.<\/strong><\/p>\n<p>Este o idee bun\u0103 s\u0103 \u0219terge\u021bi datele \u0219i memoria cache a aplica\u021biei dup\u0103 dezinstalarea acesteia. Acest lucru va elimina orice date r\u0103mase \u0219i va elibera spa\u021biu pe dispozitivul dvs. Pentru a face acest lucru, merge\u021bi la &#8222;Settings&#8221; &gt; &#8222;Apps&#8221; &gt; &#8222;Snaptube&#8221; \u0219i selecta\u021bi &#8222;Storage&#8221;. Face\u021bi clic pe &#8222;\u0218terge\u021bi datele&#8221; \u0219i &#8222;\u0218terge\u021bi memoria cache&#8221;.<\/p>\n<p><strong>Pasul 7: Verifica\u021bi dac\u0103 exist\u0103 resturi de fi\u0219iere.<\/strong><\/p>\n<p>Ve\u021bi avea \u00een continuare fi\u0219iere r\u0103mase pe dispozitiv, chiar dac\u0103 a\u021bi dezinstalat \u0219i a\u021bi cur\u0103\u021bat datele aplica\u021biei. Pute\u021bi utiliza o aplica\u021bie de gestionare a fi\u0219ierelor pentru a verifica dac\u0103 exist\u0103 fi\u0219iere r\u0103mase. G\u0103si\u021bi orice fi\u0219iere sau foldere care au &#8222;Snaptube&#8221; \u00een nume \u0219i elimina\u021bi-le.<\/p>\n<p><strong>Pasul 8: Reporni\u021bi dispozitivul.<\/strong><\/p>\n<p>Pentru a v\u0103 asigura c\u0103 toate fi\u0219ierele \u0219i procesele r\u0103mase sunt eliminate \u00een \u00eentregime din dispozitiv, ar trebui s\u0103 reporni\u021bi dispozitivul dup\u0103 ce a\u021bi dezinstalat aplica\u021bia.<\/p>\n<p><strong>Pasul 9: Verifica\u021bi dac\u0103 exist\u0103 actualiz\u0103ri<\/strong><\/p>\n<p>Este posibil ca Snaptube s\u0103 fie \u00eenc\u0103 listat\u0103 ca fiind instalat\u0103 \u00een contul dvs. dac\u0103 a\u021bi instalat-o anterior din Google Play Store. Verifica\u021bi dac\u0103 exist\u0103 actualiz\u0103ri \u00een Google Play Store pentru a v\u0103 asigura c\u0103 aplica\u021bia a fost eliminat\u0103 \u00een \u00eentregime din contul dvs. Dac\u0103 aplica\u021bia apare \u00een lista de actualiz\u0103ri, dezinstala\u021bi-o.<\/p>\n<p>Citi\u021bi mai mult &#8211; <a href=\"https:\/\/snaptubeappz.com\/ro\/ios\/\">Snaptube pentru iPhone<\/a><\/p>\n<h2>Tutorial video despre cum s\u0103 dezinstalezi Snaptube de pe dispozitivul t\u0103u Android<\/h2>\n<p>Dac\u0103 nu mai ave\u021bi nevoie de aplica\u021bia Snaptube sau dori\u021bi s\u0103 elibera\u021bi spa\u021biu pe dispozitivul dumneavoastr\u0103 Android, acest tutorial v\u0103 va ghida \u00een dezinstalarea Snaptube.<\/p>\n<p><iframe loading=\"lazy\" src=\"https:\/\/www.youtube.com\/embed\/G2LdWRYFoZc?autoplay=0&amp;fs=0&amp;iv_load_policy=3&amp;showinfo=0&amp;rel=0&amp;cc_load_policy=0&amp;start=0&amp;end=0\" width=\"788.54\" height=\"443\" frameborder=\"0\" marginwidth=\"0\" marginheight=\"0\" scrolling=\"no\"><\/iframe><\/p>\n<h2>Concluzie despre \u0219tergerea Snaptube<\/h2>\n<p>\u00cen concluzie, dezinstalarea aplica\u021biei Snaptube de pe dispozitivul t\u0103u Android este un proces simplu care poate fi finalizat \u00een c\u00e2\u021biva pa\u0219i simpli. V\u0103 pute\u021bi asigura c\u0103 aplica\u021bia este \u0219tears\u0103 de pe dispozitivul dumneavoastr\u0103 Android urm\u00e2nd ace\u0219ti pa\u0219i, verific\u00e2nd dac\u0103 exist\u0103 fi\u0219iere r\u0103mase, repornind dispozitivul \u0219i verific\u00e2nd dac\u0103 exist\u0103 actualiz\u0103ri.<\/p>\n<p>Cite\u0219te mai mult &#8211; <a href=\"https:\/\/snaptubeappz.com\/ro\/snaptube-pentru-pc\/\"><strong>Desc\u0103rca\u021bi Snaptube pentru PC<\/strong><\/a><\/p>\n","protected":false},"excerpt":{"rendered":"<p>Cu Snaptube, utilizatorii pot desc\u0103rca videoclipuri de pe o varietate de site-uri web. Cu toate acestea, dac\u0103 dori\u021bi s\u0103 \u00eel dezinstala\u021bi de pe dispozitivul Android, acest lucru se poate face rapid. \u00cen acest articol, v\u0103 vom prezenta pa\u0219ii pentru a dezinstala Snaptube de pe dispozitivul Android. \u00cen plus, vom oferi c\u00e2\u021biva pa\u0219i suplimentari pentru a [&hellip;]<\/p>\n","protected":false},"author":1,"featured_media":0,"parent":0,"menu_order":0,"comment_status":"open","ping_status":"open","template":"","meta":{"_acf_changed":false,"site-sidebar-layout":"default","site-content-layout":"default","ast-site-content-layout":"default","site-content-style":"default","site-sidebar-style":"default","ast-global-header-display":"","ast-banner-title-visibility":"","ast-main-header-display":"","ast-hfb-above-header-display":"","ast-hfb-below-header-display":"","ast-hfb-mobile-header-display":"","site-post-title":"","ast-breadcrumbs-content":"disabled","ast-featured-img":"","footer-sml-layout":"","theme-transparent-header-meta":"default","adv-header-id-meta":"","stick-header-meta":"default","header-above-stick-meta":"","header-main-stick-meta":"","header-below-stick-meta":"","astra-migrate-meta-layouts":"default","ast-page-background-enabled":"default","ast-page-background-meta":{"desktop":{"background-color":"","background-image":"","background-repeat":"repeat","background-position":"center center","background-size":"auto","background-attachment":"scroll","background-type":"","background-media":"","overlay-type":"","overlay-color":"","overlay-opacity":"","overlay-gradient":""},"tablet":{"background-color":"","background-image":"","background-repeat":"repeat","background-position":"center center","background-size":"auto","background-attachment":"scroll","background-type":"","background-media":"","overlay-type":"","overlay-color":"","overlay-opacity":"","overlay-gradient":""},"mobile":{"background-color":"","background-image":"","background-repeat":"repeat","background-position":"center center","background-size":"auto","background-attachment":"scroll","background-type":"","background-media":"","overlay-type":"","overlay-color":"","overlay-opacity":"","overlay-gradient":""}},"ast-content-background-meta":{"desktop":{"background-color":"var(--ast-global-color-5)","background-image":"","background-repeat":"repeat","background-position":"center center","background-size":"auto","background-attachment":"scroll","background-type":"","background-media":"","overlay-type":"","overlay-color":"","overlay-opacity":"","overlay-gradient":""},"tablet":{"background-color":"var(--ast-global-color-5)","background-image":"","background-repeat":"repeat","background-position":"center center","background-size":"auto","background-attachment":"scroll","background-type":"","background-media":"","overlay-type":"","overlay-color":"","overlay-opacity":"","overlay-gradient":""},"mobile":{"background-color":"var(--ast-global-color-5)","background-image":"","background-repeat":"repeat","background-position":"center center","background-size":"auto","background-attachment":"scroll","background-type":"","background-media":"","overlay-type":"","overlay-color":"","overlay-opacity":"","overlay-gradient":""}},"footnotes":""},"class_list":["post-2909","page","type-page","status-publish","hentry"],"acf":[],"_links":{"self":[{"href":"https:\/\/snaptubeappz.com\/ro\/wp-json\/wp\/v2\/pages\/2909","targetHints":{"allow":["GET"]}}],"collection":[{"href":"https:\/\/snaptubeappz.com\/ro\/wp-json\/wp\/v2\/pages"}],"about":[{"href":"https:\/\/snaptubeappz.com\/ro\/wp-json\/wp\/v2\/types\/page"}],"author":[{"embeddable":true,"href":"https:\/\/snaptubeappz.com\/ro\/wp-json\/wp\/v2\/users\/1"}],"replies":[{"embeddable":true,"href":"https:\/\/snaptubeappz.com\/ro\/wp-json\/wp\/v2\/comments?post=2909"}],"version-history":[{"count":0,"href":"https:\/\/snaptubeappz.com\/ro\/wp-json\/wp\/v2\/pages\/2909\/revisions"}],"wp:attachment":[{"href":"https:\/\/snaptubeappz.com\/ro\/wp-json\/wp\/v2\/media?parent=2909"}],"curies":[{"name":"wp","href":"https:\/\/api.w.org\/{rel}","templated":true}]}}