{"id":5821,"date":"2024-04-27T10:41:23","date_gmt":"2024-04-27T10:41:23","guid":{"rendered":"https:\/\/snaptubeappz.com\/?page_id=5821"},"modified":"2024-04-29T12:56:36","modified_gmt":"2024-04-29T12:56:36","slug":"online","status":"publish","type":"page","link":"https:\/\/snaptubeappz.com\/pt-br\/online\/","title":{"rendered":"Snaptube Online &#8211; Baixar v\u00eddeos MP4 HD GR\u00c1TIS"},"content":{"rendered":"<p>[downloader_section]<\/p>\n<p>Bem-vindo ao <strong>Snaptube Online<\/strong>, sua plataforma completa para baixar v\u00eddeos off-line de suas plataformas de streaming de v\u00eddeo on-line favoritas.<\/p>\n<p>Nossa plataforma \u00e9 compat\u00edvel com uma ampla gama de sites, incluindo Facebook, Instagram, Vimeo, Dailymotion, TikTok e muitos outros. O Snaptube Online Video Downloader se esfor\u00e7a para ser sua solu\u00e7\u00e3o definitiva para todas as suas necessidades de download de v\u00eddeos dessas plataformas populares. Navegue e baixe a qualquer hora, em qualquer lugar.<\/p>\n<p>[btn]<\/p>\n<p>[table_of_content]<\/p>\n<p>[steps]<\/p>\n<p>[feature]<\/p>\n<h2 style=\"text-align: center;\">Limita\u00e7\u00f5es do uso do aplicativo Snaptube Online na Web versus o uso do aplicativo Snaptube no celular<\/h2>\n<p>Embora o Snaptube Online forne\u00e7a uma plataforma vers\u00e1til para o download de v\u00eddeos, \u00e9 essencial reconhecer algumas das limita\u00e7\u00f5es que ele tem quando comparado ao aplicativo <a href=\"https:\/\/snaptubeappz.com\/pt-br\/\">Snaptube<\/a>:<\/p>\n<p>[limitations]<\/p>\n<p>[faq]<\/p>\n<p>[links]<\/p>\n","protected":false},"excerpt":{"rendered":"<p>[downloader_section] Bem-vindo ao Snaptube Online, sua plataforma completa para baixar v\u00eddeos off-line de suas plataformas de streaming de v\u00eddeo on-line favoritas. Nossa plataforma \u00e9 compat\u00edvel com uma ampla gama de sites, incluindo Facebook, Instagram, Vimeo, Dailymotion, TikTok e muitos outros. O Snaptube Online Video Downloader se esfor\u00e7a para ser sua solu\u00e7\u00e3o definitiva para todas as [&hellip;]<\/p>\n","protected":false},"author":1,"featured_media":0,"parent":0,"menu_order":0,"comment_status":"closed","ping_status":"closed","template":"","meta":{"_acf_changed":false,"site-sidebar-layout":"default","site-content-layout":"","ast-site-content-layout":"default","site-content-style":"default","site-sidebar-style":"default","ast-global-header-display":"","ast-banner-title-visibility":"","ast-main-header-display":"","ast-hfb-above-header-display":"","ast-hfb-below-header-display":"","ast-hfb-mobile-header-display":"","site-post-title":"","ast-breadcrumbs-content":"disabled","ast-featured-img":"disabled","footer-sml-layout":"","theme-transparent-header-meta":"default","adv-header-id-meta":"","stick-header-meta":"default","header-above-stick-meta":"","header-main-stick-meta":"","header-below-stick-meta":"","astra-migrate-meta-layouts":"set","ast-page-background-enabled":"default","ast-page-background-meta":{"desktop":{"background-color":"","background-image":"","background-repeat":"repeat","background-position":"center center","background-size":"auto","background-attachment":"scroll","background-type":"","background-media":"","overlay-type":"","overlay-color":"","overlay-opacity":"","overlay-gradient":""},"tablet":{"background-color":"","background-image":"","background-repeat":"repeat","background-position":"center center","background-size":"auto","background-attachment":"scroll","background-type":"","background-media":"","overlay-type":"","overlay-color":"","overlay-opacity":"","overlay-gradient":""},"mobile":{"background-color":"","background-image":"","background-repeat":"repeat","background-position":"center center","background-size":"auto","background-attachment":"scroll","background-type":"","background-media":"","overlay-type":"","overlay-color":"","overlay-opacity":"","overlay-gradient":""}},"ast-content-background-meta":{"desktop":{"background-color":"var(--ast-global-color-5)","background-image":"","background-repeat":"repeat","background-position":"center center","background-size":"auto","background-attachment":"scroll","background-type":"","background-media":"","overlay-type":"","overlay-color":"","overlay-opacity":"","overlay-gradient":""},"tablet":{"background-color":"var(--ast-global-color-5)","background-image":"","background-repeat":"repeat","background-position":"center center","background-size":"auto","background-attachment":"scroll","background-type":"","background-media":"","overlay-type":"","overlay-color":"","overlay-opacity":"","overlay-gradient":""},"mobile":{"background-color":"var(--ast-global-color-5)","background-image":"","background-repeat":"repeat","background-position":"center center","background-size":"auto","background-attachment":"scroll","background-type":"","background-media":"","overlay-type":"","overlay-color":"","overlay-opacity":"","overlay-gradient":""}},"footnotes":""},"class_list":["post-5821","page","type-page","status-publish","hentry"],"acf":[],"_links":{"self":[{"href":"https:\/\/snaptubeappz.com\/pt-br\/wp-json\/wp\/v2\/pages\/5821","targetHints":{"allow":["GET"]}}],"collection":[{"href":"https:\/\/snaptubeappz.com\/pt-br\/wp-json\/wp\/v2\/pages"}],"about":[{"href":"https:\/\/snaptubeappz.com\/pt-br\/wp-json\/wp\/v2\/types\/page"}],"author":[{"embeddable":true,"href":"https:\/\/snaptubeappz.com\/pt-br\/wp-json\/wp\/v2\/users\/1"}],"replies":[{"embeddable":true,"href":"https:\/\/snaptubeappz.com\/pt-br\/wp-json\/wp\/v2\/comments?post=5821"}],"version-history":[{"count":3,"href":"https:\/\/snaptubeappz.com\/pt-br\/wp-json\/wp\/v2\/pages\/5821\/revisions"}],"predecessor-version":[{"id":5842,"href":"https:\/\/snaptubeappz.com\/pt-br\/wp-json\/wp\/v2\/pages\/5821\/revisions\/5842"}],"wp:attachment":[{"href":"https:\/\/snaptubeappz.com\/pt-br\/wp-json\/wp\/v2\/media?parent=5821"}],"curies":[{"name":"wp","href":"https:\/\/api.w.org\/{rel}","templated":true}]}}