{"id":5401,"date":"2024-03-24T05:40:04","date_gmt":"2024-03-24T05:40:04","guid":{"rendered":"https:\/\/snaptubeappz.com\/?page_id=5401"},"modified":"2024-03-24T05:43:34","modified_gmt":"2024-03-24T05:43:34","slug":"about-us","status":"publish","type":"page","link":"https:\/\/snaptubeappz.com\/pt-br\/about-us\/","title":{"rendered":"Sobre n\u00f3s &#8211; Conhe\u00e7a a equipe por tr\u00e1s do Snaptube Appz"},"content":{"rendered":"<p>Bem-vindo ao <a href=\"https:\/\/snaptubeappz.com\/pt-br\/\">site oficial do Snaptubeappz<\/a>, seu destino final para todas as informa\u00e7\u00f5es sobre o Snaptubeappz, um renomado aplicativo de download de v\u00eddeos e m\u00fasicas feito sob medida para dispositivos Android.<\/p>\n<h2>O in\u00edcio da jornada<\/h2>\n<p><strong>Fundado em novembro de 2014<\/strong>, o Snaptubeappz revolucionou a forma como os usu\u00e1rios interagem com o conte\u00fado digital. Esse aplicativo gratuito para Android facilita o download de v\u00eddeo e \u00e1udio e funciona como um agregador de m\u00eddia social. Ele suporta uma ampla gama de resolu\u00e7\u00f5es de v\u00eddeo e formatos de \u00e1udio, atendendo a mais de 150 milh\u00f5es de usu\u00e1rios em fevereiro de 2024.<\/p>\n<h2>Nosso fundador e equipe<\/h2>\n<p>O vision\u00e1rio por tr\u00e1s do Snaptubeappz \u00e9 <a href=\"https:\/\/www.linkedin.com\/in\/chao-ding-1b67672b9\/\" data-schema-attribute=\"about\" target=\"_blank\" rel=\"noopener\">Chao Ding<\/a>, um ex-jovem engenheiro cujo fasc\u00ednio pelo potencial da tecnologia para transformar vidas levou \u00e0 cria\u00e7\u00e3o do Snaptubeappz. Sua jornada, apoiada por uma equipe dedicada de engenheiros, desenvolvedores e designers, transformou seu sonho na realidade atual do Snaptubeappz: os esfor\u00e7os coletivos dessa equipe e a vis\u00e3o compartilhada de inova\u00e7\u00e3o impulsionam o sucesso do Snaptubeappz.<\/p>\n<figure id=\"attachment_5069\" aria-describedby=\"caption-attachment-5069\" style=\"width: 300px\" class=\"wp-caption alignnone\"><img loading=\"lazy\" decoding=\"async\" class=\"wp-image-5069 size-medium\" src=\"https:\/\/snaptubeappz.com\/wp-content\/uploads\/2024\/03\/Chao-Ding-Founder-of-Snaptube-Appz-300x295.webp\" alt=\"Chao Ding Founder of Snaptube Appz\" width=\"300\" height=\"295\" srcset=\"https:\/\/snaptubeappz.com\/wp-content\/uploads\/2024\/03\/Chao-Ding-Founder-of-Snaptube-Appz-300x295.webp 300w, https:\/\/snaptubeappz.com\/wp-content\/uploads\/2024\/03\/Chao-Ding-Founder-of-Snaptube-Appz.webp 631w\" sizes=\"auto, (max-width: 300px) 100vw, 300px\" \/><figcaption id=\"caption-attachment-5069\" class=\"wp-caption-text\"><em><a href=\"https:\/\/gravatar.com\/snaptubeappz\" data-schema-attribute=\"mentions\" target=\"_blank\" rel=\"noopener\">Chao Ding<\/a> Fundador do Snaptube Appz<\/em><\/figcaption><\/figure>\n<h2>Nosso aplicativo<\/h2>\n<p>O Snaptubeappz oferece uma interface amig\u00e1vel e uma funcionalidade eficiente, tornando-o um companheiro confi\u00e1vel para milh\u00f5es de pessoas em todo o mundo. Ele se destaca por sua capacidade de baixar v\u00eddeos, liberar espa\u00e7o e gerenciar m\u00fasicas, atendendo a diversas necessidades dos usu\u00e1rios. Apesar de enfrentar desafios como sua remo\u00e7\u00e3o da Google Play Store, a empresa tomou medidas imediatas para resolver as preocupa\u00e7\u00f5es, ressaltando seu compromisso com a melhoria cont\u00ednua e a confian\u00e7a do usu\u00e1rio.<\/p>\n<h2>Cultura da empresa<\/h2>\n<p>No Snaptubeappz, nossa cultura \u00e9 moldada pela inova\u00e7\u00e3o, colabora\u00e7\u00e3o e respeito. Valorizamos as contribui\u00e7\u00f5es exclusivas de cada membro da equipe, promovendo um ambiente em que a criatividade, o aprendizado cont\u00ednuo e o crescimento pessoal s\u00e3o incentivados. Nossa paix\u00e3o compartilhada por tecnologia e inova\u00e7\u00e3o nos une, impulsionando nossa miss\u00e3o de redefinir os limites da tecnologia e da experi\u00eancia do usu\u00e1rio.<\/p>\n<h2>Localiza\u00e7\u00e3o<\/h2>\n<p><strong>Nossa sede em Shenzhen, Guangdong, China<\/strong>, um centro de inova\u00e7\u00e3o tecnol\u00f3gica, \u00e9 uma fonte constante de inspira\u00e7\u00e3o. Aqui, colaboramos para dar vida \u00e0 vis\u00e3o de Chao Ding, melhorando e expandindo continuamente os recursos do Snaptubeappz. Essa localiza\u00e7\u00e3o estrat\u00e9gica nos mant\u00e9m na vanguarda do setor de tecnologia, inspirando-nos a inovar e a nos destacar.<\/p>\n<p><iframe loading=\"lazy\" src=\"https:\/\/www.google.com\/maps\/embed?pb=!1m18!1m12!1m3!1d235679.12090543256!2d113.9357084524362!3d22.635651710705055!2m3!1f0!2f0!3f0!3m2!1i1024!2i768!4f13.1!3m3!1m2!1s0x3403f408d0e15291%3A0xfdee550db79280c9!2sShenzhen%2C%20Guangdong%20Province%2C%20China!5e0!3m2!1sen!2sin!4v1702212679147!5m2!1sen!2sin\" width=\"600\" height=\"450\" allowfullscreen=\"allowfullscreen\"><\/iframe><\/p>\n<p>Junte-se a n\u00f3s enquanto continuamos a transformar o cen\u00e1rio digital, um aplicativo de cada vez, com o Snaptubeappz liderando o processo.<\/p>\n<p><em><span style=\"text-decoration: underline;\"><strong>Observa\u00e7\u00e3o<\/strong><\/span> &#8211; O SnaptubeAppz.com \u00e9 uma plataforma independente e n\u00e3o \u00e9 afiliado aos criadores oficiais do Snaptube. N\u00e3o somos o fornecedor oficial do aplicativo Snaptube. O Snaptube pertence aos seus criadores oficiais.<\/em><\/p>\n","protected":false},"excerpt":{"rendered":"<p>Bem-vindo ao site oficial do Snaptubeappz, seu destino final para todas as informa\u00e7\u00f5es sobre o Snaptubeappz, um renomado aplicativo de download de v\u00eddeos e m\u00fasicas feito sob medida para dispositivos Android. O in\u00edcio da jornada Fundado em novembro de 2014, o Snaptubeappz revolucionou a forma como os usu\u00e1rios interagem com o conte\u00fado digital. Esse aplicativo [&hellip;]<\/p>\n","protected":false},"author":1,"featured_media":0,"parent":0,"menu_order":0,"comment_status":"closed","ping_status":"closed","template":"","meta":{"_acf_changed":false,"site-sidebar-layout":"default","site-content-layout":"","ast-site-content-layout":"default","site-content-style":"default","site-sidebar-style":"default","ast-global-header-display":"","ast-banner-title-visibility":"","ast-main-header-display":"","ast-hfb-above-header-display":"","ast-hfb-below-header-display":"","ast-hfb-mobile-header-display":"","site-post-title":"","ast-breadcrumbs-content":"disabled","ast-featured-img":"","footer-sml-layout":"","theme-transparent-header-meta":"default","adv-header-id-meta":"","stick-header-meta":"default","header-above-stick-meta":"","header-main-stick-meta":"","header-below-stick-meta":"","astra-migrate-meta-layouts":"set","ast-page-background-enabled":"default","ast-page-background-meta":{"desktop":{"background-color":"","background-image":"","background-repeat":"repeat","background-position":"center center","background-size":"auto","background-attachment":"scroll","background-type":"","background-media":"","overlay-type":"","overlay-color":"","overlay-opacity":"","overlay-gradient":""},"tablet":{"background-color":"","background-image":"","background-repeat":"repeat","background-position":"center center","background-size":"auto","background-attachment":"scroll","background-type":"","background-media":"","overlay-type":"","overlay-color":"","overlay-opacity":"","overlay-gradient":""},"mobile":{"background-color":"","background-image":"","background-repeat":"repeat","background-position":"center center","background-size":"auto","background-attachment":"scroll","background-type":"","background-media":"","overlay-type":"","overlay-color":"","overlay-opacity":"","overlay-gradient":""}},"ast-content-background-meta":{"desktop":{"background-color":"var(--ast-global-color-5)","background-image":"","background-repeat":"repeat","background-position":"center center","background-size":"auto","background-attachment":"scroll","background-type":"","background-media":"","overlay-type":"","overlay-color":"","overlay-opacity":"","overlay-gradient":""},"tablet":{"background-color":"var(--ast-global-color-5)","background-image":"","background-repeat":"repeat","background-position":"center center","background-size":"auto","background-attachment":"scroll","background-type":"","background-media":"","overlay-type":"","overlay-color":"","overlay-opacity":"","overlay-gradient":""},"mobile":{"background-color":"var(--ast-global-color-5)","background-image":"","background-repeat":"repeat","background-position":"center center","background-size":"auto","background-attachment":"scroll","background-type":"","background-media":"","overlay-type":"","overlay-color":"","overlay-opacity":"","overlay-gradient":""}},"footnotes":""},"class_list":["post-5401","page","type-page","status-publish","hentry"],"acf":[],"_links":{"self":[{"href":"https:\/\/snaptubeappz.com\/pt-br\/wp-json\/wp\/v2\/pages\/5401","targetHints":{"allow":["GET"]}}],"collection":[{"href":"https:\/\/snaptubeappz.com\/pt-br\/wp-json\/wp\/v2\/pages"}],"about":[{"href":"https:\/\/snaptubeappz.com\/pt-br\/wp-json\/wp\/v2\/types\/page"}],"author":[{"embeddable":true,"href":"https:\/\/snaptubeappz.com\/pt-br\/wp-json\/wp\/v2\/users\/1"}],"replies":[{"embeddable":true,"href":"https:\/\/snaptubeappz.com\/pt-br\/wp-json\/wp\/v2\/comments?post=5401"}],"version-history":[{"count":3,"href":"https:\/\/snaptubeappz.com\/pt-br\/wp-json\/wp\/v2\/pages\/5401\/revisions"}],"predecessor-version":[{"id":5405,"href":"https:\/\/snaptubeappz.com\/pt-br\/wp-json\/wp\/v2\/pages\/5401\/revisions\/5405"}],"wp:attachment":[{"href":"https:\/\/snaptubeappz.com\/pt-br\/wp-json\/wp\/v2\/media?parent=5401"}],"curies":[{"name":"wp","href":"https:\/\/api.w.org\/{rel}","templated":true}]}}