{"id":5226,"date":"2024-03-18T03:25:36","date_gmt":"2024-03-18T03:25:36","guid":{"rendered":"https:\/\/snaptubeappz.com\/?page_id=5226"},"modified":"2025-06-25T16:58:27","modified_gmt":"2025-06-25T16:58:27","slug":"is-snaptube-safe","status":"publish","type":"page","link":"https:\/\/snaptubeappz.com\/pt-br\/is-snaptube-safe\/","title":{"rendered":"O Snaptube \u00e9 seguro para baixar e usar?"},"content":{"rendered":"<p>Nos \u00faltimos anos, o download de v\u00eddeos de v\u00e1rias plataformas tem se tornado cada vez mais popular e o <a href=\"https:\/\/snaptubeappz.com\/pt-br\/\">Snaptube<\/a> surgiu como um aplicativo amplamente utilizado.<\/p>\n<p>O aplicativo ganhou um grande n\u00famero de seguidores devido \u00e0 sua interface amig\u00e1vel e funcionalidade diversificada. No entanto, ainda h\u00e1 perguntas a serem respondidas sobre se <em>o Snaptube \u00e9 seguro para baixar e usar<\/em>.<\/p>\n<p><span style=\"text-decoration: underline;\"><em><strong>Crux<\/strong><\/em><\/span> &#8211; Ap\u00f3s um exame minucioso e um teste detalhado realizado na respeit\u00e1vel plataforma VirusTotal, foi confirmado que o aplicativo Snaptube \u00e9 seguro para uso se for baixado da plataforma segura.<\/p>\n<p>[btn]<\/p>\n<p>Alguns usu\u00e1rios est\u00e3o preocupados com sua seguran\u00e7a e se perguntam se o aplicativo representa algum risco para seus dispositivos ou privacidade.<\/p>\n<p>Antes de concluirmos qualquer coisa sobre a <strong>seguran\u00e7a do snaptube<\/strong>, devemos considerar v\u00e1rios aspectos, incluindo a disponibilidade do aplicativo nas lojas oficiais de aplicativos, seus requisitos de permiss\u00f5es e experi\u00eancias do usu\u00e1rio.<\/p>\n<p>[faq-1]<\/p>\n<p>[faq-2]<\/p>\n<h2 style=\"text-align: center;\">Teste de seguran\u00e7a do Snaptube no VirusTotal<\/h2>\n<p><strong>Para avaliar a seguran\u00e7a do Snaptube, foi realizado um teste do VirusTotal.<\/strong><\/p>\n<p>O VirusTotal \u00e9 um site que analisa arquivos e URLs em busca de poss\u00edveis v\u00edrus, worms, cavalos de troia e outros conte\u00fados maliciosos. Ele usa v\u00e1rios mecanismos antiv\u00edrus e scanners de sites para fornecer um relat\u00f3rio detalhado sobre a seguran\u00e7a do conte\u00fado enviado.<\/p>\n<p>Ao enviar o arquivo APK do Snaptube para o VirusTotal, os resultados foram tranquilizadores. A <strong>an\u00e1lise indicou que o aplicativo \u00e9 seguro e n\u00e3o cont\u00e9m conte\u00fado malicioso<\/strong>. Essa descoberta acrescenta uma camada de confian\u00e7a para os usu\u00e1rios que est\u00e3o preocupados com a seguran\u00e7a do aplicativo, j\u00e1 que v\u00e1rias solu\u00e7\u00f5es antiv\u00edrus confi\u00e1veis o avaliaram.<\/p>\n<p>Para os interessados em se aprofundar nos detalhes do teste, o relat\u00f3rio detalhado pode ser acessado no <a href=\"https:\/\/www.virustotal.com\/gui\/file\/2050196cc91a7bfe493ec1fed79fe22dea4dd5adb27ed5b912d133ceed02d8b0\/detection\" data-schema-attribute=\"mentions\" target=\"_blank\" rel=\"noopener\">site do VirusTotal<\/a>. \u00c9 sempre uma boa pr\u00e1tica realizar esses testes ou consultar fontes confi\u00e1veis quando estiver em d\u00favida sobre a seguran\u00e7a de qualquer software ou aplicativo.<\/p>\n<p>[faq-3]<\/p>\n","protected":false},"excerpt":{"rendered":"<p>Nos \u00faltimos anos, o download de v\u00eddeos de v\u00e1rias plataformas tem se tornado cada vez mais popular e o Snaptube surgiu como um aplicativo amplamente utilizado. O aplicativo ganhou um grande n\u00famero de seguidores devido \u00e0 sua interface amig\u00e1vel e funcionalidade diversificada. No entanto, ainda h\u00e1 perguntas a serem respondidas sobre se o Snaptube \u00e9 [&hellip;]<\/p>\n","protected":false},"author":1,"featured_media":0,"parent":0,"menu_order":0,"comment_status":"closed","ping_status":"closed","template":"","meta":{"_acf_changed":false,"site-sidebar-layout":"default","site-content-layout":"","ast-site-content-layout":"default","site-content-style":"default","site-sidebar-style":"default","ast-global-header-display":"","ast-banner-title-visibility":"","ast-main-header-display":"","ast-hfb-above-header-display":"","ast-hfb-below-header-display":"","ast-hfb-mobile-header-display":"","site-post-title":"","ast-breadcrumbs-content":"disabled","ast-featured-img":"","footer-sml-layout":"","theme-transparent-header-meta":"default","adv-header-id-meta":"","stick-header-meta":"default","header-above-stick-meta":"","header-main-stick-meta":"","header-below-stick-meta":"","astra-migrate-meta-layouts":"set","ast-page-background-enabled":"default","ast-page-background-meta":{"desktop":{"background-color":"","background-image":"","background-repeat":"repeat","background-position":"center center","background-size":"auto","background-attachment":"scroll","background-type":"","background-media":"","overlay-type":"","overlay-color":"","overlay-opacity":"","overlay-gradient":""},"tablet":{"background-color":"","background-image":"","background-repeat":"repeat","background-position":"center center","background-size":"auto","background-attachment":"scroll","background-type":"","background-media":"","overlay-type":"","overlay-color":"","overlay-opacity":"","overlay-gradient":""},"mobile":{"background-color":"","background-image":"","background-repeat":"repeat","background-position":"center center","background-size":"auto","background-attachment":"scroll","background-type":"","background-media":"","overlay-type":"","overlay-color":"","overlay-opacity":"","overlay-gradient":""}},"ast-content-background-meta":{"desktop":{"background-color":"var(--ast-global-color-5)","background-image":"","background-repeat":"repeat","background-position":"center center","background-size":"auto","background-attachment":"scroll","background-type":"","background-media":"","overlay-type":"","overlay-color":"","overlay-opacity":"","overlay-gradient":""},"tablet":{"background-color":"var(--ast-global-color-5)","background-image":"","background-repeat":"repeat","background-position":"center center","background-size":"auto","background-attachment":"scroll","background-type":"","background-media":"","overlay-type":"","overlay-color":"","overlay-opacity":"","overlay-gradient":""},"mobile":{"background-color":"var(--ast-global-color-5)","background-image":"","background-repeat":"repeat","background-position":"center center","background-size":"auto","background-attachment":"scroll","background-type":"","background-media":"","overlay-type":"","overlay-color":"","overlay-opacity":"","overlay-gradient":""}},"footnotes":""},"class_list":["post-5226","page","type-page","status-publish","hentry"],"acf":[],"_links":{"self":[{"href":"https:\/\/snaptubeappz.com\/pt-br\/wp-json\/wp\/v2\/pages\/5226","targetHints":{"allow":["GET"]}}],"collection":[{"href":"https:\/\/snaptubeappz.com\/pt-br\/wp-json\/wp\/v2\/pages"}],"about":[{"href":"https:\/\/snaptubeappz.com\/pt-br\/wp-json\/wp\/v2\/types\/page"}],"author":[{"embeddable":true,"href":"https:\/\/snaptubeappz.com\/pt-br\/wp-json\/wp\/v2\/users\/1"}],"replies":[{"embeddable":true,"href":"https:\/\/snaptubeappz.com\/pt-br\/wp-json\/wp\/v2\/comments?post=5226"}],"version-history":[{"count":1,"href":"https:\/\/snaptubeappz.com\/pt-br\/wp-json\/wp\/v2\/pages\/5226\/revisions"}],"predecessor-version":[{"id":5441,"href":"https:\/\/snaptubeappz.com\/pt-br\/wp-json\/wp\/v2\/pages\/5226\/revisions\/5441"}],"wp:attachment":[{"href":"https:\/\/snaptubeappz.com\/pt-br\/wp-json\/wp\/v2\/media?parent=5226"}],"curies":[{"name":"wp","href":"https:\/\/api.w.org\/{rel}","templated":true}]}}