{"id":3351,"date":"2020-03-13T03:29:37","date_gmt":"2020-03-13T03:29:37","guid":{"rendered":"https:\/\/snaptubeappz.com\/privacy-policy\/"},"modified":"2023-02-26T06:31:59","modified_gmt":"2023-02-26T06:31:59","slug":"privacy-policy","status":"publish","type":"page","link":"https:\/\/snaptubeappz.com\/pt-br\/privacy-policy\/","title":{"rendered":"pol\u00edtica de Privacidade"},"content":{"rendered":"<p>Bem-vindo ao <a href=\"https:\/\/snaptubeappz.com\/pt-br\/\">https:\/\/snaptubeappz.com\/pt-br\/<\/a> (o &#8220;Site&#8221;). Entendemos que a privacidade on-line \u00e9 importante para os usu\u00e1rios de nosso Site, especialmente na condu\u00e7\u00e3o de neg\u00f3cios. Esta declara\u00e7\u00e3o rege nossas pol\u00edticas de privacidade com respeito aos usu\u00e1rios do Site (&#8220;Visitantes&#8221;) que visitam sem fazer neg\u00f3cios e Visitantes que se registram para fazer neg\u00f3cios no Site e fazem uso dos v\u00e1rios servi\u00e7os oferecidos pela Snaptube Appz (coletivamente, &#8220;Servi\u00e7os&#8221;) (&#8220;Clientes Autorizados&#8221;).<\/p>\n<p><strong>&#8220;Informa\u00e7\u00f5es de identifica\u00e7\u00e3o pessoal&#8221;.<\/strong><\/p>\n<p>refere-se a qualquer informa\u00e7\u00e3o que identifique ou possa ser usada para identificar, contatar ou localizar a pessoa a quem tais informa\u00e7\u00f5es pertencem, incluindo, mas n\u00e3o limitado a, nome, endere\u00e7o, n\u00famero de telefone, n\u00famero de fax, endere\u00e7o de e-mail, perfis financeiros, n\u00famero do seguro social e informa\u00e7\u00f5es de cart\u00e3o de cr\u00e9dito. Pessoalmente, Informa\u00e7\u00f5es Identific\u00e1veis n\u00e3o incluem informa\u00e7\u00f5es que s\u00e3o coletadas anonimamente (isto \u00e9, sem identifica\u00e7\u00e3o do usu\u00e1rio individual) ou informa\u00e7\u00f5es demogr\u00e1ficas n\u00e3o conectadas a um indiv\u00edduo identificado.<\/p>\n<p><strong>Que Informa\u00e7\u00f5es Pessoais Identific\u00e1veis s\u00e3o coletadas?<\/strong><\/p>\n<p>Podemos coletar informa\u00e7\u00f5es b\u00e1sicas do perfil do usu\u00e1rio de todos os nossos Visitantes. Coletamos as seguintes informa\u00e7\u00f5es adicionais de nossos Clientes Autorizados: os nomes, endere\u00e7os, n\u00fameros de telefone e endere\u00e7os de e-mail dos Clientes Autorizados, a natureza e tamanho do neg\u00f3cio, e a natureza e tamanho do invent\u00e1rio publicit\u00e1rio que o Cliente Autorizado pretende comprar ou vender.<\/p>\n<p><strong>Quais organiza\u00e7\u00f5es est\u00e3o coletando as informa\u00e7\u00f5es?<\/strong><\/p>\n<p>Al\u00e9m de nossa coleta direta de informa\u00e7\u00f5es, nossos fornecedores de servi\u00e7os terceirizados (tais como empresas de cart\u00e3o de cr\u00e9dito, c\u00e2maras de compensa\u00e7\u00e3o e bancos) que podem fornecer servi\u00e7os como cr\u00e9dito, seguros e servi\u00e7os de cau\u00e7\u00e3o podem coletar essas informa\u00e7\u00f5es de nossos Visitantes e Clientes Autorizados. N\u00e3o controlamos como esses terceiros utilizam tais informa\u00e7\u00f5es, mas pedimos a eles que revelem como utilizam as informa\u00e7\u00f5es pessoais fornecidas a eles pelos Visitantes e Clientes Autorizados. Alguns desses terceiros podem ser intermedi\u00e1rios que atuam unicamente como elos da cadeia de distribui\u00e7\u00e3o e n\u00e3o armazenam, ret\u00eam ou utilizam as informa\u00e7\u00f5es que lhes s\u00e3o fornecidas.<\/p>\n<p><strong>Como o Site utiliza as Informa\u00e7\u00f5es Pessoais Identific\u00e1veis?<\/strong><\/p>\n<p>Utilizamos Informa\u00e7\u00f5es de Identifica\u00e7\u00e3o Pessoal para personalizar o Site, para fazer ofertas de servi\u00e7os apropriadas e para atender pedidos de compra e venda no Site. Podemos enviar e-mails aos Visitantes e Clientes Autorizados sobre pesquisas ou oportunidades de compra e venda no Site ou informa\u00e7\u00f5es relacionadas com o assunto do Site. Tamb\u00e9m podemos usar Informa\u00e7\u00f5es Pessoais Identific\u00e1veis para contatar Visitantes e Clientes Autorizados em resposta a perguntas espec\u00edficas ou para fornecer informa\u00e7\u00f5es solicitadas.<\/p>\n<p><strong>Com quem as informa\u00e7\u00f5es podem ser compartilhadas?<\/strong><\/p>\n<p>Informa\u00e7\u00f5es pessoalmente identific\u00e1veis sobre Clientes Autorizados podem ser compartilhadas com outros Clientes Autorizados que desejem avaliar transa\u00e7\u00f5es potenciais com outros Clientes Autorizados. Podemos compartilhar informa\u00e7\u00f5es agregadas sobre nossos Visitantes, incluindo a demografia de nossos Visitantes e Clientes Autorizados, com nossas ag\u00eancias afiliadas e fornecedores terceirizados. Tamb\u00e9m oferecemos a oportunidade de &#8220;optar por n\u00e3o receber informa\u00e7\u00f5es ou ser contatado por n\u00f3s ou por qualquer ag\u00eancia agindo em nosso nome.<\/p>\n<p><strong>Como as Informa\u00e7\u00f5es Pessoais Identific\u00e1veis s\u00e3o armazenadas?<\/strong><\/p>\n<p>As Informa\u00e7\u00f5es Pessoais Identific\u00e1veis coletadas pelo Snaptube Appz s\u00e3o armazenadas com seguran\u00e7a e n\u00e3o s\u00e3o acess\u00edveis a terceiros ou funcion\u00e1rios do Snaptube Appz, exceto para uso conforme indicado acima.<\/p>\n<p><strong>Que op\u00e7\u00f5es est\u00e3o dispon\u00edveis para os Visitantes com rela\u00e7\u00e3o \u00e0 coleta, uso e distribui\u00e7\u00e3o das informa\u00e7\u00f5es?<\/strong><\/p>\n<p>Visitantes e Clientes Autorizados podem optar por n\u00e3o receber informa\u00e7\u00f5es n\u00e3o solicitadas ou ser contatados por n\u00f3s e\/ou nossos fornecedores e ag\u00eancias afiliadas, respondendo a e-mails conforme instru\u00eddo, ou entrando em contato conosco em<\/p>\n<p><strong>Os cookies s\u00e3o usados no site?<\/strong><\/p>\n<p>Os cookies s\u00e3o utilizados por uma variedade de raz\u00f5es. Utilizamos cookies para obter informa\u00e7\u00f5es sobre as prefer\u00eancias de nossos Visitantes e os servi\u00e7os que eles selecionam. Tamb\u00e9m usamos Cookies para fins de seguran\u00e7a para proteger nossos Clientes Autorizados. Por exemplo, se um Cliente Autorizado estiver logado e o site n\u00e3o for utilizado por mais de 10 minutos, n\u00f3s automaticamente faremos o log off do Cliente Autorizado.<\/p>\n<p><strong>Como o Snaptube Appz utiliza as informa\u00e7\u00f5es de login?<\/strong><\/p>\n<p>O Snaptube Appz usa informa\u00e7\u00f5es de login, incluindo, mas n\u00e3o limitado a, endere\u00e7os IP, ISPs e tipos de navegador, para analisar tend\u00eancias, administrar o Site, rastrear o movimento e uso de um usu\u00e1rio, e reunir informa\u00e7\u00f5es demogr\u00e1ficas amplas.<\/p>\n<p><strong>Quais parceiros ou provedores de servi\u00e7os t\u00eam acesso \u00e0s Informa\u00e7\u00f5es Pessoais Identific\u00e1veis dos Visitantes e\/ou Clientes Autorizados no Site?<\/strong><\/p>\n<p>O Snaptube Appz entrou e continuar\u00e1 a entrar em parcerias e outras afilia\u00e7\u00f5es com v\u00e1rios fornecedores. Tais fornecedores podem ter acesso a certas Informa\u00e7\u00f5es Pessoais Identific\u00e1veis com base na necessidade de conhecer a base para avaliar a elegibilidade do servi\u00e7o por parte dos Clientes Autorizados. Nossa pol\u00edtica de privacidade n\u00e3o cobre sua coleta ou uso dessas informa\u00e7\u00f5es. Divulga\u00e7\u00e3o de Informa\u00e7\u00f5es Pessoais Identific\u00e1veis para cumprir com a lei. Divulgaremos Informa\u00e7\u00f5es Pessoais Identific\u00e1veis a fim de cumprir com uma ordem ou intima\u00e7\u00e3o judicial ou uma solicita\u00e7\u00e3o de uma ag\u00eancia de aplica\u00e7\u00e3o da lei para divulgar informa\u00e7\u00f5es. Tamb\u00e9m divulgaremos Informa\u00e7\u00f5es de Identifica\u00e7\u00e3o Pessoal quando razoavelmente necess\u00e1rio para proteger a seguran\u00e7a de nossos Visitantes e Clientes Autorizados.<\/p>\n<p><strong>Como o Site mant\u00e9m as Informa\u00e7\u00f5es Pessoais Identific\u00e1veis seguras?<\/strong><\/p>\n<p>Todos os nossos funcion\u00e1rios est\u00e3o familiarizados com nossa pol\u00edtica e pr\u00e1ticas de seguran\u00e7a. As Informa\u00e7\u00f5es Pessoais Identific\u00e1veis de nossos Visitantes e Clientes Autorizados s\u00e3o acess\u00edveis somente a um n\u00famero limitado de funcion\u00e1rios qualificados que recebem uma senha para ter acesso \u00e0s informa\u00e7\u00f5es. Auditamos nossos sistemas e processos de seguran\u00e7a regularmente. Informa\u00e7\u00f5es sens\u00edveis, tais como n\u00fameros de cart\u00e3o de cr\u00e9dito ou de seguran\u00e7a social, s\u00e3o protegidas por protocolos de criptografia, em vigor para proteger as informa\u00e7\u00f5es enviadas pela Internet. Embora tomemos medidas comercialmente razo\u00e1veis para manter um site seguro, as comunica\u00e7\u00f5es eletr\u00f4nicas e bancos de dados est\u00e3o sujeitos a erros, adultera\u00e7\u00f5es e invas\u00f5es, e n\u00e3o podemos garantir ou garantir que tais eventos n\u00e3o ocorrer\u00e3o e n\u00e3o seremos respons\u00e1veis perante Visitantes ou Clientes Autorizados por tais ocorr\u00eancias.<\/p>\n<p><strong>Como os Visitantes podem corrigir qualquer imprecis\u00e3o nas Informa\u00e7\u00f5es Pessoais Identific\u00e1veis?<\/strong><\/p>\n<p>Visitantes e Clientes Autorizados podem entrar em contato conosco para atualizar Informa\u00e7\u00f5es Pessoais Identific\u00e1veis sobre eles ou para corrigir qualquer imprecis\u00e3o, enviando-nos um e-mail para apksnaptubeinfo@gmail.com.<\/p>\n<p><strong>Um Visitante pode excluir ou desativar as Informa\u00e7\u00f5es Pessoais Identific\u00e1veis coletadas pelo Site?<\/strong><\/p>\n<p>Fornecemos aos Visitantes e Clientes Autorizados um mecanismo para apagar\/desativar Informa\u00e7\u00f5es Pessoais Identific\u00e1veis do banco de dados do Site, entrando em contato com . Entretanto, devido aos backups e registros de apagamentos, pode ser imposs\u00edvel apagar a entrada de um Visitante sem reter algumas informa\u00e7\u00f5es residuais. Uma pessoa que solicitar a desativa\u00e7\u00e3o de Informa\u00e7\u00f5es Pessoais Identific\u00e1veis ter\u00e1 essas informa\u00e7\u00f5es eliminadas funcionalmente, e n\u00e3o venderemos, transferiremos ou usaremos Informa\u00e7\u00f5es Pessoais Identific\u00e1veis relativas a essa pessoa de nenhuma forma para avan\u00e7ar.<\/p>\n<p><strong>O que acontece se a Pol\u00edtica de Privacidade mudar?<\/strong><\/p>\n<p>Informaremos nossos Visitantes e Clientes Autorizados sobre mudan\u00e7as em nossa pol\u00edtica de privacidade, publicando tais mudan\u00e7as no Site. Entretanto, se estivermos mudando nossa pol\u00edtica de privacidade de uma maneira que possa causar a divulga\u00e7\u00e3o de Informa\u00e7\u00f5es Pessoais Identific\u00e1veis que um Visitante ou Cliente Autorizado tenha previamente solicitado n\u00e3o serem divulgadas, entraremos em contato com tal Visitante ou Cliente Autorizado para permitir que tal Visitante ou Cliente Autorizado impe\u00e7a tal divulga\u00e7\u00e3o.<\/p>\n<p><strong>Links:<\/strong><\/p>\n<p>https:\/\/snaptubeappz.com cont\u00e9m links para outros sites da web. Observe que ao clicar em um desses links, voc\u00ea estar\u00e1 se mudando para outro site da Web. N\u00f3s o encorajamos a ler as declara\u00e7\u00f5es de privacidade desses sites vinculados, pois suas pol\u00edticas de privacidade podem diferir das nossas.<\/p>\n<p><iframe class=\"ginger-extension-definitionpopup\" style=\"left: 74px; top: 2600px; z-index: 100001; display: none;\" src=\"chrome-extension:\/\/kdfieneakcjfaiglcfcgkidlkmlijjnh\/content\/popups\/definitionPopup\/index.html?title=Privacy&amp;description=the%20condition%20of%20being%20concealed%20or%20hidden\"><\/iframe><\/p>\n","protected":false},"excerpt":{"rendered":"<p>Bem-vindo ao https:\/\/snaptubeappz.com\/pt-br\/ (o &#8220;Site&#8221;). Entendemos que a privacidade on-line \u00e9 importante para os usu\u00e1rios de nosso Site, especialmente na condu\u00e7\u00e3o de neg\u00f3cios. Esta declara\u00e7\u00e3o rege nossas pol\u00edticas de privacidade com respeito aos usu\u00e1rios do Site (&#8220;Visitantes&#8221;) que visitam sem fazer neg\u00f3cios e Visitantes que se registram para fazer neg\u00f3cios no Site e fazem uso [&hellip;]<\/p>\n","protected":false},"author":1,"featured_media":0,"parent":0,"menu_order":0,"comment_status":"closed","ping_status":"open","template":"","meta":{"_acf_changed":false,"site-sidebar-layout":"default","site-content-layout":"default","ast-site-content-layout":"","site-content-style":"default","site-sidebar-style":"default","ast-global-header-display":"","ast-banner-title-visibility":"","ast-main-header-display":"","ast-hfb-above-header-display":"","ast-hfb-below-header-display":"","ast-hfb-mobile-header-display":"","site-post-title":"","ast-breadcrumbs-content":"","ast-featured-img":"","footer-sml-layout":"","theme-transparent-header-meta":"default","adv-header-id-meta":"","stick-header-meta":"default","header-above-stick-meta":"","header-main-stick-meta":"","header-below-stick-meta":"","astra-migrate-meta-layouts":"default","ast-page-background-enabled":"default","ast-page-background-meta":{"desktop":{"background-color":"","background-image":"","background-repeat":"repeat","background-position":"center center","background-size":"auto","background-attachment":"scroll","background-type":"","background-media":"","overlay-type":"","overlay-color":"","overlay-opacity":"","overlay-gradient":""},"tablet":{"background-color":"","background-image":"","background-repeat":"repeat","background-position":"center center","background-size":"auto","background-attachment":"scroll","background-type":"","background-media":"","overlay-type":"","overlay-color":"","overlay-opacity":"","overlay-gradient":""},"mobile":{"background-color":"","background-image":"","background-repeat":"repeat","background-position":"center center","background-size":"auto","background-attachment":"scroll","background-type":"","background-media":"","overlay-type":"","overlay-color":"","overlay-opacity":"","overlay-gradient":""}},"ast-content-background-meta":{"desktop":{"background-color":"var(--ast-global-color-5)","background-image":"","background-repeat":"repeat","background-position":"center center","background-size":"auto","background-attachment":"scroll","background-type":"","background-media":"","overlay-type":"","overlay-color":"","overlay-opacity":"","overlay-gradient":""},"tablet":{"background-color":"var(--ast-global-color-5)","background-image":"","background-repeat":"repeat","background-position":"center center","background-size":"auto","background-attachment":"scroll","background-type":"","background-media":"","overlay-type":"","overlay-color":"","overlay-opacity":"","overlay-gradient":""},"mobile":{"background-color":"var(--ast-global-color-5)","background-image":"","background-repeat":"repeat","background-position":"center center","background-size":"auto","background-attachment":"scroll","background-type":"","background-media":"","overlay-type":"","overlay-color":"","overlay-opacity":"","overlay-gradient":""}},"footnotes":""},"class_list":["post-3351","page","type-page","status-publish","hentry"],"acf":[],"_links":{"self":[{"href":"https:\/\/snaptubeappz.com\/pt-br\/wp-json\/wp\/v2\/pages\/3351","targetHints":{"allow":["GET"]}}],"collection":[{"href":"https:\/\/snaptubeappz.com\/pt-br\/wp-json\/wp\/v2\/pages"}],"about":[{"href":"https:\/\/snaptubeappz.com\/pt-br\/wp-json\/wp\/v2\/types\/page"}],"author":[{"embeddable":true,"href":"https:\/\/snaptubeappz.com\/pt-br\/wp-json\/wp\/v2\/users\/1"}],"replies":[{"embeddable":true,"href":"https:\/\/snaptubeappz.com\/pt-br\/wp-json\/wp\/v2\/comments?post=3351"}],"version-history":[{"count":0,"href":"https:\/\/snaptubeappz.com\/pt-br\/wp-json\/wp\/v2\/pages\/3351\/revisions"}],"wp:attachment":[{"href":"https:\/\/snaptubeappz.com\/pt-br\/wp-json\/wp\/v2\/media?parent=3351"}],"curies":[{"name":"wp","href":"https:\/\/api.w.org\/{rel}","templated":true}]}}