{"id":328,"date":"2020-03-13T14:22:39","date_gmt":"2020-03-13T14:22:39","guid":{"rendered":"https:\/\/snaptubeappz.com\/home"},"modified":"2025-09-08T13:13:44","modified_gmt":"2025-09-08T13:13:44","slug":"baixar-snaptube-apk-instalar-atualizado-para-android","status":"publish","type":"page","link":"https:\/\/snaptubeappz.com\/pt-br\/","title":{"rendered":"Instalar Snaptube Original &#8211; Baixar APK Para Gr\u00e1tis 2025"},"content":{"rendered":"<p style=\"text-align: center;\">[btn-1]<\/p>\n<p style=\"text-align: center;\">[img-1]<\/p>\n<p style=\"text-align: center;\">[link-1]<\/p>\n<p style=\"text-align: center;\">[btn-2]<\/p>\n<p style=\"text-align: center;\">[table]<\/p>\n<h2 style=\"text-align: center;\">O que \u00e9 o Snaptube?<\/h2>\n<p>O <strong>Snaptube<\/strong> \u00e9 um aplicativo para Android que baixa sem esfor\u00e7o v\u00eddeos de m\u00eddias sociais populares e outros sites de entretenimento como YouTube, Facebook, TikTok, Instagram, DailyMotion e WhatsApp. O Snaptube tamb\u00e9m permite que os usu\u00e1rios convertam os arquivos de v\u00eddeo para o formato MP3 e os salvem para acesso r\u00e1pido.<\/p>\n<p>O Snaptube foi lan\u00e7ado oficialmente em novembro de 2014 e quase 1 bilh\u00e3o de pessoas baixaram o aplicativo em todo o mundo. O n\u00famero de v\u00eddeos baixados diariamente \u00e9 superior a 90 milh\u00f5es. Infelizmente, o Snaptube n\u00e3o est\u00e1 mais dispon\u00edvel na Google Play Store.<\/p>\n<p>Ele \u00e9 suportado em lojas de aplicativos conhecidas, incluindo Uptodown.com, Aptoide.com e a loja 9Apps. O aplicativo Snaptube oferece \u00e1udio nos formatos MP3 e M4A e v\u00eddeo em 144p, 720p, 1080p HD, 2K HD e 4K HD.<\/p>\n<p>[table_of_content]<\/p>\n<p>[install]<\/p>\n<p>[how-to-use]<\/p>\n<h2 style=\"text-align: center;\">Recursos do Snaptube<\/h2>\n<p>O Snaptube tem v\u00e1rios recursos que atendem aos usu\u00e1rios que desejam baixar e gerenciar conte\u00fado multim\u00eddia. <em>Aqui est\u00e1 uma lista detalhada de seus principais recursos:<\/em><\/p>\n<p>[features]<\/p>\n<h2 style=\"text-align: center;\">Seguran\u00e7a e privacidade do Snaptube<\/h2>\n<p><strong>A seguran\u00e7a e a privacidade do uso de um aplicativo como o Snaptube s\u00e3o considera\u00e7\u00f5es essenciais.<\/strong> Embora o Snaptube ofere\u00e7a uma maneira conveniente de baixar v\u00eddeos e m\u00fasicas, os usu\u00e1rios devem estar cientes de v\u00e1rios aspectos relacionados \u00e0 seguran\u00e7a e \u00e0 privacidade.<\/p>\n<p>[safety]<\/p>\n<h2 style=\"text-align: center;\">Snaptube Vers\u00e3o mais recente Changelog<\/h2>\n<p>A <strong>vers\u00e3o mais recente do Snaptube<\/strong> introduziu uma s\u00e9rie de aprimoramentos e novas atualiza\u00e7\u00f5es para melhorar a experi\u00eancia e a funcionalidade do usu\u00e1rio:<\/p>\n<p>[changelog]<\/p>\n<h2 style=\"text-align: center;\">Snaptube Original vs. Falso<\/h2>\n<p><strong>Distinguir entre o Snaptube original e suas contrapartes falsas \u00e9 crucial para a seguran\u00e7a do usu\u00e1rio.<\/strong><\/p>\n<p>O Snaptube original, conhecido por sua facilidade de baixar v\u00eddeos de plataformas como YouTube e Facebook, pode ser baixado com seguran\u00e7a em nosso site. Ao mesmo tempo, as vers\u00f5es falsas geralmente se escondem em fontes de terceiros.<\/p>\n<p><strong>A autenticidade \u00e9 verificada ainda mais ao verificar o desenvolvimento do aplicativo sob o Mobiuspace<\/strong>, observado na descri\u00e7\u00e3o do aplicativo nos canais oficiais. O Snaptube real oferece uma interface simples e amig\u00e1vel com um navegador integrado, suportando v\u00e1rias resolu\u00e7\u00f5es e formatos de v\u00eddeo, ao contr\u00e1rio dos falsos, que est\u00e3o repletos de an\u00fancios excessivos e solicita\u00e7\u00f5es de permiss\u00e3o irrelevantes, o que \u00e9 um sinal de alerta claro.<\/p>\n<p>Esses aplicativos falsificados n\u00e3o apenas correm o risco de introduzir malware em seu dispositivo, mas tamb\u00e9m representam uma amea\u00e7a \u00e0s suas informa\u00e7\u00f5es pessoais. Denunciar qualquer aplicativo Snaptube suspeito e falso \u00e0 loja de aplicativos ou diretamente a n\u00f3s \u00e9 essencial para combater isso. Em ess\u00eancia, sempre opte por downloads de fontes confi\u00e1veis, como nosso site, e fique atento aos sinais de aplicativos falsificados para proteger seu dispositivo e seus dados pessoais.<\/p>\n<p>[faq]<\/p>\n<p>[link-3]<\/p>\n<div id=\"gtx-trans\" style=\"position: absolute; left: 674px; top: 135.109px;\">\n<div class=\"gtx-trans-icon\"><\/div>\n<\/div>\n","protected":false},"excerpt":{"rendered":"<p>[btn-1] [img-1] [link-1] [btn-2] [table] O que \u00e9 o Snaptube? O Snaptube \u00e9 um aplicativo para Android que baixa sem esfor\u00e7o v\u00eddeos de m\u00eddias sociais populares e outros sites de entretenimento como YouTube, Facebook, TikTok, Instagram, DailyMotion e WhatsApp. O Snaptube tamb\u00e9m permite que os usu\u00e1rios convertam os arquivos de v\u00eddeo para o formato MP3 [&hellip;]<\/p>\n","protected":false},"author":1,"featured_media":0,"parent":0,"menu_order":0,"comment_status":"closed","ping_status":"closed","template":"","meta":{"_acf_changed":false,"site-sidebar-layout":"no-sidebar","site-content-layout":"plain-container","ast-site-content-layout":"normal-width-container","site-content-style":"unboxed","site-sidebar-style":"unboxed","ast-global-header-display":"","ast-banner-title-visibility":"","ast-main-header-display":"","ast-hfb-above-header-display":"","ast-hfb-below-header-display":"","ast-hfb-mobile-header-display":"","site-post-title":"","ast-breadcrumbs-content":"disabled","ast-featured-img":"disabled","footer-sml-layout":"","theme-transparent-header-meta":"default","adv-header-id-meta":"","stick-header-meta":"default","header-above-stick-meta":"","header-main-stick-meta":"","header-below-stick-meta":"","astra-migrate-meta-layouts":"set","ast-page-background-enabled":"default","ast-page-background-meta":{"desktop":{"background-color":"","background-image":"","background-repeat":"repeat","background-position":"center center","background-size":"auto","background-attachment":"scroll","background-type":"","background-media":"","overlay-type":"","overlay-color":"","overlay-opacity":"","overlay-gradient":""},"tablet":{"background-color":"","background-image":"","background-repeat":"repeat","background-position":"center center","background-size":"auto","background-attachment":"scroll","background-type":"","background-media":"","overlay-type":"","overlay-color":"","overlay-opacity":"","overlay-gradient":""},"mobile":{"background-color":"","background-image":"","background-repeat":"repeat","background-position":"center center","background-size":"auto","background-attachment":"scroll","background-type":"","background-media":"","overlay-type":"","overlay-color":"","overlay-opacity":"","overlay-gradient":""}},"ast-content-background-meta":{"desktop":{"background-color":"var(--ast-global-color-5)","background-image":"","background-repeat":"repeat","background-position":"center center","background-size":"auto","background-attachment":"scroll","background-type":"","background-media":"","overlay-type":"","overlay-color":"","overlay-opacity":"","overlay-gradient":""},"tablet":{"background-color":"var(--ast-global-color-5)","background-image":"","background-repeat":"repeat","background-position":"center center","background-size":"auto","background-attachment":"scroll","background-type":"","background-media":"","overlay-type":"","overlay-color":"","overlay-opacity":"","overlay-gradient":""},"mobile":{"background-color":"var(--ast-global-color-5)","background-image":"","background-repeat":"repeat","background-position":"center center","background-size":"auto","background-attachment":"scroll","background-type":"","background-media":"","overlay-type":"","overlay-color":"","overlay-opacity":"","overlay-gradient":""}},"footnotes":""},"class_list":["post-328","page","type-page","status-publish","hentry"],"acf":[],"_links":{"self":[{"href":"https:\/\/snaptubeappz.com\/pt-br\/wp-json\/wp\/v2\/pages\/328","targetHints":{"allow":["GET"]}}],"collection":[{"href":"https:\/\/snaptubeappz.com\/pt-br\/wp-json\/wp\/v2\/pages"}],"about":[{"href":"https:\/\/snaptubeappz.com\/pt-br\/wp-json\/wp\/v2\/types\/page"}],"author":[{"embeddable":true,"href":"https:\/\/snaptubeappz.com\/pt-br\/wp-json\/wp\/v2\/users\/1"}],"replies":[{"embeddable":true,"href":"https:\/\/snaptubeappz.com\/pt-br\/wp-json\/wp\/v2\/comments?post=328"}],"version-history":[{"count":7,"href":"https:\/\/snaptubeappz.com\/pt-br\/wp-json\/wp\/v2\/pages\/328\/revisions"}],"predecessor-version":[{"id":6003,"href":"https:\/\/snaptubeappz.com\/pt-br\/wp-json\/wp\/v2\/pages\/328\/revisions\/6003"}],"wp:attachment":[{"href":"https:\/\/snaptubeappz.com\/pt-br\/wp-json\/wp\/v2\/media?parent=328"}],"curies":[{"name":"wp","href":"https:\/\/api.w.org\/{rel}","templated":true}]}}