{"id":3222,"date":"2020-03-13T13:44:04","date_gmt":"2020-03-13T13:44:04","guid":{"rendered":"https:\/\/snaptubeappz.com\/disclaimer\/"},"modified":"2023-07-10T13:03:24","modified_gmt":"2023-07-10T13:03:24","slug":"disclaimer","status":"publish","type":"page","link":"https:\/\/snaptubeappz.com\/pt-br\/disclaimer\/","title":{"rendered":"Isen\u00e7\u00e3o de responsabilidade"},"content":{"rendered":"<p>As informa\u00e7\u00f5es contidas em <a href=\"https:\/\/snaptubeappz.com\/pt-br\/\">https:\/\/snaptubeappz.com\/pt-br\/<\/a> s\u00e3o apenas para fins de informa\u00e7\u00e3o geral. As informa\u00e7\u00f5es s\u00e3o fornecidas pelo https:\/\/snaptubeappz.com e enquanto nos esfor\u00e7amos para manter as informa\u00e7\u00f5es atualizadas e corretas, n\u00e3o fazemos representa\u00e7\u00f5es ou garantias de qualquer tipo, expressas ou impl\u00edcitas, sobre a integralidade, precis\u00e3o, confiabilidade, adequa\u00e7\u00e3o ou disponibilidade com rela\u00e7\u00e3o ao https:\/\/snaptubeappz.com ou \u00e0s informa\u00e7\u00f5es, produtos, servi\u00e7os ou gr\u00e1ficos relacionados contidos no https:\/\/snaptubeappz.com para qualquer finalidade. Qualquer confian\u00e7a que voc\u00ea deposite em tais informa\u00e7\u00f5es \u00e9, portanto, estritamente por sua pr\u00f3pria conta e risco.<\/p>\n<p>Em nenhuma hip\u00f3tese seremos respons\u00e1veis por qualquer perda ou dano, incluindo, sem limita\u00e7\u00e3o, perdas ou danos indiretos ou conseq\u00fcentes, ou qualquer perda ou dano de qualquer natureza decorrente da perda de dados ou lucros decorrentes de, ou em conex\u00e3o com, o uso do https:\/\/snaptubeappz.com.<\/p>\n<p>Atrav\u00e9s do https:\/\/snaptubeappz.com voc\u00ea pode fazer um link para outros sites que n\u00e3o est\u00e3o sob o controle do https:\/\/snaptubeappz.com. N\u00f3s n\u00e3o temos controle sobre a natureza, conte\u00fado e disponibilidade desses sites. A inclus\u00e3o de quaisquer links n\u00e3o implica necessariamente uma recomenda\u00e7\u00e3o ou endossa as opini\u00f5es expressas dentro deles.<\/p>\n<p>Todos os esfor\u00e7os s\u00e3o feitos para manter o https:\/\/snaptubeappz.com em funcionamento sem problemas. Entretanto, https:\/\/snaptubeappz.com n\u00e3o assume responsabilidade e n\u00e3o ser\u00e1 respons\u00e1vel pela indisponibilidade tempor\u00e1ria de https:\/\/snaptubeappz.com devido a quest\u00f5es t\u00e9cnicas fora de nosso controle.<\/p>\n","protected":false},"excerpt":{"rendered":"<p>As informa\u00e7\u00f5es contidas em https:\/\/snaptubeappz.com\/pt-br\/ s\u00e3o apenas para fins de informa\u00e7\u00e3o geral. As informa\u00e7\u00f5es s\u00e3o fornecidas pelo https:\/\/snaptubeappz.com e enquanto nos esfor\u00e7amos para manter as informa\u00e7\u00f5es atualizadas e corretas, n\u00e3o fazemos representa\u00e7\u00f5es ou garantias de qualquer tipo, expressas ou impl\u00edcitas, sobre a integralidade, precis\u00e3o, confiabilidade, adequa\u00e7\u00e3o ou disponibilidade com rela\u00e7\u00e3o ao https:\/\/snaptubeappz.com ou \u00e0s informa\u00e7\u00f5es, [&hellip;]<\/p>\n","protected":false},"author":1,"featured_media":0,"parent":0,"menu_order":0,"comment_status":"closed","ping_status":"closed","template":"","meta":{"_acf_changed":false,"site-sidebar-layout":"no-sidebar","site-content-layout":"plain-container","ast-site-content-layout":"","site-content-style":"default","site-sidebar-style":"default","ast-global-header-display":"","ast-banner-title-visibility":"","ast-main-header-display":"","ast-hfb-above-header-display":"","ast-hfb-below-header-display":"","ast-hfb-mobile-header-display":"","site-post-title":"","ast-breadcrumbs-content":"","ast-featured-img":"","footer-sml-layout":"","theme-transparent-header-meta":"default","adv-header-id-meta":"","stick-header-meta":"default","header-above-stick-meta":"","header-main-stick-meta":"","header-below-stick-meta":"","astra-migrate-meta-layouts":"default","ast-page-background-enabled":"default","ast-page-background-meta":{"desktop":{"background-color":"","background-image":"","background-repeat":"repeat","background-position":"center center","background-size":"auto","background-attachment":"scroll","background-type":"","background-media":"","overlay-type":"","overlay-color":"","overlay-opacity":"","overlay-gradient":""},"tablet":{"background-color":"","background-image":"","background-repeat":"repeat","background-position":"center center","background-size":"auto","background-attachment":"scroll","background-type":"","background-media":"","overlay-type":"","overlay-color":"","overlay-opacity":"","overlay-gradient":""},"mobile":{"background-color":"","background-image":"","background-repeat":"repeat","background-position":"center center","background-size":"auto","background-attachment":"scroll","background-type":"","background-media":"","overlay-type":"","overlay-color":"","overlay-opacity":"","overlay-gradient":""}},"ast-content-background-meta":{"desktop":{"background-color":"var(--ast-global-color-5)","background-image":"","background-repeat":"repeat","background-position":"center center","background-size":"auto","background-attachment":"scroll","background-type":"","background-media":"","overlay-type":"","overlay-color":"","overlay-opacity":"","overlay-gradient":""},"tablet":{"background-color":"var(--ast-global-color-5)","background-image":"","background-repeat":"repeat","background-position":"center center","background-size":"auto","background-attachment":"scroll","background-type":"","background-media":"","overlay-type":"","overlay-color":"","overlay-opacity":"","overlay-gradient":""},"mobile":{"background-color":"var(--ast-global-color-5)","background-image":"","background-repeat":"repeat","background-position":"center center","background-size":"auto","background-attachment":"scroll","background-type":"","background-media":"","overlay-type":"","overlay-color":"","overlay-opacity":"","overlay-gradient":""}},"footnotes":""},"class_list":["post-3222","page","type-page","status-publish","hentry"],"acf":[],"_links":{"self":[{"href":"https:\/\/snaptubeappz.com\/pt-br\/wp-json\/wp\/v2\/pages\/3222","targetHints":{"allow":["GET"]}}],"collection":[{"href":"https:\/\/snaptubeappz.com\/pt-br\/wp-json\/wp\/v2\/pages"}],"about":[{"href":"https:\/\/snaptubeappz.com\/pt-br\/wp-json\/wp\/v2\/types\/page"}],"author":[{"embeddable":true,"href":"https:\/\/snaptubeappz.com\/pt-br\/wp-json\/wp\/v2\/users\/1"}],"replies":[{"embeddable":true,"href":"https:\/\/snaptubeappz.com\/pt-br\/wp-json\/wp\/v2\/comments?post=3222"}],"version-history":[{"count":0,"href":"https:\/\/snaptubeappz.com\/pt-br\/wp-json\/wp\/v2\/pages\/3222\/revisions"}],"wp:attachment":[{"href":"https:\/\/snaptubeappz.com\/pt-br\/wp-json\/wp\/v2\/media?parent=3222"}],"curies":[{"name":"wp","href":"https:\/\/api.w.org\/{rel}","templated":true}]}}