{"id":3163,"date":"2020-03-13T13:47:18","date_gmt":"2020-03-13T13:47:18","guid":{"rendered":"https:\/\/snaptubeappz.com\/contact\/"},"modified":"2023-02-25T17:55:23","modified_gmt":"2023-02-25T17:55:23","slug":"contact","status":"publish","type":"page","link":"https:\/\/snaptubeappz.com\/pt-br\/contact\/","title":{"rendered":"Contate-nos"},"content":{"rendered":"<p>Obrigado por considerar o Snaptube para todas as suas necessidades de download de v\u00eddeos. Temos orgulho em fornecer um aplicativo simples e f\u00e1cil de usar que permite baixar v\u00eddeos de plataformas populares como YouTube, Facebook, Instagram, e muito mais.<\/p>\n<p>Entendemos que voc\u00ea possa ter d\u00favidas ou preocupa\u00e7\u00f5es, e estamos aqui para ajud\u00e1-lo. Por favor, sinta-se \u00e0 vontade para nos contatar atrav\u00e9s de qualquer um dos m\u00e9todos abaixo. Nossa dedicada equipe de suporte est\u00e1 dispon\u00edvel para ajud\u00e1-lo com qualquer problema que voc\u00ea possa encontrar, ou simplesmente para responder qualquer pergunta que voc\u00ea possa ter.<\/p>\n<h2>Detalhes de contato:<\/h2>\n<p><strong>E-mail<\/strong>: <a href=\"mailto:developer@snaptubeappz.com\">developer@snaptubeappz.com<\/a><br \/>\n<strong>Telefone<\/strong>: +1-555-1234-567<br \/>\n<strong>Endere\u00e7o<\/strong>: 1234 Main Street, Suite 567, Anytown USA<\/p>\n<p>Valorizamos seus coment\u00e1rios e sugest\u00f5es. Se voc\u00ea tiver alguma id\u00e9ia de como podemos melhorar nosso aplicativo ou se voc\u00ea tiver alguma solicita\u00e7\u00e3o de recursos, por favor nos informe. Estamos sempre procurando maneiras de tornar o Snaptube ainda melhor.<\/p>\n<p>Obrigado por escolher o Snaptube. Aguardamos o seu contato em breve.<\/p>\n","protected":false},"excerpt":{"rendered":"<p>Obrigado por considerar o Snaptube para todas as suas necessidades de download de v\u00eddeos. Temos orgulho em fornecer um aplicativo simples e f\u00e1cil de usar que permite baixar v\u00eddeos de plataformas populares como YouTube, Facebook, Instagram, e muito mais. Entendemos que voc\u00ea possa ter d\u00favidas ou preocupa\u00e7\u00f5es, e estamos aqui para ajud\u00e1-lo. Por favor, sinta-se [&hellip;]<\/p>\n","protected":false},"author":1,"featured_media":0,"parent":0,"menu_order":0,"comment_status":"closed","ping_status":"closed","template":"","meta":{"_acf_changed":false,"site-sidebar-layout":"no-sidebar","site-content-layout":"plain-container","ast-site-content-layout":"normal-width-container","site-content-style":"unboxed","site-sidebar-style":"unboxed","ast-global-header-display":"","ast-banner-title-visibility":"","ast-main-header-display":"","ast-hfb-above-header-display":"","ast-hfb-below-header-display":"","ast-hfb-mobile-header-display":"","site-post-title":"","ast-breadcrumbs-content":"disabled","ast-featured-img":"disabled","footer-sml-layout":"","theme-transparent-header-meta":"default","adv-header-id-meta":"","stick-header-meta":"default","header-above-stick-meta":"","header-main-stick-meta":"","header-below-stick-meta":"","astra-migrate-meta-layouts":"default","ast-page-background-enabled":"default","ast-page-background-meta":{"desktop":{"background-color":"","background-image":"","background-repeat":"repeat","background-position":"center center","background-size":"auto","background-attachment":"scroll","background-type":"","background-media":"","overlay-type":"","overlay-color":"","overlay-opacity":"","overlay-gradient":""},"tablet":{"background-color":"","background-image":"","background-repeat":"repeat","background-position":"center center","background-size":"auto","background-attachment":"scroll","background-type":"","background-media":"","overlay-type":"","overlay-color":"","overlay-opacity":"","overlay-gradient":""},"mobile":{"background-color":"","background-image":"","background-repeat":"repeat","background-position":"center center","background-size":"auto","background-attachment":"scroll","background-type":"","background-media":"","overlay-type":"","overlay-color":"","overlay-opacity":"","overlay-gradient":""}},"ast-content-background-meta":{"desktop":{"background-color":"var(--ast-global-color-5)","background-image":"","background-repeat":"repeat","background-position":"center center","background-size":"auto","background-attachment":"scroll","background-type":"","background-media":"","overlay-type":"","overlay-color":"","overlay-opacity":"","overlay-gradient":""},"tablet":{"background-color":"var(--ast-global-color-5)","background-image":"","background-repeat":"repeat","background-position":"center center","background-size":"auto","background-attachment":"scroll","background-type":"","background-media":"","overlay-type":"","overlay-color":"","overlay-opacity":"","overlay-gradient":""},"mobile":{"background-color":"var(--ast-global-color-5)","background-image":"","background-repeat":"repeat","background-position":"center center","background-size":"auto","background-attachment":"scroll","background-type":"","background-media":"","overlay-type":"","overlay-color":"","overlay-opacity":"","overlay-gradient":""}},"footnotes":""},"class_list":["post-3163","page","type-page","status-publish","hentry"],"acf":[],"_links":{"self":[{"href":"https:\/\/snaptubeappz.com\/pt-br\/wp-json\/wp\/v2\/pages\/3163","targetHints":{"allow":["GET"]}}],"collection":[{"href":"https:\/\/snaptubeappz.com\/pt-br\/wp-json\/wp\/v2\/pages"}],"about":[{"href":"https:\/\/snaptubeappz.com\/pt-br\/wp-json\/wp\/v2\/types\/page"}],"author":[{"embeddable":true,"href":"https:\/\/snaptubeappz.com\/pt-br\/wp-json\/wp\/v2\/users\/1"}],"replies":[{"embeddable":true,"href":"https:\/\/snaptubeappz.com\/pt-br\/wp-json\/wp\/v2\/comments?post=3163"}],"version-history":[{"count":0,"href":"https:\/\/snaptubeappz.com\/pt-br\/wp-json\/wp\/v2\/pages\/3163\/revisions"}],"wp:attachment":[{"href":"https:\/\/snaptubeappz.com\/pt-br\/wp-json\/wp\/v2\/media?parent=3163"}],"curies":[{"name":"wp","href":"https:\/\/api.w.org\/{rel}","templated":true}]}}