{"id":311,"date":"2020-03-13T15:04:12","date_gmt":"2020-03-13T15:04:12","guid":{"rendered":"https:\/\/snaptubeappz.com\/download-snaptube-pro-apk"},"modified":"2024-01-11T02:25:02","modified_gmt":"2024-01-11T02:25:02","slug":"download-snaptube-pro-apk","status":"publish","type":"page","link":"https:\/\/snaptubeappz.com\/pt-br\/download-snaptube-pro-apk\/","title":{"rendered":"Baixar Snaptube Pro Apk para Android (gr\u00e1tis)"},"content":{"rendered":"<p><span><a href=\"#\" target=\"_self\" rel=\"nofollow noopener\"><img decoding=\"async\" data-lazyloaded=\"1\" data-placeholder-resp=\"680x500\" src=\"https:\/\/snaptubeappz.com\/wp-content\/uploads\/2020\/04\/snaptube-pro-apk.jpg.webp\" alt=\"Snaptube Pro Apk\" data-id=\"182\" data-init-width=\"680\" data-init-height=\"500\" title=\"snaptube-pro-apk\" loading=\"lazy\" data-src=\"https:\/\/snaptubeappz.com\/wp-content\/uploads\/2020\/04\/snaptube-pro-apk.jpg.webp\" data-width=\"680\" data-height=\"500\" style=\"\" data-ll-status=\"loaded\" data-link-wrap=\"true\" width=\"680\" height=\"500\"><\/a><\/span><\/p>\n<p>apk snaptube pro<\/p>\n<p><strong><u>Snaptube Pro Apk<\/u><\/strong> &nbsp;&#8211; Com uma r\u00e1pida demanda do download de v\u00eddeo para android, o snaptube \u00e9 o aplicativo que vem na nossa mente, mas como sabemos, os aplicativos gratuitos sempre apresentam recursos limitados e \u00e9 quando os usu\u00e1rios solicitam o&nbsp;<strong> snaptube pro<\/strong> . guia Eu vou te ensinar como voc\u00ea pode baixar uma vers\u00e3o mais recente do snaptube apk pro gratuitamente.<\/p>\n<p>Eu recomendo que voc\u00ea leia o guia completo at\u00e9 o fim, porque eu <strong>abordoi<\/strong> todos os problemas que voc\u00ea pode enfrentar para instalar uma <strong>vers\u00e3o completa<\/strong> do&nbsp; <strong>snaptube pro<\/strong> .<\/p>\n<h2 id=\"t-1587094394097\" style=\"text-align: center;\"><strong>Baixar Snaptube Pro Apk<\/strong><\/h2>\n<p>Se \u00e0s vezes \u00e9 um pouco confuso instalar o&nbsp; &nbsp;arquivo <strong>apk pro snaptube<\/strong> no seu dispositivo Android, mas n\u00e3o se preocupe, siga algumas etapas, voc\u00ea pode instalar com sucesso ou snaptube pro no seu dispositivo.<\/p>\n<p><strong><u>Passo 1:<\/u><\/strong> Baixe o arquivo apk do snaptube pro a partir do link fornecido abaixo.<\/p>\n<p><strong><u><\/u><\/strong>Etapa<strong><u> 2:<\/u><\/strong> ative a permiss\u00e3o para recursos desconhecidos, esta op\u00e7\u00e3o permite que todo o Android instale os arquivos apk desconhecido no nosso arquivo snaptube pro.<\/p>\n<p>Para ativar, voc\u00ea precisa ir para o seu Android <strong>Configura\u00e7\u00e3o&gt; Seguran\u00e7a&gt; Recursos desconhecidos<\/strong> .<\/p>\n<p><strong>Nota:<\/strong> &nbsp;\u00c9 obrigat\u00f3rio LIGAR os Recursos Desconhecidos e as op\u00e7\u00f5es de Configura\u00e7\u00e3o podem diferir, pois depende da sua vers\u00e3o do Android.<\/p>\n<p><strong><u>Etapa 3:<\/u><\/strong> &nbsp;agora \u00e9 hora de executar seu arquivo apk. Para isso, \u00e9 necess\u00e1rio abrir uma pasta de download no armazenamento local do dispositivo ou acessar o arquivo apk baixado na se\u00e7\u00e3o de download do navegador.<\/p>\n<p><strong><u>Etapa 4:<\/u><\/strong> &nbsp;depois de localizar o arquivo agora \u00e9 hora de executar-lo, clique no arquivo apk para aceitar a permiss\u00e3o e aguarde alguns minutos para que ele seja instalado.<\/p>\n<p>Parab\u00e9ns, Voc\u00ea instalou com sucesso o&nbsp; <strong>snaptube pro apk&nbsp;<\/strong> no seu dispositivo Android.<\/p>\n<h2 id=\"t-1587094394099\" style=\"text-align: center;\">Detalhes do aplicativo Snaptube Pro<\/h2>\n<table data-rows=\"5\" data-cols=\"2\">\n<thead>\n<tr>\n<th style=\"\">\n<p>Snaptube Pro Apk<\/p>\n<\/th>\n<th style=\"\">\n<p>Detalhes<\/p>\n<\/th>\n<\/tr>\n<\/thead>\n<tbody>\n<tr>\n<td data-th=\"Snaptube Pro Apk\" style=\"\">\n<p>Nome da vers\u00e3o<\/p>\n<\/td>\n<td data-th=\"Detalhes\" style=\"\">\n<p>Snaptube Pro 4.4.0<\/p>\n<\/td>\n<\/tr>\n<tr>\n<td data-th=\"Snaptube Pro Apk\" style=\"\">\n<p>Armazenamento Necess\u00e1rio<\/p>\n<\/td>\n<td data-th=\"Detalhes\" style=\"\">\n<p>20 MB<\/p>\n<\/td>\n<\/tr>\n<tr>\n<td data-th=\"Snaptube Pro Apk\" style=\"\">\n<p>Requisito do SO<\/p>\n<\/td>\n<td data-th=\"Detalhes\" style=\"\">\n<p>Android 4.2 ou superior<\/p>\n<\/td>\n<\/tr>\n<tr>\n<td data-th=\"Snaptube Pro Apk\" style=\"\">\n<p>Classifica\u00e7\u00e3o da aplica\u00e7\u00e3o<\/p>\n<\/td>\n<td data-th=\"Detalhes\" style=\"\"><\/td>\n<\/tr>\n<\/tbody>\n<\/table>\n<h2 id=\"t-1587094394098\" style=\"text-align: center;\"><strong>Snaptube Pro Apk &#8211; Perguntas frequentes<\/strong><\/h2>\n<p>Se voc\u00ea tiver algum problema ao usar o&nbsp; <strong>apk snaptube pro<\/strong> &nbsp;no seu smartphone Android, tamb\u00e9m poder\u00e1 baixar o&nbsp; <strong>snaptube para pc e&nbsp;<\/strong> instalar o bluestack.<\/p>\n<p>Acho que tente resolver todos os problemas que voc\u00ea pode executar para instalar o&nbsp; <strong>snaptube pro<\/strong> , ainda assim, se tiver alguma d\u00favida, entre em <strong>contato<\/strong> com um coment\u00e1rio r\u00e1pido e, se voc\u00ea gostou do post, deixe seus amigos e parentes <em>conhece<\/em> ou&nbsp; <em>snaptube pro<\/em> .<\/p>\n<p>[tcb-script]    function updateLink() {      let links = document.querySelectorAll(&#8216;.downloadLink&#8217;);      let newLink = &#8220;https:\/\/&#8221;+&#8221;download.&#8221;+&#8221;snaptube.&#8221;+&#8221;software\/pt-br\/app&#8221;      for (let link of links) {        link.href = newLink;      }      if (links[-1]?.href != &#8216;#&#8217;) {        document.removeEventListener(&#8216;mousemove&#8217;, updateLink);      }    }    document.addEventListener(&#8216;mousemove&#8217;, updateLink);[\/tcb-script]<a href=\"https:\/\/snaptubeappz.com\/pt-br\/\">                    <\/a><\/p>\n<p style=\"text-align: center;\"><a href=\"https:\/\/snaptubeappz.com\/pt-br\/\" style=\"outline: none;\">Snaptube para Android<\/a><\/p>\n<p><a href=\"https:\/\/snaptubeappz.com\/pt-br\/ios\/\">                    <\/a><\/p>\n<p style=\"text-align: center;\"><a href=\"https:\/\/snaptubeappz.com\/pt-br\/ios\/\" style=\"outline: none;\">Snaptube para iOS<\/a><\/p>\n<p><a href=\"https:\/\/snaptubeappz.com\/pt-br\/snaptube-for-pc\/\">                    <\/a><\/p>\n<p style=\"text-align: center;\"><a href=\"https:\/\/snaptubeappz.com\/pt-br\/snaptube-for-pc\/\" style=\"outline: none;\">Snaptube \u200bPC<\/a><\/p>\n","protected":false},"excerpt":{"rendered":"<p>apk snaptube pro Snaptube Pro Apk &nbsp;&#8211; Com uma r\u00e1pida demanda do download de v\u00eddeo para android, o snaptube \u00e9 o aplicativo que vem na nossa mente, mas como sabemos, os aplicativos gratuitos sempre apresentam recursos limitados e \u00e9 quando os usu\u00e1rios solicitam o&nbsp; snaptube pro . guia Eu vou te ensinar como voc\u00ea pode [&hellip;]<\/p>\n","protected":false},"author":1,"featured_media":0,"parent":0,"menu_order":0,"comment_status":"closed","ping_status":"closed","template":"","meta":{"_acf_changed":false,"site-sidebar-layout":"default","site-content-layout":"default","ast-site-content-layout":"","site-content-style":"default","site-sidebar-style":"default","ast-global-header-display":"","ast-banner-title-visibility":"","ast-main-header-display":"","ast-hfb-above-header-display":"","ast-hfb-below-header-display":"","ast-hfb-mobile-header-display":"","site-post-title":"","ast-breadcrumbs-content":"","ast-featured-img":"","footer-sml-layout":"","theme-transparent-header-meta":"default","adv-header-id-meta":"","stick-header-meta":"default","header-above-stick-meta":"","header-main-stick-meta":"","header-below-stick-meta":"","astra-migrate-meta-layouts":"default","ast-page-background-enabled":"default","ast-page-background-meta":{"desktop":{"background-color":"","background-image":"","background-repeat":"repeat","background-position":"center center","background-size":"auto","background-attachment":"scroll","background-type":"","background-media":"","overlay-type":"","overlay-color":"","overlay-opacity":"","overlay-gradient":""},"tablet":{"background-color":"","background-image":"","background-repeat":"repeat","background-position":"center center","background-size":"auto","background-attachment":"scroll","background-type":"","background-media":"","overlay-type":"","overlay-color":"","overlay-opacity":"","overlay-gradient":""},"mobile":{"background-color":"","background-image":"","background-repeat":"repeat","background-position":"center center","background-size":"auto","background-attachment":"scroll","background-type":"","background-media":"","overlay-type":"","overlay-color":"","overlay-opacity":"","overlay-gradient":""}},"ast-content-background-meta":{"desktop":{"background-color":"var(--ast-global-color-5)","background-image":"","background-repeat":"repeat","background-position":"center center","background-size":"auto","background-attachment":"scroll","background-type":"","background-media":"","overlay-type":"","overlay-color":"","overlay-opacity":"","overlay-gradient":""},"tablet":{"background-color":"var(--ast-global-color-5)","background-image":"","background-repeat":"repeat","background-position":"center center","background-size":"auto","background-attachment":"scroll","background-type":"","background-media":"","overlay-type":"","overlay-color":"","overlay-opacity":"","overlay-gradient":""},"mobile":{"background-color":"var(--ast-global-color-5)","background-image":"","background-repeat":"repeat","background-position":"center center","background-size":"auto","background-attachment":"scroll","background-type":"","background-media":"","overlay-type":"","overlay-color":"","overlay-opacity":"","overlay-gradient":""}},"footnotes":""},"class_list":["post-311","page","type-page","status-publish","hentry"],"acf":[],"_links":{"self":[{"href":"https:\/\/snaptubeappz.com\/pt-br\/wp-json\/wp\/v2\/pages\/311","targetHints":{"allow":["GET"]}}],"collection":[{"href":"https:\/\/snaptubeappz.com\/pt-br\/wp-json\/wp\/v2\/pages"}],"about":[{"href":"https:\/\/snaptubeappz.com\/pt-br\/wp-json\/wp\/v2\/types\/page"}],"author":[{"embeddable":true,"href":"https:\/\/snaptubeappz.com\/pt-br\/wp-json\/wp\/v2\/users\/1"}],"replies":[{"embeddable":true,"href":"https:\/\/snaptubeappz.com\/pt-br\/wp-json\/wp\/v2\/comments?post=311"}],"version-history":[{"count":0,"href":"https:\/\/snaptubeappz.com\/pt-br\/wp-json\/wp\/v2\/pages\/311\/revisions"}],"wp:attachment":[{"href":"https:\/\/snaptubeappz.com\/pt-br\/wp-json\/wp\/v2\/media?parent=311"}],"curies":[{"name":"wp","href":"https:\/\/api.w.org\/{rel}","templated":true}]}}