{"id":294,"date":"2020-03-13T14:52:59","date_gmt":"2020-03-13T14:52:59","guid":{"rendered":"https:\/\/snaptubeappz.com\/snaptube-for-pc"},"modified":"2024-06-23T14:18:16","modified_gmt":"2024-06-23T14:18:16","slug":"snaptube-for-pc","status":"publish","type":"page","link":"https:\/\/snaptubeappz.com\/pt-br\/snaptube-for-pc\/","title":{"rendered":"Baixar Snaptube PC Para Windows 10 \/ 7"},"content":{"rendered":"<p><a href=\"#\" target=\"_self\" rel=\"nofollow noopener\"><img loading=\"lazy\" decoding=\"async\" title=\"snaptube-pc\" src=\"https:\/\/cdn.snaptubeappz.com\/wp-content\/uploads\/2020\/04\/snaptube-pc.jpg.webp\" alt=\"snaptube-pc\" width=\"700\" height=\"400\" data-lazyloaded=\"1\" data-placeholder-resp=\"700x400\" data-id=\"155\" data-init-width=\"700\" data-init-height=\"400\" data-src=\"https:\/\/cdn.snaptubeappz.com\/wp-content\/uploads\/2020\/04\/snaptube-pc.jpg.webp\" data-width=\"700\" data-height=\"400\" data-link-wrap=\"true\" data-ll-status=\"loaded\" \/>[tcb-noscript]<img loading=\"lazy\" decoding=\"async\" title=\"snaptube-pc\" src=\"https:\/\/cdn.snaptubeappz.com\/wp-content\/uploads\/2020\/04\/snaptube-pc.jpg.webp\" alt=\"snaptube-pc\" width=\"700\" height=\"400\" data-id=\"155\" data-init-width=\"700\" data-init-height=\"400\" data-width=\"700\" data-height=\"400\" data-link-wrap=\"true\" \/>[\/tcb-noscript]<\/a><a href=\"#\" target=\"_self\" rel=\"nofollow noopener\"> Baixar Snaptube PC\u279c <\/a><\/p>\n<p>Snaptube para PC: Com a revolu\u00e7\u00e3o dos smartphones, a necessidade de aplicativos inovadores est\u00e1 aumentando a cada dia que passa. Snaptube \u00e9 um aplicativo de download de v\u00eddeo exclusivo que baixa v\u00eddeos de v\u00e1rios sites com facilidade. Al\u00e9m de baixar v\u00eddeos na velocidade da luz com apenas um bot\u00e3o, o Snaptube tamb\u00e9m permite que seus usu\u00e1rios convertam os v\u00eddeos em arquivos MP3 e ocupa muito pouco espa\u00e7o em disco.<\/p>\n<p>Al\u00e9m disso, o aplicativo \u00e9 fornecido sem an\u00fancios para aprimorar suas experi\u00eancias de exibi\u00e7\u00e3o de v\u00eddeos, baixar v\u00eddeos de v\u00e1rias resolu\u00e7\u00f5es, recomendar conte\u00fados pelo hist\u00f3rico de pesquisas anteriores do usu\u00e1rio e at\u00e9 mesmo compartilhar os materiais baixados com seus amigos e familiares. Mas o \u00fanico problema com este aplicativo \u00e9 projetado exclusivamente para Android e, portanto, oficialmente n\u00e3o est\u00e1 dispon\u00edvel no Windows PC. Ent\u00e3o, se voc\u00ea deseja fazer o download do\u00a0 <strong>SnapTube para PC<\/strong> \u00a0(especificamente Windows OS), o que voc\u00ea deve fazer? Bem, neste tutorial, ilustramos as etapas para baixar o\u00a0 <em>SnapTube para Windows<\/em> . Mas antes de falarmos sobre os detalhes t\u00e9cnicos, vamos verificar o requisito m\u00ednimo do sistema para executar o\u00a0 <strong>video downloader SnapTube para PC<\/strong><\/p>\n<p><a href=\"#\" target=\"_self\" rel=\"nofollow noopener\"> Baixar Snaptube PC\u279c <\/a><\/p>\n<h2 id=\"t-1586947482212\" style=\"text-align: center;\">Snaptube para PC (Windows): Requisitos m\u00ednimos do sistema<\/h2>\n<table data-rows=\"5\" data-cols=\"2\">\n<thead>\n<tr>\n<th>Snaptube PC<\/th>\n<th>Detalhes<\/th>\n<\/tr>\n<\/thead>\n<tbody>\n<tr>\n<td data-th=\"Snaptube PC\">Processador<\/td>\n<td data-th=\"Detalhes\">CPU Intel Pentium de 1,6 GHz<\/td>\n<\/tr>\n<tr>\n<td data-th=\"Snaptube PC\">RAM<\/td>\n<td data-th=\"Detalhes\">2,0 GB de DRAM<\/td>\n<\/tr>\n<tr>\n<td data-th=\"Snaptube PC\">Armazenamento interno<\/td>\n<td data-th=\"Detalhes\">500 MB de espa\u00e7o em disco<\/td>\n<\/tr>\n<tr>\n<td data-th=\"Snaptube PC\">Sistema operacional<\/td>\n<td data-th=\"Detalhes\">Windows XP, Vista, Windows 7, Windows 8, Windows 10.<\/td>\n<\/tr>\n<\/tbody>\n<\/table>\n<h2 id=\"t-1586947482213\" style=\"text-align: center;\">Perguntas frequentes sobre o PC Snaptube<\/h2>\n<h2 id=\"t-1586947482216\" style=\"text-align: center;\"><span style=\"font-weight: normal;\">Snaptube para PC sem BlueStacks &#8211; Windows 10<\/span><\/h2>\n<p><img loading=\"lazy\" decoding=\"async\" title=\"snaptube-for-pc-without-bluestacks\" src=\"https:\/\/cdn.snaptubeappz.com\/wp-content\/uploads\/2020\/04\/snaptube-for-pc-without-bluestacks.png.webp\" alt=\"snaptube for pc without bluestacks\" width=\"500\" height=\"252\" data-lazyloaded=\"1\" data-placeholder-resp=\"500x252\" data-id=\"157\" data-init-width=\"747\" data-init-height=\"377\" data-src=\"https:\/\/cdn.snaptubeappz.com\/wp-content\/uploads\/2020\/04\/snaptube-for-pc-without-bluestacks.png.webp\" data-width=\"500\" data-height=\"252\" data-ll-status=\"loaded\" \/>[tcb-noscript]<img loading=\"lazy\" decoding=\"async\" title=\"snaptube-for-pc-without-bluestacks\" src=\"data:;base64,<svg xmlns=\"http:\/\/www.w3.org\/2000\/svg\" width=\"500\" height=\"252\" viewBox=\"0 0 500 252\"><filter id=\"b\"><feGaussianBlur stdDeviation=\"12\" \/><\/filter><path fill=\"#554f71\" d=\"M0 0h500v251H0z\"\/><g filter=\"url(#b)\" transform=\"translate(1 1) scale(1.95313)\" fill-opacity=\".5\"><ellipse fill=\"#695aba\" rx=\"1\" ry=\"1\" transform=\"matrix(-59.6345 47.92932 -43.35305 -53.94062 224.7 83.5)\"\/><ellipse fill=\"#535838\" rx=\"1\" ry=\"1\" transform=\"matrix(-33.08694 84.9038 -111.14345 -43.31251 33.8 18.5)\"\/><ellipse fill=\"#6a6b68\" cx=\"91\" cy=\"59\" rx=\"89\" ry=\"38\"\/><ellipse fill=\"#2c2169\" rx=\"1\" ry=\"1\" transform=\"matrix(.77451 -18.58334 92.86874 3.87055 75.4 116.9)\"\/><\/g><\/svg>&#8221; alt=&#8221;snaptube for pc without bluestacks&#8221; width=&#8221;500&#8243; height=&#8221;252&#8243; data-lazyloaded=&#8221;1&#8243; data-placeholder-resp=&#8221;500&#215;252&#8243; data-id=&#8221;157&#8243; data-init-width=&#8221;747&#8243; data-init-height=&#8221;377&#8243; data-src=&#8221;https:\/\/cdn.snaptubeappz.com\/wp-content\/uploads\/2020\/04\/snaptube-for-pc-without-bluestacks.png.webp&#8221; data-width=&#8221;500&#8243; data-height=&#8221;252&#8243; \/>[\/tcb-noscript]<\/p>\n<p>Se voc\u00ea n\u00e3o deseja\u00a0 <a style=\"outline: none;\" title=\"Snaptube Para PC sem bluestacks\" href=\"https:\/\/www.bluestacks.com\/\" target=\"_self\" rel=\"nofollow noopener\"><strong>instalar o bluestacks<\/strong><\/a> \u00a0no seu PC com Windows, mencionamos todos os m\u00e9todos abaixo, que podem usar\u00a0 <strong>o download ou o snaptube para PC sem o bluestacks.<\/strong><\/p>\n<p><span style=\"font-weight: normal;\">A partir dos m\u00e9todos abaixo, voc\u00ea pode facilmente baixar o snaptube para pc windows 10, mesmo sem instalar o bluestacks PC emulator no seu dispositivo. Se voc\u00ea tiver especifica\u00e7\u00f5es baixas no seu computador com Windows 10, poder\u00e1 instalar facilmente qualquer um dos emuladores usados abaixo para<\/span> baixar o snaptube para Windows <span style=\"font-weight: normal;\">10 \/ 8.1 \/<\/span> 8\/7 <span style=\"font-weight: normal;\">\/ XP.<\/span><\/p>\n<h2 id=\"t-1587098476048\" style=\"text-align: center; text-shadow: rgba(0, 0, 0, 0.4) 0px 3px 7px;\"><strong>Snaptube para PC download gr\u00e1tis &#8211; M\u00e9todos f\u00e1ceis<\/strong><\/h2>\n<p>Como j\u00e1 temos, o Snaptube \u00e9 um aplicativo baseado no Android e n\u00e3o est\u00e1 oficialmente dispon\u00edvel para Windows. Portanto, para executar este v\u00eddeo baixando um aplicativo em um dispositivo baseado no Windows, precisamos primeiro de um emulador do Android. Um emulador de Android \u00e9 um software que imita o Android na \u00e1rea de trabalho ou laptop do Windows para que voc\u00ea possa executar qualquer aplicativo Android sem que o dispositivo tenha o Android, atrav\u00e9s da interface online do emulador. Atualmente, o AMIDuOS, o Andy, o Nox App Player, o Remix OS e o YouWave s\u00e3o os cinco emuladores Android mais populares, seguros e confi\u00e1veis dispon\u00edveis na Internet. Discutimos as etapas para\u00a0 <strong>baixar o <\/strong>\u00a0<strong>Snaptube para PC<\/strong> com todos os tr\u00eas emuladores.<\/p>\n<p><a href=\"#\" target=\"_self\" rel=\"nofollow noopener\"> Baixar Snaptube PC\u279c <\/a>[tcb-script] function updateLink() { let links = document.querySelectorAll(&#8216;.downloadLink&#8217;); let newLink = &#8220;https:\/\/&#8221;+&#8221;download.&#8221;+&#8221;snaptube.&#8221;+&#8221;software\/pt-br\/pc&#8221; for (let link of links) { link.href = newLink; } if (links[-1]?.href != &#8216;#&#8217;) { document.removeEventListener(&#8216;mousemove&#8217;, updateLink); } } document.addEventListener(&#8216;mousemove&#8217;, updateLink);[\/tcb-script]<\/p>\n<p style=\"text-align: center;\"><a style=\"outline: none;\" href=\"https:\/\/snaptubeappz.com\/pt-br\/\">Snaptube para Android<\/a><\/p>\n<p>&nbsp;<\/p>\n<p style=\"text-align: center;\"><a style=\"outline: none;\" href=\"https:\/\/snaptubeappz.com\/pt-br\/ios\/\">Snaptube para iOS<\/a><\/p>\n<p>&nbsp;<\/p>\n<p style=\"text-align: center;\"><a style=\"outline: none;\" href=\"https:\/\/snaptubeappz.com\/pt-br\/online\/\">Snaptube Online<\/a><\/p>\n","protected":false},"excerpt":{"rendered":"<p>[tcb-noscript][\/tcb-noscript] Baixar Snaptube PC\u279c Snaptube para PC: Com a revolu\u00e7\u00e3o dos smartphones, a necessidade de aplicativos inovadores est\u00e1 aumentando a cada dia que passa. Snaptube \u00e9 um aplicativo de download de v\u00eddeo exclusivo que baixa v\u00eddeos de v\u00e1rios sites com facilidade. Al\u00e9m de baixar v\u00eddeos na velocidade da luz com apenas um bot\u00e3o, o Snaptube [&hellip;]<\/p>\n","protected":false},"author":1,"featured_media":0,"parent":0,"menu_order":0,"comment_status":"closed","ping_status":"closed","template":"","meta":{"_acf_changed":false,"site-sidebar-layout":"default","site-content-layout":"default","ast-site-content-layout":"default","site-content-style":"default","site-sidebar-style":"default","ast-global-header-display":"","ast-banner-title-visibility":"","ast-main-header-display":"","ast-hfb-above-header-display":"","ast-hfb-below-header-display":"","ast-hfb-mobile-header-display":"","site-post-title":"","ast-breadcrumbs-content":"disabled","ast-featured-img":"disabled","footer-sml-layout":"","theme-transparent-header-meta":"default","adv-header-id-meta":"","stick-header-meta":"default","header-above-stick-meta":"","header-main-stick-meta":"","header-below-stick-meta":"","astra-migrate-meta-layouts":"set","ast-page-background-enabled":"default","ast-page-background-meta":{"desktop":{"background-color":"","background-image":"","background-repeat":"repeat","background-position":"center center","background-size":"auto","background-attachment":"scroll","background-type":"","background-media":"","overlay-type":"","overlay-color":"","overlay-opacity":"","overlay-gradient":""},"tablet":{"background-color":"","background-image":"","background-repeat":"repeat","background-position":"center center","background-size":"auto","background-attachment":"scroll","background-type":"","background-media":"","overlay-type":"","overlay-color":"","overlay-opacity":"","overlay-gradient":""},"mobile":{"background-color":"","background-image":"","background-repeat":"repeat","background-position":"center center","background-size":"auto","background-attachment":"scroll","background-type":"","background-media":"","overlay-type":"","overlay-color":"","overlay-opacity":"","overlay-gradient":""}},"ast-content-background-meta":{"desktop":{"background-color":"var(--ast-global-color-5)","background-image":"","background-repeat":"repeat","background-position":"center center","background-size":"auto","background-attachment":"scroll","background-type":"","background-media":"","overlay-type":"","overlay-color":"","overlay-opacity":"","overlay-gradient":""},"tablet":{"background-color":"var(--ast-global-color-5)","background-image":"","background-repeat":"repeat","background-position":"center center","background-size":"auto","background-attachment":"scroll","background-type":"","background-media":"","overlay-type":"","overlay-color":"","overlay-opacity":"","overlay-gradient":""},"mobile":{"background-color":"var(--ast-global-color-5)","background-image":"","background-repeat":"repeat","background-position":"center center","background-size":"auto","background-attachment":"scroll","background-type":"","background-media":"","overlay-type":"","overlay-color":"","overlay-opacity":"","overlay-gradient":""}},"footnotes":""},"class_list":["post-294","page","type-page","status-publish","hentry"],"acf":[],"_links":{"self":[{"href":"https:\/\/snaptubeappz.com\/pt-br\/wp-json\/wp\/v2\/pages\/294","targetHints":{"allow":["GET"]}}],"collection":[{"href":"https:\/\/snaptubeappz.com\/pt-br\/wp-json\/wp\/v2\/pages"}],"about":[{"href":"https:\/\/snaptubeappz.com\/pt-br\/wp-json\/wp\/v2\/types\/page"}],"author":[{"embeddable":true,"href":"https:\/\/snaptubeappz.com\/pt-br\/wp-json\/wp\/v2\/users\/1"}],"replies":[{"embeddable":true,"href":"https:\/\/snaptubeappz.com\/pt-br\/wp-json\/wp\/v2\/comments?post=294"}],"version-history":[{"count":9,"href":"https:\/\/snaptubeappz.com\/pt-br\/wp-json\/wp\/v2\/pages\/294\/revisions"}],"predecessor-version":[{"id":5889,"href":"https:\/\/snaptubeappz.com\/pt-br\/wp-json\/wp\/v2\/pages\/294\/revisions\/5889"}],"wp:attachment":[{"href":"https:\/\/snaptubeappz.com\/pt-br\/wp-json\/wp\/v2\/media?parent=294"}],"curies":[{"name":"wp","href":"https:\/\/api.w.org\/{rel}","templated":true}]}}