{"id":2908,"date":"2023-02-20T18:07:40","date_gmt":"2023-02-20T18:07:40","guid":{"rendered":"https:\/\/snaptubeappz.com\/uninstall-snaptube\/"},"modified":"2023-10-24T15:45:39","modified_gmt":"2023-10-24T15:45:39","slug":"uninstall-snaptube","status":"publish","type":"page","link":"https:\/\/snaptubeappz.com\/pt-br\/uninstall-snaptube\/","title":{"rendered":"Desinstalar o aplicativo Snaptube- Como excluir o Snaptube?"},"content":{"rendered":"\n<p>Com o <a href=\"https:\/\/snaptubeappz.com\/pt-br\/\"><strong>Snaptube<\/strong><\/a>, os usu\u00e1rios podem baixar v\u00eddeos de uma variedade de websites. Entretanto, se voc\u00ea desejar desinstal\u00e1-lo de seu dispositivo Android, isto pode ser feito rapidamente. Neste artigo, n\u00f3s o acompanharemos atrav\u00e9s dos passos para desinstalar o Snaptube de seu dispositivo Android. Al\u00e9m disso, forneceremos algumas etapas adicionais para garantir que o aplicativo seja completamente removido.<\/p>\n\n\n\n<figure class=\"wp-block-image aligncenter wp-image-2805\"><img loading=\"lazy\" decoding=\"async\" width=\"300\" height=\"200\" src=\"https:\/\/snaptubeappz.com\/wp-content\/uploads\/2023\/02\/Uninstall-Snaptube-App-300x200.png\" alt=\"Desinstalar o Snaptube\" class=\"wp-image-2805\" srcset=\"https:\/\/snaptubeappz.com\/wp-content\/uploads\/2023\/02\/Uninstall-Snaptube-App-300x200.png 300w, https:\/\/snaptubeappz.com\/wp-content\/uploads\/2023\/02\/Uninstall-Snaptube-App-1024x683.png 1024w, https:\/\/snaptubeappz.com\/wp-content\/uploads\/2023\/02\/Uninstall-Snaptube-App-768x512.png 768w, https:\/\/snaptubeappz.com\/wp-content\/uploads\/2023\/02\/Uninstall-Snaptube-App.png 1080w\" sizes=\"auto, (max-width: 300px) 100vw, 300px\" \/><figcaption class=\"wp-element-caption\"><strong>Desinstalar o Snaptube<\/strong><\/figcaption><\/figure>\n\n\n\n<p><strong>Passo 1: Localize o \u00edcone do aplicativo Snaptube em seu dispositivo Android.<\/strong><\/p>\n\n\n\n<p>Para desinstalar o Snaptube, toque no \u00edcone do aplicativo na tela inicial ou na gaveta do aplicativo de seu dispositivo Android.<\/p>\n\n\n\n<figure class=\"wp-block-image aligncenter wp-image-2823\"><img loading=\"lazy\" decoding=\"async\" width=\"278\" height=\"548\" src=\"https:\/\/snaptubeappz.com\/wp-content\/uploads\/2023\/02\/Locate-the-Snaptube-app-icon-on-your-Android-device.png\" alt=\"Localize o \u00edcone do aplicativo Snaptube em seu dispositivo Android\" class=\"wp-image-2823\" srcset=\"https:\/\/snaptubeappz.com\/wp-content\/uploads\/2023\/02\/Locate-the-Snaptube-app-icon-on-your-Android-device.png 278w, https:\/\/snaptubeappz.com\/wp-content\/uploads\/2023\/02\/Locate-the-Snaptube-app-icon-on-your-Android-device-152x300.png 152w\" sizes=\"auto, (max-width: 278px) 100vw, 278px\" \/><figcaption class=\"wp-element-caption\">Localize o \u00edcone do aplicativo Snaptube em seu dispositivo Android<\/figcaption><\/figure>\n\n\n\n<p><strong>Passo 2: Aperte o \u00edcone do aplicativo Snaptube de forma longa.<\/strong><\/p>\n\n\n\n<p>Uma vez localizado o \u00edcone do aplicativo Snaptube, pressione o \u00edcone por um longo tempo at\u00e9 aparecer um menu.<\/p>\n\n\n\n<figure class=\"wp-block-image aligncenter wp-image-2839\"><img loading=\"lazy\" decoding=\"async\" width=\"280\" height=\"570\" src=\"https:\/\/snaptubeappz.com\/wp-content\/uploads\/2023\/02\/Long-press-the-Snaptube-app-icon.png\" alt=\"Pressione por longo tempo o \u00edcone do aplicativo Snaptube\" class=\"wp-image-2839\" srcset=\"https:\/\/snaptubeappz.com\/wp-content\/uploads\/2023\/02\/Long-press-the-Snaptube-app-icon.png 280w, https:\/\/snaptubeappz.com\/wp-content\/uploads\/2023\/02\/Long-press-the-Snaptube-app-icon-147x300.png 147w\" sizes=\"auto, (max-width: 280px) 100vw, 280px\" \/><figcaption class=\"wp-element-caption\">Pressione por longo tempo o \u00edcone do aplicativo Snaptube<\/figcaption><\/figure>\n\n\n\n<p><strong>Passo 3: Selecione &#8220;Desinstalar&#8221;.<\/strong><\/p>\n\n\n\n<p>Selecione a op\u00e7\u00e3o &#8220;Uninstall&#8221; no menu que aparece para iniciar o processo de desinstala\u00e7\u00e3o.<\/p>\n\n\n\n<p><strong>Etapa 4: Confirme a desinstala\u00e7\u00e3o.<\/strong><\/p>\n\n\n\n<p>Uma caixa de di\u00e1logo de confirma\u00e7\u00e3o aparecer\u00e1, pedindo que voc\u00ea confirme que deseja desinstalar o aplicativo. Clique em &#8220;OK&#8221; para confirmar.<\/p>\n\n\n\n<figure class=\"wp-block-image aligncenter wp-image-2853\"><img loading=\"lazy\" decoding=\"async\" width=\"275\" height=\"559\" src=\"https:\/\/snaptubeappz.com\/wp-content\/uploads\/2023\/02\/Confirm-the-uninstallation.png\" alt=\"Confirmar a desinstala\u00e7\u00e3o\" class=\"wp-image-2853\" srcset=\"https:\/\/snaptubeappz.com\/wp-content\/uploads\/2023\/02\/Confirm-the-uninstallation.png 275w, https:\/\/snaptubeappz.com\/wp-content\/uploads\/2023\/02\/Confirm-the-uninstallation-148x300.png 148w\" sizes=\"auto, (max-width: 275px) 100vw, 275px\" \/><figcaption class=\"wp-element-caption\">Confirmar a desinstala\u00e7\u00e3o<\/figcaption><\/figure>\n\n\n\n<p><strong>Passo 5: Aguardar que o processo de desinstala\u00e7\u00e3o seja conclu\u00eddo.<\/strong><\/p>\n\n\n\n<p>Aguarde alguns segundos enquanto o processo de desinstala\u00e7\u00e3o \u00e9 conclu\u00eddo. Quando o processo estiver completo, voc\u00ea receber\u00e1 uma notifica\u00e7\u00e3o confirmando que seu dispositivo Android desinstalou o aplicativo Snaptube.<\/p>\n\n\n\n<p><strong>Passo 6: Limpar os dados e o cache do aplicativo.<\/strong><\/p>\n\n\n\n<p>\u00c9 uma boa id\u00e9ia limpar os dados e o cache do aplicativo depois de desinstal\u00e1-lo. Isto remover\u00e1 qualquer dado restante e liberar\u00e1 espa\u00e7o em seu dispositivo. Para fazer isso, v\u00e1 para &#8220;Configura\u00e7\u00f5es&#8221; &gt; &#8220;Apps&#8221; &gt; &#8220;Snaptube&#8221; e selecione &#8220;Armazenamento&#8221;. Clique em &#8220;Limpar dados&#8221; e &#8220;Limpar cache&#8221;.<\/p>\n\n\n\n<p><strong>Passo 7: Verifique se h\u00e1 sobras de arquivos.<\/strong><\/p>\n\n\n\n<p>Voc\u00ea ainda ter\u00e1 sobras de arquivos em seu dispositivo, mesmo se voc\u00ea desinstalou e limpou os dados do aplicativo. Voc\u00ea pode usar um aplicativo gerenciador de arquivos para verificar os arquivos que sobram. Encontre quaisquer arquivos ou pastas que tenham &#8220;Snaptube&#8221; no nome e remova-os.<\/p>\n\n\n\n<p><strong>Passo 8: Reinicialize seu dispositivo.<\/strong><\/p>\n\n\n\n<p>Para garantir que todos os arquivos e processos remanescentes sejam totalmente removidos de seu dispositivo, voc\u00ea deve reiniciar seu dispositivo depois de desinstalar o aplicativo.<\/p>\n\n\n\n<p><strong>Passo 9: Verifique se h\u00e1 atualiza\u00e7\u00f5es.<\/strong><\/p>\n\n\n\n<p>O Snaptube pode ainda estar listado como instalado em sua conta se voc\u00ea o instalou anteriormente a partir da Loja do Google Play. Verifique se h\u00e1 atualiza\u00e7\u00f5es na Loja do Google Play para garantir que o aplicativo seja totalmente removido de sua conta. Se o aplicativo aparecer na lista de atualiza\u00e7\u00f5es, desinstale-o.<\/p>\n\n\n\n<p>Leia mais &#8211; <a href=\"https:\/\/snaptubeappz.com\/pt-br\/ios\/\"><strong>Snaptube para iPhone<\/strong><\/a><\/p>\n\n\n\n<h2 class=\"wp-block-heading\">Tutorial em v\u00eddeo sobre como desinstalar o Snaptube a partir de seu dispositivo Android<\/h2>\n\n\n\n<p>Se voc\u00ea n\u00e3o precisar mais do aplicativo Snaptube ou quiser liberar algum espa\u00e7o em seu dispositivo Android, este tutorial ir\u00e1 gui\u00e1-lo atrav\u00e9s da desinstala\u00e7\u00e3o do Snaptube.<\/p>\n\n\n\n<p><iframe loading=\"lazy\" src=\"https:\/\/www.youtube.com\/embed\/G2LdWRYFoZc?autoplay=0&amp;fs=0&amp;iv_load_policy=3&amp;showinfo=0&amp;rel=0&amp;cc_load_policy=0&amp;start=0&amp;end=0\" width=\"788.54\" height=\"443\" frameborder=\"0\" marginwidth=\"0\" marginheight=\"0\" scrolling=\"no\"><\/iframe><\/p>\n\n\n\n<h2 class=\"wp-block-heading\">Conclus\u00e3o sobre a exclus\u00e3o do Snaptube<\/h2>\n\n\n\n<p>Em conclus\u00e3o, desinstalar o aplicativo Snaptube de seu dispositivo Android \u00e9 um processo simples que pode ser conclu\u00eddo em algumas etapas f\u00e1ceis. Voc\u00ea pode garantir que o aplicativo seja exclu\u00eddo de seu dispositivo Android seguindo estas etapas, verificando arquivos sobrando, reinicializando seu dispositivo e verificando se h\u00e1 atualiza\u00e7\u00f5es.<\/p>\n\n\n\n<p>Leia mais &#8211; <strong><a href=\"https:\/\/snaptubeappz.com\/pt-br\/snaptube-for-pc\/\">Baixe o Snaptube PC<\/a><\/strong><\/p>\n","protected":false},"excerpt":{"rendered":"<p>Com o Snaptube, os usu\u00e1rios podem baixar v\u00eddeos de uma variedade de websites. Entretanto, se voc\u00ea desejar desinstal\u00e1-lo de seu dispositivo Android, isto pode ser feito rapidamente. Neste artigo, n\u00f3s o acompanharemos atrav\u00e9s dos passos para desinstalar o Snaptube de seu dispositivo Android. Al\u00e9m disso, forneceremos algumas etapas adicionais para garantir que o aplicativo seja [&hellip;]<\/p>\n","protected":false},"author":1,"featured_media":0,"parent":0,"menu_order":0,"comment_status":"open","ping_status":"open","template":"","meta":{"_acf_changed":false,"site-sidebar-layout":"default","site-content-layout":"default","ast-site-content-layout":"default","site-content-style":"default","site-sidebar-style":"default","ast-global-header-display":"","ast-banner-title-visibility":"","ast-main-header-display":"","ast-hfb-above-header-display":"","ast-hfb-below-header-display":"","ast-hfb-mobile-header-display":"","site-post-title":"","ast-breadcrumbs-content":"disabled","ast-featured-img":"","footer-sml-layout":"","theme-transparent-header-meta":"default","adv-header-id-meta":"","stick-header-meta":"default","header-above-stick-meta":"","header-main-stick-meta":"","header-below-stick-meta":"","astra-migrate-meta-layouts":"set","ast-page-background-enabled":"default","ast-page-background-meta":{"desktop":{"background-color":"","background-image":"","background-repeat":"repeat","background-position":"center center","background-size":"auto","background-attachment":"scroll","background-type":"","background-media":"","overlay-type":"","overlay-color":"","overlay-opacity":"","overlay-gradient":""},"tablet":{"background-color":"","background-image":"","background-repeat":"repeat","background-position":"center center","background-size":"auto","background-attachment":"scroll","background-type":"","background-media":"","overlay-type":"","overlay-color":"","overlay-opacity":"","overlay-gradient":""},"mobile":{"background-color":"","background-image":"","background-repeat":"repeat","background-position":"center center","background-size":"auto","background-attachment":"scroll","background-type":"","background-media":"","overlay-type":"","overlay-color":"","overlay-opacity":"","overlay-gradient":""}},"ast-content-background-meta":{"desktop":{"background-color":"var(--ast-global-color-5)","background-image":"","background-repeat":"repeat","background-position":"center center","background-size":"auto","background-attachment":"scroll","background-type":"","background-media":"","overlay-type":"","overlay-color":"","overlay-opacity":"","overlay-gradient":""},"tablet":{"background-color":"var(--ast-global-color-5)","background-image":"","background-repeat":"repeat","background-position":"center center","background-size":"auto","background-attachment":"scroll","background-type":"","background-media":"","overlay-type":"","overlay-color":"","overlay-opacity":"","overlay-gradient":""},"mobile":{"background-color":"var(--ast-global-color-5)","background-image":"","background-repeat":"repeat","background-position":"center center","background-size":"auto","background-attachment":"scroll","background-type":"","background-media":"","overlay-type":"","overlay-color":"","overlay-opacity":"","overlay-gradient":""}},"footnotes":""},"class_list":["post-2908","page","type-page","status-publish","hentry"],"acf":[],"_links":{"self":[{"href":"https:\/\/snaptubeappz.com\/pt-br\/wp-json\/wp\/v2\/pages\/2908","targetHints":{"allow":["GET"]}}],"collection":[{"href":"https:\/\/snaptubeappz.com\/pt-br\/wp-json\/wp\/v2\/pages"}],"about":[{"href":"https:\/\/snaptubeappz.com\/pt-br\/wp-json\/wp\/v2\/types\/page"}],"author":[{"embeddable":true,"href":"https:\/\/snaptubeappz.com\/pt-br\/wp-json\/wp\/v2\/users\/1"}],"replies":[{"embeddable":true,"href":"https:\/\/snaptubeappz.com\/pt-br\/wp-json\/wp\/v2\/comments?post=2908"}],"version-history":[{"count":0,"href":"https:\/\/snaptubeappz.com\/pt-br\/wp-json\/wp\/v2\/pages\/2908\/revisions"}],"wp:attachment":[{"href":"https:\/\/snaptubeappz.com\/pt-br\/wp-json\/wp\/v2\/media?parent=2908"}],"curies":[{"name":"wp","href":"https:\/\/api.w.org\/{rel}","templated":true}]}}