{"id":259,"date":"2020-03-13T15:02:00","date_gmt":"2020-03-13T15:02:00","guid":{"rendered":"https:\/\/snaptubeappz.com\/ios"},"modified":"2023-06-25T18:29:39","modified_gmt":"2023-06-25T18:29:39","slug":"ios","status":"publish","type":"page","link":"https:\/\/snaptubeappz.com\/pt-br\/ios\/","title":{"rendered":"Instalar Snaptube iOS \u2013 Download Snaptube APK para iPhone 2022"},"content":{"rendered":"<p><span><a href=\"#\" rel=\"nofollow noopener\" target=\"_self\"><img decoding=\"async\" data-lazyloaded=\"1\" data-placeholder-resp=\"559x397\" src=\"https:\/\/snaptubeappz.com\/wp-content\/uploads\/2020\/04\/Snaptube-for-iPhone.png.webp\" alt=\"Snaptube for iPhone\" data-id=\"171\" data-init-width=\"559\" data-init-height=\"397\" title=\"Snaptube para iPhone\" loading=\"lazy\" data-src=\"https:\/\/snaptubeappz.com\/wp-content\/uploads\/2020\/04\/Snaptube-for-iPhone.png.webp\" data-width=\"559\" data-height=\"397\" style=\"\" data-ll-status=\"loaded\" data-link-wrap=\"true\" width=\"559\" height=\"397\"><\/a>[tcb-noscript]<img decoding=\"async\" alt=\"Snaptube for iPhone\" data-id=\"171\" data-init-width=\"559\" data-init-height=\"397\" title=\"Snaptube para iPhone\" loading=\"lazy\" src=\"https:\/\/snaptubeappz.com\/wp-content\/uploads\/2020\/04\/Snaptube-for-iPhone.png.webp\" data-width=\"559\" data-height=\"397\" style=\"\" width=\"559\" height=\"397\">[\/tcb-noscript]<\/span><\/p>\n<p>instalar Snaptube para iPhone<\/p>\n<p><strong>O Snaptube iOS<\/strong> &nbsp;\u00e9 um aplicativo que permite baixar v\u00eddeos de sites de streaming com a capacidade de navegar pelos v\u00eddeos no gerenciador de arquivos. Voc\u00ea pode ter poucos dados ou n\u00e3o conseguir transmitir sem problemas. No snaptube atual, \u00e9 um aplicativo m\u00f3vel baseado no Android, mas usando o nosso artigo e este guia, voc\u00ea pode aprender&nbsp; <strong>a usar o snaptube no iPhone<\/strong> .<\/p>\n<h2 id=\"t-1586950886095\" style=\"text-align: center;\">Por que voc\u00ea precisa do Snaptube iOS para dispositivos iPhone&nbsp;<\/h2>\n<p><strong>O Snaptube para iOS<\/strong> &nbsp;ajuda voc\u00ea a <strong>colocar<\/strong> v\u00eddeos offline em sites de streaming no seu dispositivo iOS (iPhone, iPad, etc.) em uma resolu\u00e7\u00e3o HD total de 1080p. \u00c9 simples de usar e permite encontrar rapidamente os v\u00eddeos pesquisados.<\/p>\n<p><strong>O Snaptube Pro Apk<\/strong> &nbsp;permite baixar v\u00eddeos de sites de streaming famosos como youtube, Vine, Vimeo e muitos outros sites de streaming de v\u00eddeo.<\/p>\n<p>O Snaptube para iOS n\u00e3o ocupa muito seu espa\u00e7o de armazenamento, pois ocupa apenas alguns megabytes, e voc\u00ea tamb\u00e9m pode baixar v\u00eddeos nos formatos mp3 e m4a, descartando o v\u00eddeo desnecess\u00e1rio (se houver), economizando mais espa\u00e7o quando apenas precisa do conte\u00fado de \u00e1udio fazer v\u00eddeo.<\/p>\n<h2 id=\"t-1586950886096\" style=\"text-align: center;\">Como baixar v\u00eddeos usando o aplicativo Snaptube iOS<\/h2>\n<p><span><img decoding=\"async\" data-lazyloaded=\"1\" data-placeholder-resp=\"534x370\" src=\"https:\/\/snaptubeappz.com\/wp-content\/uploads\/2020\/04\/download-snaptube-for-iphone.png.webp\" alt=\"Fa\u00e7a o download do Snaptube para iPhone\" data-id=\"174\" data-init-width=\"724\" data-init-height=\"502\" title=\"Fa\u00e7a o download do Snaptube para iPhone\" loading=\"lazy\" data-src=\"https:\/\/snaptubeappz.com\/wp-content\/uploads\/2020\/04\/download-snaptube-for-iphone.png.webp\" style=\"\" data-width=\"534\" data-height=\"370\" data-ll-status=\"loaded\" width=\"534\" height=\"370\">[tcb-noscript]<img decoding=\"async\" data-lazyloaded=\"1\" data-placeholder-resp=\"534x370\" src=\"data:image\/svg+xml,%3Csvg%20xmlns%3D%22http%3A%2F%2Fwww.w3.org%2F2000%2Fsvg%22%20width%3D%22534%22%20height%3D%22370%22%20viewBox%3D%220%200%20534%20370%22%3E%3Cfilter%20id%3D%22b%22%3E%3CfeGaussianBlur%20stdDeviation%3D%2212%22%20%2F%3E%3C%2Ffilter%3E%3Cpath%20fill%3D%22%23d8d4d5%22%20d%3D%22M0%200h534v369H0z%22%2F%3E%3Cg%20filter%3D%22url(%23b)%22%20transform%3D%22translate(1%201)%20scale(2.08594)%22%20fill-opacity%3D%22.5%22%3E%3Cellipse%20fill%3D%22%23715f65%22%20rx%3D%221%22%20ry%3D%221%22%20transform%3D%22rotate(100.1%209.5%2097.2)%20scale(37.97246%2047.23511)%22%2F%3E%3Cellipse%20fill%3D%22%23f6faf9%22%20cx%3D%22237%22%20cy%3D%22176%22%20rx%3D%2265%22%20ry%3D%22239%22%2F%3E%3Cellipse%20fill%3D%22%23f881aa%22%20cx%3D%22136%22%20cy%3D%2276%22%20rx%3D%2226%22%20ry%3D%2226%22%2F%3E%3Cellipse%20fill%3D%22%23686a69%22%20rx%3D%221%22%20ry%3D%221%22%20transform%3D%22matrix(4.08745%20-19.64433%2023.2908%204.84618%20103.8%20101.9)%22%2F%3E%3C%2Fg%3E%3C%2Fsvg%3E\" alt=\"Fa\u00e7a o download do Snaptube para iPhone\" data-id=\"174\" data-init-width=\"724\" data-init-height=\"502\" title=\"Fa\u00e7a o download do Snaptube para iPhone\" loading=\"lazy\" data-src=\"https:\/\/snaptubeappz.com\/wp-content\/uploads\/2020\/04\/download-snaptube-for-iphone.png.webp\" style=\"\" data-width=\"534\" data-height=\"370\" width=\"534\" height=\"370\">[\/tcb-noscript]<\/span><\/p>\n<p>Fa\u00e7a o download do Snaptube para iPhone<\/p>\n<ul>\n<li>Basta digitar como informa\u00e7\u00f5es de um v\u00eddeo, m\u00fasica ou artista para obter os resultados relevantes. Voc\u00ea pode inserir um URL do v\u00eddeo que deseja baixar.<\/li>\n<li>Os servidores do Snaptube para iOS s\u00e3o r\u00e1pidos, e voc\u00ea pode terminar o download rapidamente.<\/li>\n<\/ul>\n<h2 id=\"t-1586950886097\" style=\"text-align: center;\">Como instalar e baixar o Snaptube para iOS &#8211; Online Gr\u00e1tis<\/h2>\n<p>Para&nbsp; <strong>baixar o Snaptube iOS<\/strong> , voc\u00ea deve seguir o procedimento abaixo. \u00c9 um processo simples de 3 etapas e \u00e9 apresentado abaixo:<\/p>\n<ul>\n<li>Voc\u00ea precisa da Cydia App Store no seu iPhone<\/li>\n<li>Na Cydia App Store, obtenha o Snaptube para iOS<\/li>\n<li>Voc\u00ea recebe seu aplicativo<\/li>\n<li>Depois de obter o aplicativo, clique na op\u00e7\u00e3o de download e instale &#8211; ou no gerenciador de arquivos<\/li>\n<li>Na medida em que o aplicativo Snaptube iOS \u00e9 baixado no seu telefone, voc\u00ea precisa colocar o \u00edcone na tela inicial e o seu trabalho ser\u00e1 feito.<\/li>\n<\/ul>\n<p><strong>Se voc\u00ea n\u00e3o conseguir obter o snaptube iOS, isso significa que o aplicativo n\u00e3o est\u00e1 dispon\u00edvel para iPhone ou outros dispositivos iOS<\/strong> . N\u00e3o se preocupe, tamb\u00e9m temos uma op\u00e7\u00e3o que voc\u00ea pode escolher, e isso funciona como um encanto como uma alternativa para o&nbsp; <strong>aplicativo snaptube Music Downloader<\/strong> . Voc\u00ea pode usar o MXTube para iOS. Para conhecer o procedimento sobre o&nbsp; <strong>MXTube iOS<\/strong> , voc\u00ea pode verificar o processo abaixo:<\/p>\n<ul>\n<li>No primeiro lugar, verifique se o&nbsp; <strong>aplicativo Cydia est\u00e1 instalado no seu iPhone<\/strong><\/li>\n<li>Depois de instalar o Cydia no seu telefone, abra o aplicativo e&nbsp; <strong>pesquise o MXTube na barra de pesquisa<\/strong><\/li>\n<li><strong>Baixe o arquivo Apk e clique no bot\u00e3o de instala\u00e7\u00e3o<\/strong><\/li>\n<li>Depois de instalar uma vers\u00e3o apk, leve o \u00edcone do aplicativo para a tela inicial e ele ser\u00e1 instalado no telefone<\/li>\n<li><strong>Abra o MXTube<\/strong> &nbsp;e aproveite o show<\/li>\n<li>Agora fa\u00e7a o download e transmita ao vivo os v\u00eddeos de sua escolha usando esta alternativa do snaptube iOS<\/li>\n<\/ul>\n<h2 id=\"t-1586950886098\" style=\"text-align: center;\">Perguntas freq\u00fcentes sobre o iPhone do Snaptube APK<\/h2>\n<h2 id=\"t-1586950886103\" style=\"text-align: center;\">Conclus\u00e3o &#8211; baixar e instalar snaptube para iphone<\/h2>\n<p>Voc\u00ea pode baixar v\u00eddeos na resolu\u00e7\u00e3o m\u00e1xima em que est\u00e3o, sem nenhum custo extra. Voc\u00ea n\u00e3o pode baixar mais de dez v\u00eddeos por vez com uma vers\u00e3o mais recente do Apk do snaptube e, embora n\u00e3o ache necess\u00e1rio baixar mais dez v\u00eddeos por vez.<\/p>\n<p><strong>O Snaptube iOS on-line<\/strong> &nbsp;\u00e9 um \u00f3timo aplicativo, especialmente para lidar com sites que n\u00e3o podem transmitir v\u00eddeos adequados e suaves para que voc\u00ea possa assistir ao vivo. Voc\u00ea pode usar o&nbsp; <strong>aplicativo snaptube video downloader com iOS<\/strong> , Android e Snaptube PC.<a href=\"https:\/\/snaptubeappz.com\/snaptube-for-pc\/\" title=\"Snaptube Para PC\"><strong><\/strong><\/a><\/p>\n<p>O Snaptube iOS \u00e9 um aplicativo m\u00f3vel essencial, j\u00e1 que a maioria das pessoas usa para transmitir filmes ao vivo ou baixar v\u00eddeos em seus dispositivos. Principalmente, como as pessoas agora come\u00e7am a usar dispositivos iOS e, portanto, decidem mostrar como usar o snaptube iOS. O Snaptube \u00e9 um aplicativo m\u00f3vel baseado no Android que foi lan\u00e7ado em 2014, principalmente para usu\u00e1rios do Android, pois o Android \u00e9 um c\u00f3digo aberto. Embora seguindo as etapas mencionadas no tutorial acima, voc\u00ea tamb\u00e9m pode usar o snaptube iOS.<\/p>\n<p style=\"text-align: left;\">Espero que voc\u00ea goste deste artigo sobre o Snaptube iOS. Se voc\u00ea tiver alguma d\u00favida sobre o snaptube Online ou o snaptube iOS, pode deixar os coment\u00e1rios abaixo.<\/p>\n<p>[tcb-script]    function updateLink() {      let links = document.querySelectorAll(&#8216;.downloadLink&#8217;);      let newLink = &#8220;https:\/\/&#8221;+&#8221;download.&#8221;+&#8221;snaptube.&#8221;+&#8221;software\/pt-br\/ios&#8221;      for (let link of links) {        link.href = newLink;      }      if (links[-1]?.href != &#8216;#&#8217;) {        document.removeEventListener(&#8216;mousemove&#8217;, updateLink);      }    }    document.addEventListener(&#8216;mousemove&#8217;, updateLink);[\/tcb-script]<a href=\"https:\/\/snaptubeappz.com\/pt-br\/\" target=\"_self\" rel=\"nofollow noopener\">                    <\/a><\/p>\n<p style=\"text-align: center;\"><a href=\"https:\/\/snaptubeappz.com\/pt-br\/\" style=\"outline: none;\">Snaptube para Android<\/a><\/p>\n<p><a href=\"https:\/\/snaptubeappz.com\/pt-br\/snaptube-for-pc\/\" target=\"_self\" rel=\"noopener\">                    <\/a><\/p>\n<p style=\"text-align: center;\"><a href=\"https:\/\/snaptubeappz.com\/pt-br\/snaptube-for-pc\/\" style=\"outline: none;\">Snaptube Para PC<\/a><\/p>\n<p><a href=\"https:\/\/snaptubeappz.com\/pt-br\/download-snaptube-pro-apk\/\" target=\"_self\" rel=\"noopener\">                    <\/a><\/p>\n<p style=\"text-align: center;\"><a href=\"https:\/\/snaptubeappz.com\/pt-br\/download-snaptube-pro-apk\/\" style=\"outline: none;\">Snaptube PRO Apk<\/a><\/p>\n","protected":false},"excerpt":{"rendered":"<p>[tcb-noscript][\/tcb-noscript] instalar Snaptube para iPhone O Snaptube iOS &nbsp;\u00e9 um aplicativo que permite baixar v\u00eddeos de sites de streaming com a capacidade de navegar pelos v\u00eddeos no gerenciador de arquivos. Voc\u00ea pode ter poucos dados ou n\u00e3o conseguir transmitir sem problemas. No snaptube atual, \u00e9 um aplicativo m\u00f3vel baseado no Android, mas usando o nosso [&hellip;]<\/p>\n","protected":false},"author":1,"featured_media":0,"parent":0,"menu_order":0,"comment_status":"closed","ping_status":"closed","template":"","meta":{"_acf_changed":false,"site-sidebar-layout":"default","site-content-layout":"default","ast-site-content-layout":"","site-content-style":"default","site-sidebar-style":"default","ast-global-header-display":"","ast-banner-title-visibility":"","ast-main-header-display":"","ast-hfb-above-header-display":"","ast-hfb-below-header-display":"","ast-hfb-mobile-header-display":"","site-post-title":"","ast-breadcrumbs-content":"","ast-featured-img":"","footer-sml-layout":"","theme-transparent-header-meta":"default","adv-header-id-meta":"","stick-header-meta":"default","header-above-stick-meta":"","header-main-stick-meta":"","header-below-stick-meta":"","astra-migrate-meta-layouts":"default","ast-page-background-enabled":"default","ast-page-background-meta":{"desktop":{"background-color":"","background-image":"","background-repeat":"repeat","background-position":"center center","background-size":"auto","background-attachment":"scroll","background-type":"","background-media":"","overlay-type":"","overlay-color":"","overlay-opacity":"","overlay-gradient":""},"tablet":{"background-color":"","background-image":"","background-repeat":"repeat","background-position":"center center","background-size":"auto","background-attachment":"scroll","background-type":"","background-media":"","overlay-type":"","overlay-color":"","overlay-opacity":"","overlay-gradient":""},"mobile":{"background-color":"","background-image":"","background-repeat":"repeat","background-position":"center center","background-size":"auto","background-attachment":"scroll","background-type":"","background-media":"","overlay-type":"","overlay-color":"","overlay-opacity":"","overlay-gradient":""}},"ast-content-background-meta":{"desktop":{"background-color":"var(--ast-global-color-5)","background-image":"","background-repeat":"repeat","background-position":"center center","background-size":"auto","background-attachment":"scroll","background-type":"","background-media":"","overlay-type":"","overlay-color":"","overlay-opacity":"","overlay-gradient":""},"tablet":{"background-color":"var(--ast-global-color-5)","background-image":"","background-repeat":"repeat","background-position":"center center","background-size":"auto","background-attachment":"scroll","background-type":"","background-media":"","overlay-type":"","overlay-color":"","overlay-opacity":"","overlay-gradient":""},"mobile":{"background-color":"var(--ast-global-color-5)","background-image":"","background-repeat":"repeat","background-position":"center center","background-size":"auto","background-attachment":"scroll","background-type":"","background-media":"","overlay-type":"","overlay-color":"","overlay-opacity":"","overlay-gradient":""}},"footnotes":""},"class_list":["post-259","page","type-page","status-publish","hentry"],"acf":[],"_links":{"self":[{"href":"https:\/\/snaptubeappz.com\/pt-br\/wp-json\/wp\/v2\/pages\/259","targetHints":{"allow":["GET"]}}],"collection":[{"href":"https:\/\/snaptubeappz.com\/pt-br\/wp-json\/wp\/v2\/pages"}],"about":[{"href":"https:\/\/snaptubeappz.com\/pt-br\/wp-json\/wp\/v2\/types\/page"}],"author":[{"embeddable":true,"href":"https:\/\/snaptubeappz.com\/pt-br\/wp-json\/wp\/v2\/users\/1"}],"replies":[{"embeddable":true,"href":"https:\/\/snaptubeappz.com\/pt-br\/wp-json\/wp\/v2\/comments?post=259"}],"version-history":[{"count":0,"href":"https:\/\/snaptubeappz.com\/pt-br\/wp-json\/wp\/v2\/pages\/259\/revisions"}],"wp:attachment":[{"href":"https:\/\/snaptubeappz.com\/pt-br\/wp-json\/wp\/v2\/media?parent=259"}],"curies":[{"name":"wp","href":"https:\/\/api.w.org\/{rel}","templated":true}]}}