{"id":5406,"date":"2024-03-31T10:27:48","date_gmt":"2024-03-31T10:27:48","guid":{"rendered":"https:\/\/snaptubeappz.com\/?page_id=5406"},"modified":"2025-06-25T16:58:07","modified_gmt":"2025-06-25T16:58:07","slug":"is-snaptube-safe","status":"publish","type":"page","link":"https:\/\/snaptubeappz.com\/it\/is-snaptube-safe\/","title":{"rendered":"Snaptube \u00e8 sicuro da scaricare e utilizzare?"},"content":{"rendered":"<p>Negli ultimi anni, il download di video da varie piattaforme \u00e8 diventato sempre pi\u00f9 popolare e <a href=\"https:\/\/snaptubeappz.com\/it\/\">Snaptube<\/a> \u00e8 emersa come un&#8217;app ampiamente utilizzata.<\/p>\n<p>L&#8217;app ha ottenuto un enorme seguito grazie alla sua interfaccia intuitiva e alle diverse funzionalit\u00e0. Tuttavia, \u00e8 ancora necessario rispondere alle domande se Snaptube \u00e8 sicuro da scaricare e utilizzare?<\/p>\n<p><strong>Punto cruciale<\/strong>: dopo un esame approfondito e un test dettagliato condotto sulla rispettabile piattaforma VirusTotal, \u00e8 stato confermato che l&#8217;app Snaptube \u00e8 sicura da usare se scaricata dalla piattaforma protetta.<\/p>\n<p>[btn]<\/p>\n<p>Alcuni utenti sono preoccupati per la sua sicurezza e si chiedono se l&#8217;app comporti rischi per i loro dispositivi o per la privacy.<\/p>\n<p>Prima di concludere qualsiasi cosa sulla <strong>sicurezza di Snaptube<\/strong>, dobbiamo considerare vari aspetti, tra cui la disponibilit\u00e0 dell&#8217;app negli app store ufficiali, i requisiti di autorizzazione e l&#8217;esperienza dell&#8217;utente.<\/p>\n<p>[faq-1]<\/p>\n<p>[faq-2]<\/p>\n<h2 style=\"text-align: center;\">Test di sicurezza di Snaptube su VirusTotal<\/h2>\n<p><strong>Per valutare la sicurezza di Snaptube, \u00e8 stato condotto un test VirusTotal.<\/strong><\/p>\n<p>VirusTotal \u00e8 un sito Web che analizza file e URL alla ricerca di potenziali virus, worm, trojan e altri contenuti dannosi. Utilizza pi\u00f9 motori antivirus e scanner di siti Web per fornire un rapporto dettagliato sulla sicurezza del contenuto inviato.<\/p>\n<p>Dopo aver inviato il file APK di Snaptube a VirusTotal, i risultati sono stati rassicuranti. <strong>L&#8217;analisi ha indicato che l&#8217;app \u00e8 sicura e priva di contenuti dannosi.<\/strong> Questa scoperta aggiunge un ulteriore livello di fiducia agli utenti preoccupati per la sicurezza dell\u2019app, poich\u00e9 \u00e8 stata esaminata da diverse soluzioni antivirus affidabili.<\/p>\n<p>Per coloro che sono interessati ad approfondire le specifiche del test, \u00e8 possibile accedere al rapporto dettagliato sul <a href=\"https:\/\/www.virustotal.com\/gui\/file\/2050196cc91a7bfe493ec1fed79fe22dea4dd5adb27ed5b912d133ceed02d8b0\/detection\" data-schema-attribute=\"mentions\" target=\"_blank\" rel=\"noopener\">sito Web di VirusTotal<\/a>. \u00c8 sempre una buona pratica condurre tali test o fare riferimento a fonti attendibili in caso di dubbi sulla sicurezza di qualsiasi software o applicazione.<\/p>\n<p>[faq-3]<\/p>\n","protected":false},"excerpt":{"rendered":"<p>Negli ultimi anni, il download di video da varie piattaforme \u00e8 diventato sempre pi\u00f9 popolare e Snaptube \u00e8 emersa come un&#8217;app ampiamente utilizzata. L&#8217;app ha ottenuto un enorme seguito grazie alla sua interfaccia intuitiva e alle diverse funzionalit\u00e0. Tuttavia, \u00e8 ancora necessario rispondere alle domande se Snaptube \u00e8 sicuro da scaricare e utilizzare? Punto cruciale: [&hellip;]<\/p>\n","protected":false},"author":1,"featured_media":0,"parent":0,"menu_order":0,"comment_status":"closed","ping_status":"closed","template":"","meta":{"_acf_changed":false,"site-sidebar-layout":"default","site-content-layout":"","ast-site-content-layout":"default","site-content-style":"default","site-sidebar-style":"default","ast-global-header-display":"","ast-banner-title-visibility":"","ast-main-header-display":"","ast-hfb-above-header-display":"","ast-hfb-below-header-display":"","ast-hfb-mobile-header-display":"","site-post-title":"","ast-breadcrumbs-content":"disabled","ast-featured-img":"","footer-sml-layout":"","theme-transparent-header-meta":"default","adv-header-id-meta":"","stick-header-meta":"default","header-above-stick-meta":"","header-main-stick-meta":"","header-below-stick-meta":"","astra-migrate-meta-layouts":"set","ast-page-background-enabled":"default","ast-page-background-meta":{"desktop":{"background-color":"","background-image":"","background-repeat":"repeat","background-position":"center center","background-size":"auto","background-attachment":"scroll","background-type":"","background-media":"","overlay-type":"","overlay-color":"","overlay-opacity":"","overlay-gradient":""},"tablet":{"background-color":"","background-image":"","background-repeat":"repeat","background-position":"center center","background-size":"auto","background-attachment":"scroll","background-type":"","background-media":"","overlay-type":"","overlay-color":"","overlay-opacity":"","overlay-gradient":""},"mobile":{"background-color":"","background-image":"","background-repeat":"repeat","background-position":"center center","background-size":"auto","background-attachment":"scroll","background-type":"","background-media":"","overlay-type":"","overlay-color":"","overlay-opacity":"","overlay-gradient":""}},"ast-content-background-meta":{"desktop":{"background-color":"var(--ast-global-color-5)","background-image":"","background-repeat":"repeat","background-position":"center center","background-size":"auto","background-attachment":"scroll","background-type":"","background-media":"","overlay-type":"","overlay-color":"","overlay-opacity":"","overlay-gradient":""},"tablet":{"background-color":"var(--ast-global-color-5)","background-image":"","background-repeat":"repeat","background-position":"center center","background-size":"auto","background-attachment":"scroll","background-type":"","background-media":"","overlay-type":"","overlay-color":"","overlay-opacity":"","overlay-gradient":""},"mobile":{"background-color":"var(--ast-global-color-5)","background-image":"","background-repeat":"repeat","background-position":"center center","background-size":"auto","background-attachment":"scroll","background-type":"","background-media":"","overlay-type":"","overlay-color":"","overlay-opacity":"","overlay-gradient":""}},"footnotes":""},"class_list":["post-5406","page","type-page","status-publish","hentry"],"acf":[],"_links":{"self":[{"href":"https:\/\/snaptubeappz.com\/it\/wp-json\/wp\/v2\/pages\/5406","targetHints":{"allow":["GET"]}}],"collection":[{"href":"https:\/\/snaptubeappz.com\/it\/wp-json\/wp\/v2\/pages"}],"about":[{"href":"https:\/\/snaptubeappz.com\/it\/wp-json\/wp\/v2\/types\/page"}],"author":[{"embeddable":true,"href":"https:\/\/snaptubeappz.com\/it\/wp-json\/wp\/v2\/users\/1"}],"replies":[{"embeddable":true,"href":"https:\/\/snaptubeappz.com\/it\/wp-json\/wp\/v2\/comments?post=5406"}],"version-history":[{"count":3,"href":"https:\/\/snaptubeappz.com\/it\/wp-json\/wp\/v2\/pages\/5406\/revisions"}],"predecessor-version":[{"id":5443,"href":"https:\/\/snaptubeappz.com\/it\/wp-json\/wp\/v2\/pages\/5406\/revisions\/5443"}],"wp:attachment":[{"href":"https:\/\/snaptubeappz.com\/it\/wp-json\/wp\/v2\/media?parent=5406"}],"curies":[{"name":"wp","href":"https:\/\/api.w.org\/{rel}","templated":true}]}}