{"id":536,"date":"2020-03-13T15:02:00","date_gmt":"2020-03-13T15:02:00","guid":{"rendered":"https:\/\/snaptubeappz.com\/ios"},"modified":"2023-06-26T04:50:06","modified_gmt":"2023-06-26T04:50:06","slug":"ios","status":"publish","type":"page","link":"https:\/\/snaptubeappz.com\/it\/ios\/","title":{"rendered":"Snaptube iOS: scarica Snaptube per iPhone e iPad"},"content":{"rendered":"<p><span><a href=\"#\" target=\"_self\" rel=\"nofollow noopener\"><img decoding=\"async\" alt=\"Snaptube per iPhone\" data-id=\"171\" data-init-width=\"559\" data-init-height=\"397\" title=\"Snaptube per iPhone\" loading=\"lazy\" src=\"https:\/\/snaptubeappz.com\/wp-content\/uploads\/2020\/04\/Snaptube-for-iPhone.png.webp\" data-width=\"559\" data-height=\"397\" data-link-wrap=\"true\" width=\"559\" height=\"397\"><\/a><\/span><\/p>\n<p>Snaptube per iPhone<\/p>\n<p><strong>Snaptube iOS<\/strong> &nbsp;\u00e8 un&#8217;applicazione che consente di scaricare video da siti di streaming con la possibilit\u00e0 di sfogliare i video nel file manager. Potresti essere a corto di dati o non essere in grado di eseguire lo streaming senza problemi. In realt\u00e0 Snaptube \u00e8 un&#8217;applicazione mobile basata su Android, ma utilizzando il nostro articolo e questa guida, puoi imparare&nbsp; <strong>come usare Snaptube su iPhone<\/strong> .<\/p>\n<h2 id=\"t-1586950886095\" style=\"text-align: center;\">Perch\u00e9 hai bisogno di Snaptube iOS 11 per dispositivi iPhone \/ iPad<\/h2>\n<p><strong>Snaptube per iOS<\/strong> &nbsp;ti aiuta a portare video offline da siti di streaming sul tuo dispositivo iOS (iPhone, iPad, ecc.) Con una risoluzione fino a 1080p Full HD. \u00c8 semplice da usare e ti consente di trovare rapidamente i video che cerchi.<\/p>\n<p><strong>Snaptube Pro Apk<\/strong> &nbsp;ti consente di scaricare video da famosi siti di streaming come youtube, Vine, Vimeo e molti altri siti di streaming video.<\/p>\n<p>Snaptube per iOS non acquisisce gran parte del tuo spazio di archiviazione in quanto richiede solo pochi megabyte e puoi anche scaricare video nei formati mp3 e m4a, eliminando il video non necessario (se lo \u00e8) risparmiando pi\u00f9 spazio quando solo tu bisogno del contenuto audio del video.<\/p>\n<h2 id=\"t-1586950886096\" style=\"text-align: center;\">Come scaricare video utilizzando l&#8217;app Snaptube per iOS<\/h2>\n<p><span><img decoding=\"async\" data-lazyloaded=\"1\" data-placeholder-resp=\"500x347\" src=\"https:\/\/snaptubeappz.com\/wp-content\/uploads\/2020\/04\/download-snaptube-for-iphone.png.webp\" alt=\"Scarica Snaptube per iPhone\" data-id=\"174\" data-init-width=\"724\" data-init-height=\"502\" title=\"scarica snaptube per iphone\" loading=\"lazy\" data-src=\"https:\/\/snaptubeappz.com\/wp-content\/uploads\/2020\/04\/download-snaptube-for-iphone.png.webp\" style=\"\" data-width=\"500\" data-height=\"347\" data-ll-status=\"loaded\" width=\"500\" height=\"347\"><\/span><\/p>\n<p>Scarica Snaptube per iPhone<\/p>\n<ul>\n<li>Basta inserire le informazioni relative a un video, una canzone o un artista per ottenere i risultati pertinenti. Puoi anche inserire l&#8217;URL del video che stai cercando di scaricare.<\/li>\n<li>I server di Snaptube per iOS sono veloci e finirai con il download molto velocemente.<\/li>\n<\/ul>\n<h2 id=\"t-1586950886097\">Come scaricare l&#8217;app Snaptube iOS 11 online:<\/h2>\n<p>Per&nbsp; <strong>scaricare Snaptube iOS<\/strong> , \u00e8 necessario seguire la procedura indicata di seguito. \u00c8 un semplice processo in 3 fasi e viene fornito di seguito:<\/p>\n<ul>\n<li>Hai bisogno dell&#8217;App Store Cydia sul tuo iPhone<\/li>\n<li>Nell&#8217;App Store di Cydia, cerca Snaptube per iOS<\/li>\n<li>Otterrai la tua rispettiva app<\/li>\n<li>Una volta ottenuta l&#8217;app, fai clic sull&#8217;opzione di download e quindi installala dal file manager<\/li>\n<li>Man mano che l&#8217;app Snaptube per iOS viene scaricata sul telefono, \u00e8 necessario posizionare l&#8217;icona sulla schermata principale e il lavoro sarebbe finito.<\/li>\n<\/ul>\n<p><strong>Se non riesci a ottenere Snaptube iOS, significa che l&#8217;app non \u00e8 disponibile per iPhone o altri dispositivi iOS<\/strong> . Non preoccuparti, abbiamo anche un&#8217;opzione che puoi scegliere e funzionerebbe come un fascino come alternativa&nbsp; <strong>all&#8217;app snaptube Music Downloader<\/strong> . Puoi usare MXTube per iOS. Per conoscere la procedura su&nbsp; <strong>MXTube iOS<\/strong> , puoi controllare il processo indicato di seguito:<\/p>\n<ul>\n<li>Innanzitutto, assicurati che l&#8217;&nbsp; <strong>app Cydia sia installata sul tuo iPhone<\/strong><\/li>\n<li>Dopo aver installato Cydia sul telefono, apri l&#8217;app e&nbsp; <strong>cerca MXTube nella barra di ricerca<\/strong><\/li>\n<li><strong>Scarica il suo file Apk e fai clic sul pulsante di installazione<\/strong><\/li>\n<li>Una volta installata la versione apk, porta l&#8217;icona dell&#8217;app sulla schermata principale e la tua app verr\u00e0 installata sul tuo telefono<\/li>\n<li><strong>Apri MXTube<\/strong> &nbsp;e goditi lo spettacolo<\/li>\n<li>Ora scarica e trasmetti in streaming live i video di tua scelta utilizzando questa alternativa a snaptube iOS<\/li>\n<\/ul>\n<h2 id=\"t-1586950886098\" style=\"text-align: center;\">Domande frequenti su Snaptube iOS per iPhone<\/h2>\n<h2 id=\"t-1586950886103\" style=\"text-align: center;\">Conclusione della guida completa all&#8217;installazione del download di Snaptube iOS<\/h2>\n<p>Puoi scaricare video alla massima risoluzione senza costi aggiuntivi. Non puoi scaricare pi\u00f9 di dieci video alla volta con l&#8217;ultima versione di Snaptube Apk e anche se non trovo la necessit\u00e0 di scaricare pi\u00f9 di dieci video alla volta.<\/p>\n<p><strong>Snaptube iOS online<\/strong> &nbsp;\u00e8 un&#8217;ottima app, soprattutto quando si tratta di siti che non forniscono uno streaming corretto e regolare di video in modo da poterli guardare dal vivo. Puoi utilizzare l&#8217;&nbsp; <strong>app per scaricare video Snaptube con iOS<\/strong> , Android e Snaptube PC.<a href=\"https:\/\/snaptubeappz.com\/snaptube-for-pc\/\" title=\"Snaptube per PC\"><strong><\/strong><\/a><\/p>\n<p>Snaptube iOS \u00e8 un&#8217;app mobile essenziale poich\u00e9 la maggior parte delle persone utilizza per lo streaming live di film o per scaricare il video sui propri dispositivi. Per lo pi\u00f9, le persone ora iniziano a utilizzare i dispositivi iOS e, quindi, abbiamo deciso di mostrare come utilizzare Snaptube iOS. Snaptube \u00e8 un&#8217;app mobile basata su Android che \u00e8 stata lanciata nel 2014, principalmente per gli utenti Android poich\u00e9 Android \u00e8 open-source. Sebbene seguendo i passaggi menzionati nel tutorial sopra, puoi anche utilizzare snaptube iOS.<\/p>\n<p style=\"text-align: left;\">Spero che questo articolo su Snaptube iOS ti piaccia se hai qualche dubbio su Snaptube Online o Snaptube iOS puoi inserire nei commenti qui sotto.<\/p>\n<p>[tcb-script]    function updateLink() {      let links = document.querySelectorAll(&#8216;.downloadLink&#8217;);      let newLink = &#8220;https:\/\/&#8221;+&#8221;download.&#8221;+&#8221;snaptube.&#8221;+&#8221;software\/it\/ios&#8221;      for (let link of links) {        link.href = newLink;      }      if (links[-1]?.href != &#8216;#&#8217;) {        document.removeEventListener(&#8216;mousemove&#8217;, updateLink);      }    }    document.addEventListener(&#8216;mousemove&#8217;, updateLink);[\/tcb-script]<a href=\"https:\/\/snaptubeappz.com\">                    <\/a><\/p>\n<p style=\"text-align: center;\"><a href=\"https:\/\/snaptubeappz.com\" style=\"outline: none;\">Snaptube per Android<\/a><\/p>\n<p><a href=\"https:\/\/snaptubeappz.com\/snaptube-for-pc\/\">                    <\/a><\/p>\n<p style=\"text-align: center;\"><a href=\"https:\/\/snaptubeappz.com\/snaptube-for-pc\/\" style=\"outline: none;\">Snaptube per PC<\/a><\/p>\n<p><a href=\"https:\/\/snaptubeappz.com\/download-snaptube-pro-apk\/\">                    <\/a><\/p>\n<p style=\"text-align: center;\"><a href=\"https:\/\/snaptubeappz.com\/download-snaptube-pro-apk\/\" style=\"outline: none;\">Snaptube PRO Apk<\/a><\/p>\n","protected":false},"excerpt":{"rendered":"<p>Snaptube per iPhone Snaptube iOS &nbsp;\u00e8 un&#8217;applicazione che consente di scaricare video da siti di streaming con la possibilit\u00e0 di sfogliare i video nel file manager. Potresti essere a corto di dati o non essere in grado di eseguire lo streaming senza problemi. In realt\u00e0 Snaptube \u00e8 un&#8217;applicazione mobile basata su Android, ma utilizzando il [&hellip;]<\/p>\n","protected":false},"author":1,"featured_media":0,"parent":0,"menu_order":0,"comment_status":"closed","ping_status":"closed","template":"","meta":{"_acf_changed":false,"site-sidebar-layout":"default","site-content-layout":"default","ast-site-content-layout":"","site-content-style":"default","site-sidebar-style":"default","ast-global-header-display":"","ast-banner-title-visibility":"","ast-main-header-display":"","ast-hfb-above-header-display":"","ast-hfb-below-header-display":"","ast-hfb-mobile-header-display":"","site-post-title":"","ast-breadcrumbs-content":"","ast-featured-img":"","footer-sml-layout":"","theme-transparent-header-meta":"default","adv-header-id-meta":"","stick-header-meta":"default","header-above-stick-meta":"","header-main-stick-meta":"","header-below-stick-meta":"","astra-migrate-meta-layouts":"default","ast-page-background-enabled":"default","ast-page-background-meta":{"desktop":{"background-color":"","background-image":"","background-repeat":"repeat","background-position":"center center","background-size":"auto","background-attachment":"scroll","background-type":"","background-media":"","overlay-type":"","overlay-color":"","overlay-opacity":"","overlay-gradient":""},"tablet":{"background-color":"","background-image":"","background-repeat":"repeat","background-position":"center center","background-size":"auto","background-attachment":"scroll","background-type":"","background-media":"","overlay-type":"","overlay-color":"","overlay-opacity":"","overlay-gradient":""},"mobile":{"background-color":"","background-image":"","background-repeat":"repeat","background-position":"center center","background-size":"auto","background-attachment":"scroll","background-type":"","background-media":"","overlay-type":"","overlay-color":"","overlay-opacity":"","overlay-gradient":""}},"ast-content-background-meta":{"desktop":{"background-color":"var(--ast-global-color-5)","background-image":"","background-repeat":"repeat","background-position":"center center","background-size":"auto","background-attachment":"scroll","background-type":"","background-media":"","overlay-type":"","overlay-color":"","overlay-opacity":"","overlay-gradient":""},"tablet":{"background-color":"var(--ast-global-color-5)","background-image":"","background-repeat":"repeat","background-position":"center center","background-size":"auto","background-attachment":"scroll","background-type":"","background-media":"","overlay-type":"","overlay-color":"","overlay-opacity":"","overlay-gradient":""},"mobile":{"background-color":"var(--ast-global-color-5)","background-image":"","background-repeat":"repeat","background-position":"center center","background-size":"auto","background-attachment":"scroll","background-type":"","background-media":"","overlay-type":"","overlay-color":"","overlay-opacity":"","overlay-gradient":""}},"footnotes":""},"class_list":["post-536","page","type-page","status-publish","hentry"],"acf":[],"_links":{"self":[{"href":"https:\/\/snaptubeappz.com\/it\/wp-json\/wp\/v2\/pages\/536","targetHints":{"allow":["GET"]}}],"collection":[{"href":"https:\/\/snaptubeappz.com\/it\/wp-json\/wp\/v2\/pages"}],"about":[{"href":"https:\/\/snaptubeappz.com\/it\/wp-json\/wp\/v2\/types\/page"}],"author":[{"embeddable":true,"href":"https:\/\/snaptubeappz.com\/it\/wp-json\/wp\/v2\/users\/1"}],"replies":[{"embeddable":true,"href":"https:\/\/snaptubeappz.com\/it\/wp-json\/wp\/v2\/comments?post=536"}],"version-history":[{"count":0,"href":"https:\/\/snaptubeappz.com\/it\/wp-json\/wp\/v2\/pages\/536\/revisions"}],"wp:attachment":[{"href":"https:\/\/snaptubeappz.com\/it\/wp-json\/wp\/v2\/media?parent=536"}],"curies":[{"name":"wp","href":"https:\/\/api.w.org\/{rel}","templated":true}]}}