{"id":457,"date":"2020-03-13T14:22:39","date_gmt":"2020-03-13T14:22:39","guid":{"rendered":"https:\/\/snaptubeappz.com\/home"},"modified":"2025-09-08T13:39:26","modified_gmt":"2025-09-08T13:39:26","slug":"snaptube-apk-scarica-installare-snaptube-app-gratis-2024","status":"publish","type":"page","link":"https:\/\/snaptubeappz.com\/it\/","title":{"rendered":"Snaptube Apk Scarica &#8211; Installare Snaptube App GRATIS (2025)"},"content":{"rendered":"<p style=\"text-align: center;\">[btn-1]<\/p>\n<p style=\"text-align: center;\">[img-1]<\/p>\n<p style=\"text-align: center;\">[link-1]<\/p>\n<p style=\"text-align: center;\">[btn-2]<\/p>\n<p style=\"text-align: center;\">[table]<\/p>\n<h2 style=\"text-align: center;\">Che cos&#8217;\u00e8 Snaptube?<\/h2>\n<p><strong>Snaptube<\/strong> \u00e8 un&#8217;applicazione per Android che scarica senza sforzo i video dai social media pi\u00f9 popolari e da altri siti web di intrattenimento come YouTube, Facebook, TikTok, Instagram, DailyMotion e WhatsApp. Snaptube consente inoltre agli utenti di convertire i file video in formato MP3 e di salvarli per un rapido accesso.<\/p>\n<p>Snaptube ha debuttato ufficialmente nel novembre 2014 e quasi 1 miliardo di persone ha scaricato l&#8217;applicazione a livello globale. Il numero di video scaricati ogni giorno \u00e8 di oltre 90 milioni. Purtroppo Snaptube non \u00e8 pi\u00f9 disponibile sul Google Play Store.<\/p>\n<p>\u00c8 supportata da noti app store, tra cui Uptodown.com, Aptoide.com e 9Apps Store. <strong>L&#8217;applicazione Snaptube<\/strong> offre audio in formato MP3 e M4A e video in 144p, 720p, 1080p HD, 2K HD e 4K HD.<\/p>\n<p>[table_of_content]<\/p>\n<p>[install]<\/p>\n<p>[how-to-use]<\/p>\n<h2 style=\"text-align: center;\">Caratteristiche di Snaptube<\/h2>\n<p>Snaptube ha diverse caratteristiche che si rivolgono agli utenti che desiderano scaricare e gestire contenuti multimediali. Ecco un elenco dettagliato delle sue caratteristiche principali:<\/p>\n<p>[features]<\/p>\n<h2 style=\"text-align: center;\">Sicurezza e privacy di Snaptube<\/h2>\n<p>La <strong>sicurezza e la privacy nell&#8217;uso di un&#8217;applicazione come Snaptube sono considerazioni essenziali.<\/strong> Sebbene Snaptube offra un modo comodo per scaricare video e musica, gli utenti devono essere consapevoli di diversi aspetti legati alla sicurezza e alla privacy.<\/p>\n<p>[safety]<\/p>\n<h2 style=\"text-align: center;\">Snaptube ultima versione Changelog<\/h2>\n<p><strong>L&#8217;ultima versione di Snaptube<\/strong> ha introdotto una serie di miglioramenti e nuovi aggiornamenti per migliorare l&#8217;esperienza utente e la funzionalit\u00e0:<\/p>\n<p>[changelog]<\/p>\n<h2 style=\"text-align: center;\">Snaptube originale vs. falso<\/h2>\n<p><strong>Distinguere tra Snaptube originale e le sue controparti false \u00e8 fondamentale per la sicurezza degli utenti.<\/strong><\/p>\n<p>L&#8217;originale Snaptube, noto per la facilit\u00e0 di scaricare video da piattaforme come YouTube e Facebook, \u00e8 scaricabile in modo sicuro dal nostro sito web. Allo stesso tempo, le versioni false si trovano spesso su fonti di terze parti.<\/p>\n<p><strong>L&#8217;autenticit\u00e0 \u00e8 ulteriormente verificata controllando lo sviluppo dell&#8217;app sotto Mobiuspace,<\/strong> come indicato nella descrizione dell&#8217;app sui canali ufficiali. Il vero Snaptube offre un&#8217;interfaccia semplice e intuitiva con un browser integrato, che supporta varie risoluzioni e formati video, a differenza dei falsi, che sono pieni di pubblicit\u00e0 eccessive e richieste di permessi irrilevanti, chiari segnali di allarme.<\/p>\n<p>Queste app contraffatte non solo rischiano di introdurre malware nel vostro dispositivo, ma rappresentano anche una minaccia per le vostre informazioni personali. Per contrastare questo fenomeno, \u00e8 essenziale segnalare all&#8217;app store o direttamente a noi qualsiasi app Snaptube sospetta e falsa. In sostanza, scegliete sempre di scaricare da fonti affidabili come il nostro sito web e state attenti ai segnali di app contraffatte per proteggere il vostro dispositivo e i vostri dati personali.<\/p>\n<p>[faq]<\/p>\n<p style=\"text-align: center;\">[link-3]<\/p>\n<div id=\"gtx-trans\" style=\"position: absolute; left: 707px; top: 135.109px;\">\n<div class=\"gtx-trans-icon\"><\/div>\n<\/div>\n","protected":false},"excerpt":{"rendered":"<p>[btn-1] [img-1] [link-1] [btn-2] [table] Che cos&#8217;\u00e8 Snaptube? Snaptube \u00e8 un&#8217;applicazione per Android che scarica senza sforzo i video dai social media pi\u00f9 popolari e da altri siti web di intrattenimento come YouTube, Facebook, TikTok, Instagram, DailyMotion e WhatsApp. Snaptube consente inoltre agli utenti di convertire i file video in formato MP3 e di salvarli [&hellip;]<\/p>\n","protected":false},"author":1,"featured_media":0,"parent":0,"menu_order":0,"comment_status":"closed","ping_status":"closed","template":"","meta":{"_acf_changed":false,"site-sidebar-layout":"no-sidebar","site-content-layout":"plain-container","ast-site-content-layout":"normal-width-container","site-content-style":"unboxed","site-sidebar-style":"unboxed","ast-global-header-display":"","ast-banner-title-visibility":"","ast-main-header-display":"","ast-hfb-above-header-display":"","ast-hfb-below-header-display":"","ast-hfb-mobile-header-display":"","site-post-title":"","ast-breadcrumbs-content":"disabled","ast-featured-img":"disabled","footer-sml-layout":"","theme-transparent-header-meta":"default","adv-header-id-meta":"","stick-header-meta":"default","header-above-stick-meta":"","header-main-stick-meta":"","header-below-stick-meta":"","astra-migrate-meta-layouts":"set","ast-page-background-enabled":"default","ast-page-background-meta":{"desktop":{"background-color":"","background-image":"","background-repeat":"repeat","background-position":"center center","background-size":"auto","background-attachment":"scroll","background-type":"","background-media":"","overlay-type":"","overlay-color":"","overlay-opacity":"","overlay-gradient":""},"tablet":{"background-color":"","background-image":"","background-repeat":"repeat","background-position":"center center","background-size":"auto","background-attachment":"scroll","background-type":"","background-media":"","overlay-type":"","overlay-color":"","overlay-opacity":"","overlay-gradient":""},"mobile":{"background-color":"","background-image":"","background-repeat":"repeat","background-position":"center center","background-size":"auto","background-attachment":"scroll","background-type":"","background-media":"","overlay-type":"","overlay-color":"","overlay-opacity":"","overlay-gradient":""}},"ast-content-background-meta":{"desktop":{"background-color":"var(--ast-global-color-5)","background-image":"","background-repeat":"repeat","background-position":"center center","background-size":"auto","background-attachment":"scroll","background-type":"","background-media":"","overlay-type":"","overlay-color":"","overlay-opacity":"","overlay-gradient":""},"tablet":{"background-color":"var(--ast-global-color-5)","background-image":"","background-repeat":"repeat","background-position":"center center","background-size":"auto","background-attachment":"scroll","background-type":"","background-media":"","overlay-type":"","overlay-color":"","overlay-opacity":"","overlay-gradient":""},"mobile":{"background-color":"var(--ast-global-color-5)","background-image":"","background-repeat":"repeat","background-position":"center center","background-size":"auto","background-attachment":"scroll","background-type":"","background-media":"","overlay-type":"","overlay-color":"","overlay-opacity":"","overlay-gradient":""}},"footnotes":""},"class_list":["post-457","page","type-page","status-publish","hentry"],"acf":[],"_links":{"self":[{"href":"https:\/\/snaptubeappz.com\/it\/wp-json\/wp\/v2\/pages\/457","targetHints":{"allow":["GET"]}}],"collection":[{"href":"https:\/\/snaptubeappz.com\/it\/wp-json\/wp\/v2\/pages"}],"about":[{"href":"https:\/\/snaptubeappz.com\/it\/wp-json\/wp\/v2\/types\/page"}],"author":[{"embeddable":true,"href":"https:\/\/snaptubeappz.com\/it\/wp-json\/wp\/v2\/users\/1"}],"replies":[{"embeddable":true,"href":"https:\/\/snaptubeappz.com\/it\/wp-json\/wp\/v2\/comments?post=457"}],"version-history":[{"count":6,"href":"https:\/\/snaptubeappz.com\/it\/wp-json\/wp\/v2\/pages\/457\/revisions"}],"predecessor-version":[{"id":6008,"href":"https:\/\/snaptubeappz.com\/it\/wp-json\/wp\/v2\/pages\/457\/revisions\/6008"}],"wp:attachment":[{"href":"https:\/\/snaptubeappz.com\/it\/wp-json\/wp\/v2\/media?parent=457"}],"curies":[{"name":"wp","href":"https:\/\/api.w.org\/{rel}","templated":true}]}}