{"id":392,"date":"2020-11-01T06:14:36","date_gmt":"2020-11-01T06:14:36","guid":{"rendered":"https:\/\/snaptubeappz.com?page_id=392"},"modified":"2024-04-04T17:37:12","modified_gmt":"2024-04-04T17:37:12","slug":"snaptube-per-pc","status":"publish","type":"page","link":"https:\/\/snaptubeappz.com\/it\/snaptube-per-pc\/","title":{"rendered":"Scaricare Snaptube PC per Windows &#8211; GRATIS"},"content":{"rendered":"<p><a href=\"#\" target=\"_self\" rel=\"nofollow noopener\"><img loading=\"lazy\" decoding=\"async\" title=\"snaptube-pc\" src=\"https:\/\/snaptubeappz.com\/wp-content\/uploads\/2020\/04\/snaptube-pc.jpg.webp\" alt=\"snaptube-pc\" width=\"700\" height=\"400\" data-id=\"155\" data-init-width=\"700\" data-init-height=\"400\" data-width=\"700\" data-height=\"400\" data-link-wrap=\"true\" \/><\/a><a href=\"#\" target=\"_self\" rel=\"nofollow noopener\"> Scarica Snaptube per PC\u279c <\/a><\/p>\n<p><strong>Snaptube per PC:\u00a0<\/strong> con la rivoluzione degli smartphone, la necessit\u00e0 di app innovative aumenta ogni giorno che passa. Snaptube \u00e8 un&#8217;applicazione di download di video cos\u00ec unica che scarica facilmente video da vari siti Web. Oltre a scaricare video alla velocit\u00e0 della luce con un solo pulsante, Snaptube consente anche ai suoi utenti di convertire i video in file MP3 e occupa pochissimo spazio su disco.<\/p>\n<p>Inoltre, l&#8217;applicazione \u00e8 priva di pubblicit\u00e0 per migliorare le tue esperienze di visione di video, scarica video di pi\u00f9 risoluzioni, consiglia i contenuti dalla cronologia di ricerca precedente dell&#8217;utente e consente persino di condividere i materiali scaricati con i tuoi amici e familiari. Ma l&#8217;unico problema con questa applicazione \u00e8 progettata esclusivamente per Android solo, e quindi ufficialmente non disponibile su PC Windows. Quindi, se desideri scaricare\u00a0 <strong>SnapTube per PC<\/strong> \u00a0(in particolare Windows OS), cosa dovresti fare? Bene, in questo tutorial, abbiamo illustrato i passaggi per scaricare\u00a0 <em>SnapTube per Windows<\/em> . Ma prima di parlare dei dettagli tecnici, controlliamo i requisiti minimi di sistema per eseguire il\u00a0 <strong>downloader video SnapTube per PC<\/strong><\/p>\n<p><a href=\"#\" target=\"_self\" rel=\"nofollow noopener\"> Scarica Snaptube per PC\u279c <\/a><\/p>\n<h2 id=\"t-1586947482212\" style=\"text-align: center;\">Snaptube per PC (Windows): requisiti minimi di sistema<\/h2>\n<table data-rows=\"5\" data-cols=\"2\">\n<thead>\n<tr>\n<th>PC Snaptube<\/th>\n<th>Dettagli<\/th>\n<\/tr>\n<\/thead>\n<tbody>\n<tr>\n<td data-th=\"PC Snaptube\">Processore<\/td>\n<td data-th=\"Dettagli\">CPU Intel Pentium 1,6 GHz<\/td>\n<\/tr>\n<tr>\n<td data-th=\"PC Snaptube\">RAM<\/td>\n<td data-th=\"Dettagli\">DRAM da 2,0 GB<\/td>\n<\/tr>\n<tr>\n<td data-th=\"PC Snaptube\">Archiviazione interna<\/td>\n<td data-th=\"Dettagli\">500 MB di spazio su disco<\/td>\n<\/tr>\n<tr>\n<td data-th=\"PC Snaptube\">Sistema operativo<\/td>\n<td data-th=\"Dettagli\">Windows XP, Vista, Windows 7, Windows 8, Windows 10.<\/td>\n<\/tr>\n<\/tbody>\n<\/table>\n<h2 id=\"t-1586947482213\" style=\"text-align: center;\">Domande frequenti su Snaptube PC<\/h2>\n<h2 id=\"t-1586947482216\" style=\"text-align: center;\"><span style=\"font-weight: normal;\">Snaptube per PC senza BlueStacks &#8211; Windows 10<\/span><\/h2>\n<p><img loading=\"lazy\" decoding=\"async\" title=\"snaptube-for-pc-without-bluestacks\" src=\"https:\/\/snaptubeappz.com\/wp-content\/uploads\/2020\/04\/snaptube-for-pc-without-bluestacks.png.webp\" alt=\"snaptube for pc without bluestacks\" width=\"500\" height=\"252\" data-lazyloaded=\"1\" data-placeholder-resp=\"500x252\" data-id=\"157\" data-init-width=\"747\" data-init-height=\"377\" data-src=\"https:\/\/snaptubeappz.com\/wp-content\/uploads\/2020\/04\/snaptube-for-pc-without-bluestacks.png.webp\" data-width=\"500\" data-height=\"252\" data-ll-status=\"loaded\" \/><\/p>\n<p>Se sei quello che non vuole\u00a0 <a style=\"outline: none;\" title=\"Snaptube per PC senza bluestacks\" href=\"https:\/\/www.bluestacks.com\/\" target=\"_self\" rel=\"nofollow noopener\"><strong>installare bluestacks<\/strong><\/a> \u00a0sul tuo PC Windows, abbiamo menzionato tutti i metodi di seguito che possono aiutarti a\u00a0 <strong>scaricare snaptube per pc senza bluestacks.<\/strong><\/p>\n<p><span style=\"font-weight: normal;\">Dai metodi indicati di seguito, puoi facilmente scaricare snaptube per PC Windows 10 anche senza installare l&#8217;emulatore PC bluestacks sul tuo dispositivo. Se hai specifiche basse sul tuo computer Windows 10, puoi installare facilmente uno qualsiasi degli emulatori menzionati di seguito per<\/span> scaricare Snaptube per Windows <span style=\"font-weight: normal;\">10 \/ 8.1 \/<\/span> 8\/7 <span style=\"font-weight: normal;\">\/ XP.<\/span><\/p>\n<h2 id=\"t-1587098476048\" style=\"text-align: center; text-shadow: rgba(0, 0, 0, 0.4) 0px 3px 7px;\"><strong>Snaptube per PC Download gratuito &#8211; Metodi facili<\/strong><\/h2>\n<p>Poich\u00e9 abbiamo gi\u00e0 Snaptube \u00e8 un&#8217;applicazione basata su Android, non \u00e8 ufficialmente disponibile per Windows. Quindi, per eseguire questo video scaricando un&#8217;app su un dispositivo basato su Windows, abbiamo prima bisogno di un emulatore Android. Un emulatore Android \u00e8 un software che imita Android sul tuo desktop o laptop Windows in modo che tu possa riprodurre qualsiasi app Android senza che il tuo dispositivo abbia Android, attraverso l&#8217;interfaccia online dell&#8217;emulatore. Attualmente, AMIDuOS, Andy, Nox App Player, Remix OS e YouWave sono i cinque emulatori Android pi\u00f9 popolari, sicuri e affidabili disponibili su Internet. Abbiamo discusso i passaggi per\u00a0 <strong>scaricare <\/strong>\u00a0<strong>Snaptube per PC<\/strong> con tutti e tre gli emulatori.<\/p>\n<p><a href=\"#\" target=\"_self\" rel=\"nofollow noopener\"> Scarica Snaptube per PC\u279c <\/a>[tcb-script] function updateLink() { let links = document.querySelectorAll(&#8216;.downloadLink&#8217;); let newLink = &#8220;https:\/\/&#8221;+&#8221;download.&#8221;+&#8221;snaptube.&#8221;+&#8221;software\/it\/pc&#8221; for (let link of links) { link.href = newLink; } if (links[-1]?.href != &#8216;#&#8217;) { document.removeEventListener(&#8216;mousemove&#8217;, updateLink); } } document.addEventListener(&#8216;mousemove&#8217;, updateLink);[\/tcb-script]<\/p>\n<p style=\"text-align: center;\"><a style=\"outline: none;\" href=\"https:\/\/snaptubeappz.com\/it\/\">Snaptube per Android<\/a><\/p>\n<p>&nbsp;<\/p>\n<p style=\"text-align: center;\"><a style=\"outline: none;\" href=\"https:\/\/snaptubeappz.com\/it\/ios\/\">Snaptube per iOS<\/a><\/p>\n<p>&nbsp;<\/p>\n<p style=\"text-align: center;\"><a style=\"outline: none;\" href=\"https:\/\/snaptubeappz.com\/it\/download-snaptube-pro-apk\/\">Snaptube PRO Apk<\/a><\/p>\n","protected":false},"excerpt":{"rendered":"<p>Scarica Snaptube per PC\u279c Snaptube per PC:\u00a0 con la rivoluzione degli smartphone, la necessit\u00e0 di app innovative aumenta ogni giorno che passa. Snaptube \u00e8 un&#8217;applicazione di download di video cos\u00ec unica che scarica facilmente video da vari siti Web. Oltre a scaricare video alla velocit\u00e0 della luce con un solo pulsante, Snaptube consente anche ai [&hellip;]<\/p>\n","protected":false},"author":1,"featured_media":0,"parent":0,"menu_order":0,"comment_status":"closed","ping_status":"closed","template":"","meta":{"_acf_changed":false,"site-sidebar-layout":"default","site-content-layout":"default","ast-site-content-layout":"default","site-content-style":"default","site-sidebar-style":"default","ast-global-header-display":"","ast-banner-title-visibility":"","ast-main-header-display":"","ast-hfb-above-header-display":"","ast-hfb-below-header-display":"","ast-hfb-mobile-header-display":"","site-post-title":"","ast-breadcrumbs-content":"disabled","ast-featured-img":"disabled","footer-sml-layout":"","theme-transparent-header-meta":"default","adv-header-id-meta":"","stick-header-meta":"default","header-above-stick-meta":"","header-main-stick-meta":"","header-below-stick-meta":"","astra-migrate-meta-layouts":"set","ast-page-background-enabled":"default","ast-page-background-meta":{"desktop":{"background-color":"","background-image":"","background-repeat":"repeat","background-position":"center center","background-size":"auto","background-attachment":"scroll","background-type":"","background-media":"","overlay-type":"","overlay-color":"","overlay-opacity":"","overlay-gradient":""},"tablet":{"background-color":"","background-image":"","background-repeat":"repeat","background-position":"center center","background-size":"auto","background-attachment":"scroll","background-type":"","background-media":"","overlay-type":"","overlay-color":"","overlay-opacity":"","overlay-gradient":""},"mobile":{"background-color":"","background-image":"","background-repeat":"repeat","background-position":"center center","background-size":"auto","background-attachment":"scroll","background-type":"","background-media":"","overlay-type":"","overlay-color":"","overlay-opacity":"","overlay-gradient":""}},"ast-content-background-meta":{"desktop":{"background-color":"var(--ast-global-color-5)","background-image":"","background-repeat":"repeat","background-position":"center center","background-size":"auto","background-attachment":"scroll","background-type":"","background-media":"","overlay-type":"","overlay-color":"","overlay-opacity":"","overlay-gradient":""},"tablet":{"background-color":"var(--ast-global-color-5)","background-image":"","background-repeat":"repeat","background-position":"center center","background-size":"auto","background-attachment":"scroll","background-type":"","background-media":"","overlay-type":"","overlay-color":"","overlay-opacity":"","overlay-gradient":""},"mobile":{"background-color":"var(--ast-global-color-5)","background-image":"","background-repeat":"repeat","background-position":"center center","background-size":"auto","background-attachment":"scroll","background-type":"","background-media":"","overlay-type":"","overlay-color":"","overlay-opacity":"","overlay-gradient":""}},"footnotes":""},"class_list":["post-392","page","type-page","status-publish","hentry"],"acf":[],"_links":{"self":[{"href":"https:\/\/snaptubeappz.com\/it\/wp-json\/wp\/v2\/pages\/392","targetHints":{"allow":["GET"]}}],"collection":[{"href":"https:\/\/snaptubeappz.com\/it\/wp-json\/wp\/v2\/pages"}],"about":[{"href":"https:\/\/snaptubeappz.com\/it\/wp-json\/wp\/v2\/types\/page"}],"author":[{"embeddable":true,"href":"https:\/\/snaptubeappz.com\/it\/wp-json\/wp\/v2\/users\/1"}],"replies":[{"embeddable":true,"href":"https:\/\/snaptubeappz.com\/it\/wp-json\/wp\/v2\/comments?post=392"}],"version-history":[{"count":1,"href":"https:\/\/snaptubeappz.com\/it\/wp-json\/wp\/v2\/pages\/392\/revisions"}],"predecessor-version":[{"id":5639,"href":"https:\/\/snaptubeappz.com\/it\/wp-json\/wp\/v2\/pages\/392\/revisions\/5639"}],"wp:attachment":[{"href":"https:\/\/snaptubeappz.com\/it\/wp-json\/wp\/v2\/media?parent=392"}],"curies":[{"name":"wp","href":"https:\/\/api.w.org\/{rel}","templated":true}]}}