{"id":3299,"date":"2020-03-13T13:43:28","date_gmt":"2020-03-13T13:43:28","guid":{"rendered":"https:\/\/snaptubeappz.com\/terms-of-use\/"},"modified":"2023-02-25T18:39:25","modified_gmt":"2023-02-25T18:39:25","slug":"terms-of-use","status":"publish","type":"page","link":"https:\/\/snaptubeappz.com\/it\/terms-of-use\/","title":{"rendered":"Termini di utilizzo"},"content":{"rendered":"<p>Benvenuti su <a href=\"https:\/\/snaptubeappz.com\/it\/\">https:\/\/snaptubeappz.com\/it\/<\/a> ! Apprezziamo il vostro interesse per le nostre applicazioni Android. Prima di utilizzare il nostro sito web o di scaricare qualsiasi applicazione, si prega di leggere attentamente le seguenti Condizioni d&#8217;uso. Accedendo o utilizzando il nostro sito web o scaricando qualsiasi applicazione, l&#8217;utente accetta le presenti Condizioni d&#8217;uso.<\/p>\n<ol>\n<li><strong>Ammissibilit\u00e0<\/strong>: Per utilizzare il nostro sito web e scaricare le nostre applicazioni \u00e8 necessario avere almeno 18 anni. Utilizzando il nostro sito web e scaricando le nostre applicazioni, l&#8217;utente dichiara di avere almeno 18 anni.<\/li>\n<li><strong>Propriet\u00e0 intellettuale<\/strong>: Tutti i contenuti di snaptubeappz.com, inclusi, a titolo esemplificativo ma non esaustivo, testo, grafica, loghi, icone, immagini, clip audio e video, software e codice, sono di propriet\u00e0 di snaptubeappz.com o dei suoi licenziatari e sono protetti dalle leggi sulla propriet\u00e0 intellettuale. L&#8217;utente non pu\u00f2 utilizzare alcun contenuto del nostro sito web o delle nostre applicazioni senza il nostro previo consenso scritto.<\/li>\n<li><strong>Uso delle applicazioni<\/strong>: Le nostre applicazioni sono destinate esclusivamente all&#8217;uso personale. Non \u00e8 consentito utilizzare le nostre app per scopi commerciali o per distribuire o condividere materiale protetto da copyright senza l&#8217;espressa autorizzazione del proprietario del copyright. L&#8217;utente non pu\u00f2 utilizzare le nostre applicazioni per violare qualsiasi legge o infrangere i diritti di altri.<\/li>\n<li><strong>Contenuti dell&#8217;utente<\/strong>: L&#8217;utente pu\u00f2 inviare contenuti, come recensioni o commenti, attraverso il nostro sito web o le nostre applicazioni. Con l&#8217;invio di contenuti, l&#8217;utente concede a snaptubeappz.com una licenza non esclusiva, priva di royalty, perpetua e mondiale per l&#8217;utilizzo, la distribuzione e la visualizzazione dei contenuti in qualsiasi supporto.<\/li>\n<li><strong>Indennizzo<\/strong>: L&#8217;utente accetta di indennizzare e tenere snaptubeappz.com, le sue affiliate e i rispettivi direttori, funzionari, dipendenti e agenti da qualsiasi reclamo, richiesta o danno, comprese le ragionevoli spese legali, derivanti dall&#8217;uso del nostro sito web o delle applicazioni o dalla violazione di questi Termini d&#8217;uso.<\/li>\n<li><strong>Esclusione di garanzie<\/strong>: Il nostro sito web e le nostre applicazioni sono forniti &#8220;cos\u00ec come sono&#8221; senza garanzie di alcun tipo, sia espresse che implicite, incluse, ma non solo, le garanzie implicite di commerciabilit\u00e0 e idoneit\u00e0 a uno scopo particolare. Non garantiamo che il nostro sito web o le nostre applicazioni siano privi di errori o ininterrotti.<\/li>\n<li><strong>Limitazione di responsabilit\u00e0<\/strong>: In nessun caso snaptubeappz.com, i suoi affiliati o i rispettivi direttori, funzionari, dipendenti o agenti potranno essere ritenuti responsabili per danni diretti, indiretti, punitivi, incidentali, speciali o consequenziali derivanti da o in qualsiasi modo connessi all&#8217;utilizzo del nostro sito web o delle nostre applicazioni, sia in base a contratto, illecito civile, responsabilit\u00e0 oggettiva o qualsiasi altra teoria di responsabilit\u00e0.<\/li>\n<li><strong>Modifiche alle Condizioni d&#8217;uso<\/strong>: Ci riserviamo il diritto di modificare le presenti Condizioni d&#8217;uso in qualsiasi momento. Pubblicheremo le Condizioni d&#8217;uso aggiornate sul nostro sito web e l&#8217;uso continuato del nostro sito web o delle applicazioni dopo tali modifiche costituisce l&#8217;accettazione delle nuove Condizioni d&#8217;uso.<\/li>\n<li><strong>Legge applicabile<\/strong>: Le presenti Condizioni d&#8217;uso saranno disciplinate e interpretate in conformit\u00e0 alle leggi della giurisdizione in cui si trova snaptubeappz.com, senza dare applicazione ad alcuna disposizione di legge o conflitto di leggi.<\/li>\n<\/ol>\n<p>In caso di domande sulle presenti Condizioni d&#8217;uso, si prega di contattarci all&#8217;indirizzo <a href=\"mailto:support@snaptubeappz.com\">support@snaptubeappz.com<\/a>.<\/p>\n<p>&nbsp;<\/p>\n","protected":false},"excerpt":{"rendered":"<p>Benvenuti su https:\/\/snaptubeappz.com\/it\/ ! Apprezziamo il vostro interesse per le nostre applicazioni Android. Prima di utilizzare il nostro sito web o di scaricare qualsiasi applicazione, si prega di leggere attentamente le seguenti Condizioni d&#8217;uso. Accedendo o utilizzando il nostro sito web o scaricando qualsiasi applicazione, l&#8217;utente accetta le presenti Condizioni d&#8217;uso. Ammissibilit\u00e0: Per utilizzare il [&hellip;]<\/p>\n","protected":false},"author":1,"featured_media":0,"parent":0,"menu_order":0,"comment_status":"closed","ping_status":"closed","template":"","meta":{"_acf_changed":false,"site-sidebar-layout":"no-sidebar","site-content-layout":"plain-container","ast-site-content-layout":"","site-content-style":"default","site-sidebar-style":"default","ast-global-header-display":"","ast-banner-title-visibility":"","ast-main-header-display":"","ast-hfb-above-header-display":"","ast-hfb-below-header-display":"","ast-hfb-mobile-header-display":"","site-post-title":"","ast-breadcrumbs-content":"","ast-featured-img":"","footer-sml-layout":"","theme-transparent-header-meta":"default","adv-header-id-meta":"","stick-header-meta":"default","header-above-stick-meta":"","header-main-stick-meta":"","header-below-stick-meta":"","astra-migrate-meta-layouts":"default","ast-page-background-enabled":"default","ast-page-background-meta":{"desktop":{"background-color":"","background-image":"","background-repeat":"repeat","background-position":"center center","background-size":"auto","background-attachment":"scroll","background-type":"","background-media":"","overlay-type":"","overlay-color":"","overlay-opacity":"","overlay-gradient":""},"tablet":{"background-color":"","background-image":"","background-repeat":"repeat","background-position":"center center","background-size":"auto","background-attachment":"scroll","background-type":"","background-media":"","overlay-type":"","overlay-color":"","overlay-opacity":"","overlay-gradient":""},"mobile":{"background-color":"","background-image":"","background-repeat":"repeat","background-position":"center center","background-size":"auto","background-attachment":"scroll","background-type":"","background-media":"","overlay-type":"","overlay-color":"","overlay-opacity":"","overlay-gradient":""}},"ast-content-background-meta":{"desktop":{"background-color":"var(--ast-global-color-5)","background-image":"","background-repeat":"repeat","background-position":"center center","background-size":"auto","background-attachment":"scroll","background-type":"","background-media":"","overlay-type":"","overlay-color":"","overlay-opacity":"","overlay-gradient":""},"tablet":{"background-color":"var(--ast-global-color-5)","background-image":"","background-repeat":"repeat","background-position":"center center","background-size":"auto","background-attachment":"scroll","background-type":"","background-media":"","overlay-type":"","overlay-color":"","overlay-opacity":"","overlay-gradient":""},"mobile":{"background-color":"var(--ast-global-color-5)","background-image":"","background-repeat":"repeat","background-position":"center center","background-size":"auto","background-attachment":"scroll","background-type":"","background-media":"","overlay-type":"","overlay-color":"","overlay-opacity":"","overlay-gradient":""}},"footnotes":""},"class_list":["post-3299","page","type-page","status-publish","hentry"],"acf":[],"_links":{"self":[{"href":"https:\/\/snaptubeappz.com\/it\/wp-json\/wp\/v2\/pages\/3299","targetHints":{"allow":["GET"]}}],"collection":[{"href":"https:\/\/snaptubeappz.com\/it\/wp-json\/wp\/v2\/pages"}],"about":[{"href":"https:\/\/snaptubeappz.com\/it\/wp-json\/wp\/v2\/types\/page"}],"author":[{"embeddable":true,"href":"https:\/\/snaptubeappz.com\/it\/wp-json\/wp\/v2\/users\/1"}],"replies":[{"embeddable":true,"href":"https:\/\/snaptubeappz.com\/it\/wp-json\/wp\/v2\/comments?post=3299"}],"version-history":[{"count":0,"href":"https:\/\/snaptubeappz.com\/it\/wp-json\/wp\/v2\/pages\/3299\/revisions"}],"wp:attachment":[{"href":"https:\/\/snaptubeappz.com\/it\/wp-json\/wp\/v2\/media?parent=3299"}],"curies":[{"name":"wp","href":"https:\/\/api.w.org\/{rel}","templated":true}]}}