{"id":3221,"date":"2020-03-13T13:44:04","date_gmt":"2020-03-13T13:44:04","guid":{"rendered":"https:\/\/snaptubeappz.com\/disclaimer\/"},"modified":"2023-07-10T13:03:00","modified_gmt":"2023-07-10T13:03:00","slug":"disclaimer","status":"publish","type":"page","link":"https:\/\/snaptubeappz.com\/it\/disclaimer\/","title":{"rendered":"Disclaimer"},"content":{"rendered":"<p>Le informazioni contenute in <a href=\"https:\/\/snaptubeappz.com\/it\/\">https:\/\/snaptubeappz.com\/it\/<\/a> sono solo a scopo informativo generale. Le informazioni sono fornite da https:\/\/snaptubeappz.com e, sebbene ci sforziamo di mantenere le informazioni aggiornate e corrette, non forniamo alcuna dichiarazione o garanzia di alcun tipo, espressa o implicita, circa la completezza, l&#8217;accuratezza, l&#8217;affidabilit\u00e0, l&#8217;idoneit\u00e0 o la disponibilit\u00e0 rispetto a https:\/\/snaptubeappz.com o alle informazioni, ai prodotti, ai servizi o alla relativa grafica contenuti in https:\/\/snaptubeappz.com per qualsiasi scopo. Qualsiasi affidamento fatto su tali informazioni \u00e8 quindi strettamente a rischio dell&#8217;utente.<\/p>\n<p>In nessun caso saremo responsabili per qualsiasi perdita o danno, inclusi, senza limitazioni, perdite o danni indiretti o consequenziali, o qualsiasi perdita o danno derivante da perdita di dati o profitti derivanti da, o in connessione con, l&#8217;uso di https:\/\/snaptubeappz.com.<\/p>\n<p>Attraverso https:\/\/snaptubeappz.com \u00e8 possibile collegarsi ad altri siti web che non sono sotto il controllo di https:\/\/snaptubeappz.com. Non abbiamo alcun controllo sulla natura, il contenuto e la disponibilit\u00e0 di tali siti. L&#8217;inclusione di qualsiasi link non implica necessariamente una raccomandazione o un&#8217;approvazione delle opinioni espresse in essi.<\/p>\n<p>Ogni sforzo \u00e8 fatto per mantenere https:\/\/snaptubeappz.com attivo e funzionante senza problemi. Tuttavia, https:\/\/snaptubeappz.com non si assume alcuna responsabilit\u00e0 per il fatto che https:\/\/snaptubeappz.com non sia temporaneamente disponibile a causa di problemi tecnici indipendenti dalla nostra volont\u00e0.<\/p>\n","protected":false},"excerpt":{"rendered":"<p>Le informazioni contenute in https:\/\/snaptubeappz.com\/it\/ sono solo a scopo informativo generale. Le informazioni sono fornite da https:\/\/snaptubeappz.com e, sebbene ci sforziamo di mantenere le informazioni aggiornate e corrette, non forniamo alcuna dichiarazione o garanzia di alcun tipo, espressa o implicita, circa la completezza, l&#8217;accuratezza, l&#8217;affidabilit\u00e0, l&#8217;idoneit\u00e0 o la disponibilit\u00e0 rispetto a https:\/\/snaptubeappz.com o alle informazioni, [&hellip;]<\/p>\n","protected":false},"author":1,"featured_media":0,"parent":0,"menu_order":0,"comment_status":"closed","ping_status":"closed","template":"","meta":{"_acf_changed":false,"site-sidebar-layout":"no-sidebar","site-content-layout":"plain-container","ast-site-content-layout":"","site-content-style":"default","site-sidebar-style":"default","ast-global-header-display":"","ast-banner-title-visibility":"","ast-main-header-display":"","ast-hfb-above-header-display":"","ast-hfb-below-header-display":"","ast-hfb-mobile-header-display":"","site-post-title":"","ast-breadcrumbs-content":"","ast-featured-img":"","footer-sml-layout":"","theme-transparent-header-meta":"default","adv-header-id-meta":"","stick-header-meta":"default","header-above-stick-meta":"","header-main-stick-meta":"","header-below-stick-meta":"","astra-migrate-meta-layouts":"default","ast-page-background-enabled":"default","ast-page-background-meta":{"desktop":{"background-color":"","background-image":"","background-repeat":"repeat","background-position":"center center","background-size":"auto","background-attachment":"scroll","background-type":"","background-media":"","overlay-type":"","overlay-color":"","overlay-opacity":"","overlay-gradient":""},"tablet":{"background-color":"","background-image":"","background-repeat":"repeat","background-position":"center center","background-size":"auto","background-attachment":"scroll","background-type":"","background-media":"","overlay-type":"","overlay-color":"","overlay-opacity":"","overlay-gradient":""},"mobile":{"background-color":"","background-image":"","background-repeat":"repeat","background-position":"center center","background-size":"auto","background-attachment":"scroll","background-type":"","background-media":"","overlay-type":"","overlay-color":"","overlay-opacity":"","overlay-gradient":""}},"ast-content-background-meta":{"desktop":{"background-color":"var(--ast-global-color-5)","background-image":"","background-repeat":"repeat","background-position":"center center","background-size":"auto","background-attachment":"scroll","background-type":"","background-media":"","overlay-type":"","overlay-color":"","overlay-opacity":"","overlay-gradient":""},"tablet":{"background-color":"var(--ast-global-color-5)","background-image":"","background-repeat":"repeat","background-position":"center center","background-size":"auto","background-attachment":"scroll","background-type":"","background-media":"","overlay-type":"","overlay-color":"","overlay-opacity":"","overlay-gradient":""},"mobile":{"background-color":"var(--ast-global-color-5)","background-image":"","background-repeat":"repeat","background-position":"center center","background-size":"auto","background-attachment":"scroll","background-type":"","background-media":"","overlay-type":"","overlay-color":"","overlay-opacity":"","overlay-gradient":""}},"footnotes":""},"class_list":["post-3221","page","type-page","status-publish","hentry"],"acf":[],"_links":{"self":[{"href":"https:\/\/snaptubeappz.com\/it\/wp-json\/wp\/v2\/pages\/3221","targetHints":{"allow":["GET"]}}],"collection":[{"href":"https:\/\/snaptubeappz.com\/it\/wp-json\/wp\/v2\/pages"}],"about":[{"href":"https:\/\/snaptubeappz.com\/it\/wp-json\/wp\/v2\/types\/page"}],"author":[{"embeddable":true,"href":"https:\/\/snaptubeappz.com\/it\/wp-json\/wp\/v2\/users\/1"}],"replies":[{"embeddable":true,"href":"https:\/\/snaptubeappz.com\/it\/wp-json\/wp\/v2\/comments?post=3221"}],"version-history":[{"count":0,"href":"https:\/\/snaptubeappz.com\/it\/wp-json\/wp\/v2\/pages\/3221\/revisions"}],"wp:attachment":[{"href":"https:\/\/snaptubeappz.com\/it\/wp-json\/wp\/v2\/media?parent=3221"}],"curies":[{"name":"wp","href":"https:\/\/api.w.org\/{rel}","templated":true}]}}