{"id":921,"date":"2020-03-13T14:22:39","date_gmt":"2020-03-13T14:22:39","guid":{"rendered":"https:\/\/snaptubeappz.com\/home"},"modified":"2025-09-08T13:44:09","modified_gmt":"2025-09-08T13:44:09","slug":"telecharger-snaptube-apk-pour-android-instalar-gratuit","status":"publish","type":"page","link":"https:\/\/snaptubeappz.com\/fr\/","title":{"rendered":"T\u00e9l\u00e9charger Snaptube APK pour Android &#8211; Instalar Gratuit"},"content":{"rendered":"<p style=\"text-align: center;\">[btn-1]<\/p>\n<p style=\"text-align: center;\">[img-1]<\/p>\n<p style=\"text-align: center;\">[link-1]<\/p>\n<p style=\"text-align: center;\">[btn-2]<\/p>\n<p style=\"text-align: center;\">[table]<\/p>\n<h2 style=\"text-align: center;\"><strong>Qu&rsquo;est-ce que Snaptube ?<\/strong><\/h2>\n<p><strong>Snaptube<\/strong> est une application Android qui t\u00e9l\u00e9charge sans effort des vid\u00e9os \u00e0 partir de m\u00e9dias sociaux populaires et d&rsquo;autres sites Web divertissants tels que YouTube, Facebook, TikTok, Instagram, DailyMotion et WhatsApp. Snaptube permet \u00e9galement aux utilisateurs de convertir les fichiers vid\u00e9o au format MP3 et de les enregistrer pour un acc\u00e8s rapide.<\/p>\n<p>Snaptube a \u00e9t\u00e9 officiellement lanc\u00e9 en novembre 2014, et pr\u00e8s d&rsquo;un milliard de personnes ont t\u00e9l\u00e9charg\u00e9 l&rsquo;application dans le monde. Le nombre de vid\u00e9os t\u00e9l\u00e9charg\u00e9es quotidiennement est sup\u00e9rieur \u00e0 90 millions. Malheureusement, Snaptube n&rsquo;est plus disponible sur le Google Play Store.<\/p>\n<p>Elle est prise en charge par des boutiques d&rsquo;applications bien connues, notamment Uptodown.com, Aptoide.com et la boutique 9Apps. <strong>L&rsquo;application Snaptube<\/strong> offre de l&rsquo;audio aux formats MP3 et M4A et de la vid\u00e9o aux formats 144p, 720p, 1080p HD, 2K HD et 4K HD.<\/p>\n<p>[table_of_content]<\/p>\n<p>[install]<\/p>\n<p>[how-to-use]<\/p>\n<h2 style=\"text-align: center;\">Caract\u00e9ristiques de Snaptube<\/h2>\n<p>Snaptube poss\u00e8de diverses fonctionnalit\u00e9s qui s&rsquo;adressent aux utilisateurs souhaitant t\u00e9l\u00e9charger et g\u00e9rer des contenus multim\u00e9dias. Voici une liste d\u00e9taill\u00e9e de ses principales fonctionnalit\u00e9s :<\/p>\n<p>[features]<\/p>\n<h2 style=\"text-align: center;\">S\u00e9curit\u00e9 et confidentialit\u00e9 de Snaptube<\/h2>\n<p>La <strong>s\u00e9curit\u00e9 et la confidentialit\u00e9 de l&rsquo;utilisation d&rsquo;une application comme Snaptube sont des consid\u00e9rations essentielles.<\/strong> Bien que Snaptube offre un moyen pratique de t\u00e9l\u00e9charger des vid\u00e9os et de la musique, les utilisateurs doivent \u00eatre conscients de plusieurs aspects li\u00e9s \u00e0 la s\u00e9curit\u00e9 et \u00e0 la confidentialit\u00e9.<\/p>\n<p>[safety]<\/p>\n<h2 style=\"text-align: center;\">Changelog de la derni\u00e8re version de Snaptube<\/h2>\n<p>La <strong>derni\u00e8re version de Snaptube<\/strong> a introduit une s\u00e9rie d&rsquo;am\u00e9liorations et de nouvelles mises \u00e0 jour pour am\u00e9liorer l&rsquo;exp\u00e9rience de l&rsquo;utilisateur et la fonctionnalit\u00e9 :<\/p>\n<p>[changelog]<\/p>\n<h2 style=\"text-align: center;\">Snaptube original et faux<\/h2>\n<p><strong>Il est essentiel pour la s\u00e9curit\u00e9 des utilisateurs de faire la distinction entre le Snaptube original et ses \u00e9quivalents falsifi\u00e9s.<\/strong><\/p>\n<p>Le Snaptube original, connu pour sa facilit\u00e9 \u00e0 t\u00e9l\u00e9charger des vid\u00e9os \u00e0 partir de plateformes telles que YouTube et Facebook, peut \u00eatre t\u00e9l\u00e9charg\u00e9 en toute s\u00e9curit\u00e9 \u00e0 partir de notre site web. En revanche, les fausses versions se cachent souvent dans des sources tierces.<\/p>\n<p><strong>L&rsquo;authenticit\u00e9 est encore plus v\u00e9rifi\u00e9e en contr\u00f4lant le d\u00e9veloppement de l&rsquo;application sous Mobiuspace,<\/strong> indiqu\u00e9 dans la description de l&rsquo;application sur les canaux officiels. La vraie Snaptube offre une interface simple et conviviale avec un navigateur int\u00e9gr\u00e9, prenant en charge plusieurs r\u00e9solutions et formats vid\u00e9o, contrairement aux fausses applications, qui sont truff\u00e9es de publicit\u00e9s excessives et de demandes d&rsquo;autorisation non pertinentes, ce qui constitue des signaux d&rsquo;alarme \u00e9vidents.<\/p>\n<p>Ces applications contrefaites risquent non seulement d&rsquo;introduire des logiciels malveillants sur votre appareil, mais aussi de mettre en p\u00e9ril vos informations personnelles. Pour lutter contre ce probl\u00e8me, il est essentiel de signaler toute application Snaptube suspecte ou contrefaite au magasin d&rsquo;applications ou directement \u00e0 l&rsquo;Agence. En r\u00e9sum\u00e9, optez toujours pour des t\u00e9l\u00e9chargements \u00e0 partir de sources fiables comme notre site web, et restez attentifs aux signes de contrefa\u00e7on afin de prot\u00e9ger votre appareil et vos donn\u00e9es personnelles.<\/p>\n<p>[faq]<\/p>\n<p style=\"text-align: center;\">[link-3]<\/p>\n<div id=\"gtx-trans\" style=\"position: absolute; left: 694px; top: 183.109px;\">\n<div class=\"gtx-trans-icon\"><\/div>\n<\/div>\n","protected":false},"excerpt":{"rendered":"<p>[btn-1] [img-1] [link-1] [btn-2] [table] Qu&rsquo;est-ce que Snaptube ? Snaptube est une application Android qui t\u00e9l\u00e9charge sans effort des vid\u00e9os \u00e0 partir de m\u00e9dias sociaux populaires et d&rsquo;autres sites Web divertissants tels que YouTube, Facebook, TikTok, Instagram, DailyMotion et WhatsApp. Snaptube permet \u00e9galement aux utilisateurs de convertir les fichiers vid\u00e9o au format MP3 et de [&hellip;]<\/p>\n","protected":false},"author":1,"featured_media":0,"parent":0,"menu_order":0,"comment_status":"closed","ping_status":"closed","template":"","meta":{"_acf_changed":false,"site-sidebar-layout":"no-sidebar","site-content-layout":"plain-container","ast-site-content-layout":"normal-width-container","site-content-style":"unboxed","site-sidebar-style":"unboxed","ast-global-header-display":"","ast-banner-title-visibility":"","ast-main-header-display":"","ast-hfb-above-header-display":"","ast-hfb-below-header-display":"","ast-hfb-mobile-header-display":"","site-post-title":"","ast-breadcrumbs-content":"disabled","ast-featured-img":"disabled","footer-sml-layout":"","theme-transparent-header-meta":"default","adv-header-id-meta":"","stick-header-meta":"default","header-above-stick-meta":"","header-main-stick-meta":"","header-below-stick-meta":"","astra-migrate-meta-layouts":"set","ast-page-background-enabled":"default","ast-page-background-meta":{"desktop":{"background-color":"","background-image":"","background-repeat":"repeat","background-position":"center center","background-size":"auto","background-attachment":"scroll","background-type":"","background-media":"","overlay-type":"","overlay-color":"","overlay-opacity":"","overlay-gradient":""},"tablet":{"background-color":"","background-image":"","background-repeat":"repeat","background-position":"center center","background-size":"auto","background-attachment":"scroll","background-type":"","background-media":"","overlay-type":"","overlay-color":"","overlay-opacity":"","overlay-gradient":""},"mobile":{"background-color":"","background-image":"","background-repeat":"repeat","background-position":"center center","background-size":"auto","background-attachment":"scroll","background-type":"","background-media":"","overlay-type":"","overlay-color":"","overlay-opacity":"","overlay-gradient":""}},"ast-content-background-meta":{"desktop":{"background-color":"var(--ast-global-color-5)","background-image":"","background-repeat":"repeat","background-position":"center center","background-size":"auto","background-attachment":"scroll","background-type":"","background-media":"","overlay-type":"","overlay-color":"","overlay-opacity":"","overlay-gradient":""},"tablet":{"background-color":"var(--ast-global-color-5)","background-image":"","background-repeat":"repeat","background-position":"center center","background-size":"auto","background-attachment":"scroll","background-type":"","background-media":"","overlay-type":"","overlay-color":"","overlay-opacity":"","overlay-gradient":""},"mobile":{"background-color":"var(--ast-global-color-5)","background-image":"","background-repeat":"repeat","background-position":"center center","background-size":"auto","background-attachment":"scroll","background-type":"","background-media":"","overlay-type":"","overlay-color":"","overlay-opacity":"","overlay-gradient":""}},"footnotes":""},"class_list":["post-921","page","type-page","status-publish","hentry"],"acf":[],"_links":{"self":[{"href":"https:\/\/snaptubeappz.com\/fr\/wp-json\/wp\/v2\/pages\/921","targetHints":{"allow":["GET"]}}],"collection":[{"href":"https:\/\/snaptubeappz.com\/fr\/wp-json\/wp\/v2\/pages"}],"about":[{"href":"https:\/\/snaptubeappz.com\/fr\/wp-json\/wp\/v2\/types\/page"}],"author":[{"embeddable":true,"href":"https:\/\/snaptubeappz.com\/fr\/wp-json\/wp\/v2\/users\/1"}],"replies":[{"embeddable":true,"href":"https:\/\/snaptubeappz.com\/fr\/wp-json\/wp\/v2\/comments?post=921"}],"version-history":[{"count":6,"href":"https:\/\/snaptubeappz.com\/fr\/wp-json\/wp\/v2\/pages\/921\/revisions"}],"predecessor-version":[{"id":6004,"href":"https:\/\/snaptubeappz.com\/fr\/wp-json\/wp\/v2\/pages\/921\/revisions\/6004"}],"wp:attachment":[{"href":"https:\/\/snaptubeappz.com\/fr\/wp-json\/wp\/v2\/media?parent=921"}],"curies":[{"name":"wp","href":"https:\/\/api.w.org\/{rel}","templated":true}]}}