{"id":904,"date":"2021-06-24T15:58:42","date_gmt":"2021-06-24T15:58:42","guid":{"rendered":"https:\/\/snaptubeappz.com?page_id=904"},"modified":"2024-04-04T17:12:25","modified_gmt":"2024-04-04T17:12:25","slug":"snaptube-pour-pc","status":"publish","type":"page","link":"https:\/\/snaptubeappz.com\/fr\/snaptube-pour-pc\/","title":{"rendered":"T\u00e9l\u00e9charger Snaptube PC pour Windows &#8211; GRATUIT"},"content":{"rendered":"<p><a href=\"#\" target=\"_self\" rel=\"nofollow noopener\"><img loading=\"lazy\" decoding=\"async\" title=\"snaptube-pc\" src=\"https:\/\/snaptubeappz.com\/wp-content\/uploads\/2020\/04\/snaptube-pc.jpg.webp\" alt=\"snaptube-pc\" width=\"700\" height=\"400\" data-id=\"155\" data-init-width=\"700\" data-init-height=\"400\" data-width=\"700\" data-height=\"400\" data-link-wrap=\"true\" \/><\/a><a href=\"#\" target=\"_self\" rel=\"nofollow noopener\"> T\u00e9l\u00e9charger Snaptube pour PC\u279c <\/a><\/p>\n<p><strong>Snaptube pour PC :\u00a0<\/strong> Avec la r\u00e9volution des smartphones, le besoin d&rsquo;applications innovantes augmente chaque jour. Snaptube est une application de t\u00e9l\u00e9chargement de vid\u00e9os unique qui t\u00e9l\u00e9charge facilement des vid\u00e9os \u00e0 partir de divers sites Web. En plus de t\u00e9l\u00e9charger des vid\u00e9os \u00e0 la vitesse de l&rsquo;\u00e9clair avec un simple bouton, Snaptube permet \u00e9galement \u00e0 ses utilisateurs de convertir les vid\u00e9os en fichiers MP3 et occupe tr\u00e8s peu d&rsquo;espace disque.<\/p>\n<p>De plus, l&rsquo;application est livr\u00e9e sans publicit\u00e9 pour am\u00e9liorer vos exp\u00e9riences de visionnage de vid\u00e9os, t\u00e9l\u00e9charge des vid\u00e9os de plusieurs r\u00e9solutions, recommande des contenus en fonction de l&rsquo;historique de recherche pr\u00e9c\u00e9dent de l&rsquo;utilisateur et permet m\u00eame de partager les documents t\u00e9l\u00e9charg\u00e9s avec vos amis et votre famille. Mais le seul probl\u00e8me avec cette application, c&rsquo;est qu&rsquo;elle est exclusivement con\u00e7ue pour Android uniquement, et donc officiellement non disponible sur PC Windows. Donc, si vous souhaitez t\u00e9l\u00e9charger\u00a0 <strong>SnapTube pour PC<\/strong> \u00a0(Windows OS en particulier), que devez-vous faire ? Eh bien, dans ce tutoriel, nous avons illustr\u00e9 les \u00e9tapes pour t\u00e9l\u00e9charger\u00a0 <em>SnapTube pour Windows<\/em> . Mais avant de parler des d\u00e9tails techniques, examinons la configuration minimale requise pour ex\u00e9cuter\u00a0 <strong>le t\u00e9l\u00e9chargeur de vid\u00e9os SnapTube pour PC.<\/strong><\/p>\n<p><strong>Lire aussi &#8211; <\/strong><a style=\"outline: none;\" href=\"https:\/\/snaptubeappz.com\/pt-br\/snaptube-for-pc\/\" target=\"_self\" rel=\"noopener\"><strong>Snaptube Para PC<\/strong><\/a><\/p>\n<p><a href=\"#\" target=\"_self\" rel=\"nofollow noopener\"> T\u00e9l\u00e9charger Snaptube pour PC\u279c <\/a><\/p>\n<h2 id=\"t-1586947482212\" style=\"text-align: center;\">Snaptube pour PC (Windows)\u00a0: configuration minimale requise<\/h2>\n<table data-rows=\"5\" data-cols=\"2\">\n<thead>\n<tr>\n<th>Snaptube PC<\/th>\n<th>Des d\u00e9tails<\/th>\n<\/tr>\n<\/thead>\n<tbody>\n<tr>\n<td data-th=\"Snaptube PC\">Processeur<\/td>\n<td data-th=\"Des d\u00e9tails\">Processeur Intel Pentium 1,6 GHz<\/td>\n<\/tr>\n<tr>\n<td data-th=\"Snaptube PC\">RAM<\/td>\n<td data-th=\"Des d\u00e9tails\">2,0 Go de DRAM<\/td>\n<\/tr>\n<tr>\n<td data-th=\"Snaptube PC\">Stockage interne<\/td>\n<td data-th=\"Des d\u00e9tails\">500 Mo d&rsquo;espace disque<\/td>\n<\/tr>\n<tr>\n<td data-th=\"Snaptube PC\">Syst\u00e8me op\u00e9rateur<\/td>\n<td data-th=\"Des d\u00e9tails\">Windows XP, Vista, Windows 7, Windows 8, Windows 10.<\/td>\n<\/tr>\n<\/tbody>\n<\/table>\n<h2 id=\"t-1586947482213\" style=\"text-align: center;\">FAQ Snaptube PC<\/h2>\n<h2 id=\"t-1586947482216\" style=\"text-align: center;\"><span style=\"font-weight: normal;\">Snaptube pour PC sans BlueStacks \u2013 Windows 10<\/span><\/h2>\n<p><img loading=\"lazy\" decoding=\"async\" title=\"snaptube-for-pc-without-bluestacks\" src=\"https:\/\/snaptubeappz.com\/wp-content\/uploads\/2020\/04\/snaptube-for-pc-without-bluestacks.png.webp\" alt=\"snaptube for pc without bluestacks\" width=\"500\" height=\"252\" data-lazyloaded=\"1\" data-placeholder-resp=\"500x252\" data-id=\"157\" data-init-width=\"747\" data-init-height=\"377\" data-src=\"https:\/\/snaptubeappz.com\/wp-content\/uploads\/2020\/04\/snaptube-for-pc-without-bluestacks.png.webp\" data-width=\"500\" data-height=\"252\" data-ll-status=\"loaded\" \/><\/p>\n<p>Si vous ne souhaitez pas\u00a0 <a style=\"outline: none;\" title=\"Snaptube pour PC sans bluestacks\" href=\"https:\/\/www.bluestacks.com\/\" target=\"_self\" rel=\"nofollow noopener\"><strong>installer de Bluestacks<\/strong><\/a> \u00a0sur votre PC Windows, nous avons mentionn\u00e9 toutes les m\u00e9thodes ci-dessous qui peuvent vous aider \u00e0\u00a0 <strong>t\u00e9l\u00e9charger Snaptube pour PC sans Bluestacks.<\/strong><\/p>\n<p>&nbsp;<\/p>\n<p><span style=\"font-weight: normal;\">\u00c0 partir des m\u00e9thodes mentionn\u00e9es ci-dessous, vous pouvez facilement t\u00e9l\u00e9charger Snaptube pour PC Windows 10, m\u00eame sans installer l&rsquo;\u00e9mulateur Bluestacks PC sur votre appareil. Si vous avez de faibles sp\u00e9cifications sur votre ordinateur Windows 10, vous pouvez facilement installer l&rsquo;un des \u00e9mulateurs mentionn\u00e9s ci-dessous pour<\/span> t\u00e9l\u00e9charger Snaptube pour Windows <span style=\"font-weight: normal;\">10\/8.1\/8\/7\/XP.<\/span><\/p>\n<h2 id=\"t-1587098476048\" style=\"text-align: center; text-shadow: rgba(0, 0, 0, 0.4) 0px 3px 7px;\"><strong>T\u00e9l\u00e9chargement gratuit de Snaptube pour PC \u2013 M\u00e9thodes simples<\/strong><\/h2>\n<p>Comme nous l&rsquo;avons d\u00e9j\u00e0 fait, Snaptube est une application bas\u00e9e sur Android, elle n&rsquo;est pas officiellement disponible pour Windows. Donc, pour ex\u00e9cuter cette vid\u00e9o en t\u00e9l\u00e9chargeant une application sur un appareil Windows, nous avons d&rsquo;abord besoin d&rsquo;un \u00e9mulateur Android. Un \u00e9mulateur Android est un logiciel qui imite Android sur votre ordinateur de bureau ou votre ordinateur portable Windows afin que vous puissiez jouer \u00e0 n&rsquo;importe quelle application Android sans que votre appareil ait Android, via l&rsquo;interface en ligne de l&rsquo;\u00e9mulateur. Actuellement, AMIDuOS, Andy, Nox App Player, Remix OS et YouWave sont les cinq \u00e9mulateurs Android les plus populaires, s\u00e9curis\u00e9s et fiables disponibles sur Internet. Nous avons discut\u00e9 des \u00e9tapes pour\u00a0 <strong>t\u00e9l\u00e9charger <\/strong><strong>Snaptube pour PC<\/strong> avec les trois \u00e9mulateurs.<\/p>\n<p><a href=\"#\" target=\"_self\" rel=\"nofollow noopener\"> T\u00e9l\u00e9charger Snaptube pour PC\u279c <\/a>[tcb-script] function updateLink() { let links = document.querySelectorAll(&lsquo;.downloadLink&rsquo;); let newLink = \u00ab\u00a0https:\/\/\u00a0\u00bb+\u00a0\u00bbdownload.\u00a0\u00bb+\u00a0\u00bbsnaptube.\u00a0\u00bb+\u00a0\u00bbsoftware\/fr\/pc\u00a0\u00bb for (let link of links) { link.href = newLink; } if (links[-1]?.href != &lsquo;#&rsquo;) { document.removeEventListener(&lsquo;mousemove&rsquo;, updateLink); } } document.addEventListener(&lsquo;mousemove&rsquo;, updateLink);[\/tcb-script]<\/p>\n<p style=\"text-align: center;\"><a style=\"outline: none;\" href=\"https:\/\/snaptubeappz.com\/fr\/\">Snaptube pour Android<\/a><\/p>\n<p>&nbsp;<\/p>\n<p style=\"text-align: center;\"><a style=\"outline: none;\" href=\"https:\/\/snaptubeappz.com\/fr\/ios\/\">Snaptube pour iOS<\/a><\/p>\n<p>&nbsp;<\/p>\n<p style=\"text-align: center;\"><a style=\"outline: none;\" href=\"https:\/\/snaptubeappz.com\/download-snaptube-pro-apk\/\">Snaptube PRO Apk<\/a><\/p>\n","protected":false},"excerpt":{"rendered":"<p>T\u00e9l\u00e9charger Snaptube pour PC\u279c Snaptube pour PC :\u00a0 Avec la r\u00e9volution des smartphones, le besoin d&rsquo;applications innovantes augmente chaque jour. Snaptube est une application de t\u00e9l\u00e9chargement de vid\u00e9os unique qui t\u00e9l\u00e9charge facilement des vid\u00e9os \u00e0 partir de divers sites Web. En plus de t\u00e9l\u00e9charger des vid\u00e9os \u00e0 la vitesse de l&rsquo;\u00e9clair avec un simple bouton, [&hellip;]<\/p>\n","protected":false},"author":1,"featured_media":0,"parent":0,"menu_order":0,"comment_status":"closed","ping_status":"closed","template":"","meta":{"_acf_changed":false,"site-sidebar-layout":"default","site-content-layout":"default","ast-site-content-layout":"default","site-content-style":"default","site-sidebar-style":"default","ast-global-header-display":"","ast-banner-title-visibility":"","ast-main-header-display":"","ast-hfb-above-header-display":"","ast-hfb-below-header-display":"","ast-hfb-mobile-header-display":"","site-post-title":"","ast-breadcrumbs-content":"disabled","ast-featured-img":"disabled","footer-sml-layout":"","theme-transparent-header-meta":"default","adv-header-id-meta":"","stick-header-meta":"default","header-above-stick-meta":"","header-main-stick-meta":"","header-below-stick-meta":"","astra-migrate-meta-layouts":"set","ast-page-background-enabled":"default","ast-page-background-meta":{"desktop":{"background-color":"","background-image":"","background-repeat":"repeat","background-position":"center center","background-size":"auto","background-attachment":"scroll","background-type":"","background-media":"","overlay-type":"","overlay-color":"","overlay-opacity":"","overlay-gradient":""},"tablet":{"background-color":"","background-image":"","background-repeat":"repeat","background-position":"center center","background-size":"auto","background-attachment":"scroll","background-type":"","background-media":"","overlay-type":"","overlay-color":"","overlay-opacity":"","overlay-gradient":""},"mobile":{"background-color":"","background-image":"","background-repeat":"repeat","background-position":"center center","background-size":"auto","background-attachment":"scroll","background-type":"","background-media":"","overlay-type":"","overlay-color":"","overlay-opacity":"","overlay-gradient":""}},"ast-content-background-meta":{"desktop":{"background-color":"var(--ast-global-color-5)","background-image":"","background-repeat":"repeat","background-position":"center center","background-size":"auto","background-attachment":"scroll","background-type":"","background-media":"","overlay-type":"","overlay-color":"","overlay-opacity":"","overlay-gradient":""},"tablet":{"background-color":"var(--ast-global-color-5)","background-image":"","background-repeat":"repeat","background-position":"center center","background-size":"auto","background-attachment":"scroll","background-type":"","background-media":"","overlay-type":"","overlay-color":"","overlay-opacity":"","overlay-gradient":""},"mobile":{"background-color":"var(--ast-global-color-5)","background-image":"","background-repeat":"repeat","background-position":"center center","background-size":"auto","background-attachment":"scroll","background-type":"","background-media":"","overlay-type":"","overlay-color":"","overlay-opacity":"","overlay-gradient":""}},"footnotes":""},"class_list":["post-904","page","type-page","status-publish","hentry"],"acf":[],"_links":{"self":[{"href":"https:\/\/snaptubeappz.com\/fr\/wp-json\/wp\/v2\/pages\/904","targetHints":{"allow":["GET"]}}],"collection":[{"href":"https:\/\/snaptubeappz.com\/fr\/wp-json\/wp\/v2\/pages"}],"about":[{"href":"https:\/\/snaptubeappz.com\/fr\/wp-json\/wp\/v2\/types\/page"}],"author":[{"embeddable":true,"href":"https:\/\/snaptubeappz.com\/fr\/wp-json\/wp\/v2\/users\/1"}],"replies":[{"embeddable":true,"href":"https:\/\/snaptubeappz.com\/fr\/wp-json\/wp\/v2\/comments?post=904"}],"version-history":[{"count":2,"href":"https:\/\/snaptubeappz.com\/fr\/wp-json\/wp\/v2\/pages\/904\/revisions"}],"predecessor-version":[{"id":5631,"href":"https:\/\/snaptubeappz.com\/fr\/wp-json\/wp\/v2\/pages\/904\/revisions\/5631"}],"wp:attachment":[{"href":"https:\/\/snaptubeappz.com\/fr\/wp-json\/wp\/v2\/media?parent=904"}],"curies":[{"name":"wp","href":"https:\/\/api.w.org\/{rel}","templated":true}]}}