{"id":5787,"date":"2024-05-04T18:23:57","date_gmt":"2024-05-04T18:23:57","guid":{"rendered":"https:\/\/snaptubeappz.com\/?page_id=5787"},"modified":"2024-05-04T18:26:46","modified_gmt":"2024-05-04T18:26:46","slug":"online","status":"publish","type":"page","link":"https:\/\/snaptubeappz.com\/fr\/online\/","title":{"rendered":"Snaptube En Ligne &#8211; T\u00e9l\u00e9charger des vid\u00e9os HD MP4 Gratuite"},"content":{"rendered":"<p>[downloader_section]<\/p>\n<p>Bienvenue sur <strong>Snaptube Online<\/strong>, votre plateforme unique pour t\u00e9l\u00e9charger des vid\u00e9os hors ligne \u00e0 partir de vos plateformes de streaming vid\u00e9o en ligne pr\u00e9f\u00e9r\u00e9es.<\/p>\n<p>Notre plateforme prend en charge un large \u00e9ventail de sites web, notamment Facebook, Instagram, Vimeo, Dailymotion, TikTok, et bien d&rsquo;autres encore. Snaptube Online Video Downloader s&rsquo;efforce d&rsquo;\u00eatre votre solution ultime pour tous vos besoins de t\u00e9l\u00e9chargement de vid\u00e9os \u00e0 partir de ces plateformes populaires. Naviguez et t\u00e9l\u00e9chargez \u00e0 tout moment, n&rsquo;importe o\u00f9.<\/p>\n<p>[btn]<\/p>\n<p>[table_of_content]<\/p>\n<p>[steps]<\/p>\n<p>[feature]<\/p>\n<h2 style=\"text-align: center;\">Limites de l&rsquo;utilisation de l&rsquo;application Web en ligne de Snaptube par rapport \u00e0 l&rsquo;utilisation de l&rsquo;application Snaptube sur mobile<\/h2>\n<p>Bien que Snaptube Online offre une plateforme polyvalente pour le t\u00e9l\u00e9chargement de vid\u00e9os, il est essentiel de reconna\u00eetre certaines de ses limites par rapport \u00e0 l&rsquo;<a href=\"https:\/\/snaptubeappz.com\/fr\/\">application Snaptube<\/a> :<\/p>\n<p>[limitations]<\/p>\n<p>[faq]<\/p>\n<p>[links]<\/p>\n","protected":false},"excerpt":{"rendered":"<p>[downloader_section] Bienvenue sur Snaptube Online, votre plateforme unique pour t\u00e9l\u00e9charger des vid\u00e9os hors ligne \u00e0 partir de vos plateformes de streaming vid\u00e9o en ligne pr\u00e9f\u00e9r\u00e9es. Notre plateforme prend en charge un large \u00e9ventail de sites web, notamment Facebook, Instagram, Vimeo, Dailymotion, TikTok, et bien d&rsquo;autres encore. Snaptube Online Video Downloader s&rsquo;efforce d&rsquo;\u00eatre votre solution ultime [&hellip;]<\/p>\n","protected":false},"author":1,"featured_media":0,"parent":0,"menu_order":0,"comment_status":"closed","ping_status":"closed","template":"","meta":{"_acf_changed":false,"site-sidebar-layout":"default","site-content-layout":"","ast-site-content-layout":"default","site-content-style":"default","site-sidebar-style":"default","ast-global-header-display":"","ast-banner-title-visibility":"","ast-main-header-display":"","ast-hfb-above-header-display":"","ast-hfb-below-header-display":"","ast-hfb-mobile-header-display":"","site-post-title":"","ast-breadcrumbs-content":"disabled","ast-featured-img":"disabled","footer-sml-layout":"","theme-transparent-header-meta":"default","adv-header-id-meta":"","stick-header-meta":"default","header-above-stick-meta":"","header-main-stick-meta":"","header-below-stick-meta":"","astra-migrate-meta-layouts":"set","ast-page-background-enabled":"default","ast-page-background-meta":{"desktop":{"background-color":"","background-image":"","background-repeat":"repeat","background-position":"center center","background-size":"auto","background-attachment":"scroll","background-type":"","background-media":"","overlay-type":"","overlay-color":"","overlay-opacity":"","overlay-gradient":""},"tablet":{"background-color":"","background-image":"","background-repeat":"repeat","background-position":"center center","background-size":"auto","background-attachment":"scroll","background-type":"","background-media":"","overlay-type":"","overlay-color":"","overlay-opacity":"","overlay-gradient":""},"mobile":{"background-color":"","background-image":"","background-repeat":"repeat","background-position":"center center","background-size":"auto","background-attachment":"scroll","background-type":"","background-media":"","overlay-type":"","overlay-color":"","overlay-opacity":"","overlay-gradient":""}},"ast-content-background-meta":{"desktop":{"background-color":"var(--ast-global-color-5)","background-image":"","background-repeat":"repeat","background-position":"center center","background-size":"auto","background-attachment":"scroll","background-type":"","background-media":"","overlay-type":"","overlay-color":"","overlay-opacity":"","overlay-gradient":""},"tablet":{"background-color":"var(--ast-global-color-5)","background-image":"","background-repeat":"repeat","background-position":"center center","background-size":"auto","background-attachment":"scroll","background-type":"","background-media":"","overlay-type":"","overlay-color":"","overlay-opacity":"","overlay-gradient":""},"mobile":{"background-color":"var(--ast-global-color-5)","background-image":"","background-repeat":"repeat","background-position":"center center","background-size":"auto","background-attachment":"scroll","background-type":"","background-media":"","overlay-type":"","overlay-color":"","overlay-opacity":"","overlay-gradient":""}},"footnotes":""},"class_list":["post-5787","page","type-page","status-publish","hentry"],"acf":[],"_links":{"self":[{"href":"https:\/\/snaptubeappz.com\/fr\/wp-json\/wp\/v2\/pages\/5787","targetHints":{"allow":["GET"]}}],"collection":[{"href":"https:\/\/snaptubeappz.com\/fr\/wp-json\/wp\/v2\/pages"}],"about":[{"href":"https:\/\/snaptubeappz.com\/fr\/wp-json\/wp\/v2\/types\/page"}],"author":[{"embeddable":true,"href":"https:\/\/snaptubeappz.com\/fr\/wp-json\/wp\/v2\/users\/1"}],"replies":[{"embeddable":true,"href":"https:\/\/snaptubeappz.com\/fr\/wp-json\/wp\/v2\/comments?post=5787"}],"version-history":[{"count":4,"href":"https:\/\/snaptubeappz.com\/fr\/wp-json\/wp\/v2\/pages\/5787\/revisions"}],"predecessor-version":[{"id":5862,"href":"https:\/\/snaptubeappz.com\/fr\/wp-json\/wp\/v2\/pages\/5787\/revisions\/5862"}],"wp:attachment":[{"href":"https:\/\/snaptubeappz.com\/fr\/wp-json\/wp\/v2\/media?parent=5787"}],"curies":[{"name":"wp","href":"https:\/\/api.w.org\/{rel}","templated":true}]}}