{"id":5425,"date":"2024-03-31T10:44:18","date_gmt":"2024-03-31T10:44:18","guid":{"rendered":"https:\/\/snaptubeappz.com\/?page_id=5425"},"modified":"2025-06-25T16:56:39","modified_gmt":"2025-06-25T16:56:39","slug":"is-snaptube-safe","status":"publish","type":"page","link":"https:\/\/snaptubeappz.com\/fr\/is-snaptube-safe\/","title":{"rendered":"Snaptube est-il s\u00fbr ?"},"content":{"rendered":"<p>Ces derni\u00e8res ann\u00e9es, le t\u00e9l\u00e9chargement de vid\u00e9os \u00e0 partir de diverses plateformes est devenu de plus en plus populaire, et <a href=\"https:\/\/snaptubeappz.com\/fr\/\">Snaptube<\/a> s&rsquo;est impos\u00e9 comme une application tr\u00e8s utilis\u00e9e.<\/p>\n<p>L&rsquo;application a acquis une popularit\u00e9 consid\u00e9rable gr\u00e2ce \u00e0 son interface conviviale et \u00e0 ses diverses fonctionnalit\u00e9s. Cependant, des questions restent en suspens : Snaptube peut-il \u00eatre t\u00e9l\u00e9charg\u00e9 et utilis\u00e9 en toute s\u00e9curit\u00e9 ?<\/p>\n<p><em><span style=\"text-decoration: underline;\"><strong>Crux<\/strong> <\/span><\/em>&#8211; Apr\u00e8s un examen approfondi et un test d\u00e9taill\u00e9 effectu\u00e9s sur la plateforme r\u00e9put\u00e9e VirusTotal, il a \u00e9t\u00e9 confirm\u00e9 que l&rsquo;application snaptube peut \u00eatre utilis\u00e9e en toute s\u00e9curit\u00e9 si elle est t\u00e9l\u00e9charg\u00e9e \u00e0 partir de la plateforme s\u00e9curis\u00e9e.<\/p>\n<p>[btn]<\/p>\n<p>Certains utilisateurs s&rsquo;inqui\u00e8tent de sa s\u00e9curit\u00e9 et se demandent si l&rsquo;application pr\u00e9sente des risques pour leurs appareils ou leur vie priv\u00e9e.<\/p>\n<p>Avant de conclure sur la <strong>s\u00e9curit\u00e9 de snaptube<\/strong>, nous devons prendre en compte diff\u00e9rents aspects, notamment la disponibilit\u00e9 de l&rsquo;application sur les boutiques officielles, les autorisations requises et l&rsquo;exp\u00e9rience des utilisateurs.<\/p>\n<p>[faq-1]<\/p>\n<p>[faq-2]<\/p>\n<h2 style=\"text-align: center;\">Test de s\u00e9curit\u00e9 de Snaptube sur VirusTotal<\/h2>\n<p><strong>Pour \u00e9valuer la s\u00e9curit\u00e9 de Snaptube, un test VirusTotal a \u00e9t\u00e9 r\u00e9alis\u00e9.<\/strong><\/p>\n<p>VirusTotal est un site web qui analyse les fichiers et les URL \u00e0 la recherche de virus, de vers, de chevaux de Troie et d&rsquo;autres contenus malveillants potentiels. Il utilise plusieurs moteurs antivirus et scanners de sites web pour fournir un rapport d\u00e9taill\u00e9 sur la s\u00e9curit\u00e9 du contenu soumis.<\/p>\n<p>Apr\u00e8s avoir soumis le fichier APK de Snaptube \u00e0 VirusTotal, les r\u00e9sultats ont \u00e9t\u00e9 rassurants. <strong>L&rsquo;analyse a indiqu\u00e9 que l&rsquo;application est s\u00fbre et exempte de contenu malveillant<\/strong>. Ce r\u00e9sultat ajoute une couche de confiance pour les utilisateurs qui s&rsquo;inqui\u00e8tent de la s\u00e9curit\u00e9 de l&rsquo;application, \u00e9tant donn\u00e9 que plusieurs solutions antivirus de confiance l&rsquo;ont approuv\u00e9e.<\/p>\n<p>Pour ceux qui souhaitent approfondir les d\u00e9tails du test, le rapport d\u00e9taill\u00e9 est accessible sur le <a href=\"https:\/\/www.virustotal.com\/gui\/file\/2050196cc91a7bfe493ec1fed79fe22dea4dd5adb27ed5b912d133ceed02d8b0\/detection\" data-schema-attribute=\"mentions\" target=\"_blank\" rel=\"noopener\">site Web de VirusTotal<\/a>. Il est toujours bon d&rsquo;effectuer de tels tests ou de se r\u00e9f\u00e9rer \u00e0 des sources fiables en cas de doute sur la s\u00e9curit\u00e9 d&rsquo;un logiciel ou d&rsquo;une application.<\/p>\n<p>[faq-3]<\/p>\n","protected":false},"excerpt":{"rendered":"<p>Ces derni\u00e8res ann\u00e9es, le t\u00e9l\u00e9chargement de vid\u00e9os \u00e0 partir de diverses plateformes est devenu de plus en plus populaire, et Snaptube s&rsquo;est impos\u00e9 comme une application tr\u00e8s utilis\u00e9e. L&rsquo;application a acquis une popularit\u00e9 consid\u00e9rable gr\u00e2ce \u00e0 son interface conviviale et \u00e0 ses diverses fonctionnalit\u00e9s. Cependant, des questions restent en suspens : Snaptube peut-il \u00eatre t\u00e9l\u00e9charg\u00e9 [&hellip;]<\/p>\n","protected":false},"author":1,"featured_media":0,"parent":0,"menu_order":0,"comment_status":"closed","ping_status":"closed","template":"","meta":{"_acf_changed":false,"site-sidebar-layout":"default","site-content-layout":"","ast-site-content-layout":"default","site-content-style":"default","site-sidebar-style":"default","ast-global-header-display":"","ast-banner-title-visibility":"","ast-main-header-display":"","ast-hfb-above-header-display":"","ast-hfb-below-header-display":"","ast-hfb-mobile-header-display":"","site-post-title":"","ast-breadcrumbs-content":"disabled","ast-featured-img":"","footer-sml-layout":"","theme-transparent-header-meta":"default","adv-header-id-meta":"","stick-header-meta":"default","header-above-stick-meta":"","header-main-stick-meta":"","header-below-stick-meta":"","astra-migrate-meta-layouts":"set","ast-page-background-enabled":"default","ast-page-background-meta":{"desktop":{"background-color":"","background-image":"","background-repeat":"repeat","background-position":"center center","background-size":"auto","background-attachment":"scroll","background-type":"","background-media":"","overlay-type":"","overlay-color":"","overlay-opacity":"","overlay-gradient":""},"tablet":{"background-color":"","background-image":"","background-repeat":"repeat","background-position":"center center","background-size":"auto","background-attachment":"scroll","background-type":"","background-media":"","overlay-type":"","overlay-color":"","overlay-opacity":"","overlay-gradient":""},"mobile":{"background-color":"","background-image":"","background-repeat":"repeat","background-position":"center center","background-size":"auto","background-attachment":"scroll","background-type":"","background-media":"","overlay-type":"","overlay-color":"","overlay-opacity":"","overlay-gradient":""}},"ast-content-background-meta":{"desktop":{"background-color":"var(--ast-global-color-5)","background-image":"","background-repeat":"repeat","background-position":"center center","background-size":"auto","background-attachment":"scroll","background-type":"","background-media":"","overlay-type":"","overlay-color":"","overlay-opacity":"","overlay-gradient":""},"tablet":{"background-color":"var(--ast-global-color-5)","background-image":"","background-repeat":"repeat","background-position":"center center","background-size":"auto","background-attachment":"scroll","background-type":"","background-media":"","overlay-type":"","overlay-color":"","overlay-opacity":"","overlay-gradient":""},"mobile":{"background-color":"var(--ast-global-color-5)","background-image":"","background-repeat":"repeat","background-position":"center center","background-size":"auto","background-attachment":"scroll","background-type":"","background-media":"","overlay-type":"","overlay-color":"","overlay-opacity":"","overlay-gradient":""}},"footnotes":""},"class_list":["post-5425","page","type-page","status-publish","hentry"],"acf":[],"_links":{"self":[{"href":"https:\/\/snaptubeappz.com\/fr\/wp-json\/wp\/v2\/pages\/5425","targetHints":{"allow":["GET"]}}],"collection":[{"href":"https:\/\/snaptubeappz.com\/fr\/wp-json\/wp\/v2\/pages"}],"about":[{"href":"https:\/\/snaptubeappz.com\/fr\/wp-json\/wp\/v2\/types\/page"}],"author":[{"embeddable":true,"href":"https:\/\/snaptubeappz.com\/fr\/wp-json\/wp\/v2\/users\/1"}],"replies":[{"embeddable":true,"href":"https:\/\/snaptubeappz.com\/fr\/wp-json\/wp\/v2\/comments?post=5425"}],"version-history":[{"count":4,"href":"https:\/\/snaptubeappz.com\/fr\/wp-json\/wp\/v2\/pages\/5425\/revisions"}],"predecessor-version":[{"id":5448,"href":"https:\/\/snaptubeappz.com\/fr\/wp-json\/wp\/v2\/pages\/5425\/revisions\/5448"}],"wp:attachment":[{"href":"https:\/\/snaptubeappz.com\/fr\/wp-json\/wp\/v2\/media?parent=5425"}],"curies":[{"name":"wp","href":"https:\/\/api.w.org\/{rel}","templated":true}]}}