{"id":5327,"date":"2024-03-21T08:34:42","date_gmt":"2024-03-21T08:34:42","guid":{"rendered":"https:\/\/snaptubeappz.com\/?page_id=5327"},"modified":"2024-03-31T11:09:22","modified_gmt":"2024-03-31T11:09:22","slug":"about-us","status":"publish","type":"page","link":"https:\/\/snaptubeappz.com\/fr\/about-us\/","title":{"rendered":"\u00c0 propos de nous &#8211; Rencontrez l&rsquo;\u00e9quipe derri\u00e8re Snaptube Appz"},"content":{"rendered":"<p>Bienvenue sur le <a href=\"https:\/\/snaptubeappz.com\/fr\/\">site officiel de Snaptubeappz<\/a>, votre destination ultime pour toutes les informations concernant Snaptubeappz, une application renomm\u00e9e de t\u00e9l\u00e9chargement de vid\u00e9os et de musique con\u00e7ue pour les appareils Android.<\/p>\n<h2>Le d\u00e9but du voyage<\/h2>\n<p>Fond\u00e9e en novembre 2014, Snaptubeappz a r\u00e9volutionn\u00e9 la fa\u00e7on dont les utilisateurs interagissent avec le contenu num\u00e9rique. Cette application Android gratuite facilite le t\u00e9l\u00e9chargement de vid\u00e9os et d&rsquo;audio et sert d&rsquo;agr\u00e9gateur de m\u00e9dias sociaux. Elle prend en charge un large \u00e9ventail de r\u00e9solutions vid\u00e9o et de formats audio et compte plus de 150 millions d&rsquo;utilisateurs en f\u00e9vrier 2024.<\/p>\n<h2>Notre fondateur et notre \u00e9quipe<\/h2>\n<p>Le visionnaire derri\u00e8re Snaptubeappz est <a href=\"https:\/\/www.linkedin.com\/in\/chao-ding-1b67672b9\/\" data-schema-attribute=\"about\" target=\"_blank\" rel=\"noopener\">Chao Ding<\/a>, un ancien jeune ing\u00e9nieur dont la fascination pour le potentiel de la technologie \u00e0 transformer les vies a conduit \u00e0 la cr\u00e9ation de Snaptubeappz. Son parcours, soutenu par une \u00e9quipe d\u00e9vou\u00e9e d&rsquo;ing\u00e9nieurs, de d\u00e9veloppeurs et de designers, a transform\u00e9 son r\u00eave en la r\u00e9alit\u00e9 de Snaptubeappz aujourd&rsquo;hui : les efforts collectifs de cette \u00e9quipe et sa vision partag\u00e9e de l&rsquo;innovation sont \u00e0 l&rsquo;origine du succ\u00e8s de Snaptubeappz.<\/p>\n<figure id=\"attachment_5069\" aria-describedby=\"caption-attachment-5069\" style=\"width: 300px\" class=\"wp-caption alignnone\"><img loading=\"lazy\" decoding=\"async\" class=\"wp-image-5069 size-medium\" src=\"https:\/\/snaptubeappz.com\/wp-content\/uploads\/2024\/03\/Chao-Ding-Founder-of-Snaptube-Appz-300x295.webp\" alt=\"Chao Ding Founder of Snaptube Appz\" width=\"300\" height=\"295\" srcset=\"https:\/\/snaptubeappz.com\/wp-content\/uploads\/2024\/03\/Chao-Ding-Founder-of-Snaptube-Appz-300x295.webp 300w, https:\/\/snaptubeappz.com\/wp-content\/uploads\/2024\/03\/Chao-Ding-Founder-of-Snaptube-Appz.webp 631w\" sizes=\"auto, (max-width: 300px) 100vw, 300px\" \/><figcaption id=\"caption-attachment-5069\" class=\"wp-caption-text\"><em><a href=\"https:\/\/gravatar.com\/snaptubeappz\" data-schema-attribute=\"mentions\" target=\"_blank\" rel=\"noopener\">Chao Ding<\/a> Founder of Snaptube Appz<\/em><\/figcaption><\/figure>\n<h2>Notre application<\/h2>\n<p>Snaptubeappz offre une interface conviviale et des fonctionnalit\u00e9s efficaces, ce qui en fait un compagnon de confiance pour des millions de personnes dans le monde. Elle se distingue par sa capacit\u00e9 \u00e0 t\u00e9l\u00e9charger des vid\u00e9os, \u00e0 lib\u00e9rer de l&rsquo;espace et \u00e0 g\u00e9rer de la musique, r\u00e9pondant ainsi aux divers besoins des utilisateurs. Malgr\u00e9 les difficult\u00e9s rencontr\u00e9es, comme son retrait du Google Play Store, l&rsquo;entreprise a pris des mesures imm\u00e9diates pour r\u00e9pondre aux pr\u00e9occupations, soulignant ainsi son engagement en faveur de l&rsquo;am\u00e9lioration continue et de la confiance des utilisateurs.<\/p>\n<h2>Culture d&rsquo;entreprise<\/h2>\n<p>Chez Snaptubeappz, notre culture est fa\u00e7onn\u00e9e par l&rsquo;innovation, la collaboration et le respect. Nous valorisons les contributions uniques de chaque membre de l&rsquo;\u00e9quipe, en favorisant un environnement o\u00f9 la cr\u00e9ativit\u00e9, l&rsquo;apprentissage continu et le d\u00e9veloppement personnel sont encourag\u00e9s. Notre passion commune pour la technologie et l&rsquo;innovation nous unit et nous pousse \u00e0 red\u00e9finir les limites de la technologie et de l&rsquo;exp\u00e9rience utilisateur.<\/p>\n<h2>Localisation<\/h2>\n<p>Notre si\u00e8ge social \u00e0 Shenzhen, Guangdong, Chine, un centre d&rsquo;innovation technologique, est une source constante d&rsquo;inspiration. C&rsquo;est ici que nous collaborons pour donner vie \u00e0 la vision de Chao Ding, en am\u00e9liorant et en d\u00e9veloppant continuellement les capacit\u00e9s de Snaptubeappz. Cet emplacement strat\u00e9gique nous maintient \u00e0 l&rsquo;avant-garde de l&rsquo;industrie technologique, nous inspirant \u00e0 innover et \u00e0 exceller.<\/p>\n<p><iframe loading=\"lazy\" style=\"border: 0;\" src=\"https:\/\/www.google.com\/maps\/embed?pb=!1m18!1m12!1m3!1d235679.12090543256!2d113.9357084524362!3d22.635651710705055!2m3!1f0!2f0!3f0!3m2!1i1024!2i768!4f13.1!3m3!1m2!1s0x3403f408d0e15291%3A0xfdee550db79280c9!2sShenzhen%2C%20Guangdong%20Province%2C%20China!5e0!3m2!1sen!2sin!4v1702212679147!5m2!1sen!2sin\" width=\"600\" height=\"450\" allowfullscreen=\"allowfullscreen\"><\/iframe><\/p>\n<p>Rejoignez-nous pour continuer \u00e0 transformer le paysage num\u00e9rique, une application \u00e0 la fois, avec Snaptubeappz \u00e0 la t\u00eate de la charge.<\/p>\n<p><em><span style=\"text-decoration: underline;\"><strong>Note <\/strong><\/span>&#8211; SnaptubeAppz.com est une plateforme ind\u00e9pendante et n&rsquo;est pas affili\u00e9e aux cr\u00e9ateurs officiels de Snaptube. Nous ne sommes pas le fournisseur officiel de l&rsquo;application Snaptube. Snaptube appartient \u00e0 ses cr\u00e9ateurs officiels.<\/em><\/p>\n<div id=\"gtx-trans\" style=\"position: absolute; left: 372px; top: 266.188px;\">\n<div class=\"gtx-trans-icon\"><\/div>\n<\/div>\n","protected":false},"excerpt":{"rendered":"<p>Bienvenue sur le site officiel de Snaptubeappz, votre destination ultime pour toutes les informations concernant Snaptubeappz, une application renomm\u00e9e de t\u00e9l\u00e9chargement de vid\u00e9os et de musique con\u00e7ue pour les appareils Android. Le d\u00e9but du voyage Fond\u00e9e en novembre 2014, Snaptubeappz a r\u00e9volutionn\u00e9 la fa\u00e7on dont les utilisateurs interagissent avec le contenu num\u00e9rique. Cette application Android [&hellip;]<\/p>\n","protected":false},"author":1,"featured_media":0,"parent":0,"menu_order":0,"comment_status":"closed","ping_status":"closed","template":"","meta":{"_acf_changed":false,"site-sidebar-layout":"default","site-content-layout":"","ast-site-content-layout":"default","site-content-style":"default","site-sidebar-style":"default","ast-global-header-display":"","ast-banner-title-visibility":"","ast-main-header-display":"","ast-hfb-above-header-display":"","ast-hfb-below-header-display":"","ast-hfb-mobile-header-display":"","site-post-title":"","ast-breadcrumbs-content":"disabled","ast-featured-img":"","footer-sml-layout":"","theme-transparent-header-meta":"default","adv-header-id-meta":"","stick-header-meta":"default","header-above-stick-meta":"","header-main-stick-meta":"","header-below-stick-meta":"","astra-migrate-meta-layouts":"set","ast-page-background-enabled":"default","ast-page-background-meta":{"desktop":{"background-color":"","background-image":"","background-repeat":"repeat","background-position":"center center","background-size":"auto","background-attachment":"scroll","background-type":"","background-media":"","overlay-type":"","overlay-color":"","overlay-opacity":"","overlay-gradient":""},"tablet":{"background-color":"","background-image":"","background-repeat":"repeat","background-position":"center center","background-size":"auto","background-attachment":"scroll","background-type":"","background-media":"","overlay-type":"","overlay-color":"","overlay-opacity":"","overlay-gradient":""},"mobile":{"background-color":"","background-image":"","background-repeat":"repeat","background-position":"center center","background-size":"auto","background-attachment":"scroll","background-type":"","background-media":"","overlay-type":"","overlay-color":"","overlay-opacity":"","overlay-gradient":""}},"ast-content-background-meta":{"desktop":{"background-color":"var(--ast-global-color-5)","background-image":"","background-repeat":"repeat","background-position":"center center","background-size":"auto","background-attachment":"scroll","background-type":"","background-media":"","overlay-type":"","overlay-color":"","overlay-opacity":"","overlay-gradient":""},"tablet":{"background-color":"var(--ast-global-color-5)","background-image":"","background-repeat":"repeat","background-position":"center center","background-size":"auto","background-attachment":"scroll","background-type":"","background-media":"","overlay-type":"","overlay-color":"","overlay-opacity":"","overlay-gradient":""},"mobile":{"background-color":"var(--ast-global-color-5)","background-image":"","background-repeat":"repeat","background-position":"center center","background-size":"auto","background-attachment":"scroll","background-type":"","background-media":"","overlay-type":"","overlay-color":"","overlay-opacity":"","overlay-gradient":""}},"footnotes":""},"class_list":["post-5327","page","type-page","status-publish","hentry"],"acf":[],"_links":{"self":[{"href":"https:\/\/snaptubeappz.com\/fr\/wp-json\/wp\/v2\/pages\/5327","targetHints":{"allow":["GET"]}}],"collection":[{"href":"https:\/\/snaptubeappz.com\/fr\/wp-json\/wp\/v2\/pages"}],"about":[{"href":"https:\/\/snaptubeappz.com\/fr\/wp-json\/wp\/v2\/types\/page"}],"author":[{"embeddable":true,"href":"https:\/\/snaptubeappz.com\/fr\/wp-json\/wp\/v2\/users\/1"}],"replies":[{"embeddable":true,"href":"https:\/\/snaptubeappz.com\/fr\/wp-json\/wp\/v2\/comments?post=5327"}],"version-history":[{"count":6,"href":"https:\/\/snaptubeappz.com\/fr\/wp-json\/wp\/v2\/pages\/5327\/revisions"}],"predecessor-version":[{"id":5452,"href":"https:\/\/snaptubeappz.com\/fr\/wp-json\/wp\/v2\/pages\/5327\/revisions\/5452"}],"wp:attachment":[{"href":"https:\/\/snaptubeappz.com\/fr\/wp-json\/wp\/v2\/media?parent=5327"}],"curies":[{"name":"wp","href":"https:\/\/api.w.org\/{rel}","templated":true}]}}