{"id":3295,"date":"2020-03-13T13:43:28","date_gmt":"2020-03-13T13:43:28","guid":{"rendered":"https:\/\/snaptubeappz.com\/terms-of-use\/"},"modified":"2023-02-25T18:49:10","modified_gmt":"2023-02-25T18:49:10","slug":"terms-of-use","status":"publish","type":"page","link":"https:\/\/snaptubeappz.com\/fr\/terms-of-use\/","title":{"rendered":"Conditions d&rsquo;utilisation"},"content":{"rendered":"<p>Bienvenue sur <a href=\"https:\/\/snaptubeappz.com\/fr\/\">https:\/\/snaptubeappz.com\/fr\/<\/a> ! Nous appr\u00e9cions l&rsquo;int\u00e9r\u00eat que vous portez \u00e0 nos applications Android. Avant d&rsquo;utiliser notre site Web ou de t\u00e9l\u00e9charger une application, veuillez lire attentivement les conditions d&rsquo;utilisation suivantes. En acc\u00e9dant \u00e0 notre site Web ou en l&rsquo;utilisant, ou en t\u00e9l\u00e9chargeant une application, vous acceptez les pr\u00e9sentes conditions d&rsquo;utilisation.<\/p>\n<ol>\n<li><strong>Admissibilit\u00e9<\/strong> : Vous devez \u00eatre \u00e2g\u00e9 d&rsquo;au moins 18 ans pour utiliser notre site web et t\u00e9l\u00e9charger nos apps. En utilisant notre site web et en t\u00e9l\u00e9chargeant nos apps, vous d\u00e9clarez \u00eatre \u00e2g\u00e9 de 18 ans ou plus.<\/li>\n<li><strong>Propri\u00e9t\u00e9 intellectuelle<\/strong> : Tout le contenu de snaptubeappz.com, y compris, mais sans s&rsquo;y limiter, les textes, graphiques, logos, ic\u00f4nes, images, clips audio et vid\u00e9o, logiciels et codes, est la propri\u00e9t\u00e9 de snaptubeappz.com ou de ses conc\u00e9dants de licence et est prot\u00e9g\u00e9 par les lois sur la propri\u00e9t\u00e9 intellectuelle. Vous ne pouvez pas utiliser le contenu de notre site Web ou de nos applications sans notre consentement \u00e9crit pr\u00e9alable.<\/li>\n<li><strong>Utilisation des applications<\/strong> : Nos apps sont destin\u00e9es \u00e0 un usage personnel uniquement. Vous ne pouvez pas utiliser nos apps \u00e0 des fins commerciales, ou pour distribuer ou partager du mat\u00e9riel prot\u00e9g\u00e9 par le droit d&rsquo;auteur sans l&rsquo;autorisation expresse du propri\u00e9taire du droit d&rsquo;auteur. Vous ne pouvez pas utiliser nos applications pour violer des lois ou enfreindre les droits d&rsquo;autrui.<\/li>\n<li><strong>Contenu de l&rsquo;utilisateur<\/strong> : Vous pouvez \u00eatre en mesure de soumettre du contenu, comme des critiques ou des commentaires, par le biais de notre site Web ou de nos apps. En soumettant du contenu, vous accordez \u00e0 snaptubeappz.com une licence non exclusive, libre de redevances, perp\u00e9tuelle et mondiale pour utiliser, distribuer et afficher votre contenu dans n&rsquo;importe quel m\u00e9dia.<\/li>\n<li><strong>Indemnisation<\/strong> : Vous acceptez d&rsquo;indemniser et de tenir snaptubeappz.com, ses soci\u00e9t\u00e9s affili\u00e9es et leurs directeurs, responsables, employ\u00e9s et agents respectifs \u00e0 l&rsquo;\u00e9cart de toute r\u00e9clamation, demande ou dommage, y compris les honoraires raisonnables d&rsquo;avocat, r\u00e9sultant de votre utilisation de notre site Web ou de nos applications ou de votre violation des pr\u00e9sentes conditions d&rsquo;utilisation.<\/li>\n<li><strong>Exclusion de garanties<\/strong> : Notre site Web et nos applications sont fournis \u00ab\u00a0en l&rsquo;\u00e9tat\u00a0\u00bb sans garantie d&rsquo;aucune sorte, expresse ou implicite, y compris, mais sans s&rsquo;y limiter, les garanties implicites de qualit\u00e9 marchande et d&rsquo;ad\u00e9quation \u00e0 un usage particulier. Nous ne garantissons pas que notre site Web ou nos applications seront exempts d&rsquo;erreurs ou ininterrompus.<\/li>\n<li><strong>Limitation de la responsabilit\u00e9<\/strong> : En aucun cas snaptubeappz.com, ses affili\u00e9s, ou leurs directeurs, officiers, employ\u00e9s ou agents respectifs ne seront responsables de tout dommage direct, indirect, punitif, accessoire, sp\u00e9cial ou cons\u00e9cutif d\u00e9coulant de ou li\u00e9 de quelque mani\u00e8re que ce soit \u00e0 l&rsquo;utilisation de notre site Web ou de nos applications, qu&rsquo;il soit bas\u00e9 sur un contrat, un d\u00e9lit, une responsabilit\u00e9 stricte ou toute autre th\u00e9orie de responsabilit\u00e9.<\/li>\n<li><strong>Modifications des conditions d&rsquo;utilisation<\/strong> : Nous nous r\u00e9servons le droit de modifier les pr\u00e9sentes conditions d&rsquo;utilisation \u00e0 tout moment. Nous publierons les conditions d&rsquo;utilisation mises \u00e0 jour sur notre site web, et votre utilisation continue de notre site web ou de nos applications apr\u00e8s de telles modifications constitue votre acceptation des nouvelles conditions d&rsquo;utilisation.<\/li>\n<li><strong>Loi applicable<\/strong> : Ces conditions d&rsquo;utilisation sont r\u00e9gies et interpr\u00e9t\u00e9es conform\u00e9ment aux lois de la juridiction dans laquelle snaptubeappz.com est situ\u00e9, sans donner effet \u00e0 un choix de loi ou \u00e0 un conflit de dispositions l\u00e9gales.<\/li>\n<\/ol>\n<p>Si vous avez des questions sur ces conditions d&rsquo;utilisation, veuillez nous contacter \u00e0 <a href=\"mailto:support@snaptubeappz.com\">support@snaptubeappz.com<\/a>.<\/p>\n","protected":false},"excerpt":{"rendered":"<p>Bienvenue sur https:\/\/snaptubeappz.com\/fr\/ ! Nous appr\u00e9cions l&rsquo;int\u00e9r\u00eat que vous portez \u00e0 nos applications Android. Avant d&rsquo;utiliser notre site Web ou de t\u00e9l\u00e9charger une application, veuillez lire attentivement les conditions d&rsquo;utilisation suivantes. En acc\u00e9dant \u00e0 notre site Web ou en l&rsquo;utilisant, ou en t\u00e9l\u00e9chargeant une application, vous acceptez les pr\u00e9sentes conditions d&rsquo;utilisation. Admissibilit\u00e9 : Vous devez [&hellip;]<\/p>\n","protected":false},"author":1,"featured_media":0,"parent":0,"menu_order":0,"comment_status":"closed","ping_status":"closed","template":"","meta":{"_acf_changed":false,"site-sidebar-layout":"no-sidebar","site-content-layout":"plain-container","ast-site-content-layout":"","site-content-style":"default","site-sidebar-style":"default","ast-global-header-display":"","ast-banner-title-visibility":"","ast-main-header-display":"","ast-hfb-above-header-display":"","ast-hfb-below-header-display":"","ast-hfb-mobile-header-display":"","site-post-title":"","ast-breadcrumbs-content":"","ast-featured-img":"","footer-sml-layout":"","theme-transparent-header-meta":"default","adv-header-id-meta":"","stick-header-meta":"default","header-above-stick-meta":"","header-main-stick-meta":"","header-below-stick-meta":"","astra-migrate-meta-layouts":"default","ast-page-background-enabled":"default","ast-page-background-meta":{"desktop":{"background-color":"","background-image":"","background-repeat":"repeat","background-position":"center center","background-size":"auto","background-attachment":"scroll","background-type":"","background-media":"","overlay-type":"","overlay-color":"","overlay-opacity":"","overlay-gradient":""},"tablet":{"background-color":"","background-image":"","background-repeat":"repeat","background-position":"center center","background-size":"auto","background-attachment":"scroll","background-type":"","background-media":"","overlay-type":"","overlay-color":"","overlay-opacity":"","overlay-gradient":""},"mobile":{"background-color":"","background-image":"","background-repeat":"repeat","background-position":"center center","background-size":"auto","background-attachment":"scroll","background-type":"","background-media":"","overlay-type":"","overlay-color":"","overlay-opacity":"","overlay-gradient":""}},"ast-content-background-meta":{"desktop":{"background-color":"var(--ast-global-color-5)","background-image":"","background-repeat":"repeat","background-position":"center center","background-size":"auto","background-attachment":"scroll","background-type":"","background-media":"","overlay-type":"","overlay-color":"","overlay-opacity":"","overlay-gradient":""},"tablet":{"background-color":"var(--ast-global-color-5)","background-image":"","background-repeat":"repeat","background-position":"center center","background-size":"auto","background-attachment":"scroll","background-type":"","background-media":"","overlay-type":"","overlay-color":"","overlay-opacity":"","overlay-gradient":""},"mobile":{"background-color":"var(--ast-global-color-5)","background-image":"","background-repeat":"repeat","background-position":"center center","background-size":"auto","background-attachment":"scroll","background-type":"","background-media":"","overlay-type":"","overlay-color":"","overlay-opacity":"","overlay-gradient":""}},"footnotes":""},"class_list":["post-3295","page","type-page","status-publish","hentry"],"acf":[],"_links":{"self":[{"href":"https:\/\/snaptubeappz.com\/fr\/wp-json\/wp\/v2\/pages\/3295","targetHints":{"allow":["GET"]}}],"collection":[{"href":"https:\/\/snaptubeappz.com\/fr\/wp-json\/wp\/v2\/pages"}],"about":[{"href":"https:\/\/snaptubeappz.com\/fr\/wp-json\/wp\/v2\/types\/page"}],"author":[{"embeddable":true,"href":"https:\/\/snaptubeappz.com\/fr\/wp-json\/wp\/v2\/users\/1"}],"replies":[{"embeddable":true,"href":"https:\/\/snaptubeappz.com\/fr\/wp-json\/wp\/v2\/comments?post=3295"}],"version-history":[{"count":0,"href":"https:\/\/snaptubeappz.com\/fr\/wp-json\/wp\/v2\/pages\/3295\/revisions"}],"wp:attachment":[{"href":"https:\/\/snaptubeappz.com\/fr\/wp-json\/wp\/v2\/media?parent=3295"}],"curies":[{"name":"wp","href":"https:\/\/api.w.org\/{rel}","templated":true}]}}