{"id":3203,"date":"2020-03-13T13:44:04","date_gmt":"2020-03-13T13:44:04","guid":{"rendered":"https:\/\/snaptubeappz.com\/disclaimer\/"},"modified":"2023-07-10T12:52:15","modified_gmt":"2023-07-10T12:52:15","slug":"disclaimer","status":"publish","type":"page","link":"https:\/\/snaptubeappz.com\/fr\/disclaimer\/","title":{"rendered":"Clause de non-responsabilit\u00e9"},"content":{"rendered":"<p>Les informations contenues dans <a href=\"https:\/\/snaptubeappz.com\/fr\/\">https:\/\/snaptubeappz.com\/fr\/<\/a> sont uniquement destin\u00e9es \u00e0 des fins d&rsquo;information g\u00e9n\u00e9rale. Les informations sont fournies par https:\/\/snaptubeappz.com et, bien que nous nous efforcions de maintenir les informations \u00e0 jour et correctes, nous ne faisons aucune d\u00e9claration ou garantie de quelque nature que ce soit, expresse ou implicite, concernant l&rsquo;exhaustivit\u00e9, l&rsquo;exactitude, la fiabilit\u00e9, la pertinence ou la disponibilit\u00e9 de https:\/\/snaptubeappz.com ou des informations, produits, services ou graphiques connexes contenus sur https:\/\/snaptubeappz.com \u00e0 quelque fin que ce soit. Toute confiance que vous accordez \u00e0 ces informations est donc strictement \u00e0 vos risques et p\u00e9rils.<\/p>\n<p>En aucun cas, nous ne serons responsables de toute perte ou de tout dommage, y compris, mais sans s&rsquo;y limiter, les pertes ou dommages indirects ou cons\u00e9cutifs, ou toute perte ou tout dommage, quel qu&rsquo;il soit, r\u00e9sultant de la perte de donn\u00e9es ou de b\u00e9n\u00e9fices, d\u00e9coulant de, ou en relation avec, l&rsquo;utilisation de https:\/\/snaptubeappz.com.<\/p>\n<p>Par le biais de https:\/\/snaptubeappz.com, vous pouvez vous connecter \u00e0 d&rsquo;autres sites web qui ne sont pas sous le contr\u00f4le de https:\/\/snaptubeappz.com. Nous n&rsquo;avons aucun contr\u00f4le sur la nature, le contenu et la disponibilit\u00e9 de ces sites. L&rsquo;inclusion de tout lien n&rsquo;implique pas n\u00e9cessairement une recommandation ou l&rsquo;approbation des opinions exprim\u00e9es dans ces sites.<\/p>\n<p>Tous les efforts sont faits pour assurer le bon fonctionnement de https:\/\/snaptubeappz.com. Toutefois, https:\/\/snaptubeappz.com n&rsquo;assume aucune responsabilit\u00e9 et ne peut \u00eatre tenu responsable de l&rsquo;indisponibilit\u00e9 temporaire de https:\/\/snaptubeappz.com en raison de probl\u00e8mes techniques ind\u00e9pendants de notre volont\u00e9.<\/p>\n","protected":false},"excerpt":{"rendered":"<p>Les informations contenues dans https:\/\/snaptubeappz.com\/fr\/ sont uniquement destin\u00e9es \u00e0 des fins d&rsquo;information g\u00e9n\u00e9rale. Les informations sont fournies par https:\/\/snaptubeappz.com et, bien que nous nous efforcions de maintenir les informations \u00e0 jour et correctes, nous ne faisons aucune d\u00e9claration ou garantie de quelque nature que ce soit, expresse ou implicite, concernant l&rsquo;exhaustivit\u00e9, l&rsquo;exactitude, la fiabilit\u00e9, la [&hellip;]<\/p>\n","protected":false},"author":1,"featured_media":0,"parent":0,"menu_order":0,"comment_status":"closed","ping_status":"closed","template":"","meta":{"_acf_changed":false,"site-sidebar-layout":"no-sidebar","site-content-layout":"plain-container","ast-site-content-layout":"","site-content-style":"default","site-sidebar-style":"default","ast-global-header-display":"","ast-banner-title-visibility":"","ast-main-header-display":"","ast-hfb-above-header-display":"","ast-hfb-below-header-display":"","ast-hfb-mobile-header-display":"","site-post-title":"","ast-breadcrumbs-content":"","ast-featured-img":"","footer-sml-layout":"","theme-transparent-header-meta":"default","adv-header-id-meta":"","stick-header-meta":"default","header-above-stick-meta":"","header-main-stick-meta":"","header-below-stick-meta":"","astra-migrate-meta-layouts":"default","ast-page-background-enabled":"default","ast-page-background-meta":{"desktop":{"background-color":"","background-image":"","background-repeat":"repeat","background-position":"center center","background-size":"auto","background-attachment":"scroll","background-type":"","background-media":"","overlay-type":"","overlay-color":"","overlay-opacity":"","overlay-gradient":""},"tablet":{"background-color":"","background-image":"","background-repeat":"repeat","background-position":"center center","background-size":"auto","background-attachment":"scroll","background-type":"","background-media":"","overlay-type":"","overlay-color":"","overlay-opacity":"","overlay-gradient":""},"mobile":{"background-color":"","background-image":"","background-repeat":"repeat","background-position":"center center","background-size":"auto","background-attachment":"scroll","background-type":"","background-media":"","overlay-type":"","overlay-color":"","overlay-opacity":"","overlay-gradient":""}},"ast-content-background-meta":{"desktop":{"background-color":"var(--ast-global-color-5)","background-image":"","background-repeat":"repeat","background-position":"center center","background-size":"auto","background-attachment":"scroll","background-type":"","background-media":"","overlay-type":"","overlay-color":"","overlay-opacity":"","overlay-gradient":""},"tablet":{"background-color":"var(--ast-global-color-5)","background-image":"","background-repeat":"repeat","background-position":"center center","background-size":"auto","background-attachment":"scroll","background-type":"","background-media":"","overlay-type":"","overlay-color":"","overlay-opacity":"","overlay-gradient":""},"mobile":{"background-color":"var(--ast-global-color-5)","background-image":"","background-repeat":"repeat","background-position":"center center","background-size":"auto","background-attachment":"scroll","background-type":"","background-media":"","overlay-type":"","overlay-color":"","overlay-opacity":"","overlay-gradient":""}},"footnotes":""},"class_list":["post-3203","page","type-page","status-publish","hentry"],"acf":[],"_links":{"self":[{"href":"https:\/\/snaptubeappz.com\/fr\/wp-json\/wp\/v2\/pages\/3203","targetHints":{"allow":["GET"]}}],"collection":[{"href":"https:\/\/snaptubeappz.com\/fr\/wp-json\/wp\/v2\/pages"}],"about":[{"href":"https:\/\/snaptubeappz.com\/fr\/wp-json\/wp\/v2\/types\/page"}],"author":[{"embeddable":true,"href":"https:\/\/snaptubeappz.com\/fr\/wp-json\/wp\/v2\/users\/1"}],"replies":[{"embeddable":true,"href":"https:\/\/snaptubeappz.com\/fr\/wp-json\/wp\/v2\/comments?post=3203"}],"version-history":[{"count":0,"href":"https:\/\/snaptubeappz.com\/fr\/wp-json\/wp\/v2\/pages\/3203\/revisions"}],"wp:attachment":[{"href":"https:\/\/snaptubeappz.com\/fr\/wp-json\/wp\/v2\/media?parent=3203"}],"curies":[{"name":"wp","href":"https:\/\/api.w.org\/{rel}","templated":true}]}}