{"id":3158,"date":"2020-03-13T13:47:18","date_gmt":"2020-03-13T13:47:18","guid":{"rendered":"https:\/\/snaptubeappz.com\/contact\/"},"modified":"2023-02-25T17:55:04","modified_gmt":"2023-02-25T17:55:04","slug":"contact","status":"publish","type":"page","link":"https:\/\/snaptubeappz.com\/fr\/contact\/","title":{"rendered":"Contactez-nous"},"content":{"rendered":"<p>Merci de consid\u00e9rer Snaptube pour tous vos besoins de t\u00e9l\u00e9chargement vid\u00e9o. Nous sommes fiers de fournir une application simple et conviviale qui vous permet de t\u00e9l\u00e9charger des vid\u00e9os \u00e0 partir de plateformes populaires comme YouTube, Facebook, Instagram, et plus encore.<\/p>\n<p>Nous comprenons que vous pourriez avoir des questions ou des pr\u00e9occupations, et nous sommes l\u00e0 pour vous aider. N\u2019h\u00e9sitez pas \u00e0 communiquer avec nous par l\u2019une des m\u00e9thodes ci-dessous. Notre \u00e9quipe de soutien d\u00e9vou\u00e9e est \u00e0 votre disposition pour vous aider \u00e0 r\u00e9soudre tout probl\u00e8me que vous pourriez rencontrer ou simplement pour r\u00e9pondre \u00e0 vos questions.<\/p>\n<h2>Coordonn\u00e9es&nbsp;:<\/h2>\n<p><strong>Courriel&nbsp;<\/strong>: <a href=\"mailto:developer@snaptubeappz.com\">developer@snaptubeappz.com<\/a><br \/>\n<strong>T\u00e9l\u00e9phone&nbsp;<\/strong>: +1-555-1234-567<br \/>\n<strong>Adresse&nbsp;<\/strong>: 1234 Main Street, Suite 567, Anytown USA<\/p>\n<p>Nous appr\u00e9cions vos commentaires et suggestions. Si vous avez des id\u00e9es sur la fa\u00e7on dont nous pouvons am\u00e9liorer notre application ou si vous avez des demandes de fonctionnalit\u00e9s, s\u2019il vous pla\u00eet laissez-nous savoir. Nous cherchons toujours des moyens de rendre Snaptube encore meilleur.<\/p>\n<p>Merci d\u2019avoir choisi Snaptube. Nous avons h\u00e2te de vous entendre bient\u00f4t.<\/p>\n","protected":false},"excerpt":{"rendered":"<p>Merci de consid\u00e9rer Snaptube pour tous vos besoins de t\u00e9l\u00e9chargement vid\u00e9o. Nous sommes fiers de fournir une application simple et conviviale qui vous permet de t\u00e9l\u00e9charger des vid\u00e9os \u00e0 partir de plateformes populaires comme YouTube, Facebook, Instagram, et plus encore. Nous comprenons que vous pourriez avoir des questions ou des pr\u00e9occupations, et nous sommes l\u00e0 [&hellip;]<\/p>\n","protected":false},"author":1,"featured_media":0,"parent":0,"menu_order":0,"comment_status":"closed","ping_status":"closed","template":"","meta":{"_acf_changed":false,"site-sidebar-layout":"no-sidebar","site-content-layout":"plain-container","ast-site-content-layout":"normal-width-container","site-content-style":"unboxed","site-sidebar-style":"unboxed","ast-global-header-display":"","ast-banner-title-visibility":"","ast-main-header-display":"","ast-hfb-above-header-display":"","ast-hfb-below-header-display":"","ast-hfb-mobile-header-display":"","site-post-title":"","ast-breadcrumbs-content":"disabled","ast-featured-img":"disabled","footer-sml-layout":"","theme-transparent-header-meta":"default","adv-header-id-meta":"","stick-header-meta":"default","header-above-stick-meta":"","header-main-stick-meta":"","header-below-stick-meta":"","astra-migrate-meta-layouts":"default","ast-page-background-enabled":"default","ast-page-background-meta":{"desktop":{"background-color":"","background-image":"","background-repeat":"repeat","background-position":"center center","background-size":"auto","background-attachment":"scroll","background-type":"","background-media":"","overlay-type":"","overlay-color":"","overlay-opacity":"","overlay-gradient":""},"tablet":{"background-color":"","background-image":"","background-repeat":"repeat","background-position":"center center","background-size":"auto","background-attachment":"scroll","background-type":"","background-media":"","overlay-type":"","overlay-color":"","overlay-opacity":"","overlay-gradient":""},"mobile":{"background-color":"","background-image":"","background-repeat":"repeat","background-position":"center center","background-size":"auto","background-attachment":"scroll","background-type":"","background-media":"","overlay-type":"","overlay-color":"","overlay-opacity":"","overlay-gradient":""}},"ast-content-background-meta":{"desktop":{"background-color":"var(--ast-global-color-5)","background-image":"","background-repeat":"repeat","background-position":"center center","background-size":"auto","background-attachment":"scroll","background-type":"","background-media":"","overlay-type":"","overlay-color":"","overlay-opacity":"","overlay-gradient":""},"tablet":{"background-color":"var(--ast-global-color-5)","background-image":"","background-repeat":"repeat","background-position":"center center","background-size":"auto","background-attachment":"scroll","background-type":"","background-media":"","overlay-type":"","overlay-color":"","overlay-opacity":"","overlay-gradient":""},"mobile":{"background-color":"var(--ast-global-color-5)","background-image":"","background-repeat":"repeat","background-position":"center center","background-size":"auto","background-attachment":"scroll","background-type":"","background-media":"","overlay-type":"","overlay-color":"","overlay-opacity":"","overlay-gradient":""}},"footnotes":""},"class_list":["post-3158","page","type-page","status-publish","hentry"],"acf":[],"_links":{"self":[{"href":"https:\/\/snaptubeappz.com\/fr\/wp-json\/wp\/v2\/pages\/3158","targetHints":{"allow":["GET"]}}],"collection":[{"href":"https:\/\/snaptubeappz.com\/fr\/wp-json\/wp\/v2\/pages"}],"about":[{"href":"https:\/\/snaptubeappz.com\/fr\/wp-json\/wp\/v2\/types\/page"}],"author":[{"embeddable":true,"href":"https:\/\/snaptubeappz.com\/fr\/wp-json\/wp\/v2\/users\/1"}],"replies":[{"embeddable":true,"href":"https:\/\/snaptubeappz.com\/fr\/wp-json\/wp\/v2\/comments?post=3158"}],"version-history":[{"count":0,"href":"https:\/\/snaptubeappz.com\/fr\/wp-json\/wp\/v2\/pages\/3158\/revisions"}],"wp:attachment":[{"href":"https:\/\/snaptubeappz.com\/fr\/wp-json\/wp\/v2\/media?parent=3158"}],"curies":[{"name":"wp","href":"https:\/\/api.w.org\/{rel}","templated":true}]}}