{"id":2903,"date":"2023-02-20T18:07:40","date_gmt":"2023-02-20T18:07:40","guid":{"rendered":"https:\/\/snaptubeappz.com\/uninstall-snaptube\/"},"modified":"2023-02-21T17:49:34","modified_gmt":"2023-02-21T17:49:34","slug":"uninstall-snaptube","status":"publish","type":"page","link":"https:\/\/snaptubeappz.com\/fr\/uninstall-snaptube\/","title":{"rendered":"D\u00e9sinstaller l&rsquo;application Snaptube &#8211; Comment supprimer Snaptube ?"},"content":{"rendered":"<p>Avec <a href=\"https:\/\/snaptubeappz.com\/fr\/\"><strong>Snaptube<\/strong><\/a>, les utilisateurs peuvent t\u00e9l\u00e9charger des vid\u00e9os \u00e0 partir d&rsquo;une vari\u00e9t\u00e9 de sites Web. Cependant, si vous souhaitez le d\u00e9sinstaller de votre appareil Android, cela peut \u00eatre fait rapidement. Dans cet article, nous allons vous expliquer les \u00e9tapes \u00e0 suivre pour d\u00e9sinstaller Snaptube de votre appareil Android. En outre, nous vous proposons quelques \u00e9tapes suppl\u00e9mentaires pour vous assurer que l&rsquo;application est compl\u00e8tement supprim\u00e9e.<\/p>\n<figure id=\"attachment_2805\" aria-describedby=\"caption-attachment-2805\" style=\"width: 520px\" class=\"wp-caption aligncenter\"><img loading=\"lazy\" decoding=\"async\" class=\"wp-image-2805\" src=\"https:\/\/snaptubeappz.com\/wp-content\/uploads\/2023\/02\/Uninstall-Snaptube-App-300x200.png\" alt=\"D\u00e9sinstaller Snaptube\" width=\"520\" height=\"346\" srcset=\"https:\/\/snaptubeappz.com\/wp-content\/uploads\/2023\/02\/Uninstall-Snaptube-App-300x200.png 300w, https:\/\/snaptubeappz.com\/wp-content\/uploads\/2023\/02\/Uninstall-Snaptube-App-1024x683.png 1024w, https:\/\/snaptubeappz.com\/wp-content\/uploads\/2023\/02\/Uninstall-Snaptube-App-768x512.png 768w, https:\/\/snaptubeappz.com\/wp-content\/uploads\/2023\/02\/Uninstall-Snaptube-App.png 1080w\" sizes=\"auto, (max-width: 520px) 100vw, 520px\" \/><figcaption id=\"caption-attachment-2805\" class=\"wp-caption-text\"><strong>D\u00e9sinstaller Snaptube<\/strong><\/figcaption><\/figure>\n<p><strong>\u00c9tape 1 : Localisez l&rsquo;ic\u00f4ne de l&rsquo;application Snaptube sur votre appareil Android.<\/strong><\/p>\n<p>Pour d\u00e9sinstaller Snaptube, appuyez sur l&rsquo;ic\u00f4ne de l&rsquo;application sur l&rsquo;\u00e9cran d&rsquo;accueil ou le tiroir d&rsquo;applications de votre appareil Android.<\/p>\n<figure id=\"attachment_2823\" aria-describedby=\"caption-attachment-2823\" style=\"width: 238px\" class=\"wp-caption aligncenter\"><img loading=\"lazy\" decoding=\"async\" class=\"wp-image-2823\" src=\"https:\/\/snaptubeappz.com\/wp-content\/uploads\/2023\/02\/Locate-the-Snaptube-app-icon-on-your-Android-device.png\" alt=\"Localisez l'ic\u00f4ne de l'application Snaptube sur votre appareil Android.\" width=\"238\" height=\"470\" srcset=\"https:\/\/snaptubeappz.com\/wp-content\/uploads\/2023\/02\/Locate-the-Snaptube-app-icon-on-your-Android-device.png 278w, https:\/\/snaptubeappz.com\/wp-content\/uploads\/2023\/02\/Locate-the-Snaptube-app-icon-on-your-Android-device-152x300.png 152w\" sizes=\"auto, (max-width: 238px) 100vw, 238px\" \/><figcaption id=\"caption-attachment-2823\" class=\"wp-caption-text\">Localisez l&rsquo;ic\u00f4ne de l&rsquo;application Snaptube sur votre appareil Android.<\/figcaption><\/figure>\n<p><strong>\u00c9tape 2 : Appuyez longuement sur l&rsquo;ic\u00f4ne de l&rsquo;application Snaptube.<\/strong><\/p>\n<p>Une fois que vous avez localis\u00e9 l&rsquo;ic\u00f4ne de l&rsquo;application Snaptube, appuyez longuement sur l&rsquo;ic\u00f4ne jusqu&rsquo;\u00e0 ce qu&rsquo;un menu apparaisse.<\/p>\n<figure id=\"attachment_2839\" aria-describedby=\"caption-attachment-2839\" style=\"width: 231px\" class=\"wp-caption aligncenter\"><img loading=\"lazy\" decoding=\"async\" class=\"wp-image-2839\" src=\"https:\/\/snaptubeappz.com\/wp-content\/uploads\/2023\/02\/Long-press-the-Snaptube-app-icon.png\" alt=\"Appuyez longuement sur l'ic\u00f4ne de l'application Snaptube\" width=\"231\" height=\"470\" srcset=\"https:\/\/snaptubeappz.com\/wp-content\/uploads\/2023\/02\/Long-press-the-Snaptube-app-icon.png 280w, https:\/\/snaptubeappz.com\/wp-content\/uploads\/2023\/02\/Long-press-the-Snaptube-app-icon-147x300.png 147w\" sizes=\"auto, (max-width: 231px) 100vw, 231px\" \/><figcaption id=\"caption-attachment-2839\" class=\"wp-caption-text\">Appuyez longuement sur l&rsquo;ic\u00f4ne de l&rsquo;application Snaptube<\/figcaption><\/figure>\n<p><strong>\u00c9tape 3 : S\u00e9lectionnez \u00ab\u00a0D\u00e9sinstaller\u00a0\u00bb.<\/strong><\/p>\n<p>S\u00e9lectionnez l&rsquo;option \u00ab\u00a0D\u00e9sinstaller\u00a0\u00bb dans le menu qui appara\u00eet pour commencer le processus de d\u00e9sinstallation.<\/p>\n<p><strong>\u00c9tape 4 : Confirmez la d\u00e9sinstallation.<\/strong><\/p>\n<p>Une bo\u00eete de dialogue de confirmation s&rsquo;affiche, vous demandant de confirmer que vous voulez d\u00e9sinstaller l&rsquo;application. Cliquez sur \u00ab\u00a0OK\u00a0\u00bb pour confirmer.<\/p>\n<figure id=\"attachment_2853\" aria-describedby=\"caption-attachment-2853\" style=\"width: 231px\" class=\"wp-caption aligncenter\"><img loading=\"lazy\" decoding=\"async\" class=\"wp-image-2853\" src=\"https:\/\/snaptubeappz.com\/wp-content\/uploads\/2023\/02\/Confirm-the-uninstallation.png\" alt=\"Confirmez la d\u00e9sinstallation\" width=\"231\" height=\"470\" srcset=\"https:\/\/snaptubeappz.com\/wp-content\/uploads\/2023\/02\/Confirm-the-uninstallation.png 275w, https:\/\/snaptubeappz.com\/wp-content\/uploads\/2023\/02\/Confirm-the-uninstallation-148x300.png 148w\" sizes=\"auto, (max-width: 231px) 100vw, 231px\" \/><figcaption id=\"caption-attachment-2853\" class=\"wp-caption-text\">Confirmez la d\u00e9sinstallation<\/figcaption><\/figure>\n<p><strong>\u00c9tape 5 : Attendez que le processus de d\u00e9sinstallation soit termin\u00e9.<\/strong><\/p>\n<p>Attendez quelques secondes que le processus de d\u00e9sinstallation se termine. Une fois le processus termin\u00e9, vous recevrez une notification confirmant que votre appareil Android a d\u00e9sinstall\u00e9 l&rsquo;application Snaptube.<\/p>\n<p><strong>\u00c9tape 6 : Effacez les donn\u00e9es et le cache de l&rsquo;application.<\/strong><\/p>\n<p>Il est conseill\u00e9 d&rsquo;effacer les donn\u00e9es et le cache de l&rsquo;application apr\u00e8s l&rsquo;avoir d\u00e9sinstall\u00e9e. Cela permettra de supprimer les donn\u00e9es restantes et de lib\u00e9rer de l&rsquo;espace sur votre appareil. Pour ce faire, allez dans \u00ab\u00a0Param\u00e8tres\u00a0\u00bb &gt; \u00ab\u00a0Apps\u00a0\u00bb &gt; \u00ab\u00a0Snaptube\u00a0\u00bb et s\u00e9lectionnez \u00ab\u00a0Stockage\u00a0\u00bb. Cliquez sur \u00ab\u00a0Effacer les donn\u00e9es\u00a0\u00bb et \u00ab\u00a0Effacer le cache\u00a0\u00bb.<\/p>\n<p><strong>\u00c9tape 7 : V\u00e9rifiez s&rsquo;il reste des fichiers.<\/strong><\/p>\n<p>Vous aurez toujours des fichiers restants sur votre appareil m\u00eame si vous avez d\u00e9sinstall\u00e9 et effac\u00e9 les donn\u00e9es de l&rsquo;application. Vous pouvez utiliser une application de gestion de fichiers pour v\u00e9rifier s&rsquo;il reste des fichiers. Trouvez tous les fichiers ou dossiers dont le nom contient \u00ab\u00a0Snaptube\u00a0\u00bb et supprimez-les.<\/p>\n<p><strong>\u00c9tape 8 : red\u00e9marrez votre appareil.<\/strong><\/p>\n<p>Pour vous assurer que tous les fichiers et processus restants sont enti\u00e8rement supprim\u00e9s de votre appareil, vous devez le red\u00e9marrer apr\u00e8s avoir d\u00e9sinstall\u00e9 l&rsquo;application.<\/p>\n<p><strong>\u00c9tape 9 : V\u00e9rifiez les mises \u00e0 jour.<\/strong><\/p>\n<p>Snaptube peut encore \u00eatre r\u00e9pertori\u00e9 comme install\u00e9 dans votre compte si vous l&rsquo;avez pr\u00e9c\u00e9demment install\u00e9 depuis le Google Play Store. V\u00e9rifiez les mises \u00e0 jour dans le Google Play Store pour vous assurer que l&rsquo;application a \u00e9t\u00e9 enti\u00e8rement supprim\u00e9e de votre compte. Si l&rsquo;application appara\u00eet dans la liste des mises \u00e0 jour, d\u00e9sinstallez-la.<\/p>\n<p>En savoir plus &#8211; <strong><a href=\"https:\/\/snaptubeappz.com\/fr\/ios\/\">Snaptube pour iPhone<\/a><\/strong><\/p>\n<h2>Tutoriel vid\u00e9o sur la fa\u00e7on de d\u00e9sinstaller Snaptube de votre appareil Android<\/h2>\n<p>Si vous n&rsquo;avez plus besoin de l&rsquo;application Snaptube ou si vous voulez lib\u00e9rer de l&rsquo;espace sur votre appareil Android, ce tutoriel vous guidera pour d\u00e9sinstaller Snaptube.<\/p>\n<p><iframe loading=\"lazy\" src=\"https:\/\/www.youtube.com\/embed\/G2LdWRYFoZc?autoplay=0&amp;fs=0&amp;iv_load_policy=3&amp;showinfo=0&amp;rel=0&amp;cc_load_policy=0&amp;start=0&amp;end=0\" width=\"788.54\" height=\"443\" frameborder=\"0\" marginwidth=\"0\" marginheight=\"0\" scrolling=\"no\"><\/iframe><\/p>\n<h2>Conclusion sur la suppression de Snaptube<\/h2>\n<p>En conclusion, la d\u00e9sinstallation de l&rsquo;application Snaptube de votre appareil Android est un processus simple qui peut \u00eatre r\u00e9alis\u00e9 en quelques \u00e9tapes faciles. Vous pouvez vous assurer que l&rsquo;application est supprim\u00e9e de votre appareil Android en suivant ces \u00e9tapes, en v\u00e9rifiant les fichiers restants, en red\u00e9marrant votre appareil et en v\u00e9rifiant les mises \u00e0 jour.<\/p>\n<p>Lire la suite &#8211; <a href=\"https:\/\/snaptubeappz.com\/fr\/snaptube-pour-pc\/\"><strong>T\u00e9l\u00e9charger Snaptube PC<\/strong><\/a><\/p>\n<p>&nbsp;<\/p>\n","protected":false},"excerpt":{"rendered":"<p>Avec Snaptube, les utilisateurs peuvent t\u00e9l\u00e9charger des vid\u00e9os \u00e0 partir d&rsquo;une vari\u00e9t\u00e9 de sites Web. Cependant, si vous souhaitez le d\u00e9sinstaller de votre appareil Android, cela peut \u00eatre fait rapidement. Dans cet article, nous allons vous expliquer les \u00e9tapes \u00e0 suivre pour d\u00e9sinstaller Snaptube de votre appareil Android. En outre, nous vous proposons quelques \u00e9tapes [&hellip;]<\/p>\n","protected":false},"author":1,"featured_media":0,"parent":0,"menu_order":0,"comment_status":"open","ping_status":"open","template":"","meta":{"_acf_changed":false,"site-sidebar-layout":"default","site-content-layout":"default","ast-site-content-layout":"default","site-content-style":"default","site-sidebar-style":"default","ast-global-header-display":"","ast-banner-title-visibility":"","ast-main-header-display":"","ast-hfb-above-header-display":"","ast-hfb-below-header-display":"","ast-hfb-mobile-header-display":"","site-post-title":"","ast-breadcrumbs-content":"disabled","ast-featured-img":"","footer-sml-layout":"","theme-transparent-header-meta":"default","adv-header-id-meta":"","stick-header-meta":"default","header-above-stick-meta":"","header-main-stick-meta":"","header-below-stick-meta":"","astra-migrate-meta-layouts":"default","ast-page-background-enabled":"default","ast-page-background-meta":{"desktop":{"background-color":"","background-image":"","background-repeat":"repeat","background-position":"center center","background-size":"auto","background-attachment":"scroll","background-type":"","background-media":"","overlay-type":"","overlay-color":"","overlay-opacity":"","overlay-gradient":""},"tablet":{"background-color":"","background-image":"","background-repeat":"repeat","background-position":"center center","background-size":"auto","background-attachment":"scroll","background-type":"","background-media":"","overlay-type":"","overlay-color":"","overlay-opacity":"","overlay-gradient":""},"mobile":{"background-color":"","background-image":"","background-repeat":"repeat","background-position":"center center","background-size":"auto","background-attachment":"scroll","background-type":"","background-media":"","overlay-type":"","overlay-color":"","overlay-opacity":"","overlay-gradient":""}},"ast-content-background-meta":{"desktop":{"background-color":"var(--ast-global-color-5)","background-image":"","background-repeat":"repeat","background-position":"center center","background-size":"auto","background-attachment":"scroll","background-type":"","background-media":"","overlay-type":"","overlay-color":"","overlay-opacity":"","overlay-gradient":""},"tablet":{"background-color":"var(--ast-global-color-5)","background-image":"","background-repeat":"repeat","background-position":"center center","background-size":"auto","background-attachment":"scroll","background-type":"","background-media":"","overlay-type":"","overlay-color":"","overlay-opacity":"","overlay-gradient":""},"mobile":{"background-color":"var(--ast-global-color-5)","background-image":"","background-repeat":"repeat","background-position":"center center","background-size":"auto","background-attachment":"scroll","background-type":"","background-media":"","overlay-type":"","overlay-color":"","overlay-opacity":"","overlay-gradient":""}},"footnotes":""},"class_list":["post-2903","page","type-page","status-publish","hentry"],"acf":[],"_links":{"self":[{"href":"https:\/\/snaptubeappz.com\/fr\/wp-json\/wp\/v2\/pages\/2903","targetHints":{"allow":["GET"]}}],"collection":[{"href":"https:\/\/snaptubeappz.com\/fr\/wp-json\/wp\/v2\/pages"}],"about":[{"href":"https:\/\/snaptubeappz.com\/fr\/wp-json\/wp\/v2\/types\/page"}],"author":[{"embeddable":true,"href":"https:\/\/snaptubeappz.com\/fr\/wp-json\/wp\/v2\/users\/1"}],"replies":[{"embeddable":true,"href":"https:\/\/snaptubeappz.com\/fr\/wp-json\/wp\/v2\/comments?post=2903"}],"version-history":[{"count":0,"href":"https:\/\/snaptubeappz.com\/fr\/wp-json\/wp\/v2\/pages\/2903\/revisions"}],"wp:attachment":[{"href":"https:\/\/snaptubeappz.com\/fr\/wp-json\/wp\/v2\/media?parent=2903"}],"curies":[{"name":"wp","href":"https:\/\/api.w.org\/{rel}","templated":true}]}}